{"id":8936,"date":"2025-08-20T13:28:50","date_gmt":"2025-08-20T13:28:50","guid":{"rendered":"https:\/\/swissfamilyclub.com\/?page_id=8936"},"modified":"2025-11-18T14:55:58","modified_gmt":"2025-11-18T14:55:58","slug":"disclaimer","status":"publish","type":"page","link":"https:\/\/swissfamilyclub.com\/pt_pt\/disclaimer\/","title":{"rendered":"Declara\u00e7\u00e3o de exonera\u00e7\u00e3o de responsabilidade"},"content":{"rendered":"<div data-elementor-type=\"wp-page\" data-elementor-id=\"8936\" class=\"elementor elementor-8936\" data-elementor-post-type=\"page\">\n\t\t\t\t<div class=\"elementor-element elementor-element-674bc07 e-con-full mrkt_root_container e-flex e-con e-child\" data-id=\"674bc07\" data-element_type=\"container\" data-settings=\"{&quot;background_background&quot;:&quot;classic&quot;}\">\n\t\t<div class=\"elementor-element elementor-element-b500eb7 e-con-full elementor-hidden-tablet elementor-hidden-mobile e-flex e-con e-child\" data-id=\"b500eb7\" data-element_type=\"container\" data-settings=\"{&quot;background_background&quot;:&quot;classic&quot;,&quot;position&quot;:&quot;absolute&quot;}\">\n\t\t\t\t<\/div>\n\t\t\t\t<div class=\"elementor-element elementor-element-a28edae elementor-widget elementor-widget-heading\" data-id=\"a28edae\" data-element_type=\"widget\" data-widget_type=\"heading.default\">\n\t\t\t\t\t<h1 class=\"elementor-heading-title elementor-size-default\">Informa\u00e7\u00e3o jur\u00eddica<\/h1>\t\t\t\t<\/div>\n\t\t\t\t<div class=\"elementor-element elementor-element-7da274d elementor-widget-divider--view-line elementor-widget elementor-widget-divider\" data-id=\"7da274d\" data-element_type=\"widget\" data-widget_type=\"divider.default\">\n\t\t\t\t\t\t\t<div class=\"elementor-divider\">\n\t\t\t<span class=\"elementor-divider-separator\">\n\t\t\t\t\t\t<\/span>\n\t\t<\/div>\n\t\t\t\t\t\t<\/div>\n\t\t\t\t<div class=\"elementor-element elementor-element-f38ff65 elementor-widget elementor-widget-heading\" data-id=\"f38ff65\" data-element_type=\"widget\" data-widget_type=\"heading.default\">\n\t\t\t\t\t<span class=\"elementor-heading-title elementor-size-default\">Declara\u00e7\u00e3o de exonera\u00e7\u00e3o de responsabilidade<\/span>\t\t\t\t<\/div>\n\t\t\t\t<\/div>\n\t\t<div class=\"elementor-element elementor-element-1e390b0 mrkt_root_container e-flex e-con-boxed e-con e-parent\" data-id=\"1e390b0\" data-element_type=\"container\">\n\t\t\t\t\t<div class=\"e-con-inner\">\n\t\t<div class=\"elementor-element elementor-element-b3ef3a7 e-con-full e-flex e-con e-child\" data-id=\"b3ef3a7\" data-element_type=\"container\">\n\t\t\t\t<div class=\"elementor-element elementor-element-a10db1c elementor-widget elementor-widget-heading\" data-id=\"a10db1c\" data-element_type=\"widget\" data-widget_type=\"heading.default\">\n\t\t\t\t\t<h2 class=\"elementor-heading-title elementor-size-default\">Informa\u00e7\u00e3o jur\u00eddica<\/h2>\t\t\t\t<\/div>\n\t\t\t\t<div class=\"elementor-element elementor-element-fd3671d elementor-widget elementor-widget-text-editor\" data-id=\"fd3671d\" data-element_type=\"widget\" data-widget_type=\"text-editor.default\">\n\t\t\t\t\t\t\t\t\t<h3>Operador do s\u00edtio Web<\/h3><p>\u00a0<\/p><p>Este s\u00edtio Web \u00e9 gerido pelo:<\/p><p>\u00a0<\/p><p>Clube de Investidores da Fam\u00edlia Su\u00ed\u00e7a<\/p><p>Zeltweg 11, 8032, Zurique, Su\u00ed\u00e7a<\/p><p>Correio eletr\u00f3nico: info@swissfamilyclub.com<\/p><p>Telefone: 044-256 16 07<\/p><p>\u00a0<\/p><p>A associa\u00e7\u00e3o \u00e9 uma associa\u00e7\u00e3o de direito privado com sede na Su\u00ed\u00e7a. N\u00e3o tem quaisquer objectivos comerciais, mas serve para promover o interc\u00e2mbio, a cria\u00e7\u00e3o de redes e o desenvolvimento de rela\u00e7\u00f5es entre pessoas e institui\u00e7\u00f5es com esp\u00edrito empresarial.<\/p><p>\u00a0<\/p><h3>Informa\u00e7\u00f5es fornecidas<\/h3><p>\u00a0<\/p><p>As informa\u00e7\u00f5es fornecidas neste s\u00edtio Web destinam-se apenas a fins gerais e informativos.<\/p><p>\u00a0<\/p><p>O Clube de Investidores da Fam\u00edlia Su\u00ed\u00e7a:<\/p><p>\u00a0<\/p><ul><li>n\u00e3o presta servi\u00e7os financeiros na ace\u00e7\u00e3o da Lei dos Servi\u00e7os Financeiros (FinSA) ou de outras leis do mercado financeiro,<\/li><li>n\u00e3o efectua a corretagem de quaisquer instrumentos financeiros,<\/li><li>n\u00e3o oferece conselhos sobre investimentos, activos ou estrutura\u00e7\u00e3o,<\/li><li>n\u00e3o aceita dep\u00f3sitos e<\/li><li>n\u00e3o efectua transac\u00e7\u00f5es em nome de terceiros.<\/li><\/ul><p>\u00a0<\/p><p>Quaisquer apresenta\u00e7\u00f5es ou descri\u00e7\u00f5es de projectos, investimentos ou estruturas servem exclusivamente para fornecer informa\u00e7\u00f5es sobre as \u00e1reas de atividade e compreens\u00e3o dos valores da organiza\u00e7\u00e3o. N\u00e3o constituem uma recomenda\u00e7\u00e3o, solicita\u00e7\u00e3o ou oferta para comprar, vender ou deter produtos financeiros.<\/p><p>Todas as decis\u00f5es relativas a investimentos ou produtos financeiros s\u00e3o da exclusiva responsabilidade das respectivas pessoas, que devem procurar aconselhamento junto de especialistas adequados (por exemplo, consultores jur\u00eddicos ou financeiros) antes de tomarem qualquer medida.<\/p><p>\u00a0<\/p><h3>Exonera\u00e7\u00e3o de responsabilidade pelo conte\u00fado e pelas liga\u00e7\u00f5es<\/h3><p>\u00a0<\/p><p>O Clube de Investidores Familiares Su\u00ed\u00e7os esfor\u00e7a-se por atualizar permanentemente o conte\u00fado deste s\u00edtio Web e por apresent\u00e1-lo corretamente. No entanto, o Clube de Investidores Familiares Su\u00ed\u00e7os n\u00e3o assume qualquer responsabilidade pela exatid\u00e3o, integridade e atualidade das informa\u00e7\u00f5es fornecidas, em particular as que prov\u00eam de terceiros. Reservamo-nos o direito de alterar, completar ou eliminar conte\u00fados sem aviso pr\u00e9vio.<\/p><p>O nosso s\u00edtio Web cont\u00e9m liga\u00e7\u00f5es para s\u00edtios Web externos de terceiros sobre cujo conte\u00fado n\u00e3o temos qualquer influ\u00eancia. O respetivo fornecedor ou operador das p\u00e1ginas \u00e9 sempre respons\u00e1vel pelo conte\u00fado das p\u00e1ginas ligadas. No momento da liga\u00e7\u00e3o, n\u00e3o foi detectado qualquer conte\u00fado ilegal. No entanto, o controlo permanente do conte\u00fado das p\u00e1ginas ligadas n\u00e3o \u00e9 razo\u00e1vel sem provas concretas de uma infra\u00e7\u00e3o. Se tivermos conhecimento de quaisquer infrac\u00e7\u00f5es legais, essas liga\u00e7\u00f5es ser\u00e3o imediatamente removidas.<\/p><p>\u00a0<\/p><h3>Aviso de direitos de autor<\/h3><p>\u00a0<\/p><p>Os conte\u00fados publicados neste s\u00edtio Web, incluindo gr\u00e1ficos, imagens, fotografias, textos e v\u00eddeos (a seguir designados por \"conte\u00fados\"), est\u00e3o sujeitos a direitos de autor. Esfor\u00e7amo-nos por utilizar apenas conte\u00fados criados por n\u00f3s pr\u00f3prios ou materiais isentos de licen\u00e7a e por respeitar os direitos de autor aplic\u00e1veis.<\/p><p>As licen\u00e7as para determinados gr\u00e1ficos, imagens e fotografias utilizados neste s\u00edtio Web foram adquiridas a fornecedores externos. Qualquer utiliza\u00e7\u00e3o destes conte\u00fados licenciados est\u00e1 sujeita \u00e0s respectivas condi\u00e7\u00f5es de licen\u00e7a. Qualquer outra utiliza\u00e7\u00e3o, duplica\u00e7\u00e3o, processamento ou distribui\u00e7\u00e3o destes conte\u00fados n\u00e3o \u00e9 permitida sem o nosso consentimento expresso e sem o cumprimento das respectivas condi\u00e7\u00f5es de licen\u00e7a.<\/p><p>O conte\u00fado deste s\u00edtio Web criado por n\u00f3s tamb\u00e9m n\u00e3o pode ser reproduzido, editado, distribu\u00eddo ou utilizado de qualquer outra forma sem autoriza\u00e7\u00e3o pr\u00e9via por escrito.<\/p><p>Os conte\u00fados de terceiros s\u00e3o rotulados como tal, exceto se forem da nossa autoria. No entanto, se tiver conhecimento de uma poss\u00edvel infra\u00e7\u00e3o aos direitos de autor, informe-nos imediatamente. Se tivermos conhecimento de quaisquer infrac\u00e7\u00f5es, removeremos imediatamente o conte\u00fado em causa.<\/p><p>\u00a0<\/p><h3>Prote\u00e7\u00e3o de dados<\/h3><p>\u00a0<\/p><p>O tratamento de dados pessoais \u00e9 regido pela Lei Su\u00ed\u00e7a de Prote\u00e7\u00e3o de Dados (DSG) e pelo Regulamento Geral de Prote\u00e7\u00e3o de Dados (GDPR), na medida em que estes se apliquem. Para mais informa\u00e7\u00f5es sobre este assunto, consultar a sec\u00e7\u00e3o <a href=\"\/pt_pt\/datenschutz\/\">Pol\u00edtica de privacidade<\/a> deste s\u00edtio Web.<\/p><p>\u00a0<\/p><h3>Dica<\/h3><p>Este s\u00edtio Web est\u00e1 sujeito \u00e0 legisla\u00e7\u00e3o su\u00ed\u00e7a.<\/p>\t\t\t\t\t\t\t\t<\/div>\n\t\t\t\t<\/div>\n\t\t\t\t\t<\/div>\n\t\t\t\t<\/div>\n\t\t\t\t<\/div>","protected":false},"excerpt":{"rendered":"<p>Rechtliche Informationen Disclaimer Rechtliche Informationen Betreiber der Webseite \u00a0 Diese Webseite wird betrieben durch den: \u00a0 Swiss Family Investors Club Zeltweg 11, 8032, Z\u00fcrich, Schweiz E-Mail: info@swissfamilyclub.com Telefon: 044-256 16 07 \u00a0 Der Verein ist ein privatrechtlich organisierter Zusammenschluss mit Sitz in der Schweiz. Er verfolgt keine kommerziellen Zwecke, sondern dient der F\u00f6rderung des Austauschs, [&hellip;]<\/p>","protected":false},"author":1,"featured_media":0,"parent":0,"menu_order":0,"comment_status":"closed","ping_status":"closed","template":"","meta":{"iawp_total_views":30,"footnotes":""},"class_list":["post-8936","page","type-page","status-publish","hentry"],"_links":{"self":[{"href":"https:\/\/swissfamilyclub.com\/pt_pt\/wp-json\/wp\/v2\/pages\/8936","targetHints":{"allow":["GET"]}}],"collection":[{"href":"https:\/\/swissfamilyclub.com\/pt_pt\/wp-json\/wp\/v2\/pages"}],"about":[{"href":"https:\/\/swissfamilyclub.com\/pt_pt\/wp-json\/wp\/v2\/types\/page"}],"author":[{"embeddable":true,"href":"https:\/\/swissfamilyclub.com\/pt_pt\/wp-json\/wp\/v2\/users\/1"}],"replies":[{"embeddable":true,"href":"https:\/\/swissfamilyclub.com\/pt_pt\/wp-json\/wp\/v2\/comments?post=8936"}],"version-history":[{"count":0,"href":"https:\/\/swissfamilyclub.com\/pt_pt\/wp-json\/wp\/v2\/pages\/8936\/revisions"}],"wp:attachment":[{"href":"https:\/\/swissfamilyclub.com\/pt_pt\/wp-json\/wp\/v2\/media?parent=8936"}],"curies":[{"name":"wp","href":"https:\/\/api.w.org\/{rel}","templated":true}]}}