{"id":7854,"date":"2025-07-24T10:36:47","date_gmt":"2025-07-24T10:36:47","guid":{"rendered":"https:\/\/swissfamilyclub.com\/?page_id=7854"},"modified":"2025-11-18T16:43:22","modified_gmt":"2025-11-18T16:43:22","slug":"datenschutz","status":"publish","type":"page","link":"https:\/\/swissfamilyclub.com\/pt_pt\/datenschutz\/","title":{"rendered":"Prote\u00e7\u00e3o de dados"},"content":{"rendered":"<div data-elementor-type=\"wp-page\" data-elementor-id=\"7854\" class=\"elementor elementor-7854\" data-elementor-post-type=\"page\">\n\t\t\t\t<div class=\"elementor-element elementor-element-674bc07 e-con-full mrkt_root_container e-flex e-con e-child\" data-id=\"674bc07\" data-element_type=\"container\" data-settings=\"{&quot;background_background&quot;:&quot;classic&quot;}\">\n\t\t<div class=\"elementor-element elementor-element-b500eb7 e-con-full elementor-hidden-tablet elementor-hidden-mobile e-flex e-con e-child\" data-id=\"b500eb7\" data-element_type=\"container\" data-settings=\"{&quot;background_background&quot;:&quot;classic&quot;,&quot;position&quot;:&quot;absolute&quot;}\">\n\t\t\t\t<\/div>\n\t\t\t\t<div class=\"elementor-element elementor-element-a28edae elementor-widget elementor-widget-heading\" data-id=\"a28edae\" data-element_type=\"widget\" data-widget_type=\"heading.default\">\n\t\t\t\t\t<h1 class=\"elementor-heading-title elementor-size-default\">Prote\u00e7\u00e3o de dados<\/h1>\t\t\t\t<\/div>\n\t\t\t\t<div class=\"elementor-element elementor-element-7da274d elementor-widget-divider--view-line elementor-widget elementor-widget-divider\" data-id=\"7da274d\" data-element_type=\"widget\" data-widget_type=\"divider.default\">\n\t\t\t\t\t\t\t<div class=\"elementor-divider\">\n\t\t\t<span class=\"elementor-divider-separator\">\n\t\t\t\t\t\t<\/span>\n\t\t<\/div>\n\t\t\t\t\t\t<\/div>\n\t\t\t\t<div class=\"elementor-element elementor-element-f38ff65 elementor-widget elementor-widget-heading\" data-id=\"f38ff65\" data-element_type=\"widget\" data-widget_type=\"heading.default\">\n\t\t\t\t\t<span class=\"elementor-heading-title elementor-size-default\">Seguro. Confidencial. Em conformidade com a lei.<\/span>\t\t\t\t<\/div>\n\t\t\t\t<\/div>\n\t\t<div class=\"elementor-element elementor-element-1e390b0 mrkt_root_container e-flex e-con-boxed e-con e-parent\" data-id=\"1e390b0\" data-element_type=\"container\">\n\t\t\t\t\t<div class=\"e-con-inner\">\n\t\t<div class=\"elementor-element elementor-element-b3ef3a7 e-con-full e-flex e-con e-child\" data-id=\"b3ef3a7\" data-element_type=\"container\">\n\t\t\t\t<div class=\"elementor-element elementor-element-a10db1c elementor-widget elementor-widget-heading\" data-id=\"a10db1c\" data-element_type=\"widget\" data-widget_type=\"heading.default\">\n\t\t\t\t\t<h2 class=\"elementor-heading-title elementor-size-default\">Pol\u00edtica de privacidade<span style=\"color: var(--e-global-color-accent)\">  Clube de Investidores da Fam\u00edlia Su\u00ed\u00e7a <\/span>  <\/h2>\t\t\t\t<\/div>\n\t\t\t\t<div class=\"elementor-element elementor-element-d60828b elementor-widget elementor-widget-html\" data-id=\"d60828b\" data-element_type=\"widget\" data-widget_type=\"html.default\">\n\t\t\t\t\t\n    <h2>1. informa\u00e7\u00f5es gerais<\/h2>\n    <p>Esta pol\u00edtica de privacidade fornece informa\u00e7\u00f5es sobre o tipo, o \u00e2mbito e a finalidade do tratamento de dados pessoais quando visita e utiliza este s\u00edtio Web e as fun\u00e7\u00f5es e servi\u00e7os nele oferecidos ou quando nos contacta.<\/p>\n\n    <h2>2 \u00c2mbito de aplica\u00e7\u00e3o e defini\u00e7\u00f5es<\/h2>\n    <p>Esta declara\u00e7\u00e3o aplica-se a todas as p\u00e1ginas deste dom\u00ednio, bem como a subp\u00e1ginas ligadas, \u00e1reas de membros e servi\u00e7os integrados de terceiros, na medida em que estes sejam utilizados no \u00e2mbito deste s\u00edtio Web.<\/p>\n    <p>Por \"dados pessoais\" entende-se qualquer informa\u00e7\u00e3o relativa a uma pessoa singular identificada ou identific\u00e1vel. \"Tratamento\", qualquer opera\u00e7\u00e3o efectuada com ou sem o aux\u00edlio de processos automatizados em rela\u00e7\u00e3o a dados pessoais (por exemplo, recolha, armazenamento, utiliza\u00e7\u00e3o, transmiss\u00e3o, apagamento).<\/p>\n\n    <h2>3. bases jur\u00eddicas<\/h2>\n    <p>Tratamos os dados pessoais em conformidade com os regulamentos aplic\u00e1veis, nomeadamente<\/p>\n    <ul>\n        <li>Lei su\u00ed\u00e7a sobre a prote\u00e7\u00e3o de dados (DSG), incluindo as disposi\u00e7\u00f5es de execu\u00e7\u00e3o, se aplic\u00e1vel,<\/li>\n        <li>Regulamento Geral sobre a Prote\u00e7\u00e3o de Dados (RGPD) da UE, quando aplic\u00e1vel (por exemplo, para utilizadores do EEE),<\/li>\n        <li>dependendo do pa\u00eds de utiliza\u00e7\u00e3o, regulamentos adicionais (por exemplo, ePrivacy\/TTDSG para cookies na Alemanha), quando aplic\u00e1vel.<\/li>\n    <\/ul>\n    <br>\n    <p>As bases jur\u00eddicas para o tratamento de dados pessoais s\u00e3o, nomeadamente<\/p>\n    <ul>\n        <li>Art. 6 n.\u00ba 1 lit. a RGPD \/ Art. 6 n.\u00ba 6 DSG - Consentimento<\/li>\n        <li>Art. 6 para. 1 lit. b RGPD \/ Art. 31 para. 2 lit. a FADP - cumprimento do contrato ou medidas pr\u00e9-contratuais<\/li>\n        <li>Art. 6 n.\u00ba 1 lit. c RGPD \/ Art. 31 n.\u00ba 1 DSG - obriga\u00e7\u00e3o legal<\/li>\n        <li>Art. 6 para. 1 lit. f RGPD \/ Art. 31 para. 1 FADP - interesse leg\u00edtimo<\/li>\n    <\/ul>\n\n    <h2>4. organismos respons\u00e1veis, contacto e respons\u00e1vel pela prote\u00e7\u00e3o de dados<\/h2>\n    <div class=\"address-block\">\n        <p>\n            <strong>Associa\u00e7\u00e3o Clube de Investidores Familiares Su\u00ed\u00e7os<\/strong><br>\n            Zeltweg 11, 8032 Zurique, Su\u00ed\u00e7a<br>\n            E-Mail: <a href=\"mailto:info@swissfamilyclub.com\">info@swissfamilyclub.com<\/a>\n        <\/p>\n        <p>\n            <strong>Contacto de prote\u00e7\u00e3o de dados \/ pessoa de contacto:<\/strong><br>\n            Helmut Kuhn<br>\n            Telefone: +41 44 256 16 07<br>\n            E-Mail: <a href=\"mailto:info@swissfamilyclub.com\">info@swissfamilyclub.com<\/a>\n        <\/p>\n    <\/div>\n    <p>Nota: Se for exigido por lei um respons\u00e1vel formal pela prote\u00e7\u00e3o de dados, este ser\u00e1 nomeado e publicado aqui; caso contr\u00e1rio, a pessoa de contacto acima indicada actuar\u00e1 como contacto para a prote\u00e7\u00e3o de dados.<\/p>\n\n    <h2>5. recolha de dados neste s\u00edtio Web<\/h2>\n    <p>Recolhemos dados de duas formas:<\/p>\n    <ul>\n        <li>Diretamente do utilizador (por exemplo, formul\u00e1rio de contacto, registo, boletim informativo, candidaturas).<\/li>\n        <li>Automaticamente durante a visita (por exemplo, endere\u00e7o IP, tipo\/vers\u00e3o do browser, sistema operativo, data\/hora, p\u00e1ginas acedidas).<\/li>\n    <\/ul>\n    <p>Finalidades: presta\u00e7\u00e3o t\u00e9cnica e seguran\u00e7a, resposta a pedidos de informa\u00e7\u00e3o, gest\u00e3o das ades\u00f5es (pela associa\u00e7\u00e3o), avalia\u00e7\u00e3o estat\u00edstica e otimiza\u00e7\u00e3o dos nossos servi\u00e7os.<\/p>\n\n    <h2>6. Ficheiros de registo do servidor e seguran\u00e7a<\/h2>\n    <p>O fornecedor de alojamento recolhe e armazena automaticamente informa\u00e7\u00f5es nos chamados ficheiros de registo do servidor, que o seu browser transmite automaticamente (incluindo o tipo\/vers\u00e3o do browser, o sistema operativo utilizado, o URL de refer\u00eancia, o nome do anfitri\u00e3o do computador de acesso, a hora do pedido do servidor, o endere\u00e7o IP). O processamento \u00e9 efectuado com base em interesses leg\u00edtimos (seguran\u00e7a, estabilidade, an\u00e1lise de erros).<\/p>\n\n    <h2>7. alojamento externo<\/h2>\n    <p>Este s\u00edtio Web \u00e9 gerido por um prestador de servi\u00e7os externo (hoster). Os dados pessoais recolhidos neste s\u00edtio Web s\u00e3o tratados nos servidores do prestador de servi\u00e7os. Isto \u00e9 feito para cumprir o contrato e no interesse de uma presta\u00e7\u00e3o segura, r\u00e1pida e eficiente dos nossos servi\u00e7os em linha. Se necess\u00e1rio, o tratamento \u00e9 efectuado com base no seu consentimento.<\/p>\n    <div class=\"address-block\">\n        <strong>Hoster:<\/strong><br>\n        Evolus IT Solutions GmbH<br>\n        Kellergasse 239, 2103 Langenzersdorf, \u00c1ustria<br>\n        E-Mail: <a href=\"mailto:info@evolus-it.com\">info@evolus-it.com<\/a>\n    <\/div>\n    <p>O anfitri\u00e3o processa os dados apenas de acordo com instru\u00e7\u00f5es documentadas (processamento de encomendas).<\/p>\n\n    <h2>8. registo, contas e ades\u00e3o<\/h2>\n    <p>Quando se regista na \u00e1rea de membros, os dados que fornece ser\u00e3o processados para lhe conceder acesso e gerir a sua conta. Os registos\/admiss\u00f5es relacionados com a associa\u00e7\u00e3o s\u00e3o processados e geridos pela associa\u00e7\u00e3o Swiss Family Investors Club.<\/p>\n    <p>Base jur\u00eddica: Art. 6.\u00ba, n.\u00ba 1, al\u00ednea b) do RGPD (contrato\/ades\u00e3o) ou interesse leg\u00edtimo (gest\u00e3o de contas); se aplic\u00e1vel, consentimento (Art. 6.\u00ba, n.\u00ba 1, al\u00ednea a) do RGPD) para fun\u00e7\u00f5es opcionais; Art. 6.\u00ba do FADP (princ\u00edpios do tratamento de dados); Art. 9.\u00ba do FADP (tratamento de dados por encomenda); Art. 16.\u00ba a 18.\u00ba do FADP (divulga\u00e7\u00e3o no estrangeiro); Art. 30.\u00ba a 32.\u00ba do FADP (direitos dos titulares dos dados (informa\u00e7\u00e3o, retifica\u00e7\u00e3o, apagamento, limita\u00e7\u00e3o)).<\/p>\n\n    <h2>9. canais de contacto (correio eletr\u00f3nico, telefone, formul\u00e1rios)<\/h2>\n    <p>Quando nos contacta, tratamos os seus dados para processar o pedido de informa\u00e7\u00e3o e eventuais quest\u00f5es de seguimento.<\/p>\n    <p>Base jur\u00eddica: Art. 6, n.\u00ba 1, al\u00ednea b), do RGPD (medidas pr\u00e9-contratuais\/contrato) ou al\u00ednea f) do RGPD (interesse leg\u00edtimo numa comunica\u00e7\u00e3o eficiente); Art. 6 do RGPD (princ\u00edpios do tratamento de dados); Art. 9 do RGPD (tratamento de dados por encomenda); Art. 16-18 do RGPD (divulga\u00e7\u00e3o no estrangeiro); Art. 30-32 do RGPD (direitos dos titulares dos dados (informa\u00e7\u00e3o, retifica\u00e7\u00e3o, apagamento, limita\u00e7\u00e3o)).<\/p>\n\n    <h2>10. aplica\u00e7\u00f5es<\/h2>\n    <p>Quando se candidata, tratamos os seus dados exclusivamente para efeitos de verifica\u00e7\u00e3o da sua candidatura e de comunica\u00e7\u00e3o. Se a sua candidatura for aceite, ser\u00e1 efectuado um tratamento posterior para estabelecer e implementar a rela\u00e7\u00e3o de trabalho. Geralmente, eliminamos as candidaturas n\u00e3o selecionadas ap\u00f3s tr\u00eas meses, o mais tardar, desde que n\u00e3o existam interesses leg\u00edtimos ou obriga\u00e7\u00f5es legais em contr\u00e1rio.<\/p>\n\n\n    <h2>11\u00aa Newsletter<\/h2>\n    <p>Para a newsletter, solicitamos o seu endere\u00e7o de correio eletr\u00f3nico e a confirma\u00e7\u00e3o de que \u00e9 o propriet\u00e1rio do endere\u00e7o (double opt-in). Outros dados s\u00f3 s\u00e3o recolhidos voluntariamente. Pode revogar o seu consentimento em qualquer altura, com efeitos para o futuro (liga\u00e7\u00e3o de anula\u00e7\u00e3o da subscri\u00e7\u00e3o).<\/p>\n\n    <h2>12. gest\u00e3o de cookies e consentimento<\/h2>\n    <p>Utilizamos cookies e tecnologias semelhantes (por exemplo, armazenamento local). Quando exigido por lei, obtemos o seu consentimento atrav\u00e9s de uma faixa de consentimento antes de definir cookies n\u00e3o essenciais. Pode alterar ou revogar a sua sele\u00e7\u00e3o na faixa em qualquer altura.<\/p>\n    <p>Ferramenta de consentimento utilizada (se activada): Aviso de cookies e conformidade com o GDPR\/CCPA - Armazenamento da decis\u00e3o de consentimento;<\/p>\n    <p>Base jur\u00eddica: Art. 6, n.\u00ba 1 lit. c RGPD (obriga\u00e7\u00e3o legal) e Art. 6, n.\u00ba 1 lit. f RGPD (obriga\u00e7\u00f5es de documenta\u00e7\u00e3o e verifica\u00e7\u00e3o); Art. 6 FADP (princ\u00edpios do processamento de dados); Art. 9 FADP (processamento de dados por encomenda); Art. 16-18 FADP (divulga\u00e7\u00e3o no estrangeiro); Art. 30-32 FADP (direitos dos titulares dos dados (informa\u00e7\u00e3o, retifica\u00e7\u00e3o, apagamento, restri\u00e7\u00e3o)).<\/p>\n\n    <h2>13. an\u00e1lise, marketing e servi\u00e7os integrados de terceiros<\/h2>\n    <p>Os servi\u00e7os seguintes s\u00f3 s\u00e3o utilizados se tal for tecnicamente necess\u00e1rio ou, no caso de ferramentas n\u00e3o essenciais, se o utilizador tiver dado o seu consentimento. Os dados podem ser transferidos para pa\u00edses terceiros (por exemplo, EUA).<\/p>\n\n    <h3>13.1 Google Analytics<\/h3>\n    <p>Fornecedor: Google Ireland Limited. O Google Analytics utiliza cookies para analisar a sua utiliza\u00e7\u00e3o do s\u00edtio Web. A informa\u00e7\u00e3o gerada \u00e9 normalmente transferida para os servidores da Google (por exemplo, nos EUA) e a\u00ed armazenada. Pode encontrar mais informa\u00e7\u00f5es sobre a forma como o Google Analytics trata os dados do utilizador na sec\u00e7\u00e3o <a href=\"https:\/\/policies.google.com\/privacy\" target=\"_blank\">Pol\u00edtica de privacidade<\/a> do Google.<\/p>\n    <p>Base jur\u00eddica: Consentimento (art. 6.\u00ba, n.\u00ba 1, al\u00ednea a), do RGPD), revog\u00e1vel com efeitos para o futuro; art. 6.\u00ba do RGPD (princ\u00edpios do tratamento de dados); art. 9.\u00ba do RGPD (tratamento de dados por encomenda); art. 16.\u00ba a 18.\u00ba do RGPD (divulga\u00e7\u00e3o no estrangeiro); art. 30.\u00ba a 32.\u00ba do RGPD (direitos dos titulares dos dados (informa\u00e7\u00e3o, retifica\u00e7\u00e3o, apagamento, limita\u00e7\u00e3o)).<\/p>\n    <ul>\n        <li>Anonimiza\u00e7\u00e3o do IP activada: Truncagem do IP na UE\/EEE; em casos excepcionais, transfer\u00eancia para os EUA com posterior truncagem.<\/li>\n        <li>Opt-out: Complemento do browser em <a href=\"https:\/\/tools.google.com\/dlpage\/gaoptout?hl=de\" target=\"_blank\">https:\/\/tools.google.com\/dlpage\/gaoptout?hl=de<\/a>.<\/li>\n        <li>Carater\u00edsticas demogr\u00e1ficas: Relat\u00f3rios sobre idade, g\u00e9nero e interesses (n\u00e3o podem ser atribu\u00eddos a indiv\u00edduos espec\u00edficos).<\/li>\n        <li>Per\u00edodo de armazenamento no Google: geralmente 14 meses (anonimizado\/controlado pela data de elimina\u00e7\u00e3o).<\/li>\n    <\/ul>\n\n    <h3>13.2 Remarketing do Google Analytics e Google Ads (incl. DoubleClick)<\/h3>\n    <p>Com o consentimento do utilizador, podemos utilizar fun\u00e7\u00f5es de publicidade entre dispositivos. Isto permite que a publicidade baseada em interesses seja apresentada em diferentes dispositivos. Desativa\u00e7\u00e3o em qualquer altura atrav\u00e9s das defini\u00e7\u00f5es de an\u00fancios da sua conta Google (<a href=\"https:\/\/adssettings.google.com\/\" target=\"_blank\">https:\/\/adssettings.google.com\/<\/a>).<\/p>\n\n    <h3>13.3 Google AdSense<\/h3>\n    <p>Os cookies\/web beacons podem ser utilizados para apresentar an\u00fancios relacionados com o contexto.<\/p>\n    <p>Base jur\u00eddica: Consentimento (art. 6.\u00ba, n.\u00ba 1, al\u00ednea a) do RGPD) e\/ou interesse leg\u00edtimo (otimiza\u00e7\u00e3o da oferta; art. 6.\u00ba, n.\u00ba 1, al\u00ednea f) do RGPD), na medida do permitido; art. 6.\u00ba do RGPD (princ\u00edpios do tratamento de dados); art. 9.\u00ba do RGPD (tratamento de dados por encomenda); art. 16.\u00ba a 18.\u00ba do RGPD (divulga\u00e7\u00e3o no estrangeiro); art. 30.\u00ba a 32.\u00ba do RGPD (direitos dos titulares dos dados (informa\u00e7\u00e3o, retifica\u00e7\u00e3o, apagamento, limita\u00e7\u00e3o)).<\/p>\n\n    <h3>13.4 Google Maps<\/h3>\n    <p>Utilizamos o Google Maps para apresentar mapas. Os dados t\u00e9cnicos (por exemplo, endere\u00e7o IP) podem ser transferidos para a Google e transmitidos para pa\u00edses terceiros (por exemplo, EUA). Para mais informa\u00e7\u00f5es, consulte a sec\u00e7\u00e3o <a href=\"https:\/\/policies.google.com\/privacy\" target=\"_blank\">Pol\u00edtica de privacidade<\/a> do Google...<\/p>\n    <p>Base: interesse leg\u00edtimo numa apresenta\u00e7\u00e3o de f\u00e1cil utiliza\u00e7\u00e3o (art. 6.\u00ba, n.\u00ba 1, al\u00ednea f), do RGPD) ou o seu consentimento, se necess\u00e1rio; art. 6.\u00ba do RGPD (princ\u00edpios do tratamento de dados); art. 9.\u00ba do RGPD (tratamento de dados por encomenda); art. 16.\u00ba a 18.\u00ba do RGPD (divulga\u00e7\u00e3o no estrangeiro); art. 30.\u00ba a 32.\u00ba do RGPD (direitos dos titulares dos dados (informa\u00e7\u00e3o, retifica\u00e7\u00e3o, apagamento, limita\u00e7\u00e3o)).<\/p>\n\n    \n\n    <h3>13.5 Yoast SEO<\/h3>\n    <p>O Yoast SEO \u00e9 utilizado para otimizar o conte\u00fado para os motores de busca. De acordo com o estado atual, n\u00e3o s\u00e3o processados quaisquer dados pessoais dos visitantes; se as fun\u00e7\u00f5es futuras processarem dados, isso s\u00f3 ser\u00e1 feito com base na base jur\u00eddica aplic\u00e1vel e, se necess\u00e1rio, com o consentimento.<\/p>\n\n    <h3>13.6 Google Reviews - Addons Premium para Elementor<\/h3>\n    <p>O endere\u00e7o IP e as informa\u00e7\u00f5es t\u00e9cnicas podem ser processados para apresentar as classifica\u00e7\u00f5es do Google.<\/p>\n    <p>Base jur\u00eddica: Consentimento (art. 6.\u00ba, n.\u00ba 1, al\u00ednea a) do RGPD), revog\u00e1vel a qualquer momento; art. 6.\u00ba do RGPD (princ\u00edpios do tratamento de dados); art. 9.\u00ba do RGPD (tratamento de dados por encomenda); art. 16.\u00ba a 18.\u00ba do RGPD (divulga\u00e7\u00e3o no estrangeiro); art. 30.\u00ba a 32.\u00ba do RGPD (direitos das pessoas em causa (informa\u00e7\u00e3o, retifica\u00e7\u00e3o, apagamento, limita\u00e7\u00e3o)).<\/p>\n\n    <h3>13.7 Orden\u00e1vel (sistema de encomenda\/reserva)<\/h3>\n    <p>Os dados pessoais (por exemplo, nome, dados de contacto, dados da encomenda) s\u00e3o tratados para processar as suas encomendas.<\/p>\n    <p>Base jur\u00eddica: Art. 6, n.\u00ba 1, al\u00ednea b), do RGPD (contrato); Art. 6 do RGPD (princ\u00edpios do tratamento de dados); Art. 9 do RGPD (tratamento de dados por encomenda); Art. 16-18 do RGPD (divulga\u00e7\u00e3o no estrangeiro); Art. 30-32 do RGPD (direitos dos titulares dos dados (informa\u00e7\u00e3o, retifica\u00e7\u00e3o, apagamento, limita\u00e7\u00e3o)).<\/p>\n\n    <h3>13.8 Acessibilidade com um clique<\/h3>\n    <p>O plugin melhora a acessibilidade do s\u00edtio Web. Atualmente, n\u00e3o processa quaisquer dados pessoais dos visitantes.<\/p>\n\n    <h3>13.9 Site Kit da Google<\/h3>\n    <p>O Site Kit agrupa relat\u00f3rios\/estat\u00edsticas dos servi\u00e7os Google (por exemplo, Analytics, Search Console). O plugin em si geralmente n\u00e3o processa quaisquer dados pessoais dos visitantes; os servi\u00e7os subjacentes podem processar dados - ver as respectivas sec\u00e7\u00f5es.<\/p>\n\n    <h3>13.10 Meta-pixel (Facebook)<\/h3>\n    <p>O meta pixel pode ser utilizado para medi\u00e7\u00e3o de convers\u00f5es e remarketing. Fornecedor: Meta Platforms Ireland Ltd. Os dados recolhidos s\u00e3o an\u00f3nimos para n\u00f3s; a Meta pode utiliz\u00e1-los para os seus pr\u00f3prios fins (por exemplo, defini\u00e7\u00e3o de perfis, publicidade).<\/p>\n    <p>Base jur\u00eddica: Consentimento (art. 6.\u00ba, n.\u00ba 1, al\u00ednea a) do RGPD), revog\u00e1vel nas defini\u00e7\u00f5es de publicidade da sua meta conta; art. 6.\u00ba do RGPD (princ\u00edpios do tratamento de dados); art. 9.\u00ba do RGPD (tratamento de dados por encomenda); art. 16.\u00ba a 18.\u00ba do RGPD (divulga\u00e7\u00e3o no estrangeiro); art. 30.\u00ba a 32.\u00ba do RGPD (direitos dos titulares dos dados (informa\u00e7\u00e3o, retifica\u00e7\u00e3o, apagamento, limita\u00e7\u00e3o)).<\/p>\n\n\n    <h2>14 Presen\u00e7a pr\u00f3pria nas redes sociais<\/h2>\n    <p>Mantemos perfis em redes sociais (por exemplo, Facebook, Instagram, LinkedIn). Ao visitar estes perfis, aplicam-se as disposi\u00e7\u00f5es de prote\u00e7\u00e3o de dados dos respectivos operadores de plataformas. Na medida em que processamos os dados, isso \u00e9 feito com base em interesses leg\u00edtimos (Art. 6, par\u00e1grafo 1 lit. f do RGPD). Em alguns s\u00edtios Web, pode haver uma responsabilidade conjunta com o operador da plataforma (art. 26.\u00ba do RGPD); o conte\u00fado principal dos acordos \u00e9 fornecido pelo respetivo fornecedor. Al\u00e9m disso, aplicam-se as disposi\u00e7\u00f5es relevantes da lei su\u00ed\u00e7a sobre a prote\u00e7\u00e3o de dados, em especial o art. 6.\u00ba do RGPD (princ\u00edpios do tratamento de dados); o art. 9.\u00ba do RGPD (tratamento de dados por encomenda); os art. 16.\u00ba a 18.\u00ba do RGPD (divulga\u00e7\u00e3o no estrangeiro); os art. 30.\u00ba a 32.\u00ba do RGPD (direitos dos titulares dos dados (informa\u00e7\u00e3o, retifica\u00e7\u00e3o, apagamento, limita\u00e7\u00e3o)).<\/p>\n\n    <h2>15. transfer\u00eancias internacionais de dados (pa\u00edses terceiros)<\/h2>\n    <p>Os dados s\u00f3 ser\u00e3o transferidos para pa\u00edses fora da Su\u00ed\u00e7a ou do EEE (\"pa\u00edses terceiros\") se for cumprida pelo menos uma das seguintes condi\u00e7\u00f5es:<\/p>\n    <ul>\n        <li>Decis\u00e3o de adequa\u00e7\u00e3o (UE ou Su\u00ed\u00e7a) para o pa\u00eds em causa,<\/li>\n        <li>garantias adequadas (nomeadamente cl\u00e1usulas contratuais-tipo\/ CCS, medidas suplementares),<\/li>\n        <li>O seu consentimento expresso ou a necessidade para o cumprimento do contrato.<\/li>\n    <\/ul>\n    <p>Isto pode afetar os EUA, em particular se utilizarmos servi\u00e7os de fornecedores americanos. Existe o risco de acesso estatal. Na medida do poss\u00edvel, recorremos \u00e0 minimiza\u00e7\u00e3o, pseudonimiza\u00e7\u00e3o\/encripta\u00e7\u00e3o e garantias contratuais.<\/p>\n\n    <h2>16. per\u00edodo de armazenamento e elimina\u00e7\u00e3o<\/h2>\n    <p>Apenas processamos dados pessoais durante o tempo necess\u00e1rio para os respectivos fins ou enquanto existirem obriga\u00e7\u00f5es legais de reten\u00e7\u00e3o. Depois disso, os dados s\u00e3o eliminados ou tornados an\u00f3nimos.<\/p>\n\n    <h2>17 Os seus direitos<\/h2>\n    <p>O utilizador tem os seguintes direitos:<\/p>\n    <ul>\n        <li>Informa\u00e7\u00f5es sobre os dados armazenados: Art. 15 GDPR \/ Art. 25 DSG<\/li>\n        <li>Corre\u00e7\u00e3o de dados incorrectos: Art. 16.\u00ba do RGPD \/ Art. 32.\u00ba, n.\u00ba 1, al\u00ednea a), da FADP<\/li>\n        <li>Apagamento (\"direito a ser esquecido\"): Art. 17.\u00ba do RGPD \/ Art. 32.\u00ba, n.\u00ba 2, al\u00ednea c), da FADP<\/li>\n        <li>Restri\u00e7\u00e3o do processamento: Art. 18 GDPR \/ Art. 32 para 2 lit. b FADP<\/li>\n        <li>Portabilidade dos dados: Art. 20 do RGPD \/ Art. 28 do FADP<\/li>\n        <li>Revoga\u00e7\u00e3o do consentimento dado com efeitos para o futuro: Art. 7 para. 3 GDPR \/ Art. 6 FADP<\/li>\n        <li>Obje\u00e7\u00e3o ao processamento com base em interesses leg\u00edtimos (incluindo publicidade direta): Art. 21 do RGPD \/ Art. 32 da FADP<\/li>\n        <li>Direito de apresentar uma queixa a uma autoridade de controlo:\n            <ul>\n                <li>UE: Art. 77.\u00ba do RGPD<\/li>\n                <li>Su\u00ed\u00e7a: Art. 49.\u00ba da FADP (Comiss\u00e1rio Federal para a Prote\u00e7\u00e3o de Dados e a Informa\u00e7\u00e3o, FDPIC)<\/li>\n            <\/ul>\n        <\/li>\n    <\/ul>\n    <p>Para exercer os seus direitos, contacte a Swiss Family Relations AG (tratamento t\u00e9cnico) ou o Swiss Family Investors Club (tratamento associativo), consoante a entidade respons\u00e1vel.<\/p>\n\n    <h2>19. encripta\u00e7\u00e3o SSL\/TLS e transmiss\u00e3o segura<\/h2>\n    <p>Este s\u00edtio Web utiliza a encripta\u00e7\u00e3o SSL\/TLS. Pode reconhec\u00ea-lo atrav\u00e9s de \"https:\/\/\" e do s\u00edmbolo do cadeado no browser. Quando a encripta\u00e7\u00e3o est\u00e1 activada, os dados transmitidos n\u00e3o podem ser lidos por terceiros.<\/p>\n\n    <h2>20. obje\u00e7\u00e3o a mensagens publicit\u00e1rias<\/h2>\n    <p>Opomo-nos \u00e0 utiliza\u00e7\u00e3o dos dados de contacto publicados no aviso legal para o envio de publicidade e material informativo n\u00e3o solicitados. Reservamo-nos o direito de tomar medidas legais em caso de correio eletr\u00f3nico n\u00e3o solicitado.<\/p>\n\n    <h2>21 Altera\u00e7\u00f5es \u00e0 presente pol\u00edtica de privacidade<\/h2>\n    <p>Reservamo-nos o direito de alterar a presente declara\u00e7\u00e3o a fim de a adaptar a novas situa\u00e7\u00f5es jur\u00eddicas ou a desenvolvimentos t\u00e9cnicos. Em todos os casos, aplica-se a vers\u00e3o atual publicada nesta p\u00e1gina.<\/p>\t\t\t\t<\/div>\n\t\t\t\t<\/div>\n\t\t\t\t\t<\/div>\n\t\t\t\t<\/div>\n\t\t\t\t<\/div>","protected":false},"excerpt":{"rendered":"<p>Datenschutz Sicher. Vertraulich. Gesetzeskonform. Datenschutzerkl\u00e4rung Swiss Family Investors Club 1. Allgemeine Hinweise Diese Datenschutzerkl\u00e4rung informiert \u00fcber Art, Umfang und Zwecke der Verarbeitung personenbezogener Daten beim Besuch und bei der Nutzung dieser Website sowie der dar\u00fcber angebotenen Funktionen und Services oder wenn Sie mit uns in Kontakt treten. 2. Geltungsbereich &#038; Begriffsbestimmungen Diese Erkl\u00e4rung gilt f\u00fcr [&hellip;]<\/p>","protected":false},"author":1,"featured_media":0,"parent":0,"menu_order":0,"comment_status":"closed","ping_status":"closed","template":"","meta":{"iawp_total_views":76,"footnotes":""},"class_list":["post-7854","page","type-page","status-publish","hentry"],"_links":{"self":[{"href":"https:\/\/swissfamilyclub.com\/pt_pt\/wp-json\/wp\/v2\/pages\/7854","targetHints":{"allow":["GET"]}}],"collection":[{"href":"https:\/\/swissfamilyclub.com\/pt_pt\/wp-json\/wp\/v2\/pages"}],"about":[{"href":"https:\/\/swissfamilyclub.com\/pt_pt\/wp-json\/wp\/v2\/types\/page"}],"author":[{"embeddable":true,"href":"https:\/\/swissfamilyclub.com\/pt_pt\/wp-json\/wp\/v2\/users\/1"}],"replies":[{"embeddable":true,"href":"https:\/\/swissfamilyclub.com\/pt_pt\/wp-json\/wp\/v2\/comments?post=7854"}],"version-history":[{"count":0,"href":"https:\/\/swissfamilyclub.com\/pt_pt\/wp-json\/wp\/v2\/pages\/7854\/revisions"}],"wp:attachment":[{"href":"https:\/\/swissfamilyclub.com\/pt_pt\/wp-json\/wp\/v2\/media?parent=7854"}],"curies":[{"name":"wp","href":"https:\/\/api.w.org\/{rel}","templated":true}]}}