{"id":1380,"date":"2025-06-11T14:07:26","date_gmt":"2025-06-11T14:07:26","guid":{"rendered":"https:\/\/swissfamilyclub.com\/?page_id=1380"},"modified":"2025-09-04T14:13:21","modified_gmt":"2025-09-04T14:13:21","slug":"login","status":"publish","type":"page","link":"https:\/\/swissfamilyclub.com\/pt_pt\/login\/","title":{"rendered":"Iniciar sess\u00e3o"},"content":{"rendered":"<div data-elementor-type=\"wp-page\" data-elementor-id=\"1380\" class=\"elementor elementor-1380\" data-elementor-post-type=\"page\">\n\t\t\t\t<div class=\"elementor-element elementor-element-5c97ad0 e-con-full e-flex e-con e-parent\" data-id=\"5c97ad0\" data-element_type=\"container\" data-settings=\"{&quot;background_background&quot;:&quot;classic&quot;}\">\n\t\t<div class=\"elementor-element elementor-element-279332d e-con-full mrkt_root-alt_container e-flex e-con e-child\" data-id=\"279332d\" data-element_type=\"container\" data-settings=\"{&quot;background_background&quot;:&quot;classic&quot;}\">\n\t\t\t\t<div class=\"elementor-element elementor-element-d60d845 elementor-widget elementor-widget-heading\" data-id=\"d60d845\" data-element_type=\"widget\" data-widget_type=\"heading.default\">\n\t\t\t\t\t<h2 class=\"elementor-heading-title elementor-size-default\">Qualificados\nInvestidores<\/h2>\t\t\t\t<\/div>\n\t\t\t\t<div class=\"elementor-element elementor-element-53a6c84 elementor-widget elementor-widget-text-editor\" data-id=\"53a6c84\" data-element_type=\"widget\" data-widget_type=\"text-editor.default\">\n\t\t\t\t\t\t\t\t\t<p>Um c\u00edrculo para personalidades que procuram mais do que simples contactos: liga\u00e7\u00f5es selectivas, conhecimentos estrat\u00e9gicos e uma rede que d\u00e1 prioridade \u00e0 confian\u00e7a acima de tudo. Para todos aqueles que querem crescer juntos e moldar ativamente o futuro.<\/p>\t\t\t\t\t\t\t\t<\/div>\n\t\t<div class=\"elementor-element elementor-element-00bdcc7 e-con-full e-flex e-con e-child\" data-id=\"00bdcc7\" data-element_type=\"container\">\n\t\t\t\t<div class=\"elementor-element elementor-element-a82a5d4 elementor-widget elementor-widget-button\" data-id=\"a82a5d4\" data-element_type=\"widget\" data-widget_type=\"button.default\">\n\t\t\t\t\t\t\t\t\t\t<a class=\"elementor-button elementor-button-link elementor-size-sm\" href=\"\/pt_pt\/login\/qualifizierte-mitglieder\/\">\n\t\t\t\t\t\t<span class=\"elementor-button-content-wrapper\">\n\t\t\t\t\t\t\t\t\t<span class=\"elementor-button-text\">Para o in\u00edcio de sess\u00e3o<\/span>\n\t\t\t\t\t<\/span>\n\t\t\t\t\t<\/a>\n\t\t\t\t\t\t\t\t<\/div>\n\t\t\t\t<div class=\"elementor-element elementor-element-5ddcd25 elementor-widget elementor-widget-button\" data-id=\"5ddcd25\" data-element_type=\"widget\" data-widget_type=\"button.default\">\n\t\t\t\t\t\t\t\t\t\t<a class=\"elementor-button elementor-button-link elementor-size-sm\" href=\"\/pt_pt\/vorqualifizierung\/\">\n\t\t\t\t\t\t<span class=\"elementor-button-content-wrapper\">\n\t\t\t\t\t\t\t\t\t<span class=\"elementor-button-text\">Iniciar a pr\u00e9-qualifica\u00e7\u00e3o<\/span>\n\t\t\t\t\t<\/span>\n\t\t\t\t\t<\/a>\n\t\t\t\t\t\t\t\t<\/div>\n\t\t\t\t<\/div>\n\t\t\t\t<\/div>\n\t\t<div class=\"elementor-element elementor-element-09a9531 e-con-full mrkt_root-alt_container e-flex e-con e-child\" data-id=\"09a9531\" data-element_type=\"container\" data-settings=\"{&quot;background_background&quot;:&quot;classic&quot;}\">\n\t\t\t\t<div class=\"elementor-element elementor-element-dc52d4b elementor-widget elementor-widget-heading\" data-id=\"dc52d4b\" data-element_type=\"widget\" data-widget_type=\"heading.default\">\n\t\t\t\t\t<h2 class=\"elementor-heading-title elementor-size-default\">Institucional\nInvestidores<\/h2>\t\t\t\t<\/div>\n\t\t\t\t<div class=\"elementor-element elementor-element-bd478af elementor-widget elementor-widget-text-editor\" data-id=\"bd478af\" data-element_type=\"widget\" data-widget_type=\"text-editor.default\">\n\t\t\t\t\t\t\t\t\t<p>Para investidores institucionais, fundos de pens\u00f5es, family offices e funda\u00e7\u00f5es que pretendem n\u00e3o s\u00f3 gerir, mas tamb\u00e9m moldar ativamente o futuro. Aqueles que pensam em termos de gera\u00e7\u00f5es e procuram liga\u00e7\u00f5es com subst\u00e2ncia encontrar\u00e3o acesso a uma rede que fornece orienta\u00e7\u00e3o e abre perspectivas.<\/p>\t\t\t\t\t\t\t\t<\/div>\n\t\t<div class=\"elementor-element elementor-element-066c777 e-con-full e-flex e-con e-child\" data-id=\"066c777\" data-element_type=\"container\">\n\t\t\t\t<div class=\"elementor-element elementor-element-d54f410 elementor-widget elementor-widget-button\" data-id=\"d54f410\" data-element_type=\"widget\" data-widget_type=\"button.default\">\n\t\t\t\t\t\t\t\t\t\t<a class=\"elementor-button elementor-button-link elementor-size-sm\" href=\"\/pt_pt\/login\/institutionelle\/\">\n\t\t\t\t\t\t<span class=\"elementor-button-content-wrapper\">\n\t\t\t\t\t\t\t\t\t<span class=\"elementor-button-text\">Para o in\u00edcio de sess\u00e3o<\/span>\n\t\t\t\t\t<\/span>\n\t\t\t\t\t<\/a>\n\t\t\t\t\t\t\t\t<\/div>\n\t\t\t\t<div class=\"elementor-element elementor-element-99ad249 elementor-widget elementor-widget-button\" data-id=\"99ad249\" data-element_type=\"widget\" data-widget_type=\"button.default\">\n\t\t\t\t\t\t\t\t\t\t<a class=\"elementor-button elementor-button-link elementor-size-sm\" href=\"\/pt_pt\/vorqualifizierung\/\">\n\t\t\t\t\t\t<span class=\"elementor-button-content-wrapper\">\n\t\t\t\t\t\t\t\t\t<span class=\"elementor-button-text\">Iniciar a pr\u00e9-qualifica\u00e7\u00e3o<\/span>\n\t\t\t\t\t<\/span>\n\t\t\t\t\t<\/a>\n\t\t\t\t\t\t\t\t<\/div>\n\t\t\t\t<\/div>\n\t\t\t\t<\/div>\n\t\t\t\t<\/div>\n\t\t<div class=\"elementor-element elementor-element-821e13e e-con-full mrkt_root-alt_container elementor-hidden-tablet elementor-hidden-mobile e-flex e-con e-parent\" data-id=\"821e13e\" data-element_type=\"container\" data-settings=\"{&quot;background_background&quot;:&quot;classic&quot;,&quot;position&quot;:&quot;absolute&quot;}\">\n\t\t\t\t<div class=\"elementor-element elementor-element-980f424 elementor-widget elementor-widget-heading\" data-id=\"980f424\" data-element_type=\"widget\" data-widget_type=\"heading.default\">\n\t\t\t\t\t<h2 class=\"elementor-heading-title elementor-size-default\">A empresa<\/h2>\t\t\t\t<\/div>\n\t\t\t\t<div class=\"elementor-element elementor-element-cfba8f4 elementor-widget__width-initial elementor-widget elementor-widget-text-editor\" data-id=\"cfba8f4\" data-element_type=\"widget\" data-widget_type=\"text-editor.default\">\n\t\t\t\t\t\t\t\t\t<p>Para empresas que n\u00e3o s\u00f3 querem crescer, mas tamb\u00e9m posicionar-se de forma sustent\u00e1vel. O Industries Club liga empres\u00e1rios, constr\u00f3i pontes para novos mercados e cria um ambiente em que a for\u00e7a partilhada conduz a novas oportunidades.<\/p>\t\t\t\t\t\t\t\t<\/div>\n\t\t<div class=\"elementor-element elementor-element-ce9ae50 e-con-full e-flex e-con e-child\" data-id=\"ce9ae50\" data-element_type=\"container\">\n\t\t\t\t<div class=\"elementor-element elementor-element-8a6fe78 elementor-widget elementor-widget-button\" data-id=\"8a6fe78\" data-element_type=\"widget\" data-widget_type=\"button.default\">\n\t\t\t\t\t\t\t\t\t\t<a class=\"elementor-button elementor-button-link elementor-size-sm\" href=\"\/pt_pt\/login\/institutionelle\/\">\n\t\t\t\t\t\t<span class=\"elementor-button-content-wrapper\">\n\t\t\t\t\t\t\t\t\t<span class=\"elementor-button-text\">Para o in\u00edcio de sess\u00e3o<\/span>\n\t\t\t\t\t<\/span>\n\t\t\t\t\t<\/a>\n\t\t\t\t\t\t\t\t<\/div>\n\t\t\t\t<div class=\"elementor-element elementor-element-0290808 elementor-widget elementor-widget-button\" data-id=\"0290808\" data-element_type=\"widget\" data-widget_type=\"button.default\">\n\t\t\t\t\t\t\t\t\t\t<a class=\"elementor-button elementor-button-link elementor-size-sm\" href=\"\/pt_pt\/vorqualifizierung\/\">\n\t\t\t\t\t\t<span class=\"elementor-button-content-wrapper\">\n\t\t\t\t\t\t\t\t\t<span class=\"elementor-button-text\">Iniciar a pr\u00e9-qualifica\u00e7\u00e3o<\/span>\n\t\t\t\t\t<\/span>\n\t\t\t\t\t<\/a>\n\t\t\t\t\t\t\t\t<\/div>\n\t\t\t\t<\/div>\n\t\t\t\t<\/div>\n\t\t<div class=\"elementor-element elementor-element-f67802d e-con-full mrkt_root-alt_container elementor-hidden-desktop e-flex e-con e-parent\" data-id=\"f67802d\" data-element_type=\"container\" data-settings=\"{&quot;background_background&quot;:&quot;classic&quot;}\">\n\t\t\t\t<div class=\"elementor-element elementor-element-bfd45fa elementor-widget elementor-widget-heading\" data-id=\"bfd45fa\" data-element_type=\"widget\" data-widget_type=\"heading.default\">\n\t\t\t\t\t<h2 class=\"elementor-heading-title elementor-size-default\">Investidores industriais<\/h2>\t\t\t\t<\/div>\n\t\t\t\t<div class=\"elementor-element elementor-element-e2e3055 elementor-widget__width-initial elementor-widget elementor-widget-text-editor\" data-id=\"e2e3055\" data-element_type=\"widget\" data-widget_type=\"text-editor.default\">\n\t\t\t\t\t\t\t\t\t<p>Lorem ipsum dolor sit amet, consetetur sadipscing elitr, sed diam nonumy eirmod tempor invidunt ut labore et dolore magna aliquyam erat, sed diam voluptua. At vero eos et accusam et justo duo dolores et ea rebum. Stet clita kasd gubergren, no sea takimata sanctus est Lorem ipsum dolor sit amet.<\/p>\t\t\t\t\t\t\t\t<\/div>\n\t\t<div class=\"elementor-element elementor-element-8a8f33a e-con-full e-flex e-con e-child\" data-id=\"8a8f33a\" data-element_type=\"container\">\n\t\t\t\t<div class=\"elementor-element elementor-element-190d24e elementor-widget elementor-widget-button\" data-id=\"190d24e\" data-element_type=\"widget\" data-widget_type=\"button.default\">\n\t\t\t\t\t\t\t\t\t\t<a class=\"elementor-button elementor-button-link elementor-size-sm\" href=\"\/pt_pt\/login\/institutionelle\/\">\n\t\t\t\t\t\t<span class=\"elementor-button-content-wrapper\">\n\t\t\t\t\t\t\t\t\t<span class=\"elementor-button-text\">Para o in\u00edcio de sess\u00e3o<\/span>\n\t\t\t\t\t<\/span>\n\t\t\t\t\t<\/a>\n\t\t\t\t\t\t\t\t<\/div>\n\t\t\t\t<div class=\"elementor-element elementor-element-3b25795 elementor-widget elementor-widget-button\" data-id=\"3b25795\" data-element_type=\"widget\" data-widget_type=\"button.default\">\n\t\t\t\t\t\t\t\t\t\t<a class=\"elementor-button elementor-button-link elementor-size-sm\" href=\"\/pt_pt\/vorqualifizierung\/\">\n\t\t\t\t\t\t<span class=\"elementor-button-content-wrapper\">\n\t\t\t\t\t\t\t\t\t<span class=\"elementor-button-text\">Iniciar a pr\u00e9-qualifica\u00e7\u00e3o<\/span>\n\t\t\t\t\t<\/span>\n\t\t\t\t\t<\/a>\n\t\t\t\t\t\t\t\t<\/div>\n\t\t\t\t<\/div>\n\t\t\t\t<\/div>\n\t\t<div class=\"elementor-element elementor-element-cf3b52d e-con-full elementor-hidden-mobile e-flex e-con e-parent\" data-id=\"cf3b52d\" data-element_type=\"container\" data-settings=\"{&quot;position&quot;:&quot;absolute&quot;}\">\n\t\t<div class=\"elementor-element elementor-element-e17b593 e-con-full e-flex e-con e-child\" data-id=\"e17b593\" data-element_type=\"container\" data-settings=\"{&quot;background_background&quot;:&quot;classic&quot;}\">\n\t\t\t\t<\/div>\n\t\t\t\t<\/div>\n\t\t\t\t<\/div>","protected":false},"excerpt":{"rendered":"<p>Investidores qualificados Um c\u00edrculo para personalidades que procuram mais do que simples contactos: liga\u00e7\u00f5es selectivas, conhecimentos estrat\u00e9gicos e uma rede que privilegia a confian\u00e7a acima de tudo. Para todos aqueles que querem crescer juntos e moldar ativamente o futuro. Ir para o login Iniciar a pr\u00e9-qualifica\u00e7\u00e3o Investidores institucionais Para investidores institucionais, fundos de pens\u00f5es, family offices ou funda\u00e7\u00f5es que n\u00e3o s\u00f3 gerem, mas ajudam ativamente a moldar o futuro [...].<\/p>","protected":false},"author":1,"featured_media":0,"parent":0,"menu_order":0,"comment_status":"closed","ping_status":"closed","template":"","meta":{"iawp_total_views":179,"footnotes":""},"class_list":["post-1380","page","type-page","status-publish","hentry"],"_links":{"self":[{"href":"https:\/\/swissfamilyclub.com\/pt_pt\/wp-json\/wp\/v2\/pages\/1380","targetHints":{"allow":["GET"]}}],"collection":[{"href":"https:\/\/swissfamilyclub.com\/pt_pt\/wp-json\/wp\/v2\/pages"}],"about":[{"href":"https:\/\/swissfamilyclub.com\/pt_pt\/wp-json\/wp\/v2\/types\/page"}],"author":[{"embeddable":true,"href":"https:\/\/swissfamilyclub.com\/pt_pt\/wp-json\/wp\/v2\/users\/1"}],"replies":[{"embeddable":true,"href":"https:\/\/swissfamilyclub.com\/pt_pt\/wp-json\/wp\/v2\/comments?post=1380"}],"version-history":[{"count":0,"href":"https:\/\/swissfamilyclub.com\/pt_pt\/wp-json\/wp\/v2\/pages\/1380\/revisions"}],"wp:attachment":[{"href":"https:\/\/swissfamilyclub.com\/pt_pt\/wp-json\/wp\/v2\/media?parent=1380"}],"curies":[{"name":"wp","href":"https:\/\/api.w.org\/{rel}","templated":true}]}}