{"id":9110,"date":"2025-09-04T15:03:49","date_gmt":"2025-09-04T15:03:49","guid":{"rendered":"https:\/\/swissfamilyclub.com\/cookie-policy-eu\/"},"modified":"2025-09-05T08:14:34","modified_gmt":"2025-09-05T08:14:34","slug":"cookie-policy-eu","status":"publish","type":"page","link":"https:\/\/swissfamilyclub.com\/pt\/cookie-policy-eu\/","title":{"rendered":"Cookie Policy (EU)"},"content":{"rendered":"<div data-elementor-type=\"wp-page\" data-elementor-id=\"9110\" class=\"elementor elementor-9110\" data-elementor-post-type=\"page\">\n\t\t\t\t<div class=\"elementor-element elementor-element-3331a8aa e-con-full e-flex e-con e-parent\" data-id=\"3331a8aa\" data-element_type=\"container\">\n\t\t\t\t<div class=\"elementor-element elementor-element-d107ff9 elementor-widget elementor-widget-heading\" data-id=\"d107ff9\" data-element_type=\"widget\" data-widget_type=\"heading.default\">\n\t\t\t\t\t<h1 class=\"elementor-heading-title elementor-size-default\">Pol\u00edtica de cookies<\/h1>\t\t\t\t<\/div>\n\t\t\t\t<div class=\"elementor-element elementor-element-eb793a0 elementor-widget elementor-widget-shortcode\" data-id=\"eb793a0\" data-element_type=\"widget\" data-widget_type=\"shortcode.default\">\n\t\t\t\t\t\t\t<div class=\"elementor-shortcode\">\n<!-- Legal document generated by Complianz | GDPR\/CCPA Cookie Consent https:\/\/wordpress.org\/plugins\/complianz-gdpr -->\n<div id=\"cmplz-document\" class=\"cmplz-document cookie-statement cmplz-document-eu\"><p><i>Esta Pol\u00edtica de Cookies foi atualizada pela \u00faltima vez em novembro 18, 2025 e se aplica a cidad\u00e3os e residentes legais permanentes do Espa\u00e7o Econ\u00f3mico Europeu e Su\u00ed\u00e7a.<\/i><br><\/p><h2>1. introdu\u00e7\u00e3o<\/h2><p>Nosso site, <a href=\"https:\/\/swissfamilyclub.com\/pt\">https:\/\/swissfamilyclub.com\/pt<\/a> (doravante: \"o site\") utiliza cookies e outras tecnologias relacionadas (por conveni\u00eancia todas as tecnologias s\u00e3o referidas como \"cookies\"). Os cookies tamb\u00e9m s\u00e3o inseridos por terceiros que contratamos. No documento abaixo informamos sobre o uso de cookies em nosso site.<\/p><h2>2 O que s\u00e3o cookies?<\/h2><p>Um cookie \u00e9 um arquivo pequeno e simples que \u00e9 enviado junto com p\u00e1ginas deste site e armazenado pelo seu navegador no disco r\u00edgido do seu computador ou outro dispositivo. As informa\u00e7\u00f5es armazenadas podem ser enviadas de volta aos nossos servidores ou aos servidores dos terceiros relevantes durante uma visita subsequente.<\/p><h2>3. o que s\u00e3o scripts?<\/h2><p>Um script \u00e9 uma parte do c\u00f3digo de programa usado para fazer o nosso site funcionar de forma adequada e interativa. Esse c\u00f3digo \u00e9 executado em nosso servidor ou em seu dispositivo.<\/p><h2>4. o que \u00e9 um web beacon?<\/h2><p>Um web beacon (ou uma tag pixel) \u00e9 um pequeno e invis\u00edvel texto ou imagem em um site que \u00e9 usado para monitorar o tr\u00e1fego em um site. Para fazer isso, v\u00e1rios dados sobre si s\u00e3o armazenados utilizando web beacons.<\/p><h2>5. cookies<\/h2><p class=\"cmplz-subtitle\">5.1 Cookies t\u00e9cnicos ou funcionais<\/p><p>Alguns cookies garantem que certas partes do site funcionem corretamente e que suas prefer\u00eancias de usu\u00e1rio permane\u00e7am conhecidas. Ao inserir cookies funcionais, facilitamos a visita ao nosso site. Dessa forma, n\u00e3o precisamos inserir repetidamente as mesmas informa\u00e7\u00f5es quando voc\u00ea visita nosso site e, por exemplo, as mantemos em seu carrinho de compras at\u00e9 que voc\u00ea tenha conclu\u00eddo a compra. Podemos inserir esses cookies sem o seu consentimento.<\/p><h2>6. cookies inseridos<\/h2><div id=\"cmplz-cookies-overview\"><details class=\"cmplz-dropdown cmplz-service-desc cmplz-dropdown-cookiepolicy\">\n\t<summary class=\"cmplz-service-header\"><div>\n\t\t<h3>Google Analytics<\/h3>\n\t\t<p>Finalidade pendente de investiga\u00e7\u00e3o<\/p>\n\t\t<label for=\"cmplz_service_google-analytics\" class=\"cmplz_consent_per_service_label\"><span class=\"screen-reader-text\">Consentimento para o servi\u00e7o google-analytics<\/span><\/label>\n\t\t<input type=\"checkbox\" id=\"cmplz_service_google-analytics\" class=\"cmplz-accept-service\" data-service=\"google-analytics\" data-category=\"statistics\"><\/div>\n\t<\/summary>\n\t<div class=\"cmplz-service-description\">\n\t\t<h4>Utiliza\u00e7\u00e3o<\/h4>\n\t\t<p><\/p>\n\t<\/div>\n\t<div class=\"cmplz-sharing-data\">\n\t\t<h4>Partilha de dados<\/h4>\n\t\t<p>Esses dados n\u00e3o s\u00e3o partilhados com terceiros.<\/p>\n\t<\/div>\n\t<div class=\"cookies-per-purpose\">\n    <div class=\"purpose\"><h4>Finalidade pendente de investiga\u00e7\u00e3o<\/h4><\/div>\n    <div class=\"name-header\">\n\t<h5>Nome<\/h5>\n<\/div>\n<div class=\"name\"><a target=\"_blank\" rel=\"noopener noreferrer nofollow\" href=\"https:\/\/cookiedatabase.org\/cookie\/unknown-service\/_ga\/\">_ga<\/a><\/div>\n<div class=\"retention-header\">\n\t<h5>Vencimento<\/h5>\n<\/div>\n<div class=\"retention\"><\/div>\n<div class=\"function-header\">\n\t<h5>Fun\u00e7\u00e3o<\/h5>\n<\/div>\n<div class=\"function\"><\/div>\n<div class=\"name-header\">\n\t<h5>Nome<\/h5>\n<\/div>\n<div class=\"name\"><a target=\"_blank\" rel=\"noopener noreferrer nofollow\" href=\"https:\/\/cookiedatabase.org\/cookie\/unknown-service\/_ga_\/\">_ga_*<\/a><\/div>\n<div class=\"retention-header\">\n\t<h5>Vencimento<\/h5>\n<\/div>\n<div class=\"retention\"><\/div>\n<div class=\"function-header\">\n\t<h5>Fun\u00e7\u00e3o<\/h5>\n<\/div>\n<div class=\"function\"><\/div>\n\n<\/div>\n<\/details>\n<details class=\"cmplz-dropdown cmplz-service-desc cmplz-dropdown-cookiepolicy\">\n\t<summary class=\"cmplz-service-header\"><div>\n\t\t<h3>Elementor<\/h3>\n\t\t<p>Finalidade pendente de investiga\u00e7\u00e3o<\/p>\n\t\t<label for=\"cmplz_service_elementor\" class=\"cmplz_consent_per_service_label\"><span class=\"screen-reader-text\">Consentimento para o elemento de servi\u00e7o<\/span><\/label>\n\t\t<input type=\"checkbox\" id=\"cmplz_service_elementor\" class=\"cmplz-accept-service\" data-service=\"elementor\" data-category=\"statistics\"><\/div>\n\t<\/summary>\n\t<div class=\"cmplz-service-description\">\n\t\t<h4>Utiliza\u00e7\u00e3o<\/h4>\n\t\t<p><\/p>\n\t<\/div>\n\t<div class=\"cmplz-sharing-data\">\n\t\t<h4>Partilha de dados<\/h4>\n\t\t<p>Esses dados n\u00e3o s\u00e3o partilhados com terceiros.<\/p>\n\t<\/div>\n\t<div class=\"cookies-per-purpose\">\n    <div class=\"purpose\"><h4>Finalidade pendente de investiga\u00e7\u00e3o<\/h4><\/div>\n    <div class=\"name-header\">\n\t<h5>Nome<\/h5>\n<\/div>\n<div class=\"name\"><a target=\"_blank\" rel=\"noopener noreferrer nofollow\" href=\"https:\/\/cookiedatabase.org\/cookie\/unknown-service\/elementor\/\">elementar<\/a><\/div>\n<div class=\"retention-header\">\n\t<h5>Vencimento<\/h5>\n<\/div>\n<div class=\"retention\"><\/div>\n<div class=\"function-header\">\n\t<h5>Fun\u00e7\u00e3o<\/h5>\n<\/div>\n<div class=\"function\"><\/div>\n\n<\/div>\n<\/details>\n<details class=\"cmplz-dropdown cmplz-service-desc cmplz-dropdown-cookiepolicy\">\n\t<summary class=\"cmplz-service-header\"><div>\n\t\t<h3>WordPress<\/h3>\n\t\t<p>Finalidade pendente de investiga\u00e7\u00e3o<\/p>\n\t\t<label for=\"cmplz_service_wordpress\" class=\"cmplz_consent_per_service_label\"><span class=\"screen-reader-text\">Consentimento para o servi\u00e7o wordpress<\/span><\/label>\n\t\t<input type=\"checkbox\" id=\"cmplz_service_wordpress\" class=\"cmplz-accept-service\" data-service=\"wordpress\" data-category=\"functional\"><\/div>\n\t<\/summary>\n\t<div class=\"cmplz-service-description\">\n\t\t<h4>Utiliza\u00e7\u00e3o<\/h4>\n\t\t<p><\/p>\n\t<\/div>\n\t<div class=\"cmplz-sharing-data\">\n\t\t<h4>Partilha de dados<\/h4>\n\t\t<p>Esses dados n\u00e3o s\u00e3o partilhados com terceiros.<\/p>\n\t<\/div>\n\t<div class=\"cookies-per-purpose\">\n    <div class=\"purpose\"><h4>Finalidade pendente de investiga\u00e7\u00e3o<\/h4><\/div>\n    <div class=\"name-header\">\n\t<h5>Nome<\/h5>\n<\/div>\n<div class=\"name\"><a target=\"_blank\" rel=\"noopener noreferrer nofollow\" href=\"https:\/\/cookiedatabase.org\/cookie\/unknown-service\/wpemojisettingssupports\/\">wpEmojiSettingsSupports<\/a><\/div>\n<div class=\"retention-header\">\n\t<h5>Vencimento<\/h5>\n<\/div>\n<div class=\"retention\"><\/div>\n<div class=\"function-header\">\n\t<h5>Fun\u00e7\u00e3o<\/h5>\n<\/div>\n<div class=\"function\"><\/div>\n<div class=\"name-header\">\n\t<h5>Nome<\/h5>\n<\/div>\n<div class=\"name\"><a target=\"_blank\" rel=\"noopener noreferrer nofollow\" href=\"https:\/\/cookiedatabase.org\/cookie\/unknown-service\/wp-settings-time\/\">wp-settings-time-*<\/a><\/div>\n<div class=\"retention-header\">\n\t<h5>Vencimento<\/h5>\n<\/div>\n<div class=\"retention\"><\/div>\n<div class=\"function-header\">\n\t<h5>Fun\u00e7\u00e3o<\/h5>\n<\/div>\n<div class=\"function\"><\/div>\n<div class=\"name-header\">\n\t<h5>Nome<\/h5>\n<\/div>\n<div class=\"name\"><a target=\"_blank\" rel=\"noopener noreferrer nofollow\" href=\"https:\/\/cookiedatabase.org\/cookie\/unknown-service\/wordpress_test_cookie\/\">cookie de teste do wordpress<\/a><\/div>\n<div class=\"retention-header\">\n\t<h5>Vencimento<\/h5>\n<\/div>\n<div class=\"retention\"><\/div>\n<div class=\"function-header\">\n\t<h5>Fun\u00e7\u00e3o<\/h5>\n<\/div>\n<div class=\"function\"><\/div>\n<div class=\"name-header\">\n\t<h5>Nome<\/h5>\n<\/div>\n<div class=\"name\"><a target=\"_blank\" rel=\"noopener noreferrer nofollow\" href=\"https:\/\/cookiedatabase.org\/cookie\/unknown-service\/wp_lang\/\">wp_long<\/a><\/div>\n<div class=\"retention-header\">\n\t<h5>Vencimento<\/h5>\n<\/div>\n<div class=\"retention\"><\/div>\n<div class=\"function-header\">\n\t<h5>Fun\u00e7\u00e3o<\/h5>\n<\/div>\n<div class=\"function\"><\/div>\n<div class=\"name-header\">\n\t<h5>Nome<\/h5>\n<\/div>\n<div class=\"name\"><a target=\"_blank\" rel=\"noopener noreferrer nofollow\" href=\"https:\/\/cookiedatabase.org\/cookie\/unknown-service\/wordpress_logged_in_\/\">wordpress_logged_in_*<\/a><\/div>\n<div class=\"retention-header\">\n\t<h5>Vencimento<\/h5>\n<\/div>\n<div class=\"retention\"><\/div>\n<div class=\"function-header\">\n\t<h5>Fun\u00e7\u00e3o<\/h5>\n<\/div>\n<div class=\"function\"><\/div>\n<div class=\"name-header\">\n\t<h5>Nome<\/h5>\n<\/div>\n<div class=\"name\"><a target=\"_blank\" rel=\"noopener noreferrer nofollow\" href=\"https:\/\/cookiedatabase.org\/cookie\/unknown-service\/wp-settings\/\">wp-settings-*<\/a><\/div>\n<div class=\"retention-header\">\n\t<h5>Vencimento<\/h5>\n<\/div>\n<div class=\"retention\"><\/div>\n<div class=\"function-header\">\n\t<h5>Fun\u00e7\u00e3o<\/h5>\n<\/div>\n<div class=\"function\"><\/div>\n\n<\/div>\n<\/details>\n<details class=\"cmplz-dropdown cmplz-service-desc cmplz-dropdown-cookiepolicy\">\n\t<summary class=\"cmplz-service-header\"><div>\n\t\t<h3>Diversos<\/h3>\n\t\t<p>Finalidade pendente de investiga\u00e7\u00e3o<\/p>\n\t\t<label for=\"cmplz_service_diversos\" class=\"cmplz_consent_per_service_label\"><span class=\"screen-reader-text\">Consent to service diversos<\/span><\/label>\n\t\t<input type=\"checkbox\" id=\"cmplz_service_diversos\" class=\"cmplz-accept-service cmplz-hidden\" data-service=\"diversos\" data-category=\"functional\"><\/div>\n\t<\/summary>\n\t<div class=\"cmplz-service-description\">\n\t\t<h4>Utiliza\u00e7\u00e3o<\/h4>\n\t\t<p><\/p>\n\t<\/div>\n\t<div class=\"cmplz-sharing-data\">\n\t\t<h4>Partilha de dados<\/h4>\n\t\t<p>A partilha de dados est\u00e1 pendente de investiga\u00e7\u00e3o<\/p>\n\t<\/div>\n\t<div class=\"cookies-per-purpose\">\n    <div class=\"purpose\"><h4>Finalidade pendente de investiga\u00e7\u00e3o<\/h4><\/div>\n    <div class=\"name-header\">\n\t<h5>Nome<\/h5>\n<\/div>\n<div class=\"name\">depurar<\/div>\n<div class=\"retention-header\">\n\t<h5>Vencimento<\/h5>\n<\/div>\n<div class=\"retention\"><\/div>\n<div class=\"function-header\">\n\t<h5>Fun\u00e7\u00e3o<\/h5>\n<\/div>\n<div class=\"function\"><\/div>\n<div class=\"name-header\">\n\t<h5>Nome<\/h5>\n<\/div>\n<div class=\"name\">e_kit-elements-defaults<\/div>\n<div class=\"retention-header\">\n\t<h5>Vencimento<\/h5>\n<\/div>\n<div class=\"retention\"><\/div>\n<div class=\"function-header\">\n\t<h5>Fun\u00e7\u00e3o<\/h5>\n<\/div>\n<div class=\"function\"><\/div>\n<div class=\"name-header\">\n\t<h5>Nome<\/h5>\n<\/div>\n<div class=\"name\"><a target=\"_blank\" rel=\"noopener noreferrer nofollow\" href=\"https:\/\/cookiedatabase.org\/cookie\/unknown-service\/isreturningvisitor-2\/\">isReturningVisitor*<\/a><\/div>\n<div class=\"retention-header\">\n\t<h5>Vencimento<\/h5>\n<\/div>\n<div class=\"retention\"><\/div>\n<div class=\"function-header\">\n\t<h5>Fun\u00e7\u00e3o<\/h5>\n<\/div>\n<div class=\"function\"><\/div>\n<div class=\"name-header\">\n\t<h5>Nome<\/h5>\n<\/div>\n<div class=\"name\">localTimeZone<\/div>\n<div class=\"retention-header\">\n\t<h5>Vencimento<\/h5>\n<\/div>\n<div class=\"retention\"><\/div>\n<div class=\"function-header\">\n\t<h5>Fun\u00e7\u00e3o<\/h5>\n<\/div>\n<div class=\"function\"><\/div>\n<div class=\"name-header\">\n\t<h5>Nome<\/h5>\n<\/div>\n<div class=\"name\">WP_DATA_USER_1<\/div>\n<div class=\"retention-header\">\n\t<h5>Vencimento<\/h5>\n<\/div>\n<div class=\"retention\"><\/div>\n<div class=\"function-header\">\n\t<h5>Fun\u00e7\u00e3o<\/h5>\n<\/div>\n<div class=\"function\"><\/div>\n<div class=\"name-header\">\n\t<h5>Nome<\/h5>\n<\/div>\n<div class=\"name\">cmplz_user_data<\/div>\n<div class=\"retention-header\">\n\t<h5>Vencimento<\/h5>\n<\/div>\n<div class=\"retention\">365 dias<\/div>\n<div class=\"function-header\">\n\t<h5>Fun\u00e7\u00e3o<\/h5>\n<\/div>\n<div class=\"function\"><\/div>\n<div class=\"name-header\">\n\t<h5>Nome<\/h5>\n<\/div>\n<div class=\"name\">cmplz_cookie_data<\/div>\n<div class=\"retention-header\">\n\t<h5>Vencimento<\/h5>\n<\/div>\n<div class=\"retention\">365 dias<\/div>\n<div class=\"function-header\">\n\t<h5>Fun\u00e7\u00e3o<\/h5>\n<\/div>\n<div class=\"function\"><\/div>\n<div class=\"name-header\">\n\t<h5>Nome<\/h5>\n<\/div>\n<div class=\"name\">cmplz_id<\/div>\n<div class=\"retention-header\">\n\t<h5>Vencimento<\/h5>\n<\/div>\n<div class=\"retention\">365 dias<\/div>\n<div class=\"function-header\">\n\t<h5>Fun\u00e7\u00e3o<\/h5>\n<\/div>\n<div class=\"function\"><\/div>\n<div class=\"name-header\">\n\t<h5>Nome<\/h5>\n<\/div>\n<div class=\"name\">cmplz_policy_id<\/div>\n<div class=\"retention-header\">\n\t<h5>Vencimento<\/h5>\n<\/div>\n<div class=\"retention\">365 dias<\/div>\n<div class=\"function-header\">\n\t<h5>Fun\u00e7\u00e3o<\/h5>\n<\/div>\n<div class=\"function\"><\/div>\n<div class=\"name-header\">\n\t<h5>Nome<\/h5>\n<\/div>\n<div class=\"name\">cmplz_consented_services<\/div>\n<div class=\"retention-header\">\n\t<h5>Vencimento<\/h5>\n<\/div>\n<div class=\"retention\">365 dias<\/div>\n<div class=\"function-header\">\n\t<h5>Fun\u00e7\u00e3o<\/h5>\n<\/div>\n<div class=\"function\"><\/div>\n<div class=\"name-header\">\n\t<h5>Nome<\/h5>\n<\/div>\n<div class=\"name\">cmplz_marketing<\/div>\n<div class=\"retention-header\">\n\t<h5>Vencimento<\/h5>\n<\/div>\n<div class=\"retention\">365 dias<\/div>\n<div class=\"function-header\">\n\t<h5>Fun\u00e7\u00e3o<\/h5>\n<\/div>\n<div class=\"function\"><\/div>\n<div class=\"name-header\">\n\t<h5>Nome<\/h5>\n<\/div>\n<div class=\"name\">cmplz_statistics<\/div>\n<div class=\"retention-header\">\n\t<h5>Vencimento<\/h5>\n<\/div>\n<div class=\"retention\">365 dias<\/div>\n<div class=\"function-header\">\n\t<h5>Fun\u00e7\u00e3o<\/h5>\n<\/div>\n<div class=\"function\"><\/div>\n<div class=\"name-header\">\n\t<h5>Nome<\/h5>\n<\/div>\n<div class=\"name\">cmplz_preferences<\/div>\n<div class=\"retention-header\">\n\t<h5>Vencimento<\/h5>\n<\/div>\n<div class=\"retention\">365 dias<\/div>\n<div class=\"function-header\">\n\t<h5>Fun\u00e7\u00e3o<\/h5>\n<\/div>\n<div class=\"function\"><\/div>\n<div class=\"name-header\">\n\t<h5>Nome<\/h5>\n<\/div>\n<div class=\"name\">cmplz_functional<\/div>\n<div class=\"retention-header\">\n\t<h5>Vencimento<\/h5>\n<\/div>\n<div class=\"retention\">365 dias<\/div>\n<div class=\"function-header\">\n\t<h5>Fun\u00e7\u00e3o<\/h5>\n<\/div>\n<div class=\"function\"><\/div>\n<div class=\"name-header\">\n\t<h5>Nome<\/h5>\n<\/div>\n<div class=\"name\">cmplz_banner-status<\/div>\n<div class=\"retention-header\">\n\t<h5>Vencimento<\/h5>\n<\/div>\n<div class=\"retention\">365 dias<\/div>\n<div class=\"function-header\">\n\t<h5>Fun\u00e7\u00e3o<\/h5>\n<\/div>\n<div class=\"function\"><\/div>\n<div class=\"name-header\">\n\t<h5>Nome<\/h5>\n<\/div>\n<div class=\"name\">cmplz_saved_categories<\/div>\n<div class=\"retention-header\">\n\t<h5>Vencimento<\/h5>\n<\/div>\n<div class=\"retention\">365 dias<\/div>\n<div class=\"function-header\">\n\t<h5>Fun\u00e7\u00e3o<\/h5>\n<\/div>\n<div class=\"function\"><\/div>\n<div class=\"name-header\">\n\t<h5>Nome<\/h5>\n<\/div>\n<div class=\"name\">cmplz_saved_services<\/div>\n<div class=\"retention-header\">\n\t<h5>Vencimento<\/h5>\n<\/div>\n<div class=\"retention\">365 dias<\/div>\n<div class=\"function-header\">\n\t<h5>Fun\u00e7\u00e3o<\/h5>\n<\/div>\n<div class=\"function\"><\/div>\n<div class=\"name-header\">\n\t<h5>Nome<\/h5>\n<\/div>\n<div class=\"name\">shopifySeletores<\/div>\n<div class=\"retention-header\">\n\t<h5>Vencimento<\/h5>\n<\/div>\n<div class=\"retention\"><\/div>\n<div class=\"function-header\">\n\t<h5>Fun\u00e7\u00e3o<\/h5>\n<\/div>\n<div class=\"function\"><\/div>\n<div class=\"name-header\">\n\t<h5>Nome<\/h5>\n<\/div>\n<div class=\"name\">popupAccepted<\/div>\n<div class=\"retention-header\">\n\t<h5>Vencimento<\/h5>\n<\/div>\n<div class=\"retention\"><\/div>\n<div class=\"function-header\">\n\t<h5>Fun\u00e7\u00e3o<\/h5>\n<\/div>\n<div class=\"function\"><\/div>\n<div class=\"name-header\">\n\t<h5>Nome<\/h5>\n<\/div>\n<div class=\"name\">mailpoet_services_pingbridge_last_success_at<\/div>\n<div class=\"retention-header\">\n\t<h5>Vencimento<\/h5>\n<\/div>\n<div class=\"retention\"><\/div>\n<div class=\"function-header\">\n\t<h5>Fun\u00e7\u00e3o<\/h5>\n<\/div>\n<div class=\"function\"><\/div>\n<div class=\"name-header\">\n\t<h5>Nome<\/h5>\n<\/div>\n<div class=\"name\">newsletter_editor.spectrum.palette<\/div>\n<div class=\"retention-header\">\n\t<h5>Vencimento<\/h5>\n<\/div>\n<div class=\"retention\"><\/div>\n<div class=\"function-header\">\n\t<h5>Fun\u00e7\u00e3o<\/h5>\n<\/div>\n<div class=\"function\"><\/div>\n<div class=\"name-header\">\n\t<h5>Nome<\/h5>\n<\/div>\n<div class=\"name\">tinymce-custom-colors-forecolor<\/div>\n<div class=\"retention-header\">\n\t<h5>Vencimento<\/h5>\n<\/div>\n<div class=\"retention\"><\/div>\n<div class=\"function-header\">\n\t<h5>Fun\u00e7\u00e3o<\/h5>\n<\/div>\n<div class=\"function\"><\/div>\n<div class=\"name-header\">\n\t<h5>Nome<\/h5>\n<\/div>\n<div class=\"name\">newsletter_editor.preview_type<\/div>\n<div class=\"retention-header\">\n\t<h5>Vencimento<\/h5>\n<\/div>\n<div class=\"retention\"><\/div>\n<div class=\"function-header\">\n\t<h5>Fun\u00e7\u00e3o<\/h5>\n<\/div>\n<div class=\"function\"><\/div>\n<div class=\"name-header\">\n\t<h5>Nome<\/h5>\n<\/div>\n<div class=\"name\">tinymce-custom-colours-hilitecolor<\/div>\n<div class=\"retention-header\">\n\t<h5>Vencimento<\/h5>\n<\/div>\n<div class=\"retention\"><\/div>\n<div class=\"function-header\">\n\t<h5>Fun\u00e7\u00e3o<\/h5>\n<\/div>\n<div class=\"function\"><\/div>\n<div class=\"name-header\">\n\t<h5>Nome<\/h5>\n<\/div>\n<div class=\"name\">mailpoet_subscriber<\/div>\n<div class=\"retention-header\">\n\t<h5>Vencimento<\/h5>\n<\/div>\n<div class=\"retention\"><\/div>\n<div class=\"function-header\">\n\t<h5>Fun\u00e7\u00e3o<\/h5>\n<\/div>\n<div class=\"function\"><\/div>\n<div class=\"name-header\">\n\t<h5>Nome<\/h5>\n<\/div>\n<div class=\"name\">mailpoet_page_view<\/div>\n<div class=\"retention-header\">\n\t<h5>Vencimento<\/h5>\n<\/div>\n<div class=\"retention\"><\/div>\n<div class=\"function-header\">\n\t<h5>Fun\u00e7\u00e3o<\/h5>\n<\/div>\n<div class=\"function\"><\/div>\n<div class=\"name-header\">\n\t<h5>Nome<\/h5>\n<\/div>\n<div class=\"name\">phantom.contentScript.providerInjectionOptions.v3<\/div>\n<div class=\"retention-header\">\n\t<h5>Vencimento<\/h5>\n<\/div>\n<div class=\"retention\"><\/div>\n<div class=\"function-header\">\n\t<h5>Fun\u00e7\u00e3o<\/h5>\n<\/div>\n<div class=\"function\"><\/div>\n\n<\/div>\n<\/details>\n<\/div><h2>7. consentimento<\/h2><p>Ao visitar nosso site pela primeira vez, mostraremos uma janela com uma explica\u00e7\u00e3o sobre cookies. Ao clicar em \"Salvar\", voc\u00ea nos autoriza a usar as categorias de cookies e plug-ins selecionadas na pol\u00edtica de cookies. Voc\u00ea pode desativar o uso de cookies por meio do seu navegador, mas observe que o nosso site pode n\u00e3o funcionar corretamente.<\/p><p class=\"cmplz-subtitle\">7.1 Fa\u00e7a a gest\u00e3o das suas configura\u00e7\u00f5es de consentimento<\/p><div id=\"cmplz-manage-consent-container-nojavascript\">Carregou a Pol\u00edtica de Cookies sem suporte para javascript.&nbsp;No AMP, pode usar o bot\u00e3o de gest\u00e3o de consentimento na parte inferior da p\u00e1gina.<\/div><div id=\"cmplz-manage-consent-container\" class=\"cmplz-manage-consent-container\"><\/div><h2>8. ativa\u00e7\u00e3o\/desativa\u00e7\u00e3o e exclus\u00e3o de cookies<\/h2><p>Voc\u00ea pode usar seu navegador para excluir cookies automaticamente ou manualmente. Voc\u00ea tamb\u00e9m pode especificar que determinados cookies n\u00e3o podem ser colocados. Outra op\u00e7\u00e3o \u00e9 alterar a configura\u00e7\u00e3o do seu navegador para que voc\u00ea receba uma mensagem sempre que um cookie for colocado. Para obter mais informa\u00e7\u00f5es sobre essas op\u00e7\u00f5es, consulte as instru\u00e7\u00f5es na se\u00e7\u00e3o de configura\u00e7\u00f5es do navegador.<\/p><p>Por favor, observe que nosso site pode n\u00e3o funcionar corretamente se todos os cookies forem desativados. Se excluir os cookies do seu navegador, eles ser\u00e3o inseridos novamente ap\u00f3s o seu consentimento quando visitar os nossos sites outra vez.<\/p><h2>9 Os seus direitos em rela\u00e7\u00e3o aos dados pessoais<\/h2><p>Tem os seguintes direitos em rela\u00e7\u00e3o aos seus dados pessoais:<\/p><ul>\n                    <li>Tem o direito de saber por que seus dados pessoais s\u00e3o necess\u00e1rios, o que acontecer\u00e1 com eles e por quanto tempo eles ser\u00e3o retidos.<\/li>\n                    <li>Direito de acesso: Tem o direito de acessar aos seus dados pessoais que s\u00e3o conhecidos por n\u00f3s.<\/li>\n                    <li>Direito \u00e0 retifica\u00e7\u00e3o: tem o direito de complementar, corrigir, ter exclu\u00eddos ou bloqueados os seus dados pessoais sempre que desejar.<\/li>\n                    <li>Se nos der o seu consentimento para processar seus dados, tem o direito de revogar esse consentimento e ter os seus dados pessoais exclu\u00eddos.<\/li>\n                    <li>Direito de transferir os seus dados: tem o direito de solicitar todos os seus dados pessoais do controlador e transferi-los em sua totalidade para outro controlador.<\/li>\n                    <li>Direito de objeto: pode rejeitar o processamento dos seus dados. N\u00f3s cumprimos isso, a menos que haja motivos justificados para o processamento.<\/li>\n                <\/ul><p>Para exercer esses direitos, entre em contato conosco. Consulte os detalhes de contato no final desta Pol\u00edtica de Cookies. Se tiver uma reclama\u00e7\u00e3o sobre como lidamos com seus dados, gostar\u00edamos de ouvi-la, mas tamb\u00e9m tem o direito de enviar uma reclama\u00e7\u00e3o \u00e0 autoridade supervisora (a Autoridade de Prote\u00e7\u00e3o de Dados).<\/p><h2>10. detalhes de contato<\/h2><p>Para perguntas e\/ou coment\u00e1rios sobre nossa Pol\u00edtica de Cookies e esta declara\u00e7\u00e3o, entre em contato conosco usando os seguintes detalhes de contato:<\/p><p><span class=\"cmplz-contact-organisation\">Clube de Investidores da Fam\u00edlia Su\u00ed\u00e7a<\/span><br>\n                      <span class=\"cmplz-contact-address\">8032 Zurique, Zeltweg 11<\/span><br>\n                      <span class=\"cmplz-contact-country\">Su\u00ed\u00e7a<\/span><br>\n                    Site: <span class=\"cmplz-contact-domain\"><a href=\"https:\/\/swissfamilyclub.com\/pt\">https:\/\/swissfamilyclub.com\/pt<\/a><\/span><br>\n                    E-mail: <span class=\"cmplz-contact-email\">info@swissfamilyclub.com<\/span><br>\n                    <span class=\"cmplz-contact-telephone\">Telefone: +41 44 256 16 07<\/span><\/p><p>Esta Pol\u00edtica de Cookies foi sincronizada com <a href=\"https:\/\/cookiedatabase.org\/\" target=\"_blank\">cookiedatabase.org<\/a> em abril 16, 2026.<\/p><\/div><\/div>\n\t\t\t\t\t\t<\/div>\n\t\t\t\t<\/div>\n\t\t\t\t<\/div>","protected":false},"excerpt":{"rendered":"<p>Pol\u00edtica de cookies<\/p>","protected":false},"author":1,"featured_media":0,"parent":0,"menu_order":0,"comment_status":"closed","ping_status":"closed","template":"","meta":{"iawp_total_views":13,"footnotes":""},"class_list":["post-9110","page","type-page","status-publish","hentry"],"_links":{"self":[{"href":"https:\/\/swissfamilyclub.com\/pt\/wp-json\/wp\/v2\/pages\/9110","targetHints":{"allow":["GET"]}}],"collection":[{"href":"https:\/\/swissfamilyclub.com\/pt\/wp-json\/wp\/v2\/pages"}],"about":[{"href":"https:\/\/swissfamilyclub.com\/pt\/wp-json\/wp\/v2\/types\/page"}],"author":[{"embeddable":true,"href":"https:\/\/swissfamilyclub.com\/pt\/wp-json\/wp\/v2\/users\/1"}],"replies":[{"embeddable":true,"href":"https:\/\/swissfamilyclub.com\/pt\/wp-json\/wp\/v2\/comments?post=9110"}],"version-history":[{"count":0,"href":"https:\/\/swissfamilyclub.com\/pt\/wp-json\/wp\/v2\/pages\/9110\/revisions"}],"wp:attachment":[{"href":"https:\/\/swissfamilyclub.com\/pt\/wp-json\/wp\/v2\/media?parent=9110"}],"curies":[{"name":"wp","href":"https:\/\/api.w.org\/{rel}","templated":true}]}}