{"id":8936,"date":"2025-08-20T13:28:50","date_gmt":"2025-08-20T13:28:50","guid":{"rendered":"https:\/\/swissfamilyclub.com\/?page_id=8936"},"modified":"2025-11-18T14:55:58","modified_gmt":"2025-11-18T14:55:58","slug":"disclaimer","status":"publish","type":"page","link":"https:\/\/swissfamilyclub.com\/pt\/disclaimer\/","title":{"rendered":"Isen\u00e7\u00e3o de responsabilidade"},"content":{"rendered":"<div data-elementor-type=\"wp-page\" data-elementor-id=\"8936\" class=\"elementor elementor-8936\" data-elementor-post-type=\"page\">\n\t\t\t\t<div class=\"elementor-element elementor-element-674bc07 e-con-full mrkt_root_container e-flex e-con e-child\" data-id=\"674bc07\" data-element_type=\"container\" data-settings=\"{&quot;background_background&quot;:&quot;classic&quot;}\">\n\t\t<div class=\"elementor-element elementor-element-b500eb7 e-con-full elementor-hidden-tablet elementor-hidden-mobile e-flex e-con e-child\" data-id=\"b500eb7\" data-element_type=\"container\" data-settings=\"{&quot;background_background&quot;:&quot;classic&quot;,&quot;position&quot;:&quot;absolute&quot;}\">\n\t\t\t\t<\/div>\n\t\t\t\t<div class=\"elementor-element elementor-element-a28edae elementor-widget elementor-widget-heading\" data-id=\"a28edae\" data-element_type=\"widget\" data-widget_type=\"heading.default\">\n\t\t\t\t\t<h1 class=\"elementor-heading-title elementor-size-default\">Informa\u00e7\u00f5es legais<\/h1>\t\t\t\t<\/div>\n\t\t\t\t<div class=\"elementor-element elementor-element-7da274d elementor-widget-divider--view-line elementor-widget elementor-widget-divider\" data-id=\"7da274d\" data-element_type=\"widget\" data-widget_type=\"divider.default\">\n\t\t\t\t\t\t\t<div class=\"elementor-divider\">\n\t\t\t<span class=\"elementor-divider-separator\">\n\t\t\t\t\t\t<\/span>\n\t\t<\/div>\n\t\t\t\t\t\t<\/div>\n\t\t\t\t<div class=\"elementor-element elementor-element-f38ff65 elementor-widget elementor-widget-heading\" data-id=\"f38ff65\" data-element_type=\"widget\" data-widget_type=\"heading.default\">\n\t\t\t\t\t<span class=\"elementor-heading-title elementor-size-default\">Isen\u00e7\u00e3o de responsabilidade<\/span>\t\t\t\t<\/div>\n\t\t\t\t<\/div>\n\t\t<div class=\"elementor-element elementor-element-1e390b0 mrkt_root_container e-flex e-con-boxed e-con e-parent\" data-id=\"1e390b0\" data-element_type=\"container\">\n\t\t\t\t\t<div class=\"e-con-inner\">\n\t\t<div class=\"elementor-element elementor-element-b3ef3a7 e-con-full e-flex e-con e-child\" data-id=\"b3ef3a7\" data-element_type=\"container\">\n\t\t\t\t<div class=\"elementor-element elementor-element-a10db1c elementor-widget elementor-widget-heading\" data-id=\"a10db1c\" data-element_type=\"widget\" data-widget_type=\"heading.default\">\n\t\t\t\t\t<h2 class=\"elementor-heading-title elementor-size-default\">Informa\u00e7\u00f5es legais<\/h2>\t\t\t\t<\/div>\n\t\t\t\t<div class=\"elementor-element elementor-element-fd3671d elementor-widget elementor-widget-text-editor\" data-id=\"fd3671d\" data-element_type=\"widget\" data-widget_type=\"text-editor.default\">\n\t\t\t\t\t\t\t\t\t<h3>Operador do site<\/h3><p>\u00a0<\/p><p>Este site \u00e9 operado pela:<\/p><p>\u00a0<\/p><p>Clube de Investidores da Fam\u00edlia Su\u00ed\u00e7a<\/p><p>Zeltweg 11, 8032, Zurique, Su\u00ed\u00e7a<\/p><p>E-mail: info@swissfamilyclub.com<\/p><p>Telefone: 044-256 16 07<\/p><p>\u00a0<\/p><p>A associa\u00e7\u00e3o \u00e9 uma associa\u00e7\u00e3o organizada de acordo com o direito privado e sediada na Su\u00ed\u00e7a. Ela n\u00e3o busca nenhum objetivo comercial, mas serve para promover o interc\u00e2mbio, a forma\u00e7\u00e3o de redes e o desenvolvimento de relacionamentos entre indiv\u00edduos e institui\u00e7\u00f5es com mentalidade empreendedora.<\/p><p>\u00a0<\/p><h3>Informa\u00e7\u00f5es fornecidas<\/h3><p>\u00a0<\/p><p>As informa\u00e7\u00f5es fornecidas neste site s\u00e3o apenas para fins gerais e informativos.<\/p><p>\u00a0<\/p><p>O Clube de Investidores da Fam\u00edlia Su\u00ed\u00e7a:<\/p><p>\u00a0<\/p><ul><li>n\u00e3o fornece servi\u00e7os financeiros de acordo com o significado da Lei de Servi\u00e7os Financeiros (FinSA) ou outras leis do mercado financeiro,<\/li><li>n\u00e3o faz corretagem de nenhum instrumento financeiro,<\/li><li>n\u00e3o oferece consultoria sobre investimentos, ativos ou estrutura\u00e7\u00e3o,<\/li><li>n\u00e3o aceita dep\u00f3sitos e<\/li><li>n\u00e3o realiza transa\u00e7\u00f5es em nome de terceiros.<\/li><\/ul><p>\u00a0<\/p><p>Quaisquer apresenta\u00e7\u00f5es ou descri\u00e7\u00f5es de projetos, investimentos ou estruturas servem apenas para fornecer informa\u00e7\u00f5es sobre as \u00e1reas de atividade e compreens\u00e3o dos valores da organiza\u00e7\u00e3o. Elas n\u00e3o constituem uma recomenda\u00e7\u00e3o, solicita\u00e7\u00e3o ou oferta para comprar, vender ou manter produtos financeiros.<\/p><p>Todas as decis\u00f5es relativas a investimentos ou produtos financeiros s\u00e3o de responsabilidade exclusiva das respectivas pessoas, que devem buscar orienta\u00e7\u00e3o de especialistas adequados (por exemplo, consultores jur\u00eddicos ou financeiros) antes de tomar qualquer medida.<\/p><p>\u00a0<\/p><h3>Isen\u00e7\u00e3o de responsabilidade pelo conte\u00fado e pelos links<\/h3><p>\u00a0<\/p><p>O Clube de Investidores da Fam\u00edlia Su\u00ed\u00e7a se esfor\u00e7a para atualizar continuamente o conte\u00fado deste website e apresent\u00e1-lo corretamente. No entanto, o Clube de Investidores da Fam\u00edlia Su\u00ed\u00e7a n\u00e3o assume qualquer responsabilidade pela exatid\u00e3o, integridade e atualidade das informa\u00e7\u00f5es fornecidas, em especial aquelas provenientes de terceiros. Reservamo-nos o direito de alterar, complementar ou remover conte\u00fado sem aviso pr\u00e9vio.<\/p><p>Nosso site cont\u00e9m links para sites externos de terceiros sobre cujo conte\u00fado n\u00e3o temos influ\u00eancia. O respectivo provedor ou operador das p\u00e1ginas \u00e9 sempre respons\u00e1vel pelo conte\u00fado das p\u00e1ginas vinculadas. No momento da cria\u00e7\u00e3o do link, nenhum conte\u00fado ilegal foi reconhecido. Entretanto, o monitoramento permanente do conte\u00fado das p\u00e1ginas vinculadas n\u00e3o \u00e9 razo\u00e1vel sem evid\u00eancias concretas de uma infra\u00e7\u00e3o. Se tomarmos conhecimento de qualquer infra\u00e7\u00e3o legal, esses links ser\u00e3o removidos imediatamente.<\/p><p>\u00a0<\/p><h3>Aviso de direitos autorais<\/h3><p>\u00a0<\/p><p>O conte\u00fado publicado neste site, incluindo gr\u00e1ficos, imagens, fotos, textos e v\u00eddeos (doravante denominados \"conte\u00fado\"), est\u00e1 sujeito a direitos autorais. N\u00f3s nos esfor\u00e7amos para usar somente conte\u00fado criado por n\u00f3s mesmos ou materiais livres de licen\u00e7a e para respeitar os direitos autorais aplic\u00e1veis.<\/p><p>As licen\u00e7as para determinados gr\u00e1ficos, imagens e fotos usados neste site foram adquiridas de fornecedores externos. Qualquer uso desse conte\u00fado licenciado est\u00e1 sujeito \u00e0s respectivas condi\u00e7\u00f5es de licen\u00e7a. Qualquer outro uso, duplica\u00e7\u00e3o, processamento ou distribui\u00e7\u00e3o desse conte\u00fado n\u00e3o \u00e9 permitido sem nosso consentimento expresso e sem observar as condi\u00e7\u00f5es de licen\u00e7a relevantes.<\/p><p>O conte\u00fado deste site criado por n\u00f3s tamb\u00e9m n\u00e3o pode ser reproduzido, editado, distribu\u00eddo ou utilizado de outra forma sem permiss\u00e3o pr\u00e9via por escrito.<\/p><p>O conte\u00fado de terceiros \u00e9 rotulado como tal, a menos que tenha sido originado por n\u00f3s. Se, mesmo assim, voc\u00ea tomar conhecimento de uma poss\u00edvel viola\u00e7\u00e3o de direitos autorais, informe-nos imediatamente. Se tomarmos conhecimento de qualquer infra\u00e7\u00e3o, removeremos o conte\u00fado em quest\u00e3o imediatamente.<\/p><p>\u00a0<\/p><h3>Prote\u00e7\u00e3o de dados<\/h3><p>\u00a0<\/p><p>O manuseio de dados pessoais \u00e9 regido pela Lei de Prote\u00e7\u00e3o de Dados da Su\u00ed\u00e7a (DSG) e pelo Regulamento Geral de Prote\u00e7\u00e3o de Dados (GDPR), na medida em que se aplicam. Detalhes sobre isso podem ser encontrados na se\u00e7\u00e3o <a href=\"\/pt\/datenschutz\/\">Pol\u00edtica de privacidade<\/a> deste site.<\/p><p>\u00a0<\/p><h3>Dica<\/h3><p>Este site est\u00e1 sujeito \u00e0 legisla\u00e7\u00e3o su\u00ed\u00e7a.<\/p>\t\t\t\t\t\t\t\t<\/div>\n\t\t\t\t<\/div>\n\t\t\t\t\t<\/div>\n\t\t\t\t<\/div>\n\t\t\t\t<\/div>","protected":false},"excerpt":{"rendered":"<p>Rechtliche Informationen Disclaimer Rechtliche Informationen Betreiber der Webseite \u00a0 Diese Webseite wird betrieben durch den: \u00a0 Swiss Family Investors Club Zeltweg 11, 8032, Z\u00fcrich, Schweiz E-Mail: info@swissfamilyclub.com Telefon: 044-256 16 07 \u00a0 Der Verein ist ein privatrechtlich organisierter Zusammenschluss mit Sitz in der Schweiz. Er verfolgt keine kommerziellen Zwecke, sondern dient der F\u00f6rderung des Austauschs, [&hellip;]<\/p>","protected":false},"author":1,"featured_media":0,"parent":0,"menu_order":0,"comment_status":"closed","ping_status":"closed","template":"","meta":{"iawp_total_views":30,"footnotes":""},"class_list":["post-8936","page","type-page","status-publish","hentry"],"_links":{"self":[{"href":"https:\/\/swissfamilyclub.com\/pt\/wp-json\/wp\/v2\/pages\/8936","targetHints":{"allow":["GET"]}}],"collection":[{"href":"https:\/\/swissfamilyclub.com\/pt\/wp-json\/wp\/v2\/pages"}],"about":[{"href":"https:\/\/swissfamilyclub.com\/pt\/wp-json\/wp\/v2\/types\/page"}],"author":[{"embeddable":true,"href":"https:\/\/swissfamilyclub.com\/pt\/wp-json\/wp\/v2\/users\/1"}],"replies":[{"embeddable":true,"href":"https:\/\/swissfamilyclub.com\/pt\/wp-json\/wp\/v2\/comments?post=8936"}],"version-history":[{"count":0,"href":"https:\/\/swissfamilyclub.com\/pt\/wp-json\/wp\/v2\/pages\/8936\/revisions"}],"wp:attachment":[{"href":"https:\/\/swissfamilyclub.com\/pt\/wp-json\/wp\/v2\/media?parent=8936"}],"curies":[{"name":"wp","href":"https:\/\/api.w.org\/{rel}","templated":true}]}}