{"id":7854,"date":"2025-07-24T10:36:47","date_gmt":"2025-07-24T10:36:47","guid":{"rendered":"https:\/\/swissfamilyclub.com\/?page_id=7854"},"modified":"2025-11-18T16:43:22","modified_gmt":"2025-11-18T16:43:22","slug":"datenschutz","status":"publish","type":"page","link":"https:\/\/swissfamilyclub.com\/pt\/datenschutz\/","title":{"rendered":"Prote\u00e7\u00e3o de dados"},"content":{"rendered":"<div data-elementor-type=\"wp-page\" data-elementor-id=\"7854\" class=\"elementor elementor-7854\" data-elementor-post-type=\"page\">\n\t\t\t\t<div class=\"elementor-element elementor-element-674bc07 e-con-full mrkt_root_container e-flex e-con e-child\" data-id=\"674bc07\" data-element_type=\"container\" data-settings=\"{&quot;background_background&quot;:&quot;classic&quot;}\">\n\t\t<div class=\"elementor-element elementor-element-b500eb7 e-con-full elementor-hidden-tablet elementor-hidden-mobile e-flex e-con e-child\" data-id=\"b500eb7\" data-element_type=\"container\" data-settings=\"{&quot;background_background&quot;:&quot;classic&quot;,&quot;position&quot;:&quot;absolute&quot;}\">\n\t\t\t\t<\/div>\n\t\t\t\t<div class=\"elementor-element elementor-element-a28edae elementor-widget elementor-widget-heading\" data-id=\"a28edae\" data-element_type=\"widget\" data-widget_type=\"heading.default\">\n\t\t\t\t\t<h1 class=\"elementor-heading-title elementor-size-default\">Prote\u00e7\u00e3o de dados<\/h1>\t\t\t\t<\/div>\n\t\t\t\t<div class=\"elementor-element elementor-element-7da274d elementor-widget-divider--view-line elementor-widget elementor-widget-divider\" data-id=\"7da274d\" data-element_type=\"widget\" data-widget_type=\"divider.default\">\n\t\t\t\t\t\t\t<div class=\"elementor-divider\">\n\t\t\t<span class=\"elementor-divider-separator\">\n\t\t\t\t\t\t<\/span>\n\t\t<\/div>\n\t\t\t\t\t\t<\/div>\n\t\t\t\t<div class=\"elementor-element elementor-element-f38ff65 elementor-widget elementor-widget-heading\" data-id=\"f38ff65\" data-element_type=\"widget\" data-widget_type=\"heading.default\">\n\t\t\t\t\t<span class=\"elementor-heading-title elementor-size-default\">Seguro. Confidencial. Em conformidade com a lei.<\/span>\t\t\t\t<\/div>\n\t\t\t\t<\/div>\n\t\t<div class=\"elementor-element elementor-element-1e390b0 mrkt_root_container e-flex e-con-boxed e-con e-parent\" data-id=\"1e390b0\" data-element_type=\"container\">\n\t\t\t\t\t<div class=\"e-con-inner\">\n\t\t<div class=\"elementor-element elementor-element-b3ef3a7 e-con-full e-flex e-con e-child\" data-id=\"b3ef3a7\" data-element_type=\"container\">\n\t\t\t\t<div class=\"elementor-element elementor-element-a10db1c elementor-widget elementor-widget-heading\" data-id=\"a10db1c\" data-element_type=\"widget\" data-widget_type=\"heading.default\">\n\t\t\t\t\t<h2 class=\"elementor-heading-title elementor-size-default\">Pol\u00edtica de privacidade<span style=\"color: var(--e-global-color-accent)\">  Clube de Investidores da Fam\u00edlia Su\u00ed\u00e7a <\/span>  <\/h2>\t\t\t\t<\/div>\n\t\t\t\t<div class=\"elementor-element elementor-element-d60828b elementor-widget elementor-widget-html\" data-id=\"d60828b\" data-element_type=\"widget\" data-widget_type=\"html.default\">\n\t\t\t\t\t\n    <h2>1. informa\u00e7\u00f5es gerais<\/h2>\n    <p>Esta pol\u00edtica de privacidade fornece informa\u00e7\u00f5es sobre o tipo, o escopo e a finalidade do processamento de dados pessoais quando voc\u00ea visita e usa este site e as fun\u00e7\u00f5es e servi\u00e7os oferecidos nele ou quando entra em contato conosco.<\/p>\n\n    <h2>2 Escopo de aplica\u00e7\u00e3o e defini\u00e7\u00f5es<\/h2>\n    <p>Esta declara\u00e7\u00e3o se aplica a todas as p\u00e1ginas deste dom\u00ednio, bem como \u00e0s subp\u00e1ginas vinculadas, \u00e0s \u00e1reas de membros e aos servi\u00e7os integrados de terceiros, na medida em que forem usados dentro do escopo deste site.<\/p>\n    <p>\"Dados pessoais\" significa qualquer informa\u00e7\u00e3o relacionada a uma pessoa f\u00edsica identificada ou identific\u00e1vel. \"Processamento\" significa qualquer opera\u00e7\u00e3o realizada com ou sem o aux\u00edlio de procedimentos automatizados em rela\u00e7\u00e3o a dados pessoais (por exemplo, coleta, armazenamento, uso, transmiss\u00e3o, exclus\u00e3o).<\/p>\n\n    <h2>3. bases legais<\/h2>\n    <p>Processamos dados pessoais de acordo com os regulamentos aplic\u00e1veis, em particular<\/p>\n    <ul>\n        <li>Lei su\u00ed\u00e7a de prote\u00e7\u00e3o de dados (DSG), incluindo disposi\u00e7\u00f5es de implementa\u00e7\u00e3o, quando aplic\u00e1vel,<\/li>\n        <li>Regulamento Geral de Prote\u00e7\u00e3o de Dados (GDPR) da UE, quando aplic\u00e1vel (por exemplo, para usu\u00e1rios do EEE),<\/li>\n        <li>dependendo do pa\u00eds de uso, regulamentos adicionais (por exemplo, ePrivacy\/TTDSG para cookies na Alemanha), quando aplic\u00e1vel.<\/li>\n    <\/ul>\n    <br>\n    <p>As bases legais para o processamento de dados pessoais s\u00e3o, em particular<\/p>\n    <ul>\n        <li>Art. 6 para. 1 lit. a GDPR \/ Art. 6 para. 6 DSG - Consentimento<\/li>\n        <li>Art. 6 para. 1 lit. b GDPR \/ Art. 31 para. 2 lit. a FADP - cumprimento de contrato ou medidas pr\u00e9-contratuais<\/li>\n        <li>Art. 6 para. 1 lit. c GDPR \/ Art. 31 para. 1 DSG - obriga\u00e7\u00e3o legal<\/li>\n        <li>Art. 6 para. 1 lit. f GDPR \/ Art. 31 para. 1 FADP - interesse leg\u00edtimo<\/li>\n    <\/ul>\n\n    <h2>4. \u00f3rg\u00e3os respons\u00e1veis, contato e respons\u00e1vel pela prote\u00e7\u00e3o de dados<\/h2>\n    <div class=\"address-block\">\n        <p>\n            <strong>Associa\u00e7\u00e3o Clube de Investidores da Fam\u00edlia Su\u00ed\u00e7a<\/strong><br>\n            Zeltweg 11, 8032 Zurique, Su\u00ed\u00e7a<br>\n            E-Mail: <a href=\"mailto:info@swissfamilyclub.com\">info@swissfamilyclub.com<\/a>\n        <\/p>\n        <p>\n            <strong>Contato de prote\u00e7\u00e3o de dados \/ pessoa de contato:<\/strong><br>\n            Helmut Kuhn<br>\n            Telefone: +41 44 256 16 07<br>\n            E-Mail: <a href=\"mailto:info@swissfamilyclub.com\">info@swissfamilyclub.com<\/a>\n        <\/p>\n    <\/div>\n    <p>Observa\u00e7\u00e3o: se um respons\u00e1vel formal pela prote\u00e7\u00e3o de dados for exigido por lei, ele ser\u00e1 nomeado e publicado aqui; caso contr\u00e1rio, a pessoa de contato mencionada acima atuar\u00e1 como contato de prote\u00e7\u00e3o de dados.<\/p>\n\n    <h2>5. coleta de dados neste site<\/h2>\n    <p>Coletamos dados de duas maneiras:<\/p>\n    <ul>\n        <li>Diretamente de voc\u00ea (por exemplo, formul\u00e1rio de contato, registro, boletim informativo, aplicativos).<\/li>\n        <li>Automaticamente durante a visita (por exemplo, endere\u00e7o IP, tipo\/vers\u00e3o do navegador, sistema operacional, data\/hora, p\u00e1ginas acessadas).<\/li>\n    <\/ul>\n    <p>Finalidades: fornecimento t\u00e9cnico e seguran\u00e7a, resposta a consultas, gerenciamento de associa\u00e7\u00f5es (pela associa\u00e7\u00e3o), avalia\u00e7\u00e3o estat\u00edstica e otimiza\u00e7\u00e3o de nossos servi\u00e7os.<\/p>\n\n    <h2>6. arquivos de registro do servidor e seguran\u00e7a<\/h2>\n    <p>O provedor de hospedagem coleta e armazena automaticamente informa\u00e7\u00f5es nos chamados arquivos de registro do servidor, que o seu navegador transmite automaticamente (incluindo tipo\/vers\u00e3o do navegador, sistema operacional usado, URL de refer\u00eancia, nome do host do computador de acesso, hora da solicita\u00e7\u00e3o do servidor, endere\u00e7o IP). O processamento \u00e9 realizado com base em interesses leg\u00edtimos (seguran\u00e7a, estabilidade, an\u00e1lise de erros).<\/p>\n\n    <h2>7. hospedagem externa<\/h2>\n    <p>Este site \u00e9 operado por um provedor de servi\u00e7os externo (hoster). Os dados pessoais coletados neste site s\u00e3o processados nos servidores do hoster. Isso \u00e9 feito para cumprir o contrato e no interesse do fornecimento seguro, r\u00e1pido e eficiente de nossos servi\u00e7os on-line. Se necess\u00e1rio, o processamento \u00e9 realizado com base em seu consentimento.<\/p>\n    <div class=\"address-block\">\n        <strong>Hoster:<\/strong><br>\n        Evolus IT Solutions GmbH<br>\n        Kellergasse 239, 2103 Langenzersdorf, \u00c1ustria<br>\n        E-Mail: <a href=\"mailto:info@evolus-it.com\">info@evolus-it.com<\/a>\n    <\/div>\n    <p>O hoster processa os dados somente de acordo com as instru\u00e7\u00f5es documentadas (processamento de pedidos).<\/p>\n\n    <h2>8. registro, contas e associa\u00e7\u00e3o<\/h2>\n    <p>Ao se registrar na \u00e1rea de membros, os dados fornecidos ser\u00e3o processados para conceder acesso e gerenciar sua conta. Os registros\/admiss\u00f5es relacionados \u00e0 associa\u00e7\u00e3o s\u00e3o processados e gerenciados pela associa\u00e7\u00e3o Swiss Family Investors Club.<\/p>\n    <p>Base legal: Art. 6, par. 1 lit. b do GDPR (contrato\/associa\u00e7\u00e3o) ou interesse leg\u00edtimo (gerenciamento de contas); se aplic\u00e1vel, consentimento (Art. 6, par. 1 lit. a do GDPR) para fun\u00e7\u00f5es opcionais; Art. 6 do FADP (princ\u00edpios de processamento de dados); Art. 9 do FADP (processamento de dados por ordem); Art. 16-18 do FADP (divulga\u00e7\u00e3o no exterior); Art. 30-32 do FADP (direitos dos titulares dos dados (informa\u00e7\u00e3o, retifica\u00e7\u00e3o, exclus\u00e3o, restri\u00e7\u00e3o)).<\/p>\n\n    <h2>9. canais de contato (e-mail, telefone, formul\u00e1rios)<\/h2>\n    <p>Quando voc\u00ea entra em contato conosco, processamos seus dados para processar a consulta e quaisquer perguntas de acompanhamento.<\/p>\n    <p>Base legal: Art. 6, par. 1 lit. b GDPR (medidas pr\u00e9-contratuais\/contrato) ou lit. f GDPR (interesse leg\u00edtimo em comunica\u00e7\u00e3o eficiente); Art. 6 FADP (princ\u00edpios de processamento de dados); Art. 9 FADP (processamento de dados por ordem); Art. 16-18 FADP (divulga\u00e7\u00e3o no exterior); Art. 30-32 FADP (direitos dos titulares dos dados (informa\u00e7\u00e3o, retifica\u00e7\u00e3o, apagamento, restri\u00e7\u00e3o)).<\/p>\n\n    <h2>10. aplicativos<\/h2>\n    <p>Quando voc\u00ea se candidata, processamos seus dados exclusivamente com a finalidade de verificar sua candidatura e comunica\u00e7\u00e3o. Se sua candidatura for aceita, o processamento posterior ocorrer\u00e1 para estabelecer e implementar o v\u00ednculo empregat\u00edcio. Geralmente, exclu\u00edmos as candidaturas malsucedidas ap\u00f3s tr\u00eas meses, no m\u00e1ximo, desde que n\u00e3o haja interesses leg\u00edtimos ou obriga\u00e7\u00f5es legais em contr\u00e1rio.<\/p>\n\n\n    <h2>11\u00ba Boletim Informativo<\/h2>\n    <p>Para o boletim informativo, solicitamos seu endere\u00e7o de e-mail e a confirma\u00e7\u00e3o de que voc\u00ea \u00e9 o propriet\u00e1rio do endere\u00e7o (double opt-in). Outros dados s\u00e3o coletados apenas voluntariamente. Voc\u00ea pode revogar seu consentimento a qualquer momento, com efeito para o futuro (link de cancelamento de inscri\u00e7\u00e3o).<\/p>\n\n    <h2>12. gerenciamento de cookies e consentimento<\/h2>\n    <p>Usamos cookies e tecnologias semelhantes (por exemplo, armazenamento local). Quando exigido por lei, obtemos seu consentimento por meio de um banner de consentimento antes de definir cookies n\u00e3o essenciais. Voc\u00ea pode alterar ou revogar sua sele\u00e7\u00e3o no banner a qualquer momento.<\/p>\n    <p>Ferramenta de consentimento usada (se ativada): Cookie Notice &amp; Compliance for GDPR\/CCPA - Armazenamento da decis\u00e3o de consentimento;<\/p>\n    <p>Base legal: Art. 6, par. 1 lit. c GDPR (obriga\u00e7\u00e3o legal) e Art. 6, par. 1 lit. f GDPR (obriga\u00e7\u00f5es de documenta\u00e7\u00e3o e verifica\u00e7\u00e3o); Art. 6 FADP (princ\u00edpios de processamento de dados); Art. 9 FADP (processamento de dados por ordem); Art. 16-18 FADP (divulga\u00e7\u00e3o no exterior); Art. 30-32 FADP (direitos dos titulares dos dados (informa\u00e7\u00e3o, retifica\u00e7\u00e3o, apagamento, restri\u00e7\u00e3o)).<\/p>\n\n    <h2>13. an\u00e1lise, marketing e servi\u00e7os integrados de terceiros<\/h2>\n    <p>Os servi\u00e7os a seguir s\u00e3o usados somente se isso for tecnicamente necess\u00e1rio ou, no caso de ferramentas n\u00e3o essenciais, se voc\u00ea tiver dado seu consentimento. Os dados podem ser transferidos para pa\u00edses terceiros (por exemplo, EUA).<\/p>\n\n    <h3>13.1 Google Analytics<\/h3>\n    <p>Provedor: Google Ireland Limited. O Google Analytics usa cookies para analisar seu uso do site. As informa\u00e7\u00f5es geradas geralmente s\u00e3o transferidas para os servidores do Google (por exemplo, nos EUA) e armazenadas l\u00e1. Para obter mais informa\u00e7\u00f5es sobre como o Google Analytics lida com os dados do usu\u00e1rio, consulte <a href=\"https:\/\/policies.google.com\/privacy\" target=\"_blank\">Pol\u00edtica de privacidade<\/a> do Google.<\/p>\n    <p>Base legal: Consentimento (Art. 6, par\u00e1grafo 1 lit. a GDPR), revog\u00e1vel com efeito para o futuro; Art. 6 FADP (princ\u00edpios de processamento de dados); Art. 9 FADP (processamento de dados por ordem); Art. 16-18 FADP (divulga\u00e7\u00e3o no exterior); Art. 30-32 FADP (direitos dos titulares dos dados (informa\u00e7\u00e3o, retifica\u00e7\u00e3o, apagamento, restri\u00e7\u00e3o)).<\/p>\n    <ul>\n        <li>Anonimiza\u00e7\u00e3o de IP ativada: Truncamento de IP dentro da UE\/EEE; em casos excepcionais, transfer\u00eancia para os EUA com truncamento subsequente.<\/li>\n        <li>Opt-out: complemento do navegador em <a href=\"https:\/\/tools.google.com\/dlpage\/gaoptout?hl=de\" target=\"_blank\">https:\/\/tools.google.com\/dlpage\/gaoptout?hl=de<\/a>.<\/li>\n        <li>Caracter\u00edsticas demogr\u00e1ficas: Relat\u00f3rios sobre idade, g\u00eanero e interesses (n\u00e3o podem ser atribu\u00eddos a indiv\u00edduos espec\u00edficos).<\/li>\n        <li>Per\u00edodo de armazenamento no Google: geralmente 14 meses (an\u00f4nimo\/controlado por data de exclus\u00e3o).<\/li>\n    <\/ul>\n\n    <h3>13.2 Remarketing do Google Analytics e Google Ads (incluindo DoubleClick)<\/h3>\n    <p>Com seu consentimento, podemos usar fun\u00e7\u00f5es de publicidade entre dispositivos. Isso permite que a publicidade baseada em interesses seja exibida em diferentes dispositivos. Desativa\u00e7\u00e3o a qualquer momento por meio das configura\u00e7\u00f5es de an\u00fancios de sua conta do Google (<a href=\"https:\/\/adssettings.google.com\/\" target=\"_blank\">https:\/\/adssettings.google.com\/<\/a>).<\/p>\n\n    <h3>13.3 Google AdSense<\/h3>\n    <p>Os cookies\/web beacons podem ser usados para exibir an\u00fancios relacionados ao contexto.<\/p>\n    <p>Base legal: Consentimento (Art. 6, par\u00e1grafo 1 lit. a GDPR) e\/ou interesse leg\u00edtimo (otimiza\u00e7\u00e3o da oferta; Art. 6, par\u00e1grafo 1 lit. f GDPR), na medida do permitido; Art. 6 FADP (princ\u00edpios de processamento de dados); Art. 9 FADP (processamento de dados por ordem); Art. 16-18 FADP (divulga\u00e7\u00e3o no exterior); Art. 30-32 FADP (direitos dos titulares dos dados (informa\u00e7\u00e3o, retifica\u00e7\u00e3o, apagamento, restri\u00e7\u00e3o)).<\/p>\n\n    <h3>13.4 Google Maps<\/h3>\n    <p>Usamos o Google Maps para exibir mapas. Os dados t\u00e9cnicos (por exemplo, endere\u00e7o IP) podem ser transferidos para o Google e transmitidos para outros pa\u00edses (por exemplo, EUA). Mais informa\u00e7\u00f5es podem ser encontradas na se\u00e7\u00e3o <a href=\"https:\/\/policies.google.com\/privacy\" target=\"_blank\">Pol\u00edtica de privacidade<\/a> do Google.<\/p>\n    <p>Base: interesse leg\u00edtimo na apresenta\u00e7\u00e3o amig\u00e1vel ao usu\u00e1rio (Art. 6, par\u00e1grafo 1 lit. f do GDPR) ou seu consentimento, se necess\u00e1rio; Art. 6 do FADP (princ\u00edpios de processamento de dados); Art. 9 do FADP (processamento de dados por ordem); Art. 16-18 do FADP (divulga\u00e7\u00e3o no exterior); Art. 30-32 do FADP (direitos dos titulares dos dados (informa\u00e7\u00e3o, retifica\u00e7\u00e3o, exclus\u00e3o, restri\u00e7\u00e3o)).<\/p>\n\n    \n\n    <h3>13.5 Yoast SEO<\/h3>\n    <p>O Yoast SEO \u00e9 usado para otimizar o conte\u00fado para mecanismos de pesquisa. De acordo com o status atual, nenhum dado pessoal de visitante \u00e9 processado; caso as fun\u00e7\u00f5es futuras processem dados, isso ser\u00e1 feito somente com base na base legal aplic\u00e1vel e, se necess\u00e1rio, com consentimento.<\/p>\n\n    <h3>13.6 Google Reviews - Complementos Premium para Elementor<\/h3>\n    <p>O endere\u00e7o IP e as informa\u00e7\u00f5es t\u00e9cnicas podem ser processados para exibir as classifica\u00e7\u00f5es do Google.<\/p>\n    <p>Base legal: Consentimento (Art. 6, par\u00e1grafo 1 lit. a GDPR), revog\u00e1vel a qualquer momento; Art. 6 FADP (princ\u00edpios de processamento de dados); Art. 9 FADP (processamento de dados por ordem); Art. 16-18 FADP (divulga\u00e7\u00e3o no exterior); Art. 30-32 FADP (direitos dos titulares dos dados (informa\u00e7\u00e3o, retifica\u00e7\u00e3o, apagamento, restri\u00e7\u00e3o)).<\/p>\n\n    <h3>13.7 Orden\u00e1vel (sistema de pedido\/reserva)<\/h3>\n    <p>Os dados pessoais (por exemplo, nome, detalhes de contato, detalhes do pedido) s\u00e3o processados para processar seus pedidos.<\/p>\n    <p>Base legal: Art. 6, par\u00e1grafo 1 lit. b GDPR (contrato); Art. 6 FADP (princ\u00edpios de processamento de dados); Art. 9 FADP (processamento de dados por ordem); Art. 16-18 FADP (divulga\u00e7\u00e3o no exterior); Art. 30-32 FADP (direitos dos titulares dos dados (informa\u00e7\u00e3o, retifica\u00e7\u00e3o, apagamento, restri\u00e7\u00e3o)).<\/p>\n\n    <h3>13.8 Acessibilidade com um clique<\/h3>\n    <p>O plug-in melhora a acessibilidade do site. Da forma como est\u00e1, ele n\u00e3o processa nenhum dado pessoal dos visitantes.<\/p>\n\n    <h3>13.9 Site Kit do Google<\/h3>\n    <p>O Site Kit agrupa relat\u00f3rios\/estat\u00edsticas dos servi\u00e7os do Google (por exemplo, Analytics, Search Console). O plug-in em si geralmente n\u00e3o processa nenhum dado pessoal dos visitantes; os servi\u00e7os subjacentes podem processar dados - consulte as respectivas se\u00e7\u00f5es.<\/p>\n\n    <h3>13.10 Meta pixel (Facebook)<\/h3>\n    <p>O meta pixel pode ser usado para medi\u00e7\u00e3o de convers\u00e3o e remarketing. Provedor: Meta Platforms Ireland Ltd. Os dados coletados s\u00e3o an\u00f4nimos para n\u00f3s; a Meta pode us\u00e1-los para seus pr\u00f3prios fins (por exemplo, cria\u00e7\u00e3o de perfil, publicidade).<\/p>\n    <p>Base legal: Consentimento (Art. 6, par\u00e1grafo 1 lit. a GDPR), revog\u00e1vel nas configura\u00e7\u00f5es de publicidade de sua meta conta; Art. 6 FADP (princ\u00edpios de processamento de dados); Art. 9 FADP (processamento de dados por pedido); Art. 16-18 FADP (divulga\u00e7\u00e3o no exterior); Art. 30-32 FADP (direitos dos titulares dos dados (informa\u00e7\u00e3o, retifica\u00e7\u00e3o, exclus\u00e3o, restri\u00e7\u00e3o)).<\/p>\n\n\n    <h2>14 Presen\u00e7a pr\u00f3pria na m\u00eddia social<\/h2>\n    <p>Mantemos perfis em redes sociais (por exemplo, Facebook, Instagram, LinkedIn). Ao visitar esses perfis, aplicam-se as disposi\u00e7\u00f5es de prote\u00e7\u00e3o de dados dos respectivos operadores de plataforma. Na medida em que processamos dados nesses perfis, isso \u00e9 feito com base em interesses leg\u00edtimos (Art. 6, par\u00e1grafo 1 lit. f do GDPR). Para alguns sites, pode haver responsabilidade conjunta com o operador da plataforma (Art. 26 do GDPR); o conte\u00fado principal dos acordos \u00e9 fornecido pelo respectivo provedor. Al\u00e9m disso, as disposi\u00e7\u00f5es relevantes da Lei de Prote\u00e7\u00e3o de Dados da Su\u00ed\u00e7a se aplicam, em particular o Art. 6 FADP (princ\u00edpios de processamento de dados); Art. 9 FADP (processamento de dados por ordem); Art. 16-18 FADP (divulga\u00e7\u00e3o no exterior); Art. 30-32 FADP (direitos dos titulares de dados (informa\u00e7\u00e3o, retifica\u00e7\u00e3o, apagamento, restri\u00e7\u00e3o)).<\/p>\n\n    <h2>15. transfer\u00eancias internacionais de dados (pa\u00edses terceiros)<\/h2>\n    <p>Os dados somente ser\u00e3o transferidos para pa\u00edses fora da Su\u00ed\u00e7a ou do EEE (\"pa\u00edses terceiros\") se pelo menos uma das seguintes condi\u00e7\u00f5es for atendida:<\/p>\n    <ul>\n        <li>Decis\u00e3o de adequa\u00e7\u00e3o (UE ou Su\u00ed\u00e7a) para o pa\u00eds em quest\u00e3o,<\/li>\n        <li>garantias adequadas (em particular, cl\u00e1usulas contratuais padr\u00e3o\/ SCC, medidas suplementares),<\/li>\n        <li>Seu consentimento expresso ou necessidade para o cumprimento do contrato.<\/li>\n    <\/ul>\n    <p>Isso pode afetar os EUA, principalmente se usarmos servi\u00e7os de provedores americanos. H\u00e1 um risco de acesso estatal. Na medida do poss\u00edvel, contamos com minimiza\u00e7\u00e3o, pseudonimiza\u00e7\u00e3o\/criptografia e garantias contratuais.<\/p>\n\n    <h2>16. per\u00edodo de armazenamento e exclus\u00e3o<\/h2>\n    <p>Processamos dados pessoais somente pelo tempo necess\u00e1rio para os respectivos fins ou pelo tempo em que houver obriga\u00e7\u00f5es legais de reten\u00e7\u00e3o. Depois disso, os dados s\u00e3o exclu\u00eddos ou tornados an\u00f4nimos.<\/p>\n\n    <h2>17 Seus direitos<\/h2>\n    <p>Voc\u00ea tem os seguintes direitos:<\/p>\n    <ul>\n        <li>Informa\u00e7\u00f5es sobre dados armazenados: Art. 15 GDPR \/ Art. 25 DSG<\/li>\n        <li>Corre\u00e7\u00e3o de dados incorretos: Art. 16 GDPR \/ Art. 32 para. 1 lit. a FADP<\/li>\n        <li>Apagamento (\"direito de ser esquecido\"): Art. 17 GDPR \/ Art. 32 para. 2 lit. c FADP<\/li>\n        <li>Restri\u00e7\u00e3o de processamento: Art. 18 do GDPR \/ Art. 32, par\u00e1grafo 2, lit. b, da FADP<\/li>\n        <li>Portabilidade de dados: Art. 20 do GDPR \/ Art. 28 do FADP<\/li>\n        <li>Revoga\u00e7\u00e3o do consentimento dado com efeito para o futuro: Art. 7 para. 3 GDPR \/ Art. 6 FADP<\/li>\n        <li>Obje\u00e7\u00e3o ao processamento com base em interesses leg\u00edtimos (inclusive publicidade direta): Art. 21 do GDPR \/ Art. 32 do FADP<\/li>\n        <li>Direito de apresentar uma reclama\u00e7\u00e3o a uma autoridade de supervis\u00e3o:\n            <ul>\n                <li>UE: Art. 77 do GDPR<\/li>\n                <li>Su\u00ed\u00e7a: Art. 49 do FADP (Federal Data Protection and Information Commissioner, FDPIC)<\/li>\n            <\/ul>\n        <\/li>\n    <\/ul>\n    <p>Para exercer seus direitos, entre em contato com a Swiss Family Relations AG (processamento t\u00e9cnico) ou com o Swiss Family Investors Club (processamento relacionado \u00e0 associa\u00e7\u00e3o), dependendo de quem for o respons\u00e1vel.<\/p>\n\n    <h2>19. criptografia SSL\/TLS e transmiss\u00e3o segura<\/h2>\n    <p>Este site usa criptografia SSL\/TLS. Voc\u00ea pode reconhecer isso por \"https:\/\/\" e pelo s\u00edmbolo de cadeado no navegador. Quando a criptografia est\u00e1 ativada, os dados transmitidos n\u00e3o podem ser lidos por terceiros.<\/p>\n\n    <h2>20. obje\u00e7\u00e3o a e-mails de propaganda<\/h2>\n    <p>N\u00f3s nos opomos ao uso dos dados de contato publicados no aviso legal para o envio de publicidade e material informativo n\u00e3o solicitados. Reservamo-nos o direito de tomar medidas legais em caso de e-mails de spam.<\/p>\n\n    <h2>21 Altera\u00e7\u00f5es a esta pol\u00edtica de privacidade<\/h2>\n    <p>Reservamo-nos o direito de alterar esta declara\u00e7\u00e3o a fim de adapt\u00e1-la a situa\u00e7\u00f5es legais ou desenvolvimentos t\u00e9cnicos alterados. A vers\u00e3o atual publicada nesta p\u00e1gina se aplica em todos os casos.<\/p>\t\t\t\t<\/div>\n\t\t\t\t<\/div>\n\t\t\t\t\t<\/div>\n\t\t\t\t<\/div>\n\t\t\t\t<\/div>","protected":false},"excerpt":{"rendered":"<p>Datenschutz Sicher. Vertraulich. Gesetzeskonform. Datenschutzerkl\u00e4rung Swiss Family Investors Club 1. Allgemeine Hinweise Diese Datenschutzerkl\u00e4rung informiert \u00fcber Art, Umfang und Zwecke der Verarbeitung personenbezogener Daten beim Besuch und bei der Nutzung dieser Website sowie der dar\u00fcber angebotenen Funktionen und Services oder wenn Sie mit uns in Kontakt treten. 2. Geltungsbereich &#038; Begriffsbestimmungen Diese Erkl\u00e4rung gilt f\u00fcr [&hellip;]<\/p>","protected":false},"author":1,"featured_media":0,"parent":0,"menu_order":0,"comment_status":"closed","ping_status":"closed","template":"","meta":{"iawp_total_views":76,"footnotes":""},"class_list":["post-7854","page","type-page","status-publish","hentry"],"_links":{"self":[{"href":"https:\/\/swissfamilyclub.com\/pt\/wp-json\/wp\/v2\/pages\/7854","targetHints":{"allow":["GET"]}}],"collection":[{"href":"https:\/\/swissfamilyclub.com\/pt\/wp-json\/wp\/v2\/pages"}],"about":[{"href":"https:\/\/swissfamilyclub.com\/pt\/wp-json\/wp\/v2\/types\/page"}],"author":[{"embeddable":true,"href":"https:\/\/swissfamilyclub.com\/pt\/wp-json\/wp\/v2\/users\/1"}],"replies":[{"embeddable":true,"href":"https:\/\/swissfamilyclub.com\/pt\/wp-json\/wp\/v2\/comments?post=7854"}],"version-history":[{"count":0,"href":"https:\/\/swissfamilyclub.com\/pt\/wp-json\/wp\/v2\/pages\/7854\/revisions"}],"wp:attachment":[{"href":"https:\/\/swissfamilyclub.com\/pt\/wp-json\/wp\/v2\/media?parent=7854"}],"curies":[{"name":"wp","href":"https:\/\/api.w.org\/{rel}","templated":true}]}}