{"id":9110,"date":"2025-09-04T15:03:49","date_gmt":"2025-09-04T15:03:49","guid":{"rendered":"https:\/\/swissfamilyclub.com\/cookie-policy-eu\/"},"modified":"2025-09-05T08:14:34","modified_gmt":"2025-09-05T08:14:34","slug":"cookie-policy-eu","status":"publish","type":"page","link":"https:\/\/swissfamilyclub.com\/nb\/cookie-policy-eu\/","title":{"rendered":"Cookie Policy (EU)"},"content":{"rendered":"<div data-elementor-type=\"wp-page\" data-elementor-id=\"9110\" class=\"elementor elementor-9110\" data-elementor-post-type=\"page\">\n\t\t\t\t<div class=\"elementor-element elementor-element-3331a8aa e-con-full e-flex e-con e-parent\" data-id=\"3331a8aa\" data-element_type=\"container\">\n\t\t\t\t<div class=\"elementor-element elementor-element-d107ff9 elementor-widget elementor-widget-heading\" data-id=\"d107ff9\" data-element_type=\"widget\" data-widget_type=\"heading.default\">\n\t\t\t\t\t<h1 class=\"elementor-heading-title elementor-size-default\">Retningslinjer for informasjonskapsler<\/h1>\t\t\t\t<\/div>\n\t\t\t\t<div class=\"elementor-element elementor-element-eb793a0 elementor-widget elementor-widget-shortcode\" data-id=\"eb793a0\" data-element_type=\"widget\" data-widget_type=\"shortcode.default\">\n\t\t\t\t\t\t\t<div class=\"elementor-shortcode\">\n<!-- Legal document generated by Complianz | GDPR\/CCPA Cookie Consent https:\/\/wordpress.org\/plugins\/complianz-gdpr -->\n<div id=\"cmplz-document\" class=\"cmplz-document cookie-statement cmplz-document-eu\"><p><i>Denne informasjonskapselpolicyen ble sist oppdatert den november 18, 2025 og gjelder for borgere og innbyggere med lovlig permanent opphold i det europeiske \u00f8konomiske samarbeidsomr\u00e5det og Sveits.<\/i><br><\/p><h2>1. Innledning<\/h2><p>V\u00e5rt nettsted, <a href=\"https:\/\/swissfamilyclub.com\/nb\">https:\/\/swissfamilyclub.com\/nb<\/a> (heretter kalt: \"nettstedet\") bruker informasjonskapsler og annen relatert teknologi (for enkelhets skyld er relatert teknologi ogs\u00e5 omtalt som \"cookies\"). Informasjonskapsler plasseres ogs\u00e5 av tredjeparts tjenesteleverand\u00f8rer vi har engasjert. I dokumentasjonen nedenfor informerer vi deg om bruken av informasjonskapsler p\u00e5 nettstedet ditt.<\/p><h2>2. Hva er cookies?<\/h2><p>En informasjonskapsel er en liten fil som sendes sammen med data i dette nettverket og lagres av din nettverksleser p\u00e5 din datamaskins harddisk eller annen enhet. Innsigelser som er lagret som kan returneres til serveren din, eller til servere som har de relevante databeskyttelseslovene, i l\u00f8pet av en senere ordre.<\/p><h2>3. Hva er skript?<\/h2><p>Et skript er en del av en programkode som brukes til \u00e5 f\u00e5 nettstedet ditt til \u00e5 fungere korrekt og interaktivt. Denne koden lagres p\u00e5 serveren din eller p\u00e5 enheten din.<\/p><h2>4 Hva er en web beacon?<\/h2><p>En web beacon (eller pixel tag) er en lang, enkelt del av en side eller et bilde p\u00e5 en nettside som brukes til \u00e5 overf\u00f8re trafikk til en nettside. For \u00e5 kunne gj\u00f8re dette m\u00e5 det v\u00e6re noen data om hvor du befinner deg n\u00e5r du bruker nettvarden.<\/p><h2>5. Informasjonskapsler<\/h2><p class=\"cmplz-subtitle\">5.1 Tekniske systemer og radioinformasjonssystemer<\/p><p>No information capsule opplyser om at enkelte deler av nettstedet kan v\u00e6re un\u00f8yaktige og at bruk av nettstedet er forbudt. For \u00e5 kunne gi deg den informasjonen du trenger, har vi gjort det klart for deg at du m\u00e5 sjekke de nettbaserte dataene. P\u00e5 disse sidene har du ikke lov til \u00e5 legge inn den samme informasjonen n\u00e5r du bes\u00f8ker nettstedet, og for eksempel hvis det ikke finnes andre sider i h\u00e5ndboken som du har lagt inn. Du kan plassere disse informasjonskapslene p\u00e5 denne siden.<\/p><h2>6. Plasserte sm\u00e5kaker<\/h2><div id=\"cmplz-cookies-overview\"><details class=\"cmplz-dropdown cmplz-service-desc cmplz-dropdown-cookiepolicy\">\n\t<summary class=\"cmplz-service-header\"><div>\n\t\t<h3>Elementor<\/h3>\n\t\t<p>Form\u00e5l venter p\u00e5 kontroll<\/p>\n\t\t<label for=\"cmplz_service_elementor\" class=\"cmplz_consent_per_service_label\"><span class=\"screen-reader-text\">Samtykke til serviceelement eller<\/span><\/label>\n\t\t<input type=\"checkbox\" id=\"cmplz_service_elementor\" class=\"cmplz-accept-service\" data-service=\"elementor\" data-category=\"statistics\"><\/div>\n\t<\/summary>\n\t<div class=\"cmplz-service-description\">\n\t\t<h4>Bruk<\/h4>\n\t\t<p><\/p>\n\t<\/div>\n\t<div class=\"cmplz-sharing-data\">\n\t\t<h4>Deling av data<\/h4>\n\t\t<p>Disse data er ikke delt med tredjeparts-akt\u00f8rer.<\/p>\n\t<\/div>\n\t<div class=\"cookies-per-purpose\">\n    <div class=\"purpose\"><h4>Form\u00e5l venter p\u00e5 kontroll<\/h4><\/div>\n    <div class=\"name-header\">\n\t<h5>Navn<\/h5>\n<\/div>\n<div class=\"name\"><a target=\"_blank\" rel=\"noopener noreferrer nofollow\" href=\"https:\/\/cookiedatabase.org\/cookie\/unknown-service\/elementor\/\">elementor<\/a><\/div>\n<div class=\"retention-header\">\n\t<h5>Utl\u00f8p<\/h5>\n<\/div>\n<div class=\"retention\"><\/div>\n<div class=\"function-header\">\n\t<h5>Funksjon<\/h5>\n<\/div>\n<div class=\"function\"><\/div>\n\n<\/div>\n<\/details>\n<details class=\"cmplz-dropdown cmplz-service-desc cmplz-dropdown-cookiepolicy\">\n\t<summary class=\"cmplz-service-header\"><div>\n\t\t<h3>WordPress<\/h3>\n\t\t<p>Form\u00e5l venter p\u00e5 kontroll<\/p>\n\t\t<label for=\"cmplz_service_wordpress\" class=\"cmplz_consent_per_service_label\"><span class=\"screen-reader-text\">Samtykke til tjenesten wordpress<\/span><\/label>\n\t\t<input type=\"checkbox\" id=\"cmplz_service_wordpress\" class=\"cmplz-accept-service\" data-service=\"wordpress\" data-category=\"functional\"><\/div>\n\t<\/summary>\n\t<div class=\"cmplz-service-description\">\n\t\t<h4>Bruk<\/h4>\n\t\t<p><\/p>\n\t<\/div>\n\t<div class=\"cmplz-sharing-data\">\n\t\t<h4>Deling av data<\/h4>\n\t\t<p>Disse data er ikke delt med tredjeparts-akt\u00f8rer.<\/p>\n\t<\/div>\n\t<div class=\"cookies-per-purpose\">\n    <div class=\"purpose\"><h4>Form\u00e5l venter p\u00e5 kontroll<\/h4><\/div>\n    <div class=\"name-header\">\n\t<h5>Navn<\/h5>\n<\/div>\n<div class=\"name\"><a target=\"_blank\" rel=\"noopener noreferrer nofollow\" href=\"https:\/\/cookiedatabase.org\/cookie\/unknown-service\/wpemojisettingssupports\/\">wpEmojiSettingsSupports<\/a><\/div>\n<div class=\"retention-header\">\n\t<h5>Utl\u00f8p<\/h5>\n<\/div>\n<div class=\"retention\"><\/div>\n<div class=\"function-header\">\n\t<h5>Funksjon<\/h5>\n<\/div>\n<div class=\"function\"><\/div>\n<div class=\"name-header\">\n\t<h5>Navn<\/h5>\n<\/div>\n<div class=\"name\"><a target=\"_blank\" rel=\"noopener noreferrer nofollow\" href=\"https:\/\/cookiedatabase.org\/cookie\/unknown-service\/wp-settings-time\/\">wp-innstillinger-tid-*<\/a><\/div>\n<div class=\"retention-header\">\n\t<h5>Utl\u00f8p<\/h5>\n<\/div>\n<div class=\"retention\"><\/div>\n<div class=\"function-header\">\n\t<h5>Funksjon<\/h5>\n<\/div>\n<div class=\"function\"><\/div>\n<div class=\"name-header\">\n\t<h5>Navn<\/h5>\n<\/div>\n<div class=\"name\"><a target=\"_blank\" rel=\"noopener noreferrer nofollow\" href=\"https:\/\/cookiedatabase.org\/cookie\/unknown-service\/wordpress_test_cookie\/\">wordpress_test_cookie<\/a><\/div>\n<div class=\"retention-header\">\n\t<h5>Utl\u00f8p<\/h5>\n<\/div>\n<div class=\"retention\"><\/div>\n<div class=\"function-header\">\n\t<h5>Funksjon<\/h5>\n<\/div>\n<div class=\"function\"><\/div>\n<div class=\"name-header\">\n\t<h5>Navn<\/h5>\n<\/div>\n<div class=\"name\"><a target=\"_blank\" rel=\"noopener noreferrer nofollow\" href=\"https:\/\/cookiedatabase.org\/cookie\/unknown-service\/wp_lang\/\">wp_long<\/a><\/div>\n<div class=\"retention-header\">\n\t<h5>Utl\u00f8p<\/h5>\n<\/div>\n<div class=\"retention\"><\/div>\n<div class=\"function-header\">\n\t<h5>Funksjon<\/h5>\n<\/div>\n<div class=\"function\"><\/div>\n<div class=\"name-header\">\n\t<h5>Navn<\/h5>\n<\/div>\n<div class=\"name\"><a target=\"_blank\" rel=\"noopener noreferrer nofollow\" href=\"https:\/\/cookiedatabase.org\/cookie\/unknown-service\/wordpress_logged_in_\/\">wordpress_logget_inn_*<\/a><\/div>\n<div class=\"retention-header\">\n\t<h5>Utl\u00f8p<\/h5>\n<\/div>\n<div class=\"retention\"><\/div>\n<div class=\"function-header\">\n\t<h5>Funksjon<\/h5>\n<\/div>\n<div class=\"function\"><\/div>\n<div class=\"name-header\">\n\t<h5>Navn<\/h5>\n<\/div>\n<div class=\"name\"><a target=\"_blank\" rel=\"noopener noreferrer nofollow\" href=\"https:\/\/cookiedatabase.org\/cookie\/unknown-service\/wp-settings\/\">wp-innstillinger-*<\/a><\/div>\n<div class=\"retention-header\">\n\t<h5>Utl\u00f8p<\/h5>\n<\/div>\n<div class=\"retention\"><\/div>\n<div class=\"function-header\">\n\t<h5>Funksjon<\/h5>\n<\/div>\n<div class=\"function\"><\/div>\n\n<\/div>\n<\/details>\n<details class=\"cmplz-dropdown cmplz-service-desc cmplz-dropdown-cookiepolicy\">\n\t<summary class=\"cmplz-service-header\"><div>\n\t\t<h3>Diverse<\/h3>\n\t\t<p>Form\u00e5l venter p\u00e5 kontroll<\/p>\n\t\t<label for=\"cmplz_service_diverse\" class=\"cmplz_consent_per_service_label\"><span class=\"screen-reader-text\">Consent to service diverse<\/span><\/label>\n\t\t<input type=\"checkbox\" id=\"cmplz_service_diverse\" class=\"cmplz-accept-service cmplz-hidden\" data-service=\"diverse\" data-category=\"functional\"><\/div>\n\t<\/summary>\n\t<div class=\"cmplz-service-description\">\n\t\t<h4>Bruk<\/h4>\n\t\t<p><\/p>\n\t<\/div>\n\t<div class=\"cmplz-sharing-data\">\n\t\t<h4>Deling av data<\/h4>\n\t\t<p>Deling av data venter p\u00e5 revidering<\/p>\n\t<\/div>\n\t<div class=\"cookies-per-purpose\">\n    <div class=\"purpose\"><h4>Form\u00e5l venter p\u00e5 kontroll<\/h4><\/div>\n    <div class=\"name-header\">\n\t<h5>Navn<\/h5>\n<\/div>\n<div class=\"name\">WP_DATA_USER_1<\/div>\n<div class=\"retention-header\">\n\t<h5>Utl\u00f8p<\/h5>\n<\/div>\n<div class=\"retention\"><\/div>\n<div class=\"function-header\">\n\t<h5>Funksjon<\/h5>\n<\/div>\n<div class=\"function\"><\/div>\n<div class=\"name-header\">\n\t<h5>Navn<\/h5>\n<\/div>\n<div class=\"name\">e_kit-elementer-standardinnstillinger<\/div>\n<div class=\"retention-header\">\n\t<h5>Utl\u00f8p<\/h5>\n<\/div>\n<div class=\"retention\"><\/div>\n<div class=\"function-header\">\n\t<h5>Funksjon<\/h5>\n<\/div>\n<div class=\"function\"><\/div>\n<div class=\"name-header\">\n\t<h5>Navn<\/h5>\n<\/div>\n<div class=\"name\">localTimeZone<\/div>\n<div class=\"retention-header\">\n\t<h5>Utl\u00f8p<\/h5>\n<\/div>\n<div class=\"retention\"><\/div>\n<div class=\"function-header\">\n\t<h5>Funksjon<\/h5>\n<\/div>\n<div class=\"function\"><\/div>\n<div class=\"name-header\">\n\t<h5>Navn<\/h5>\n<\/div>\n<div class=\"name\"><a target=\"_blank\" rel=\"noopener noreferrer nofollow\" href=\"https:\/\/cookiedatabase.org\/cookie\/unknown-service\/isreturningvisitor-2\/\">isReturningVisitor*<\/a><\/div>\n<div class=\"retention-header\">\n\t<h5>Utl\u00f8p<\/h5>\n<\/div>\n<div class=\"retention\"><\/div>\n<div class=\"function-header\">\n\t<h5>Funksjon<\/h5>\n<\/div>\n<div class=\"function\"><\/div>\n<div class=\"name-header\">\n\t<h5>Navn<\/h5>\n<\/div>\n<div class=\"name\">cmplz_policy_id<\/div>\n<div class=\"retention-header\">\n\t<h5>Utl\u00f8p<\/h5>\n<\/div>\n<div class=\"retention\">365 dager<\/div>\n<div class=\"function-header\">\n\t<h5>Funksjon<\/h5>\n<\/div>\n<div class=\"function\"><\/div>\n<div class=\"name-header\">\n\t<h5>Navn<\/h5>\n<\/div>\n<div class=\"name\">cmplz_consented_services<\/div>\n<div class=\"retention-header\">\n\t<h5>Utl\u00f8p<\/h5>\n<\/div>\n<div class=\"retention\">365 dager<\/div>\n<div class=\"function-header\">\n\t<h5>Funksjon<\/h5>\n<\/div>\n<div class=\"function\"><\/div>\n<div class=\"name-header\">\n\t<h5>Navn<\/h5>\n<\/div>\n<div class=\"name\">cmplz_marketing<\/div>\n<div class=\"retention-header\">\n\t<h5>Utl\u00f8p<\/h5>\n<\/div>\n<div class=\"retention\">365 dager<\/div>\n<div class=\"function-header\">\n\t<h5>Funksjon<\/h5>\n<\/div>\n<div class=\"function\"><\/div>\n<div class=\"name-header\">\n\t<h5>Navn<\/h5>\n<\/div>\n<div class=\"name\">cmplz_statistics<\/div>\n<div class=\"retention-header\">\n\t<h5>Utl\u00f8p<\/h5>\n<\/div>\n<div class=\"retention\">365 dager<\/div>\n<div class=\"function-header\">\n\t<h5>Funksjon<\/h5>\n<\/div>\n<div class=\"function\"><\/div>\n<div class=\"name-header\">\n\t<h5>Navn<\/h5>\n<\/div>\n<div class=\"name\">cmplz_preferanser<\/div>\n<div class=\"retention-header\">\n\t<h5>Utl\u00f8p<\/h5>\n<\/div>\n<div class=\"retention\">365 dager<\/div>\n<div class=\"function-header\">\n\t<h5>Funksjon<\/h5>\n<\/div>\n<div class=\"function\"><\/div>\n<div class=\"name-header\">\n\t<h5>Navn<\/h5>\n<\/div>\n<div class=\"name\">cmplz_functional<\/div>\n<div class=\"retention-header\">\n\t<h5>Utl\u00f8p<\/h5>\n<\/div>\n<div class=\"retention\">365 dager<\/div>\n<div class=\"function-header\">\n\t<h5>Funksjon<\/h5>\n<\/div>\n<div class=\"function\"><\/div>\n<div class=\"name-header\">\n\t<h5>Navn<\/h5>\n<\/div>\n<div class=\"name\">cmplz_banner-status<\/div>\n<div class=\"retention-header\">\n\t<h5>Utl\u00f8p<\/h5>\n<\/div>\n<div class=\"retention\">365 dager<\/div>\n<div class=\"function-header\">\n\t<h5>Funksjon<\/h5>\n<\/div>\n<div class=\"function\"><\/div>\n<div class=\"name-header\">\n\t<h5>Navn<\/h5>\n<\/div>\n<div class=\"name\">cmplz_lagrede_tjenester<\/div>\n<div class=\"retention-header\">\n\t<h5>Utl\u00f8p<\/h5>\n<\/div>\n<div class=\"retention\">365 dager<\/div>\n<div class=\"function-header\">\n\t<h5>Funksjon<\/h5>\n<\/div>\n<div class=\"function\"><\/div>\n<div class=\"name-header\">\n\t<h5>Navn<\/h5>\n<\/div>\n<div class=\"name\">cmplz_id<\/div>\n<div class=\"retention-header\">\n\t<h5>Utl\u00f8p<\/h5>\n<\/div>\n<div class=\"retention\">365 dager<\/div>\n<div class=\"function-header\">\n\t<h5>Funksjon<\/h5>\n<\/div>\n<div class=\"function\"><\/div>\n<div class=\"name-header\">\n\t<h5>Navn<\/h5>\n<\/div>\n<div class=\"name\">mailpoet_abonnent<\/div>\n<div class=\"retention-header\">\n\t<h5>Utl\u00f8p<\/h5>\n<\/div>\n<div class=\"retention\"><\/div>\n<div class=\"function-header\">\n\t<h5>Funksjon<\/h5>\n<\/div>\n<div class=\"function\"><\/div>\n<div class=\"name-header\">\n\t<h5>Navn<\/h5>\n<\/div>\n<div class=\"name\">cmplz_lagrede_kategorier<\/div>\n<div class=\"retention-header\">\n\t<h5>Utl\u00f8p<\/h5>\n<\/div>\n<div class=\"retention\">365 dager<\/div>\n<div class=\"function-header\">\n\t<h5>Funksjon<\/h5>\n<\/div>\n<div class=\"function\"><\/div>\n<div class=\"name-header\">\n\t<h5>Navn<\/h5>\n<\/div>\n<div class=\"name\">mailpoet_page_view<\/div>\n<div class=\"retention-header\">\n\t<h5>Utl\u00f8p<\/h5>\n<\/div>\n<div class=\"retention\"><\/div>\n<div class=\"function-header\">\n\t<h5>Funksjon<\/h5>\n<\/div>\n<div class=\"function\"><\/div>\n<div class=\"name-header\">\n\t<h5>Navn<\/h5>\n<\/div>\n<div class=\"name\">cmplz_user_data<\/div>\n<div class=\"retention-header\">\n\t<h5>Utl\u00f8p<\/h5>\n<\/div>\n<div class=\"retention\">365 dager<\/div>\n<div class=\"function-header\">\n\t<h5>Funksjon<\/h5>\n<\/div>\n<div class=\"function\"><\/div>\n<div class=\"name-header\">\n\t<h5>Navn<\/h5>\n<\/div>\n<div class=\"name\">cmplz_cookie_data<\/div>\n<div class=\"retention-header\">\n\t<h5>Utl\u00f8p<\/h5>\n<\/div>\n<div class=\"retention\">365 dager<\/div>\n<div class=\"function-header\">\n\t<h5>Funksjon<\/h5>\n<\/div>\n<div class=\"function\"><\/div>\n<div class=\"name-header\">\n\t<h5>Navn<\/h5>\n<\/div>\n<div class=\"name\">phantom.contentScript.providerInjectionOptions.v3<\/div>\n<div class=\"retention-header\">\n\t<h5>Utl\u00f8p<\/h5>\n<\/div>\n<div class=\"retention\"><\/div>\n<div class=\"function-header\">\n\t<h5>Funksjon<\/h5>\n<\/div>\n<div class=\"function\"><\/div>\n\n<\/div>\n<\/details>\n<\/div><h2>7. Samtykke<\/h2><p>Hvis du bes\u00f8ker nettstedet for f\u00f8rste gang, vil vi vise deg et popup-vindu med en forklaring av informasjonskapslene. S\u00e5 snart du klikker p\u00e5 \"Lagre\", vil du se at vi bruker alle informasjonskapsler og plugin-moduler som beskrevet i popup-vinduet og forklaringene til informasjonskapslene. Du kan deaktivere bruken av informasjonskapslene via nettleseren din, men v\u00e6r oppmerksom p\u00e5 at nettleseren din da ikke fungerer som den skal.<\/p><p class=\"cmplz-subtitle\">7.1 Administrer samtykkeinnstillingene dine<\/p><div id=\"cmplz-manage-consent-container-nojavascript\">Du har lastet Cookie-erkl\u00e6ringen uten javascript-st\u00f8tte.&nbsp;P\u00e5 AMP kan du bruke administrer samtykke-knappen nederst p\u00e5 siden.<\/div><div id=\"cmplz-manage-consent-container\" class=\"cmplz-manage-consent-container\"><\/div><h2>8. Activere\/deaktivere og slette informasjonskapsler<\/h2><p>Du kan bruke informasjonskapsler automatisk eller manuelt. Du kan ogs\u00e5 bestemme at disse informasjonskapslene ikke skal lagres. Et annet alternativ er \u00e5 avslutte bruken av informasjonskapsler p\u00e5 en slik m\u00e5te at du m\u00e5 rapportere bruken av informasjonskapsler. For mer informasjon om disse alternativene, se instruksjonene i Hjelp-delen av nettstedet.<\/p><p>V\u00e6r oppmerksom p\u00e5 at nettleseren din ikke vil fungere som den skal hvis alle informasjonskapsler er deaktivert. Hvis du ikke godtar alle informasjonskapsler i nettleseren din, vil du ikke kunne slette dem hvis du deaktiverer dem.<\/p><h2>9. dine rettigheter med hensyn til dine personlige data<\/h2><p>Du har f\u00f8lgende rettigheter med hensyn til dine personopplysninger:<\/p><ul>\n                    <li>Du m\u00e5 s\u00f8rge for at du vet hvordan atferden til personen din er, hva du \u00f8nsker \u00e5 gj\u00f8re med den, og hvor mye du \u00f8nsker \u00e5 motarbeide den.<\/li>\n                    <li>Rett til innsyn: Du har rett til innsyn i dine personopplysninger som er kjent for oss.<\/li>\n                    <li>Rett til retting: Du har rett til \u00e5 tilf\u00f8ye, korrigere, og \u00e5 ha dine personlige data slettet eller blokkert n\u00e5r du m\u00e5tte \u00f8nske det...<\/li>\n                    <li>Hvis du ikke har samlet inn disse opplysningene for \u00e5 kunne behandle opplysningene dine, har du rett til \u00e5 samle inn og lagre personopplysningene dine.<\/li>\n                    <li>Rett til \u00e5 overf\u00f8re dine data: du har rett til \u00e5 be om alle dine personopplysninger fra behandlingsansvarlig og overf\u00f8re dem i sin helhet til en annen behandlingsansvarlig.<\/li>\n                    <li>Rett til \u00e5 nekte: Du kan merke at opplysningene dine blir behandlet. Vi vil behandle dem i samsvar med det relevante behandlingsgrunnlaget.<\/li>\n                <\/ul><p>For \u00e5 ut\u00f8ve disse rettighetene, vennligst kontakt oss. Se kontaktinformasjon kun i denne informasjonskapselerkl\u00e6ringen. Hvis du har en klage p\u00e5 hvordan vi bruker opplysningene dine, vil vi gjerne h\u00f8re fra deg, men du har ogs\u00e5 rett til \u00e5 sende en klage til Datatilsynet.<\/p><h2>10. Kontaktdetaljer<\/h2><p>Hvis du vil ha mer informasjon om eller kommentarer til informasjonslinjene v\u00e5re og disse erkl\u00e6ringene, kan du kontakte oss ved hjelp av f\u00f8lgende kontaktinformasjon:<\/p><p><span class=\"cmplz-contact-organisation\">Swiss Family Investors Club<\/span><br>\n                      <span class=\"cmplz-contact-address\">8032 Z\u00fcrich, Zeltweg 11<\/span><br>\n                      <span class=\"cmplz-contact-country\">Sveits<\/span><br>\n                    Nettet: <span class=\"cmplz-contact-domain\"><a href=\"https:\/\/swissfamilyclub.com\/nb\">https:\/\/swissfamilyclub.com\/nb<\/a><\/span><br>\n                    E-post: <span class=\"cmplz-contact-email\">info@swissfamilyclub.com<\/span><br>\n                    <span class=\"cmplz-contact-telephone\">Telefonnummer: +41 44 256 16 07<\/span><\/p><p>Denne cookie-erkl\u00e6ringen ble synkronisert med <a href=\"https:\/\/cookiedatabase.org\/\" target=\"_blank\">cookiedatabase.org<\/a> p\u00e5april 9, 2026.<\/p><\/div><\/div>\n\t\t\t\t\t\t<\/div>\n\t\t\t\t<\/div>\n\t\t\t\t<\/div>","protected":false},"excerpt":{"rendered":"<p>Retningslinjer for informasjonskapsler<\/p>","protected":false},"author":1,"featured_media":0,"parent":0,"menu_order":0,"comment_status":"closed","ping_status":"closed","template":"","meta":{"iawp_total_views":13,"footnotes":""},"class_list":["post-9110","page","type-page","status-publish","hentry"],"_links":{"self":[{"href":"https:\/\/swissfamilyclub.com\/nb\/wp-json\/wp\/v2\/pages\/9110","targetHints":{"allow":["GET"]}}],"collection":[{"href":"https:\/\/swissfamilyclub.com\/nb\/wp-json\/wp\/v2\/pages"}],"about":[{"href":"https:\/\/swissfamilyclub.com\/nb\/wp-json\/wp\/v2\/types\/page"}],"author":[{"embeddable":true,"href":"https:\/\/swissfamilyclub.com\/nb\/wp-json\/wp\/v2\/users\/1"}],"replies":[{"embeddable":true,"href":"https:\/\/swissfamilyclub.com\/nb\/wp-json\/wp\/v2\/comments?post=9110"}],"version-history":[{"count":0,"href":"https:\/\/swissfamilyclub.com\/nb\/wp-json\/wp\/v2\/pages\/9110\/revisions"}],"wp:attachment":[{"href":"https:\/\/swissfamilyclub.com\/nb\/wp-json\/wp\/v2\/media?parent=9110"}],"curies":[{"name":"wp","href":"https:\/\/api.w.org\/{rel}","templated":true}]}}