{"id":8936,"date":"2025-08-20T13:28:50","date_gmt":"2025-08-20T13:28:50","guid":{"rendered":"https:\/\/swissfamilyclub.com\/?page_id=8936"},"modified":"2025-11-18T14:55:58","modified_gmt":"2025-11-18T14:55:58","slug":"disclaimer","status":"publish","type":"page","link":"https:\/\/swissfamilyclub.com\/nb\/disclaimer\/","title":{"rendered":"Ansvarsfraskrivelse"},"content":{"rendered":"<div data-elementor-type=\"wp-page\" data-elementor-id=\"8936\" class=\"elementor elementor-8936\" data-elementor-post-type=\"page\">\n\t\t\t\t<div class=\"elementor-element elementor-element-674bc07 e-con-full mrkt_root_container e-flex e-con e-child\" data-id=\"674bc07\" data-element_type=\"container\" data-settings=\"{&quot;background_background&quot;:&quot;classic&quot;}\">\n\t\t<div class=\"elementor-element elementor-element-b500eb7 e-con-full elementor-hidden-tablet elementor-hidden-mobile e-flex e-con e-child\" data-id=\"b500eb7\" data-element_type=\"container\" data-settings=\"{&quot;background_background&quot;:&quot;classic&quot;,&quot;position&quot;:&quot;absolute&quot;}\">\n\t\t\t\t<\/div>\n\t\t\t\t<div class=\"elementor-element elementor-element-a28edae elementor-widget elementor-widget-heading\" data-id=\"a28edae\" data-element_type=\"widget\" data-widget_type=\"heading.default\">\n\t\t\t\t\t<h1 class=\"elementor-heading-title elementor-size-default\">Juridisk informasjon<\/h1>\t\t\t\t<\/div>\n\t\t\t\t<div class=\"elementor-element elementor-element-7da274d elementor-widget-divider--view-line elementor-widget elementor-widget-divider\" data-id=\"7da274d\" data-element_type=\"widget\" data-widget_type=\"divider.default\">\n\t\t\t\t\t\t\t<div class=\"elementor-divider\">\n\t\t\t<span class=\"elementor-divider-separator\">\n\t\t\t\t\t\t<\/span>\n\t\t<\/div>\n\t\t\t\t\t\t<\/div>\n\t\t\t\t<div class=\"elementor-element elementor-element-f38ff65 elementor-widget elementor-widget-heading\" data-id=\"f38ff65\" data-element_type=\"widget\" data-widget_type=\"heading.default\">\n\t\t\t\t\t<span class=\"elementor-heading-title elementor-size-default\">Ansvarsfraskrivelse<\/span>\t\t\t\t<\/div>\n\t\t\t\t<\/div>\n\t\t<div class=\"elementor-element elementor-element-1e390b0 mrkt_root_container e-flex e-con-boxed e-con e-parent\" data-id=\"1e390b0\" data-element_type=\"container\">\n\t\t\t\t\t<div class=\"e-con-inner\">\n\t\t<div class=\"elementor-element elementor-element-b3ef3a7 e-con-full e-flex e-con e-child\" data-id=\"b3ef3a7\" data-element_type=\"container\">\n\t\t\t\t<div class=\"elementor-element elementor-element-a10db1c elementor-widget elementor-widget-heading\" data-id=\"a10db1c\" data-element_type=\"widget\" data-widget_type=\"heading.default\">\n\t\t\t\t\t<h2 class=\"elementor-heading-title elementor-size-default\">Juridisk informasjon<\/h2>\t\t\t\t<\/div>\n\t\t\t\t<div class=\"elementor-element elementor-element-fd3671d elementor-widget elementor-widget-text-editor\" data-id=\"fd3671d\" data-element_type=\"widget\" data-widget_type=\"text-editor.default\">\n\t\t\t\t\t\t\t\t\t<h3>Operat\u00f8r av nettstedet<\/h3><p>\u00a0<\/p><p>Dette nettstedet drives av:<\/p><p>\u00a0<\/p><p>Swiss Family Investors Club<\/p><p>Zeltweg 11, 8032, Z\u00fcrich, Sveits<\/p><p>E-post: info@swissfamilyclub.com<\/p><p>Telefon: 044-256 16 07<\/p><p>\u00a0<\/p><p>Foreningen er en privatrettslig forening med sete i Sveits. Den har ingen kommersielle form\u00e5l, men har som form\u00e5l \u00e5 fremme utveksling, nettverksbygging og utvikling av relasjoner mellom entrepren\u00f8rielt innstilte personer og institusjoner.<\/p><p>\u00a0<\/p><h3>Informasjon gitt<\/h3><p>\u00a0<\/p><p>Informasjonen p\u00e5 dette nettstedet er kun ment for generelle og informative form\u00e5l.<\/p><p>\u00a0<\/p><p>Den sveitsiske familieinvestorklubben:<\/p><p>\u00a0<\/p><ul><li>ikke tilbyr finansielle tjenester i henhold til Financial Services Act (FinSA) eller annen finansmarkedslovgivning,<\/li><li>ikke megler noen finansielle instrumenter,<\/li><li>tilbyr ikke investerings-, formues- eller struktureringsr\u00e5dgivning,<\/li><li>aksepterer ikke innskudd og<\/li><li>utf\u00f8rer ikke transaksjoner p\u00e5 vegne av tredjeparter.<\/li><\/ul><p>\u00a0<\/p><p>Presentasjoner eller beskrivelser av prosjekter, investeringer eller strukturer tjener utelukkende til \u00e5 gi informasjon om organisasjonens virksomhetsomr\u00e5der og forst\u00e5else av dens verdier. De utgj\u00f8r ikke en anbefaling, oppfordring eller tilbud om \u00e5 kj\u00f8pe, selge eller eie finansielle produkter.<\/p><p>Alle beslutninger om investeringer eller finansielle produkter er de respektive personenes eget ansvar, og de b\u00f8r s\u00f8ke r\u00e5d fra egnede spesialister (f.eks. juridiske eller finansielle r\u00e5dgivere) f\u00f8r de foretar seg noe.<\/p><p>\u00a0<\/p><h3>Ansvarsfraskrivelse for innhold og lenker<\/h3><p>\u00a0<\/p><p>Swiss Family Investors Club bestreber seg p\u00e5 \u00e5 oppdatere innholdet p\u00e5 dette nettstedet fortl\u00f8pende og \u00e5 presentere det korrekt. Swiss Family Investors Club p\u00e5tar seg likevel ikke noe ansvar for n\u00f8yaktigheten, fullstendigheten og aktualiteten til informasjonen som gis, s\u00e6rlig den som stammer fra tredjeparter. Vi forbeholder oss retten til \u00e5 endre, supplere eller fjerne innhold uten forvarsel.<\/p><p>Nettstedet v\u00e5rt inneholder lenker til eksterne tredjeparts nettsteder som vi ikke har noen innflytelse over innholdet p\u00e5. Det er alltid den respektive leverand\u00f8ren eller operat\u00f8ren av sidene som er ansvarlig for innholdet p\u00e5 de lenkede sidene. P\u00e5 tidspunktet for lenkingen var det ikke mulig \u00e5 gjenkjenne noe ulovlig innhold. Det er imidlertid ikke rimelig \u00e5 overv\u00e5ke innholdet p\u00e5 de lenkede sidene permanent uten konkrete bevis p\u00e5 lovbrudd. Hvis vi blir oppmerksomme p\u00e5 lovbrudd, vil slike lenker bli fjernet umiddelbart.<\/p><p>\u00a0<\/p><h3>Merknad om opphavsrett<\/h3><p>\u00a0<\/p><p>Innholdet som publiseres p\u00e5 dette nettstedet, inkludert grafikk, bilder, fotografier, tekster og videoer (heretter kalt \"innhold\"), er underlagt opphavsrett. Vi bestreber oss p\u00e5 \u00e5 kun bruke innhold som vi selv har laget, eller \u00e5 bruke lisensfritt materiale, og \u00e5 respektere gjeldende opphavsrettigheter.<\/p><p>Lisenser for visse grafiske elementer, bilder og fotografier som brukes p\u00e5 dette nettstedet, er innhentet fra eksterne leverand\u00f8rer. All bruk av dette lisensierte innholdet er underlagt de respektive lisensvilk\u00e5rene. Videre bruk, duplisering, bearbeiding eller distribusjon av dette innholdet er ikke tillatt uten v\u00e5rt uttrykkelige samtykke og uten \u00e5 overholde de relevante lisensvilk\u00e5rene.<\/p><p>Innholdet p\u00e5 dette nettstedet som er opprettet av oss, kan heller ikke reproduseres, redigeres, distribueres eller brukes p\u00e5 annen m\u00e5te uten skriftlig tillatelse p\u00e5 forh\u00e5nd.<\/p><p>Tredjepartsinnhold er merket som slikt med mindre det stammer fra oss. Skulle du likevel bli oppmerksom p\u00e5 et mulig brudd p\u00e5 opphavsretten, ber vi deg om \u00e5 informere oss umiddelbart. Hvis vi blir oppmerksomme p\u00e5 lovbrudd, vil vi fjerne det aktuelle innholdet umiddelbart.<\/p><p>\u00a0<\/p><h3>Beskyttelse av personopplysninger<\/h3><p>\u00a0<\/p><p>Behandlingen av personopplysninger er underlagt den sveitsiske personvernloven (DSG) og personvernforordningen (GDPR), i den grad disse gjelder. N\u00e6rmere informasjon om dette finner du i den separate <a href=\"\/nb\/datenschutz\/\">Retningslinjer for personvern<\/a> av dette nettstedet.<\/p><p>\u00a0<\/p><h3>Hint<\/h3><p>Dette nettstedet er underlagt sveitsisk lov.<\/p>\t\t\t\t\t\t\t\t<\/div>\n\t\t\t\t<\/div>\n\t\t\t\t\t<\/div>\n\t\t\t\t<\/div>\n\t\t\t\t<\/div>","protected":false},"excerpt":{"rendered":"<p>Rechtliche Informationen Disclaimer Rechtliche Informationen Betreiber der Webseite \u00a0 Diese Webseite wird betrieben durch den: \u00a0 Swiss Family Investors Club Zeltweg 11, 8032, Z\u00fcrich, Schweiz E-Mail: info@swissfamilyclub.com Telefon: 044-256 16 07 \u00a0 Der Verein ist ein privatrechtlich organisierter Zusammenschluss mit Sitz in der Schweiz. Er verfolgt keine kommerziellen Zwecke, sondern dient der F\u00f6rderung des Austauschs, [&hellip;]<\/p>","protected":false},"author":1,"featured_media":0,"parent":0,"menu_order":0,"comment_status":"closed","ping_status":"closed","template":"","meta":{"iawp_total_views":24,"footnotes":""},"class_list":["post-8936","page","type-page","status-publish","hentry"],"_links":{"self":[{"href":"https:\/\/swissfamilyclub.com\/nb\/wp-json\/wp\/v2\/pages\/8936","targetHints":{"allow":["GET"]}}],"collection":[{"href":"https:\/\/swissfamilyclub.com\/nb\/wp-json\/wp\/v2\/pages"}],"about":[{"href":"https:\/\/swissfamilyclub.com\/nb\/wp-json\/wp\/v2\/types\/page"}],"author":[{"embeddable":true,"href":"https:\/\/swissfamilyclub.com\/nb\/wp-json\/wp\/v2\/users\/1"}],"replies":[{"embeddable":true,"href":"https:\/\/swissfamilyclub.com\/nb\/wp-json\/wp\/v2\/comments?post=8936"}],"version-history":[{"count":0,"href":"https:\/\/swissfamilyclub.com\/nb\/wp-json\/wp\/v2\/pages\/8936\/revisions"}],"wp:attachment":[{"href":"https:\/\/swissfamilyclub.com\/nb\/wp-json\/wp\/v2\/media?parent=8936"}],"curies":[{"name":"wp","href":"https:\/\/api.w.org\/{rel}","templated":true}]}}