{"id":7854,"date":"2025-07-24T10:36:47","date_gmt":"2025-07-24T10:36:47","guid":{"rendered":"https:\/\/swissfamilyclub.com\/?page_id=7854"},"modified":"2025-11-18T16:43:22","modified_gmt":"2025-11-18T16:43:22","slug":"datenschutz","status":"publish","type":"page","link":"https:\/\/swissfamilyclub.com\/nb\/datenschutz\/","title":{"rendered":"Beskyttelse av personopplysninger"},"content":{"rendered":"<div data-elementor-type=\"wp-page\" data-elementor-id=\"7854\" class=\"elementor elementor-7854\" data-elementor-post-type=\"page\">\n\t\t\t\t<div class=\"elementor-element elementor-element-674bc07 e-con-full mrkt_root_container e-flex e-con e-child\" data-id=\"674bc07\" data-element_type=\"container\" data-settings=\"{&quot;background_background&quot;:&quot;classic&quot;}\">\n\t\t<div class=\"elementor-element elementor-element-b500eb7 e-con-full elementor-hidden-tablet elementor-hidden-mobile e-flex e-con e-child\" data-id=\"b500eb7\" data-element_type=\"container\" data-settings=\"{&quot;background_background&quot;:&quot;classic&quot;,&quot;position&quot;:&quot;absolute&quot;}\">\n\t\t\t\t<\/div>\n\t\t\t\t<div class=\"elementor-element elementor-element-a28edae elementor-widget elementor-widget-heading\" data-id=\"a28edae\" data-element_type=\"widget\" data-widget_type=\"heading.default\">\n\t\t\t\t\t<h1 class=\"elementor-heading-title elementor-size-default\">Beskyttelse av personopplysninger<\/h1>\t\t\t\t<\/div>\n\t\t\t\t<div class=\"elementor-element elementor-element-7da274d elementor-widget-divider--view-line elementor-widget elementor-widget-divider\" data-id=\"7da274d\" data-element_type=\"widget\" data-widget_type=\"divider.default\">\n\t\t\t\t\t\t\t<div class=\"elementor-divider\">\n\t\t\t<span class=\"elementor-divider-separator\">\n\t\t\t\t\t\t<\/span>\n\t\t<\/div>\n\t\t\t\t\t\t<\/div>\n\t\t\t\t<div class=\"elementor-element elementor-element-f38ff65 elementor-widget elementor-widget-heading\" data-id=\"f38ff65\" data-element_type=\"widget\" data-widget_type=\"heading.default\">\n\t\t\t\t\t<span class=\"elementor-heading-title elementor-size-default\">Sikkert. Konfidensielt. I samsvar med loven.<\/span>\t\t\t\t<\/div>\n\t\t\t\t<\/div>\n\t\t<div class=\"elementor-element elementor-element-1e390b0 mrkt_root_container e-flex e-con-boxed e-con e-parent\" data-id=\"1e390b0\" data-element_type=\"container\">\n\t\t\t\t\t<div class=\"e-con-inner\">\n\t\t<div class=\"elementor-element elementor-element-b3ef3a7 e-con-full e-flex e-con e-child\" data-id=\"b3ef3a7\" data-element_type=\"container\">\n\t\t\t\t<div class=\"elementor-element elementor-element-a10db1c elementor-widget elementor-widget-heading\" data-id=\"a10db1c\" data-element_type=\"widget\" data-widget_type=\"heading.default\">\n\t\t\t\t\t<h2 class=\"elementor-heading-title elementor-size-default\">Retningslinjer for personvern<span style=\"color: var(--e-global-color-accent)\">  Swiss Family Investors Club <\/span>  <\/h2>\t\t\t\t<\/div>\n\t\t\t\t<div class=\"elementor-element elementor-element-d60828b elementor-widget elementor-widget-html\" data-id=\"d60828b\" data-element_type=\"widget\" data-widget_type=\"html.default\">\n\t\t\t\t\t\n    <h2>1. Generell informasjon<\/h2>\n    <p>Denne personvernerkl\u00e6ringen gir informasjon om type, omfang og form\u00e5l med behandlingen av personopplysninger n\u00e5r du bes\u00f8ker og bruker dette nettstedet og de funksjonene og tjenestene som tilbys p\u00e5 det, eller n\u00e5r du kontakter oss.<\/p>\n\n    <h2>2 Anvendelsesomr\u00e5de og definisjoner<\/h2>\n    <p>Denne erkl\u00e6ringen gjelder for alle sider under dette domenet, samt for lenkede undersider, medlemsomr\u00e5der og integrerte tredjepartstjenester, i den grad disse brukes innenfor rammene av dette nettstedet.<\/p>\n    <p>\"Personopplysninger\" betyr enhver opplysning om en identifisert eller identifiserbar fysisk person. \"Behandling\" betyr enhver operasjon som utf\u00f8res med eller uten hjelp av automatiserte prosedyrer i forbindelse med personopplysninger (f.eks. innsamling, lagring, bruk, overf\u00f8ring, sletting).<\/p>\n\n    <h2>3. Rettslige grunnlag<\/h2>\n    <p>Vi behandler personopplysninger i samsvar med gjeldende regelverk, s\u00e6rlig<\/p>\n    <ul>\n        <li>Sveitsisk lov om databeskyttelse (DSG), inkludert gjennomf\u00f8ringsbestemmelser der det er aktuelt,<\/li>\n        <li>EUs personvernforordning (GDPR) der det er aktuelt (f.eks. for brukere fra E\u00d8S),<\/li>\n        <li>avhengig av hvilket land du bruker, ytterligere forskrifter (f.eks. ePrivacy\/TTDSG for informasjonskapsler i Tyskland), der det er aktuelt.<\/li>\n    <\/ul>\n    <br>\n    <p>Det rettslige grunnlaget for behandling av personopplysninger er s\u00e6rlig<\/p>\n    <ul>\n        <li>Art. 6 para. 1 lit. a GDPR \/ Art. 6 para. 6 DSG - Samtykke<\/li>\n        <li>Art. 6 nr. 1 bokstav b GDPR \/ Art. 31 nr. 2 bokstav a FADP - oppfyllelse av kontrakt eller tiltak f\u00f8r kontraktsinng\u00e5else<\/li>\n        <li>Art. 6 para. 1 lit. c GDPR \/ Art. 31 para. 1 DSG - rettslig forpliktelse<\/li>\n        <li>Art. 6 nr. 1 bokstav f GDPR \/ art. 31 nr. 1 FADP - berettiget interesse<\/li>\n    <\/ul>\n\n    <h2>4. Ansvarlige organer, kontaktperson og personvernombud<\/h2>\n    <div class=\"address-block\">\n        <p>\n            <strong>Foreningen Swiss Family Investors Club<\/strong><br>\n            Zeltweg 11, 8032 Z\u00fcrich, Sveits<br>\n            e-post: <a href=\"mailto:info@swissfamilyclub.com\">info@swissfamilyclub.com<\/a>\n        <\/p>\n        <p>\n            <strong>Kontaktperson for databeskyttelse \/ kontaktperson:<\/strong><br>\n            Helmut Kuhn<br>\n            Telefon: +41 44 256 16 07<br>\n            e-post: <a href=\"mailto:info@swissfamilyclub.com\">info@swissfamilyclub.com<\/a>\n        <\/p>\n    <\/div>\n    <p>Merk: Hvis loven krever et formelt personvernombud, vil han eller hun bli navngitt og publisert her, ellers vil kontaktpersonen som er nevnt ovenfor, fungere som personvernkontakt.<\/p>\n\n    <h2>5. Datainnsamling p\u00e5 dette nettstedet<\/h2>\n    <p>Vi samler inn data p\u00e5 to m\u00e5ter:<\/p>\n    <ul>\n        <li>Direkte fra deg (f.eks. kontaktskjema, registrering, nyhetsbrev, s\u00f8knader).<\/li>\n        <li>Automatisk under bes\u00f8ket (f.eks. IP-adresse, nettlesertype\/versjon, operativsystem, dato\/klokkeslett, hvilke sider som er bes\u00f8kt).<\/li>\n    <\/ul>\n    <p>Form\u00e5l: teknisk tilrettelegging og sikkerhet, besvare henvendelser, administrere medlemskap (av foreningen), statistisk evaluering og optimalisering av v\u00e5re tjenester.<\/p>\n\n    <h2>6. Serverloggfiler og sikkerhet<\/h2>\n    <p>Hostingleverand\u00f8ren samler automatisk inn og lagrer informasjon i s\u00e5kalte serverloggfiler, som nettleseren din automatisk overf\u00f8rer (inkludert nettlesertype\/versjon, operativsystem som brukes, henvisende URL, vertsnavn p\u00e5 datamaskinen som f\u00e5r tilgang, tidspunkt for serverforesp\u00f8rselen, IP-adresse). Behandlingen utf\u00f8res p\u00e5 grunnlag av berettigede interesser (sikkerhet, stabilitet, feilanalyse).<\/p>\n\n    <h2>7. Ekstern hosting<\/h2>\n    <p>Dette nettstedet drives av en ekstern tjenesteleverand\u00f8r (hoster). Personopplysninger som samles inn p\u00e5 dette nettstedet, behandles p\u00e5 serverne til hosten. Dette gj\u00f8res for \u00e5 oppfylle kontrakten og for \u00e5 kunne tilby v\u00e5re nettbaserte tjenester p\u00e5 en sikker, rask og effektiv m\u00e5te. Om n\u00f8dvendig utf\u00f8res behandlingen p\u00e5 grunnlag av ditt samtykke.<\/p>\n    <div class=\"address-block\">\n        <strong>Hoster:<\/strong><br>\n        Evolus IT Solutions GmbH<br>\n        Kellergasse 239, 2103 Langenzersdorf, \u00d8sterrike<br>\n        e-post: <a href=\"mailto:info@evolus-it.com\">info@evolus-it.com<\/a>\n    <\/div>\n    <p>Hosteren behandler kun data i samsvar med dokumenterte instruksjoner (ordrebehandling).<\/p>\n\n    <h2>8. registrering, regnskap og medlemskap<\/h2>\n    <p>N\u00e5r du registrerer deg i medlemsomr\u00e5det, vil opplysningene du oppgir bli behandlet for \u00e5 gi deg tilgang og administrere kontoen din. Foreningsrelaterte registreringer\/opptak behandles og administreres av foreningen Swiss Family Investors Club.<\/p>\n    <p>Rettslig grunnlag: Art. 6 nr. 1 bokstav b i GDPR (kontrakt\/medlemskap) eller berettiget interesse (kontoadministrasjon); eventuelt samtykke (art. 6 nr. 1 bokstav a i GDPR) for valgfrie funksjoner; art. 6 i FADP (prinsipper for databehandling); art. 9 i FADP (databehandling etter ordre); art. 16-18 i FADP (utlevering til utlandet); art. 30-32 i FADP (de registrertes rettigheter (informasjon, retting, sletting, begrensning)).<\/p>\n\n    <h2>9. Kontaktkanaler (e-post, telefon, skjemaer)<\/h2>\n    <p>N\u00e5r du kontakter oss, behandler vi opplysningene dine for \u00e5 behandle henvendelsen og eventuelle oppf\u00f8lgingssp\u00f8rsm\u00e5l.<\/p>\n    <p>Rettslig grunnlag: Art. 6 nr. 1 bokstav b GDPR (tiltak f\u00f8r kontraktsinng\u00e5else\/kontrakt) eller bokstav f GDPR (berettiget interesse i effektiv kommunikasjon); art. 6 FADP (prinsipper for databehandling); art. 9 FADP (databehandling etter ordre); art. 16-18 FADP (utlevering til utlandet); art. 30-32 FADP (de registrertes rettigheter (informasjon, korrigering, sletting, begrensning)).<\/p>\n\n    <h2>10. applikasjoner<\/h2>\n    <p>N\u00e5r du s\u00f8ker, behandler vi opplysningene dine utelukkende for \u00e5 kontrollere s\u00f8knaden din og for \u00e5 kommunisere med deg. Hvis s\u00f8knaden din blir innvilget, vil ytterligere behandling finne sted for \u00e5 etablere og gjennomf\u00f8re ansettelsesforholdet. Vi sletter som hovedregel s\u00f8knader som ikke er innvilget, senest etter tre m\u00e5neder, forutsatt at det ikke foreligger berettigede interesser eller rettslige forpliktelser som tilsier noe annet.<\/p>\n\n\n    <h2>11. nyhetsbrev<\/h2>\n    <p>For nyhetsbrevet trenger vi e-postadressen din og en bekreftelse p\u00e5 at du er eier av adressen (double opt-in). Ytterligere data samles kun inn frivillig. Du kan n\u00e5r som helst trekke tilbake ditt samtykke med virkning for fremtiden (avmeldingslenke).<\/p>\n\n    <h2>12. h\u00e5ndtering av informasjonskapsler og samtykke<\/h2>\n    <p>Vi bruker informasjonskapsler og lignende teknologier (f.eks. lokal lagring). Der loven krever det, innhenter vi ditt samtykke via et samtykkebanner f\u00f8r vi plasserer ikke-essensielle informasjonskapsler. Du kan n\u00e5r som helst endre eller tilbakekalle ditt valg i banneret.<\/p>\n    <p>Samtykkeverkt\u00f8y som brukes (hvis aktivert): Cookie Notice &amp; Compliance for GDPR\/CCPA - Lagring av samtykkeavgj\u00f8relsen;<\/p>\n    <p>Rettslig grunnlag: Art. 6 nr. 1 bokstav c GDPR (rettslig forpliktelse) og art. 6 nr. 1 bokstav f GDPR (dokumentasjons- og verifikasjonsplikt); art. 6 FADP (prinsipper for databehandling); art. 9 FADP (databehandling etter ordre); art. 16-18 FADP (utlevering til utlandet); art. 30-32 FADP (de registrertes rettigheter (informasjon, retting, sletting, begrensning)).<\/p>\n\n    <h2>13. Analyse, markedsf\u00f8ring og integrerte tredjepartstjenester<\/h2>\n    <p>F\u00f8lgende tjenester brukes bare hvis det er teknisk n\u00f8dvendig eller, n\u00e5r det gjelder ikke-essensielle verkt\u00f8y, hvis du har gitt ditt samtykke. Data kan bli overf\u00f8rt til tredjeland (f.eks. USA).<\/p>\n\n    <h3>13.1 Google Analytics<\/h3>\n    <p>Leverand\u00f8r: Google Ireland Limited. Google Analytics bruker informasjonskapsler for \u00e5 analysere din bruk av nettstedet. Informasjonen som genereres, overf\u00f8res vanligvis til Googles servere (f.eks. i USA) og lagres der. Du finner mer informasjon om hvordan Google Analytics h\u00e5ndterer brukerdata i <a href=\"https:\/\/policies.google.com\/privacy\" target=\"_blank\">Retningslinjer for personvern<\/a> fra Google.<\/p>\n    <p>Rettslig grunnlag: Samtykke (art. 6, paragraf 1, bokstav a i GDPR), som kan tilbakekalles med virkning for fremtiden; art. 6 i FADP (prinsipper for databehandling); art. 9 i FADP (databehandling etter ordre); art. 16-18 i FADP (utlevering til utlandet); art. 30-32 i FADP (de registrertes rettigheter (informasjon, retting, sletting, begrensning)).<\/p>\n    <ul>\n        <li>IP-anonymisering er aktivert: IP-avkorting innenfor EU\/E\u00d8S; i unntakstilfeller overf\u00f8ring til USA med p\u00e5f\u00f8lgende avkorting.<\/li>\n        <li>Opt-out: Nettlesertillegg p\u00e5 <a href=\"https:\/\/tools.google.com\/dlpage\/gaoptout?hl=de\" target=\"_blank\">https:\/\/tools.google.com\/dlpage\/gaoptout?hl=de<\/a>.<\/li>\n        <li>Demografiske kjennetegn: Rapporter om alder, kj\u00f8nn og interesser (kan ikke knyttes til bestemte personer).<\/li>\n        <li>Lagringsperiode hos Google: vanligvis 14 m\u00e5neder (anonymisert\/slettedato-kontrollert).<\/li>\n    <\/ul>\n\n    <h3>13.2 Google Analytics Remarketing og Google Ads (inkl. DoubleClick)<\/h3>\n    <p>Med ditt samtykke kan vi bruke annonseringsfunksjoner p\u00e5 tvers av enheter. Dette gj\u00f8r det mulig \u00e5 vise interessebasert annonsering p\u00e5 ulike enheter. Du kan n\u00e5r som helst deaktivere dette via annonseinnstillingene i Google-kontoen din (<a href=\"https:\/\/adssettings.google.com\/\" target=\"_blank\">https:\/\/adssettings.google.com\/<\/a>).<\/p>\n\n    <h3>13.3 Google AdSense<\/h3>\n    <p>Informasjonskapsler\/web beacons kan brukes til \u00e5 vise kontekstrelaterte annonser.<\/p>\n    <p>Rettslig grunnlag: Samtykke (art. 6 nr. 1 bokstav a i GDPR) og\/eller berettiget interesse (optimalisering av tilbudet; art. 6 nr. 1 bokstav f i GDPR), i den grad det er tillatt; art. 6 i FADP (prinsipper for databehandling); art. 9 i FADP (databehandling etter ordre); art. 16-18 i FADP (utlevering til utlandet); art. 30-32 i FADP (de registrertes rettigheter (informasjon, retting, sletting, begrensning)).<\/p>\n\n    <h3>13.4 Google Maps<\/h3>\n    <p>Vi bruker Google Maps til \u00e5 vise kart. Tekniske data (f.eks. IP-adresse) kan overf\u00f8res til Google og sendes til tredjeland (f.eks. USA). Ytterligere informasjon finner du i <a href=\"https:\/\/policies.google.com\/privacy\" target=\"_blank\">Retningslinjer for personvern<\/a> fra Google...<\/p>\n    <p>Grunnlag: berettiget interesse i brukervennlig presentasjon (art. 6, paragraf 1, bokstav f i GDPR) eller ditt samtykke, hvis n\u00f8dvendig; art. 6 i FADP (prinsipper for databehandling); art. 9 i FADP (databehandling etter ordre); art. 16-18 i FADP (utlevering til utlandet); art. 30-32 i FADP (de registrertes rettigheter (informasjon, korrigering, sletting, begrensning)).<\/p>\n\n    \n\n    <h3>13.5 Yoast SEO<\/h3>\n    <p>Yoast SEO brukes til \u00e5 optimalisere innhold for s\u00f8kemotorer. I henhold til gjeldende status behandles ingen personopplysninger om bes\u00f8kende; skulle fremtidige funksjoner behandle data, vil dette kun gj\u00f8res p\u00e5 grunnlag av gjeldende rettsgrunnlag og, om n\u00f8dvendig, samtykke.<\/p>\n\n    <h3>13.6 Google-anmeldelser - Premium-tillegg for Elementor<\/h3>\n    <p>IP-adresse og teknisk informasjon kan bli behandlet for \u00e5 vise Google-rangeringer.<\/p>\n    <p>Rettslig grunnlag: Samtykke (art. 6, paragraf 1, bokstav a i GDPR), som kan tilbakekalles n\u00e5r som helst; art. 6 i FADP (prinsipper for databehandling); art. 9 i FADP (databehandling etter ordre); art. 16-18 i FADP (utlevering til utlandet); art. 30-32 i FADP (de registrertes rettigheter (informasjon, retting, sletting, begrensning)).<\/p>\n\n    <h3>13.7 Bestillbar (bestillings-\/reservasjonssystem)<\/h3>\n    <p>Personopplysninger (f.eks. navn, kontaktinformasjon, bestillingsinformasjon) behandles for \u00e5 behandle bestillingene dine.<\/p>\n    <p>Rettslig grunnlag: Art. 6 para. 1 lit. b GDPR (kontrakt); art. 6 FADP (prinsipper for databehandling); art. 9 FADP (databehandling etter ordre); art. 16-18 FADP (utlevering til utlandet); art. 30-32 FADP (de registrertes rettigheter (informasjon, retting, sletting, begrensning)).<\/p>\n\n    <h3>13.8 Tilgjengelighet med ett klikk<\/h3>\n    <p>Utvidelsen forbedrer tilgjengeligheten til nettstedet. Som det er n\u00e5, behandler den ingen personopplysninger om bes\u00f8kende.<\/p>\n\n    <h3>13.9 Site Kit fra Google<\/h3>\n    <p>Site Kit samler rapporter\/statistikk fra Google-tjenester (f.eks. Analytics, Search Console). Plugin-enheten i seg selv behandler vanligvis ikke personopplysninger om bes\u00f8kende, men de underliggende tjenestene kan behandle data - se de respektive avsnittene.<\/p>\n\n    <h3>13.10 Metapiksel (Facebook)<\/h3>\n    <p>Metapikselen kan brukes til konverteringsm\u00e5ling og remarketing. Leverand\u00f8r: Meta Platforms Ireland Ltd. Dataene som samles inn er anonyme for oss; Meta kan bruke dem til egne form\u00e5l (f.eks. profilering, annonsering).<\/p>\n    <p>Rettslig grunnlag: Samtykke (art. 6, par. 1 lit. a GDPR), som kan tilbakekalles i reklameinnstillingene p\u00e5 metakontoen din; art. 6 FADP (prinsipper for databehandling); art. 9 FADP (databehandling etter ordre); art. 16-18 FADP (utlevering til utlandet); art. 30-32 FADP (de registrertes rettigheter (informasjon, retting, sletting, begrensning)).<\/p>\n\n\n    <h2>14 Egen tilstedev\u00e6relse i sosiale medier<\/h2>\n    <p>Vi har profiler p\u00e5 sosiale nettverk (f.eks. Facebook, Instagram, LinkedIn). N\u00e5r du bes\u00f8ker disse profilene, gjelder databeskyttelsesbestemmelsene til de respektive plattformoperat\u00f8rene. I den grad vi behandler opplysninger der, skjer dette p\u00e5 grunnlag av berettigede interesser (art. 6, nr. 1, bokstav f i GDPR). For noen nettsteder kan det v\u00e6re felles ansvar med plattformoperat\u00f8ren (art. 26 GDPR); hovedinnholdet i avtalene leveres av den respektive leverand\u00f8ren. I tillegg gjelder de relevante bestemmelsene i den sveitsiske databeskyttelsesloven, s\u00e6rlig art. 6 FADP (prinsipper for databehandling); art. 9 FADP (databehandling etter ordre); art. 16-18 FADP (utlevering til utlandet); art. 30-32 FADP (de registrertes rettigheter (informasjon, retting, sletting, begrensning)).<\/p>\n\n    <h2>15. Internasjonale dataoverf\u00f8ringer (tredjeland)<\/h2>\n    <p>Data vil bare bli overf\u00f8rt til land utenfor Sveits eller E\u00d8S (\"tredjeland\") hvis minst ett av f\u00f8lgende vilk\u00e5r er oppfylt:<\/p>\n    <ul>\n        <li>Tilstrekkelighetsbeslutning (EU eller Sveits) for det aktuelle landet,<\/li>\n        <li>egnede garantier (s\u00e6rlig standard kontraktsklausuler\/ SCC, supplerende tiltak),<\/li>\n        <li>Ditt uttrykkelige samtykke eller n\u00f8dvendighet for oppfyllelse av kontrakten.<\/li>\n    <\/ul>\n    <p>Dette kan p\u00e5virke USA, s\u00e6rlig hvis vi bruker tjenester fra amerikanske leverand\u00f8rer. Det er en risiko for statlig tilgang. S\u00e5 langt det er mulig, benytter vi oss av minimering, pseudonymisering\/kryptering og kontraktsmessige garantier.<\/p>\n\n    <h2>16. Lagringsperiode og sletting<\/h2>\n    <p>Vi behandler kun personopplysninger s\u00e5 lenge det er n\u00f8dvendig for de respektive form\u00e5lene, eller s\u00e5 lenge det foreligger lovp\u00e5lagte oppbevaringsforpliktelser. Etter dette slettes eller anonymiseres opplysningene.<\/p>\n\n    <h2>17 Dine rettigheter<\/h2>\n    <p>Du har f\u00f8lgende rettigheter:<\/p>\n    <ul>\n        <li>Informasjon om lagrede data: Art. 15 GDPR \/ Art. 25 DSG<\/li>\n        <li>Retting av feilaktige opplysninger: Art. 16 GDPR \/ Art. 32 para. 1 lit. a FADP<\/li>\n        <li>Sletting (\"retten til \u00e5 bli glemt\"): Art. 17 GDPR \/ Art. 32 para. 2 lit. c FADP<\/li>\n        <li>Begrensning av behandling: Art. 18 GDPR \/ Art. 32 para. 2 lit. b FADP<\/li>\n        <li>Dataportabilitet: art. 20 GDPR \/ art. 28 FADP<\/li>\n        <li>Tilbakekalling av samtykke gitt med virkning for fremtiden: art. 7 nr. 3 GDPR \/ art. 6 FADP<\/li>\n        <li>Innsigelse mot behandling basert p\u00e5 legitime interesser (inkl. direkte reklame): Art. 21 GDPR \/ Art. 32 FADP<\/li>\n        <li>Rett til \u00e5 klage til en tilsynsmyndighet:\n            <ul>\n                <li>EU: Art. 77 GDPR<\/li>\n                <li>Sveits: Art. 49 FADP (Federal Data Protection and Information Commissioner, FDPIC)<\/li>\n            <\/ul>\n        <\/li>\n    <\/ul>\n    <p>For \u00e5 ut\u00f8ve dine rettigheter kan du kontakte Swiss Family Relations AG (teknisk behandling) eller Swiss Family Investors Club (foreningsrelatert behandling), avhengig av hvem som er ansvarlig.<\/p>\n\n    <h2>19. SSL\/TLS-kryptering og sikker overf\u00f8ring<\/h2>\n    <p>Dette nettstedet bruker SSL\/TLS-kryptering. Du kan gjenkjenne dette p\u00e5 \"https:\/\/\" og l\u00e5ssymbolet i nettleseren. N\u00e5r krypteringen er aktivert, kan ikke overf\u00f8rte data leses av tredjeparter.<\/p>\n\n    <h2>20. Innsigelse mot reklamepost<\/h2>\n    <p>Vi motsetter oss bruk av kontaktopplysninger som er publisert i den juridiske merknaden, til utsendelse av uoppfordret reklame og informasjonsmateriell. Vi forbeholder oss retten til \u00e5 iverksette rettslige skritt i tilfelle s\u00f8ppelpost.<\/p>\n\n    <h2>21 Endringer i denne personvernerkl\u00e6ringen<\/h2>\n    <p>Vi forbeholder oss retten til \u00e5 endre denne erkl\u00e6ringen for \u00e5 tilpasse den til endrede juridiske situasjoner eller teknisk utvikling. Den gjeldende versjonen som er publisert p\u00e5 denne siden, gjelder i hvert enkelt tilfelle.<\/p>\t\t\t\t<\/div>\n\t\t\t\t<\/div>\n\t\t\t\t\t<\/div>\n\t\t\t\t<\/div>\n\t\t\t\t<\/div>","protected":false},"excerpt":{"rendered":"<p>Datenschutz Sicher. Vertraulich. Gesetzeskonform. Datenschutzerkl\u00e4rung Swiss Family Investors Club 1. Allgemeine Hinweise Diese Datenschutzerkl\u00e4rung informiert \u00fcber Art, Umfang und Zwecke der Verarbeitung personenbezogener Daten beim Besuch und bei der Nutzung dieser Website sowie der dar\u00fcber angebotenen Funktionen und Services oder wenn Sie mit uns in Kontakt treten. 2. Geltungsbereich &#038; Begriffsbestimmungen Diese Erkl\u00e4rung gilt f\u00fcr [&hellip;]<\/p>","protected":false},"author":1,"featured_media":0,"parent":0,"menu_order":0,"comment_status":"closed","ping_status":"closed","template":"","meta":{"iawp_total_views":76,"footnotes":""},"class_list":["post-7854","page","type-page","status-publish","hentry"],"_links":{"self":[{"href":"https:\/\/swissfamilyclub.com\/nb\/wp-json\/wp\/v2\/pages\/7854","targetHints":{"allow":["GET"]}}],"collection":[{"href":"https:\/\/swissfamilyclub.com\/nb\/wp-json\/wp\/v2\/pages"}],"about":[{"href":"https:\/\/swissfamilyclub.com\/nb\/wp-json\/wp\/v2\/types\/page"}],"author":[{"embeddable":true,"href":"https:\/\/swissfamilyclub.com\/nb\/wp-json\/wp\/v2\/users\/1"}],"replies":[{"embeddable":true,"href":"https:\/\/swissfamilyclub.com\/nb\/wp-json\/wp\/v2\/comments?post=7854"}],"version-history":[{"count":0,"href":"https:\/\/swissfamilyclub.com\/nb\/wp-json\/wp\/v2\/pages\/7854\/revisions"}],"wp:attachment":[{"href":"https:\/\/swissfamilyclub.com\/nb\/wp-json\/wp\/v2\/media?parent=7854"}],"curies":[{"name":"wp","href":"https:\/\/api.w.org\/{rel}","templated":true}]}}