{"id":7854,"date":"2025-07-24T10:36:47","date_gmt":"2025-07-24T10:36:47","guid":{"rendered":"https:\/\/swissfamilyclub.com\/?page_id=7854"},"modified":"2025-11-18T16:43:22","modified_gmt":"2025-11-18T16:43:22","slug":"datenschutz","status":"publish","type":"page","link":"https:\/\/swissfamilyclub.com\/it\/datenschutz\/","title":{"rendered":"Protezione dei dati"},"content":{"rendered":"<div data-elementor-type=\"wp-page\" data-elementor-id=\"7854\" class=\"elementor elementor-7854\" data-elementor-post-type=\"page\">\n\t\t\t\t<div class=\"elementor-element elementor-element-674bc07 e-con-full mrkt_root_container e-flex e-con e-child\" data-id=\"674bc07\" data-element_type=\"container\" data-settings=\"{&quot;background_background&quot;:&quot;classic&quot;}\">\n\t\t<div class=\"elementor-element elementor-element-b500eb7 e-con-full elementor-hidden-tablet elementor-hidden-mobile e-flex e-con e-child\" data-id=\"b500eb7\" data-element_type=\"container\" data-settings=\"{&quot;background_background&quot;:&quot;classic&quot;,&quot;position&quot;:&quot;absolute&quot;}\">\n\t\t\t\t<\/div>\n\t\t\t\t<div class=\"elementor-element elementor-element-a28edae elementor-widget elementor-widget-heading\" data-id=\"a28edae\" data-element_type=\"widget\" data-widget_type=\"heading.default\">\n\t\t\t\t\t<h1 class=\"elementor-heading-title elementor-size-default\">Protezione dei dati<\/h1>\t\t\t\t<\/div>\n\t\t\t\t<div class=\"elementor-element elementor-element-7da274d elementor-widget-divider--view-line elementor-widget elementor-widget-divider\" data-id=\"7da274d\" data-element_type=\"widget\" data-widget_type=\"divider.default\">\n\t\t\t\t\t\t\t<div class=\"elementor-divider\">\n\t\t\t<span class=\"elementor-divider-separator\">\n\t\t\t\t\t\t<\/span>\n\t\t<\/div>\n\t\t\t\t\t\t<\/div>\n\t\t\t\t<div class=\"elementor-element elementor-element-f38ff65 elementor-widget elementor-widget-heading\" data-id=\"f38ff65\" data-element_type=\"widget\" data-widget_type=\"heading.default\">\n\t\t\t\t\t<span class=\"elementor-heading-title elementor-size-default\">Sicuro. Riservato. Conformi alla legge.<\/span>\t\t\t\t<\/div>\n\t\t\t\t<\/div>\n\t\t<div class=\"elementor-element elementor-element-1e390b0 mrkt_root_container e-flex e-con-boxed e-con e-parent\" data-id=\"1e390b0\" data-element_type=\"container\">\n\t\t\t\t\t<div class=\"e-con-inner\">\n\t\t<div class=\"elementor-element elementor-element-b3ef3a7 e-con-full e-flex e-con e-child\" data-id=\"b3ef3a7\" data-element_type=\"container\">\n\t\t\t\t<div class=\"elementor-element elementor-element-a10db1c elementor-widget elementor-widget-heading\" data-id=\"a10db1c\" data-element_type=\"widget\" data-widget_type=\"heading.default\">\n\t\t\t\t\t<h2 class=\"elementor-heading-title elementor-size-default\">Informativa sulla privacy<span style=\"color: var(--e-global-color-accent)\">  Club svizzero degli investitori familiari <\/span>  <\/h2>\t\t\t\t<\/div>\n\t\t\t\t<div class=\"elementor-element elementor-element-d60828b elementor-widget elementor-widget-html\" data-id=\"d60828b\" data-element_type=\"widget\" data-widget_type=\"html.default\">\n\t\t\t\t\t\n    <h2>1. informazioni generali<\/h2>\n    <p>La presente informativa sulla privacy fornisce informazioni sul tipo, l'ambito e lo scopo del trattamento dei dati personali quando visitate e utilizzate questo sito web e le funzioni e i servizi che offre o quando ci contattate.<\/p>\n\n    <h2>2 Ambito di applicazione e definizioni<\/h2>\n    <p>La presente dichiarazione si applica a tutte le pagine di questo dominio, nonch\u00e9 alle sottopagine collegate, alle aree riservate ai membri e ai servizi integrati di terzi, nella misura in cui questi vengono utilizzati nell'ambito di questo sito web.<\/p>\n    <p>Per \"dati personali\" si intende qualsiasi informazione relativa a una persona fisica identificata o identificabile. Per \"trattamento\" si intende qualsiasi operazione effettuata con o senza l'ausilio di procedure automatizzate in relazione ai dati personali (ad es. raccolta, archiviazione, utilizzo, trasmissione, cancellazione).<\/p>\n\n    <h2>3. basi legali<\/h2>\n    <p>Trattiamo i dati personali in conformit\u00e0 alle normative vigenti, in particolare<\/p>\n    <ul>\n        <li>Legge svizzera sulla protezione dei dati (DSG) e relative disposizioni di attuazione, ove applicabili,<\/li>\n        <li>Regolamento generale sulla protezione dei dati (GDPR) dell'UE, ove applicabile (ad esempio per gli utenti del SEE),<\/li>\n        <li>a seconda del paese di utilizzo, ulteriori normative (ad esempio ePrivacy\/TTDSG per i cookie in Germania), ove applicabili.<\/li>\n    <\/ul>\n    <br>\n    <p>Le basi giuridiche per il trattamento dei dati personali sono in particolare<\/p>\n    <ul>\n        <li>Art. 6 par. 1 lit. a GDPR \/ Art. 6 par. 6 DSG - Consenso<\/li>\n        <li>Art. 6 par. 1 lett. b GDPR \/ Art. 31 par. 2 lett. a FADP - adempimento del contratto o misure precontrattuali<\/li>\n        <li>Art. 6 cpv. 1 lett. c GDPR \/ Art. 31 cpv. 1 DSG - obbligo legale<\/li>\n        <li>Art. 6 par. 1 lett. f GDPR \/ Art. 31 par. 1 FADP - interesse legittimo<\/li>\n    <\/ul>\n\n    <h2>4. organi responsabili, contatto e responsabile della protezione dei dati<\/h2>\n    <div class=\"address-block\">\n        <p>\n            <strong>Associazione Club svizzero degli investitori familiari<\/strong><br>\n            Zeltweg 11, 8032 Zurigo, Svizzera<br>\n            E-mail: <a href=\"mailto:info@swissfamilyclub.com\">info@swissfamilyclub.com<\/a>\n        <\/p>\n        <p>\n            <strong>Contatto per la protezione dei dati \/ persona di contatto:<\/strong><br>\n            Helmut Kuhn<br>\n            Telefono: +41 44 256 16 07<br>\n            E-mail: <a href=\"mailto:info@swissfamilyclub.com\">info@swissfamilyclub.com<\/a>\n        <\/p>\n    <\/div>\n    <p>Nota: se la legge richiede un responsabile formale per la protezione dei dati, questo sar\u00e0 nominato e pubblicato qui; altrimenti, la persona di contatto sopra indicata funger\u00e0 da contatto per la protezione dei dati.<\/p>\n\n    <h2>5. raccolta di dati su questo sito web<\/h2>\n    <p>Raccogliamo i dati in due modi:<\/p>\n    <ul>\n        <li>Direttamente da voi (ad es. modulo di contatto, registrazione, newsletter, applicazioni).<\/li>\n        <li>Automaticamente durante la visita (ad es. indirizzo IP, tipo\/versione del browser, sistema operativo, data\/ora, pagine visitate).<\/li>\n    <\/ul>\n    <p>Finalit\u00e0: fornitura tecnica e sicurezza, risposta alle richieste, gestione delle iscrizioni (da parte dell'associazione), valutazione statistica e ottimizzazione dei nostri servizi.<\/p>\n\n    <h2>6. file di log del server e sicurezza<\/h2>\n    <p>Il provider di hosting raccoglie e memorizza automaticamente nei cosiddetti file di log del server le informazioni che il vostro browser trasmette automaticamente (ad es. tipo\/versione del browser, sistema operativo utilizzato, URL di riferimento, nome host del computer di accesso, ora della richiesta del server, indirizzo IP). Il trattamento si basa su interessi legittimi (sicurezza, stabilit\u00e0, analisi degli errori).<\/p>\n\n    <h2>7. hosting esterno<\/h2>\n    <p>Questo sito web \u00e8 gestito da un fornitore di servizi esterno (hoster). I dati personali raccolti su questo sito web vengono elaborati sui server dell'hoster. Ci\u00f2 avviene per adempiere al contratto e nell'interesse di una fornitura sicura, rapida ed efficiente dei nostri servizi online. Se necessario, il trattamento viene effettuato sulla base del vostro consenso.<\/p>\n    <div class=\"address-block\">\n        <strong>Hoster:<\/strong><br>\n        Evolus IT Solutions GmbH<br>\n        Kellergasse 239, 2103 Langenzersdorf, Austria<br>\n        E-mail: <a href=\"mailto:info@evolus-it.com\">info@evolus-it.com<\/a>\n    <\/div>\n    <p>L'hoster tratta i dati solo in base alle istruzioni documentate (elaborazione dell'ordine).<\/p>\n\n    <h2>8. registrazione, contabilit\u00e0 e affiliazione<\/h2>\n    <p>Quando ci si registra nell'area riservata ai soci, i dati forniti vengono elaborati per consentire l'accesso e la gestione dell'account. Le registrazioni\/ammissioni relative all'associazione vengono elaborate e gestite dall'associazione Swiss Family Investors Club.<\/p>\n    <p>Base giuridica: art. 6 par. 1 lett. b GDPR (contratto\/appartenenza) o interesse legittimo (gestione dell'account); se del caso, consenso (art. 6 par. 1 lett. a GDPR) per le funzioni facoltative; art. 6 LADP (principi del trattamento dei dati); art. 9 LADP (trattamento dei dati per ordine); artt. 16-18 LADP (divulgazione all'estero); artt. 30-32 LADP (diritti degli interessati (informazione, rettifica, cancellazione, limitazione)).<\/p>\n\n    <h2>9. canali di contatto (e-mail, telefono, moduli)<\/h2>\n    <p>Quando ci contattate, trattiamo i vostri dati per elaborare la richiesta e le eventuali domande successive.<\/p>\n    <p>Base giuridica: art. 6 par. 1 lett. b GDPR (misure precontrattuali\/contratto) o lett. f GDPR (legittimo interesse a una comunicazione efficiente); art. 6 LADP (principi del trattamento dei dati); art. 9 LADP (trattamento dei dati per ordine); artt. 16-18 LADP (divulgazione all'estero); artt. 30-32 LADP (diritti degli interessati (informazione, rettifica, cancellazione, limitazione)).<\/p>\n\n    <h2>10. applicazioni<\/h2>\n    <p>Quando vi candidate, trattiamo i vostri dati esclusivamente per verificare la vostra candidatura e la vostra comunicazione. Se la vostra candidatura viene accolta, si proceder\u00e0 a un ulteriore trattamento per stabilire e attuare il rapporto di lavoro. In genere cancelliamo le candidature non accolte al pi\u00f9 tardi dopo tre mesi, a condizione che non vi siano interessi legittimi o obblighi legali contrari.<\/p>\n\n\n    <h2>11a Newsletter<\/h2>\n    <p>Per la newsletter, richiediamo il vostro indirizzo e-mail e la conferma che siete i proprietari dell'indirizzo (double opt-in). Altri dati vengono raccolti solo su base volontaria. \u00c8 possibile revocare il proprio consenso in qualsiasi momento con effetto per il futuro (link di cancellazione).<\/p>\n\n    <h2>12. cookie e gestione del consenso<\/h2>\n    <p>Utilizziamo cookie e tecnologie simili (ad es. memorizzazione locale). Laddove richiesto dalla legge, prima di impostare i cookie non essenziali chiediamo il consenso dell'utente tramite un banner di consenso. Potete modificare o revocare la vostra selezione nel banner in qualsiasi momento.<\/p>\n    <p>Strumento di consenso utilizzato (se attivato): Cookie Notice &amp; Compliance for GDPR\/CCPA - Memorizzazione della decisione di consenso;<\/p>\n    <p>Base giuridica: art. 6 cpv. 1 lett. c GDPR (obbligo di legge) e art. 6 cpv. 1 lett. f GDPR (obblighi di documentazione e verifica); art. 6 LADP (principi del trattamento dei dati); art. 9 LADP (trattamento dei dati per ordine); artt. 16-18 LADP (divulgazione all'estero); artt. 30-32 LADP (diritti degli interessati (informazione, rettifica, cancellazione, limitazione)).<\/p>\n\n    <h2>13. analisi, marketing e servizi integrati di terzi<\/h2>\n    <p>I seguenti servizi vengono utilizzati solo se tecnicamente necessari o, nel caso di strumenti non essenziali, se l'utente ha dato il proprio consenso. I dati possono essere trasferiti in paesi terzi (ad esempio negli Stati Uniti).<\/p>\n\n    <h3>13.1 Google Analytics<\/h3>\n    <p>Fornitore: Google Ireland Limited. Google Analytics utilizza i cookie per analizzare il vostro utilizzo del sito web. Le informazioni generate vengono solitamente trasferite ai server di Google (ad esempio negli Stati Uniti) e l\u00ec memorizzate. Per ulteriori informazioni sulle modalit\u00e0 di gestione dei dati degli utenti da parte di Google Analytics, consultare il sito web di Google. <a href=\"https:\/\/policies.google.com\/privacy\" target=\"_blank\">Informativa sulla privacy<\/a> da Google.<\/p>\n    <p>Base giuridica: consenso (art. 6 par. 1 lett. a GDPR), revocabile con effetto per il futuro; art. 6 LADP (principi del trattamento dei dati); art. 9 LADP (trattamento dei dati per ordine); artt. 16-18 LADP (divulgazione all'estero); artt. 30-32 LADP (diritti degli interessati (informazione, rettifica, cancellazione, limitazione)).<\/p>\n    <ul>\n        <li>Anonimizzazione IP attivata: Troncamento dell'IP all'interno dell'UE\/SEE; in casi eccezionali, trasferimento negli USA con successivo troncamento.<\/li>\n        <li>Opt-out: componente aggiuntivo del browser all'indirizzo <a href=\"https:\/\/tools.google.com\/dlpage\/gaoptout?hl=de\" target=\"_blank\">https:\/\/tools.google.com\/dlpage\/gaoptout?hl=de<\/a>.<\/li>\n        <li>Caratteristiche demografiche: Rapporti su et\u00e0, sesso e interessi (non possono essere assegnati a individui specifici).<\/li>\n        <li>Periodo di archiviazione presso Google: generalmente 14 mesi (data di anonimizzazione\/cancellazione controllata).<\/li>\n    <\/ul>\n\n    <h3>13.2 Remarketing di Google Analytics e Google Ads (incluso DoubleClick)<\/h3>\n    <p>Con il vostro consenso, possiamo utilizzare funzioni pubblicitarie cross-device. Ci\u00f2 consente la visualizzazione di pubblicit\u00e0 basata sugli interessi su diversi dispositivi. La disattivazione \u00e8 possibile in qualsiasi momento tramite le impostazioni pubblicitarie del vostro account Google (<a href=\"https:\/\/adssettings.google.com\/\" target=\"_blank\">https:\/\/adssettings.google.com\/<\/a>).<\/p>\n\n    <h3>13.3 Google AdSense<\/h3>\n    <p>I cookie\/web beacon possono essere utilizzati per visualizzare annunci pubblicitari contestuali.<\/p>\n    <p>Base giuridica: consenso (art. 6 cpv. 1 lett. a GDPR) e\/o legittimo interesse (ottimizzazione dell'offerta; art. 6 cpv. 1 lett. f GDPR), nella misura in cui \u00e8 consentito; art. 6 LADP (principi del trattamento dei dati); art. 9 LADP (trattamento dei dati per ordine); artt. 16-18 LADP (divulgazione all'estero); artt. 30-32 LADP (diritti degli interessati (informazione, rettifica, cancellazione, limitazione)).<\/p>\n\n    <h3>13.4 Google Maps<\/h3>\n    <p>Per la visualizzazione delle mappe utilizziamo Google Maps. I dati tecnici (ad es. l'indirizzo IP) possono essere trasferiti a Google e trasmessi a paesi terzi (ad es. gli Stati Uniti). Ulteriori informazioni sono disponibili nella sezione <a href=\"https:\/\/policies.google.com\/privacy\" target=\"_blank\">Informativa sulla privacy<\/a> da Google.<\/p>\n    <p>Base: legittimo interesse alla presentazione user-friendly (art. 6 par. 1 lett. f GDPR) o il vostro consenso, se richiesto; art. 6 LADP (principi del trattamento dei dati); art. 9 LADP (trattamento dei dati per ordine); artt. 16-18 LADP (divulgazione all'estero); artt. 30-32 LADP (diritti degli interessati (informazione, rettifica, cancellazione, limitazione)).<\/p>\n\n    \n\n    <h3>13.5 Yoast SEO<\/h3>\n    <p>Yoast SEO viene utilizzato per ottimizzare i contenuti per i motori di ricerca. Allo stato attuale, non vengono elaborati dati personali dei visitatori; qualora le funzioni future dovessero elaborare dati, ci\u00f2 avverr\u00e0 solo sulla base della base giuridica applicabile e, se necessario, del consenso.<\/p>\n\n    <h3>13.6 Recensioni di Google - Componenti aggiuntivi premium per Elementor<\/h3>\n    <p>L'indirizzo IP e le informazioni tecniche possono essere elaborati per visualizzare le valutazioni di Google.<\/p>\n    <p>Base giuridica: consenso (art. 6 par. 1 lett. a GDPR), revocabile in qualsiasi momento; art. 6 LADP (principi del trattamento dei dati); art. 9 LADP (trattamento dei dati per ordine); artt. 16-18 LADP (divulgazione all'estero); artt. 30-32 LADP (diritti degli interessati (informazione, rettifica, cancellazione, limitazione)).<\/p>\n\n    <h3>13,7 Ordinabile (sistema di ordinazione\/prenotazione)<\/h3>\n    <p>I dati personali (ad es. nome, dati di contatto, dettagli dell'ordine) vengono trattati per elaborare gli ordini.<\/p>\n    <p>Base giuridica: Art. 6 par. 1 lit. b GDPR (contratto); Art. 6 FADP (principi del trattamento dei dati); Art. 9 FADP (trattamento dei dati per ordine); Art. 16-18 FADP (divulgazione all'estero); Art. 30-32 FADP (diritti degli interessati (informazione, rettifica, cancellazione, limitazione)).<\/p>\n\n    <h3>13.8 Accessibilit\u00e0 con un solo clic<\/h3>\n    <p>Il plugin migliora l'accessibilit\u00e0 del sito web. Allo stato attuale, non tratta alcun dato personale dei visitatori.<\/p>\n\n    <h3>13,9 Kit sito di Google<\/h3>\n    <p>Site Kit raggruppa rapporti\/statistiche provenienti dai servizi di Google (ad es. Analytics, Search Console). Il plugin stesso non elabora in genere alcun dato personale dei visitatori; i servizi sottostanti possono elaborare dati - si vedano le rispettive sezioni.<\/p>\n\n    <h3>13.10 Meta pixel (Facebook)<\/h3>\n    <p>Il meta pixel pu\u00f2 essere utilizzato per la misurazione delle conversioni e il remarketing. Fornitore: Meta Platforms Ireland Ltd. I dati raccolti sono anonimi per noi; Meta pu\u00f2 utilizzarli per i propri scopi (ad es. profilazione, pubblicit\u00e0).<\/p>\n    <p>Base giuridica: consenso (art. 6 par. 1 lett. a GDPR), revocabile nelle impostazioni pubblicitarie del vostro account meta; art. 6 LADP (principi del trattamento dei dati); art. 9 LADP (trattamento dei dati per ordine); artt. 16-18 LADP (divulgazione all'estero); artt. 30-32 LADP (diritti degli interessati (informazione, rettifica, cancellazione, limitazione)).<\/p>\n\n\n    <h2>14 Presenza sui social media<\/h2>\n    <p>Gestiamo profili sui social network (ad es. Facebook, Instagram, LinkedIn). Quando si visitano questi profili, si applicano le disposizioni sulla protezione dei dati dei rispettivi gestori delle piattaforme. Nella misura in cui elaboriamo i dati in questi siti, ci\u00f2 avviene sulla base di interessi legittimi (art. 6 cpv. 1 lett. f GDPR). Per alcuni siti web pu\u00f2 esistere una responsabilit\u00e0 congiunta con il gestore della piattaforma (art. 26 GDPR); il contenuto principale degli accordi \u00e8 fornito dal rispettivo fornitore. Inoltre, si applicano le disposizioni pertinenti della legge svizzera sulla protezione dei dati, in particolare l'art. 6 della LADP (principi del trattamento dei dati); l'art. 9 della LADP (trattamento dei dati per ordine); gli artt. 16-18 della LADP (divulgazione all'estero); gli artt. 30-32 della LADP (diritti degli interessati (informazione, rettifica, cancellazione, limitazione)).<\/p>\n\n    <h2>15. trasferimenti internazionali di dati (paesi terzi)<\/h2>\n    <p>I dati saranno trasferiti a paesi al di fuori della Svizzera o del SEE (\"paesi terzi\") solo se \u00e8 soddisfatta almeno una delle seguenti condizioni:<\/p>\n    <ul>\n        <li>Decisione di adeguatezza (UE o Svizzera) per il Paese in questione,<\/li>\n        <li>garanzie adeguate (in particolare clausole contrattuali standard\/ SCC, misure supplementari),<\/li>\n        <li>Il vostro consenso esplicito o la necessit\u00e0 di adempiere al contratto.<\/li>\n    <\/ul>\n    <p>Ci\u00f2 pu\u00f2 riguardare gli Stati Uniti, in particolare se utilizziamo servizi di fornitori statunitensi. Esiste il rischio di accesso da parte dello Stato. Per quanto possibile, ci affidiamo alla minimizzazione, alla pseudonimizzazione\/crittografia e alle garanzie contrattuali.<\/p>\n\n    <h2>16. periodo di conservazione e cancellazione<\/h2>\n    <p>Trattiamo i dati personali solo per il tempo necessario ai rispettivi scopi o per gli obblighi di conservazione previsti dalla legge. Successivamente, i dati vengono cancellati o resi anonimi.<\/p>\n\n    <h2>17 I vostri diritti<\/h2>\n    <p>L'utente ha i seguenti diritti:<\/p>\n    <ul>\n        <li>Informazioni sui dati memorizzati: Art. 15 GDPR \/ Art. 25 DSG<\/li>\n        <li>Correzione di dati errati: Art. 16 GDPR \/ Art. 32 par. 1 lit. a FADP<\/li>\n        <li>Cancellazione (\"diritto all'oblio\"): Art. 17 GDPR \/ Art. 32 par. 2 lett. c FADP<\/li>\n        <li>Limitazione del trattamento: Art. 18 GDPR \/ Art. 32 par. 2 lit. b FADP<\/li>\n        <li>Portabilit\u00e0 dei dati: Art. 20 GDPR \/ Art. 28 FADP<\/li>\n        <li>Revoca del consenso dato con effetto per il futuro: Art. 7 par. 3 GDPR \/ Art. 6 FADP<\/li>\n        <li>Obiezione al trattamento basato su interessi legittimi (inclusa la pubblicit\u00e0 diretta): Art. 21 GDPR \/ Art. 32 FADP<\/li>\n        <li>Diritto di presentare un reclamo a un'autorit\u00e0 di controllo:\n            <ul>\n                <li>UE: Art. 77 GDPR<\/li>\n                <li>Svizzera: Art. 49 FADP (Incaricato federale della protezione dei dati e della trasparenza, IFPDT)<\/li>\n            <\/ul>\n        <\/li>\n    <\/ul>\n    <p>Per esercitare i vostri diritti, rivolgetevi a Swiss Family Relations AG (trattamento tecnico) o a Swiss Family Investors Club (trattamento associativo), a seconda del responsabile.<\/p>\n\n    <h2>19. Crittografia SSL\/TLS e trasmissione sicura<\/h2>\n    <p>Questo sito web utilizza la crittografia SSL\/TLS. \u00c8 riconoscibile da \"https:\/\/\" e dal simbolo del lucchetto nel browser. Quando la crittografia \u00e8 attivata, i dati trasmessi non possono essere letti da terzi.<\/p>\n\n    <h2>20. obiezione a messaggi pubblicitari<\/h2>\n    <p>Ci opponiamo all'utilizzo dei dati di contatto pubblicati nella nota legale per l'invio di materiale pubblicitario e informativo non richiesto. Ci riserviamo il diritto di intraprendere azioni legali in caso di invio di e-mail di spam.<\/p>\n\n    <h2>21 Modifiche alla presente informativa sulla privacy<\/h2>\n    <p>Ci riserviamo il diritto di modificare la presente dichiarazione per adeguarla alle mutate situazioni giuridiche o agli sviluppi tecnici. In ogni caso si applica la versione attuale pubblicata su questa pagina.<\/p>\t\t\t\t<\/div>\n\t\t\t\t<\/div>\n\t\t\t\t\t<\/div>\n\t\t\t\t<\/div>\n\t\t\t\t<\/div>","protected":false},"excerpt":{"rendered":"<p>Datenschutz Sicher. Vertraulich. Gesetzeskonform. Datenschutzerkl\u00e4rung Swiss Family Investors Club 1. Allgemeine Hinweise Diese Datenschutzerkl\u00e4rung informiert \u00fcber Art, Umfang und Zwecke der Verarbeitung personenbezogener Daten beim Besuch und bei der Nutzung dieser Website sowie der dar\u00fcber angebotenen Funktionen und Services oder wenn Sie mit uns in Kontakt treten. 2. Geltungsbereich &#038; Begriffsbestimmungen Diese Erkl\u00e4rung gilt f\u00fcr [&hellip;]<\/p>","protected":false},"author":1,"featured_media":0,"parent":0,"menu_order":0,"comment_status":"closed","ping_status":"closed","template":"","meta":{"iawp_total_views":76,"footnotes":""},"class_list":["post-7854","page","type-page","status-publish","hentry"],"_links":{"self":[{"href":"https:\/\/swissfamilyclub.com\/it\/wp-json\/wp\/v2\/pages\/7854","targetHints":{"allow":["GET"]}}],"collection":[{"href":"https:\/\/swissfamilyclub.com\/it\/wp-json\/wp\/v2\/pages"}],"about":[{"href":"https:\/\/swissfamilyclub.com\/it\/wp-json\/wp\/v2\/types\/page"}],"author":[{"embeddable":true,"href":"https:\/\/swissfamilyclub.com\/it\/wp-json\/wp\/v2\/users\/1"}],"replies":[{"embeddable":true,"href":"https:\/\/swissfamilyclub.com\/it\/wp-json\/wp\/v2\/comments?post=7854"}],"version-history":[{"count":0,"href":"https:\/\/swissfamilyclub.com\/it\/wp-json\/wp\/v2\/pages\/7854\/revisions"}],"wp:attachment":[{"href":"https:\/\/swissfamilyclub.com\/it\/wp-json\/wp\/v2\/media?parent=7854"}],"curies":[{"name":"wp","href":"https:\/\/api.w.org\/{rel}","templated":true}]}}