{"id":8936,"date":"2025-08-20T13:28:50","date_gmt":"2025-08-20T13:28:50","guid":{"rendered":"https:\/\/swissfamilyclub.com\/?page_id=8936"},"modified":"2025-11-18T14:55:58","modified_gmt":"2025-11-18T14:55:58","slug":"disclaimer","status":"publish","type":"page","link":"https:\/\/swissfamilyclub.com\/hu\/disclaimer\/","title":{"rendered":"Felel\u0151ss\u00e9gi nyilatkozat"},"content":{"rendered":"<div data-elementor-type=\"wp-page\" data-elementor-id=\"8936\" class=\"elementor elementor-8936\" data-elementor-post-type=\"page\">\n\t\t\t\t<div class=\"elementor-element elementor-element-674bc07 e-con-full mrkt_root_container e-flex e-con e-child\" data-id=\"674bc07\" data-element_type=\"container\" data-settings=\"{&quot;background_background&quot;:&quot;classic&quot;}\">\n\t\t<div class=\"elementor-element elementor-element-b500eb7 e-con-full elementor-hidden-tablet elementor-hidden-mobile e-flex e-con e-child\" data-id=\"b500eb7\" data-element_type=\"container\" data-settings=\"{&quot;background_background&quot;:&quot;classic&quot;,&quot;position&quot;:&quot;absolute&quot;}\">\n\t\t\t\t<\/div>\n\t\t\t\t<div class=\"elementor-element elementor-element-a28edae elementor-widget elementor-widget-heading\" data-id=\"a28edae\" data-element_type=\"widget\" data-widget_type=\"heading.default\">\n\t\t\t\t\t<h1 class=\"elementor-heading-title elementor-size-default\">Jogi inform\u00e1ci\u00f3k<\/h1>\t\t\t\t<\/div>\n\t\t\t\t<div class=\"elementor-element elementor-element-7da274d elementor-widget-divider--view-line elementor-widget elementor-widget-divider\" data-id=\"7da274d\" data-element_type=\"widget\" data-widget_type=\"divider.default\">\n\t\t\t\t\t\t\t<div class=\"elementor-divider\">\n\t\t\t<span class=\"elementor-divider-separator\">\n\t\t\t\t\t\t<\/span>\n\t\t<\/div>\n\t\t\t\t\t\t<\/div>\n\t\t\t\t<div class=\"elementor-element elementor-element-f38ff65 elementor-widget elementor-widget-heading\" data-id=\"f38ff65\" data-element_type=\"widget\" data-widget_type=\"heading.default\">\n\t\t\t\t\t<span class=\"elementor-heading-title elementor-size-default\">Felel\u0151ss\u00e9gi nyilatkozat<\/span>\t\t\t\t<\/div>\n\t\t\t\t<\/div>\n\t\t<div class=\"elementor-element elementor-element-1e390b0 mrkt_root_container e-flex e-con-boxed e-con e-parent\" data-id=\"1e390b0\" data-element_type=\"container\">\n\t\t\t\t\t<div class=\"e-con-inner\">\n\t\t<div class=\"elementor-element elementor-element-b3ef3a7 e-con-full e-flex e-con e-child\" data-id=\"b3ef3a7\" data-element_type=\"container\">\n\t\t\t\t<div class=\"elementor-element elementor-element-a10db1c elementor-widget elementor-widget-heading\" data-id=\"a10db1c\" data-element_type=\"widget\" data-widget_type=\"heading.default\">\n\t\t\t\t\t<h2 class=\"elementor-heading-title elementor-size-default\">Jogi inform\u00e1ci\u00f3k<\/h2>\t\t\t\t<\/div>\n\t\t\t\t<div class=\"elementor-element elementor-element-fd3671d elementor-widget elementor-widget-text-editor\" data-id=\"fd3671d\" data-element_type=\"widget\" data-widget_type=\"text-editor.default\">\n\t\t\t\t\t\t\t\t\t<h3>A weboldal \u00fczemeltet\u0151je<\/h3><p>\u00a0<\/p><p>Ezt a weboldalt a:<\/p><p>\u00a0<\/p><p>Sv\u00e1jci Csal\u00e1di Befektet\u0151k Klubja<\/p><p>Zeltweg 11, 8032, Z\u00fcrich, Sv\u00e1jc<\/p><p>E-mail: info@swissfamilyclub.com<\/p><p>Telefon: 044-256 16 07<\/p><p>\u00a0<\/p><p>Az egyes\u00fclet egy Sv\u00e1jcban sz\u00e9khellyel rendelkez\u0151, mag\u00e1njogilag szervezett egyes\u00fclet. Nem kereskedelmi c\u00e9lokat k\u00f6vet, hanem a v\u00e1llalkoz\u00f3i szellem\u0171 egy\u00e9nek \u00e9s int\u00e9zm\u00e9nyek k\u00f6z\u00f6tti csere, h\u00e1l\u00f3zat\u00e9p\u00edt\u00e9s \u00e9s kapcsolat\u00e9p\u00edt\u00e9s el\u0151mozd\u00edt\u00e1s\u00e1t szolg\u00e1lja.<\/p><p>\u00a0<\/p><h3>T\u00e1j\u00e9koztat\u00e1s<\/h3><p>\u00a0<\/p><p>A weboldalon tal\u00e1lhat\u00f3 inform\u00e1ci\u00f3k csak \u00e1ltal\u00e1nos \u00e9s t\u00e1j\u00e9koztat\u00f3 jelleg\u0171ek.<\/p><p>\u00a0<\/p><p>A sv\u00e1jci csal\u00e1di befektet\u0151i klub:<\/p><p>\u00a0<\/p><ul><li>nem ny\u00fajt p\u00e9nz\u00fcgyi szolg\u00e1ltat\u00e1sokat a p\u00e9nz\u00fcgyi szolg\u00e1ltat\u00e1sokr\u00f3l sz\u00f3l\u00f3 t\u00f6rv\u00e9ny (FinSA) vagy m\u00e1s p\u00e9nz\u00fcgyi piaci jogszab\u00e1lyok \u00e9rtelm\u00e9ben,<\/li><li>nem k\u00f6zvet\u00edt p\u00e9nz\u00fcgyi eszk\u00f6z\u00f6ket,<\/li><li>nem ny\u00fajt befektet\u00e9si, vagyonkezel\u00e9si vagy struktur\u00e1l\u00e1si tan\u00e1csad\u00e1st,<\/li><li>nem fogad el bet\u00e9teket \u00e9s<\/li><li>nem hajt v\u00e9gre tranzakci\u00f3kat harmadik felek nev\u00e9ben.<\/li><\/ul><p>\u00a0<\/p><p>A projektek, beruh\u00e1z\u00e1sok vagy strukt\u00far\u00e1k bemutat\u00e1sa vagy le\u00edr\u00e1sa kiz\u00e1r\u00f3lag a szervezet tev\u00e9kenys\u00e9gi ter\u00fcleteir\u0151l \u00e9s \u00e9rt\u00e9krendj\u00e9r\u0151l val\u00f3 t\u00e1j\u00e9koztat\u00e1sra szolg\u00e1l. Nem min\u0151s\u00fclnek aj\u00e1nl\u00e1snak, felk\u00e9r\u00e9snek vagy p\u00e9nz\u00fcgyi term\u00e9kek v\u00e1s\u00e1rl\u00e1s\u00e1ra, elad\u00e1s\u00e1ra vagy tart\u00e1s\u00e1ra vonatkoz\u00f3 aj\u00e1nlatnak.<\/p><p>A befektet\u00e9sekkel vagy p\u00e9nz\u00fcgyi term\u00e9kekkel kapcsolatos minden d\u00f6nt\u00e9s az \u00e9rintett szem\u00e9lyek kiz\u00e1r\u00f3lagos felel\u0151ss\u00e9ge, akiknek minden int\u00e9zked\u00e9s el\u0151tt megfelel\u0151 szakemberek (pl. jogi vagy p\u00e9nz\u00fcgyi tan\u00e1csad\u00f3k) tan\u00e1cs\u00e1t kell k\u00e9rni\u00fck.<\/p><p>\u00a0<\/p><h3>Jogi nyilatkozat a tartalomra \u00e9s a linkekre vonatkoz\u00f3an<\/h3><p>\u00a0<\/p><p>A Sv\u00e1jci Csal\u00e1di Befektet\u0151k Klubja t\u00f6rekszik a weboldalon tal\u00e1lhat\u00f3 tartalmak folyamatos friss\u00edt\u00e9s\u00e9re \u00e9s megfelel\u0151 bemutat\u00e1s\u00e1ra. Mindazon\u00e1ltal a Swiss Family Investors Club nem v\u00e1llal felel\u0151ss\u00e9get a k\u00f6z\u00f6lt inform\u00e1ci\u00f3k pontoss\u00e1g\u00e1\u00e9rt, teljess\u00e9g\u00e9\u00e9rt \u00e9s id\u0151szer\u0171s\u00e9g\u00e9\u00e9rt, k\u00fcl\u00f6n\u00f6sen nem a harmadik f\u00e9lt\u0151l sz\u00e1rmaz\u00f3 inform\u00e1ci\u00f3k\u00e9rt. Fenntartjuk a jogot, hogy a tartalmat el\u0151zetes \u00e9rtes\u00edt\u00e9s n\u00e9lk\u00fcl megv\u00e1ltoztassuk, kieg\u00e9sz\u00edts\u00fck vagy elt\u00e1vol\u00edtsuk.<\/p><p>Weboldalunk k\u00fcls\u0151, harmadik felek weboldalaira mutat\u00f3 linkeket tartalmaz, amelyek tartalm\u00e1ra nincs befoly\u00e1sunk. A hivatkozott oldalak tartalm\u00e1\u00e9rt mindig az adott szolg\u00e1ltat\u00f3 vagy \u00fczemeltet\u0151 felel. A linkel\u00e9s id\u0151pontj\u00e1ban nem volt felismerhet\u0151 illeg\u00e1lis tartalom. A linkelt oldalak tartalm\u00e1nak \u00e1lland\u00f3 ellen\u0151rz\u00e9se azonban nem \u00e9sszer\u0171 a jogs\u00e9rt\u00e9s konkr\u00e9t bizony\u00edt\u00e9ka n\u00e9lk\u00fcl. Amennyiben jogszab\u00e1lys\u00e9rt\u00e9sr\u0151l szerez\u00fcnk tudom\u00e1st, az ilyen linkeket azonnal elt\u00e1vol\u00edtjuk.<\/p><p>\u00a0<\/p><h3>Szerz\u0151i jogi nyilatkozat<\/h3><p>\u00a0<\/p><p>A weboldalon k\u00f6zz\u00e9tett tartalom, bele\u00e9rtve a grafik\u00e1kat, k\u00e9peket, fot\u00f3kat, sz\u00f6vegeket \u00e9s vide\u00f3kat (a tov\u00e1bbiakban: \"tartalom\"), szerz\u0151i jogv\u00e9delem alatt \u00e1ll. T\u00f6reksz\u00fcnk arra, hogy csak saj\u00e1t magunk \u00e1ltal k\u00e9sz\u00edtett tartalmakat haszn\u00e1ljunk, vagy licencmentes anyagokat haszn\u00e1ljunk, \u00e9s tiszteletben tartsuk a vonatkoz\u00f3 szerz\u0151i jogokat.<\/p><p>A weboldalon haszn\u00e1lt egyes grafik\u00e1k, k\u00e9pek \u00e9s fot\u00f3k licenceit k\u00fcls\u0151 szolg\u00e1ltat\u00f3kt\u00f3l szerezt\u00fck be. A licencelt tartalom b\u00e1rmilyen felhaszn\u00e1l\u00e1sa a vonatkoz\u00f3 licencfelt\u00e9telek hat\u00e1lya al\u00e1 tartozik. A tartalom tov\u00e1bbi felhaszn\u00e1l\u00e1sa, sokszoros\u00edt\u00e1sa, feldolgoz\u00e1sa vagy terjeszt\u00e9se kifejezett hozz\u00e1j\u00e1rul\u00e1sunk \u00e9s a vonatkoz\u00f3 licencfelt\u00e9telek betart\u00e1sa n\u00e9lk\u00fcl tilos.<\/p><p>A weboldal \u00e1ltalunk l\u00e9trehozott tartalma el\u0151zetes \u00edr\u00e1sbeli enged\u00e9ly n\u00e9lk\u00fcl nem reproduk\u00e1lhat\u00f3, nem szerkeszthet\u0151, nem terjeszthet\u0151 vagy m\u00e1s m\u00f3don nem hasznos\u00edthat\u00f3.<\/p><p>A harmadik f\u00e9lt\u0151l sz\u00e1rmaz\u00f3 tartalmat ilyenk\u00e9nt jel\u00f6lj\u00fck, kiv\u00e9ve, ha az t\u0151l\u00fcnk sz\u00e1rmazik. Amennyiben m\u00e9gis tudom\u00e1s\u00e1ra jutna, hogy a szerz\u0151i jogokat esetleg megs\u00e9rtett\u00e9k, k\u00e9rj\u00fck, halad\u00e9ktalanul \u00e9rtes\u00edtsen minket. Ha tudom\u00e1st szerz\u00fcnk b\u00e1rmilyen jogs\u00e9rt\u00e9sr\u0151l, azonnal elt\u00e1vol\u00edtjuk az \u00e9rintett tartalmat.<\/p><p>\u00a0<\/p><h3>Adatv\u00e9delem<\/h3><p>\u00a0<\/p><p>A szem\u00e9lyes adatok kezel\u00e9s\u00e9re a sv\u00e1jci adatv\u00e9delmi t\u00f6rv\u00e9ny (DSG) \u00e9s az \u00e1ltal\u00e1nos adatv\u00e9delmi rendelet (GDPR) vonatkozik, amennyiben ezek alkalmazand\u00f3k. Az ezzel kapcsolatos r\u00e9szleteket a k\u00fcl\u00f6n <a href=\"\/hu\/datenschutz\/\">Adatv\u00e9delmi szab\u00e1lyzat<\/a> ezen a weboldalon.<\/p><p>\u00a0<\/p><h3>Megjegyz\u00e9s:<\/h3><p>Ez a weboldal a sv\u00e1jci jog hat\u00e1lya al\u00e1 tartozik.<\/p>\t\t\t\t\t\t\t\t<\/div>\n\t\t\t\t<\/div>\n\t\t\t\t\t<\/div>\n\t\t\t\t<\/div>\n\t\t\t\t<\/div>","protected":false},"excerpt":{"rendered":"<p>Rechtliche Informationen Disclaimer Rechtliche Informationen Betreiber der Webseite \u00a0 Diese Webseite wird betrieben durch den: \u00a0 Swiss Family Investors Club Zeltweg 11, 8032, Z\u00fcrich, Schweiz E-Mail: info@swissfamilyclub.com Telefon: 044-256 16 07 \u00a0 Der Verein ist ein privatrechtlich organisierter Zusammenschluss mit Sitz in der Schweiz. Er verfolgt keine kommerziellen Zwecke, sondern dient der F\u00f6rderung des Austauschs, [&hellip;]<\/p>","protected":false},"author":1,"featured_media":0,"parent":0,"menu_order":0,"comment_status":"closed","ping_status":"closed","template":"","meta":{"iawp_total_views":30,"footnotes":""},"class_list":["post-8936","page","type-page","status-publish","hentry"],"_links":{"self":[{"href":"https:\/\/swissfamilyclub.com\/hu\/wp-json\/wp\/v2\/pages\/8936","targetHints":{"allow":["GET"]}}],"collection":[{"href":"https:\/\/swissfamilyclub.com\/hu\/wp-json\/wp\/v2\/pages"}],"about":[{"href":"https:\/\/swissfamilyclub.com\/hu\/wp-json\/wp\/v2\/types\/page"}],"author":[{"embeddable":true,"href":"https:\/\/swissfamilyclub.com\/hu\/wp-json\/wp\/v2\/users\/1"}],"replies":[{"embeddable":true,"href":"https:\/\/swissfamilyclub.com\/hu\/wp-json\/wp\/v2\/comments?post=8936"}],"version-history":[{"count":0,"href":"https:\/\/swissfamilyclub.com\/hu\/wp-json\/wp\/v2\/pages\/8936\/revisions"}],"wp:attachment":[{"href":"https:\/\/swissfamilyclub.com\/hu\/wp-json\/wp\/v2\/media?parent=8936"}],"curies":[{"name":"wp","href":"https:\/\/api.w.org\/{rel}","templated":true}]}}