{"id":1394,"date":"2025-06-11T14:22:13","date_gmt":"2025-06-11T14:22:13","guid":{"rendered":"https:\/\/swissfamilyclub.com\/?page_id=1394"},"modified":"2025-09-04T10:26:32","modified_gmt":"2025-09-04T10:26:32","slug":"institutionelle","status":"publish","type":"page","link":"https:\/\/swissfamilyclub.com\/hu\/login\/institutionelle\/","title":{"rendered":"Int\u00e9zm\u00e9nyi"},"content":{"rendered":"<div data-elementor-type=\"wp-page\" data-elementor-id=\"1394\" class=\"elementor elementor-1394\" data-elementor-post-type=\"page\">\n\t\t\t\t<div class=\"elementor-element elementor-element-d54064a e-con-full e-flex e-con e-parent\" data-id=\"d54064a\" data-element_type=\"container\">\n\t\t<div class=\"elementor-element elementor-element-42bbfc4 e-con-full mrkt_root-alt_container e-flex e-con e-child\" data-id=\"42bbfc4\" data-element_type=\"container\" data-settings=\"{&quot;background_background&quot;:&quot;classic&quot;}\">\n\t\t\t\t<div class=\"elementor-element elementor-element-a2b2552 elementor-widget elementor-widget-heading\" data-id=\"a2b2552\" data-element_type=\"widget\" data-widget_type=\"heading.default\">\n\t\t\t\t\t<h2 class=\"elementor-heading-title elementor-size-default\">Int\u00e9zm\u00e9nyi\nTagok<\/h2>\t\t\t\t<\/div>\n\t\t\t\t<div class=\"elementor-element elementor-element-a1ee291 elementor-widget elementor-widget-text-editor\" data-id=\"a1ee291\" data-element_type=\"widget\" data-widget_type=\"text-editor.default\">\n\t\t\t\t\t\t\t\t\t<p>A nyugd\u00edjalapok, csal\u00e1di irod\u00e1k \u00e9s alap\u00edtv\u00e1nyok eset\u00e9ben nem negyed\u00e9vekben, hanem gener\u00e1ci\u00f3kban gondolkodunk. Nem impulz\u00edv trendeket keresnek, hanem strat\u00e9giai tiszt\u00e1nl\u00e1t\u00e1st - kiz\u00e1r\u00f3lag kur\u00e1tori \u00e9s szem\u00e9lyre szabottan. Itt a hozz\u00e1f\u00e9r\u00e9s m\u00e9g azel\u0151tt l\u00e9trej\u00f6n, hogy a piac felismern\u00e9.<\/p>\t\t\t\t\t\t\t\t<\/div>\n\t\t<div class=\"elementor-element elementor-element-66b0fec e-con-full e-flex e-con e-child\" data-id=\"66b0fec\" data-element_type=\"container\">\n\t\t\t\t<div class=\"elementor-element elementor-element-102ddfa elementor-widget elementor-widget-login\" data-id=\"102ddfa\" data-element_type=\"widget\" data-widget_type=\"login.default\">\n\t\t\t\t\t\t\t<form class=\"elementor-login elementor-form\" method=\"post\" action=\"https:\/\/swissfamilyclub.com\/wp-login.php\">\n\t\t\t<input type=\"hidden\" name=\"redirect_to\" value=\"\/mitglieder-bereich\">\n\t\t\t<div class=\"elementor-form-fields-wrapper\">\n\t\t\t\t<div class=\"elementor-field-type-text elementor-field-group elementor-column elementor-col-100 elementor-field-required\">\n\t\t\t\t\t<label for=\"user-102ddfa\" class=\"elementor-field-label elementor-screen-only\"><\/label>\n\t\t\t\t\t<input size=\"1\" type=\"text\" name=\"log\" id=\"user-102ddfa\" placeholder=\"Felhaszn\u00e1l\u00f3i n\u00e9v vagy e-mail\" class=\"elementor-field elementor-field-textual elementor-size-md\">\n\t\t\t\t<\/div>\n\t\t\t\t<div class=\"elementor-field-type-text elementor-field-group elementor-column elementor-col-100 elementor-field-required\">\n\t\t\t\t\t<label for=\"password-102ddfa\" class=\"elementor-field-label elementor-screen-only\"><\/label>\n\t\t\t\t\t<input size=\"1\" type=\"password\" name=\"pwd\" id=\"password-102ddfa\" placeholder=\"jelsz\u00f3\" class=\"elementor-field elementor-field-textual elementor-size-md\">\n\t\t\t\t<\/div>\n\n\t\t\t\t\n\t\t\t\t\t\t<input\n\t\t\t\ttype=\"hidden\"\n\t\t\t\tclass=\"hcaptcha-signature\"\n\t\t\t\tname=\"hcaptcha-signature-SENhcHRjaGFcRWxlbWVudG9yUHJvXExvZ2lu\"\n\t\t\t\tvalue=\"eyJzb3VyY2UiOlsiZWxlbWVudG9yLXByb1wvZWxlbWVudG9yLXByby5waHAiXSwiZm9ybV9pZCI6ImxvZ2luIiwiaGNhcHRjaGFfc2hvd24iOmZhbHNlfQ==-6f568258cedc71b937a0fec7e4132405\">\n\t\t\n<div class=\"elementor-field-group elementor-column elementor-field-type-submit elementor-col-100\">\n\t\t\t\t\t<button type=\"submit\" class=\"elementor-size-md elementor-button\" name=\"wp-submit\">\n\t\t\t\t\t\t\t\t\t\t\t\t\t\t\t<span class=\"elementor-button-text\">Bejelentkez\u00e9s<\/span>\n\t\t\t\t\t\t\t\t\t\t\t\t<\/button>\n\t\t\t\t<\/div>\n\n\t\t\t\t\t\t\t<\/div>\n\t\t<\/form>\n\t\t\t\t\t\t<\/div>\n\t\t\t\t<div class=\"elementor-element elementor-element-d119be1 pa-display-conditions-yes elementor-widget elementor-widget-heading\" data-id=\"d119be1\" data-element_type=\"widget\" data-settings=\"{&quot;pa_display_conditions_switcher&quot;:&quot;yes&quot;}\" data-widget_type=\"heading.default\">\n\t\t\t\t\t<h2 class=\"elementor-heading-title elementor-size-default\"><a href=\"\/hu\/wp-login.php\/?action=lostpassword\">Elfelejtette jelszav\u00e1t?<\/a><\/h2>\t\t\t\t<\/div>\n\t\t\t\t<div class=\"elementor-element elementor-element-019b144 elementor-widget__width-initial elementor-widget elementor-widget-button\" data-id=\"019b144\" data-element_type=\"widget\" data-widget_type=\"button.default\">\n\t\t\t\t\t\t\t\t\t\t<a class=\"elementor-button elementor-button-link elementor-size-sm\" href=\"\/hu\/vorqualifizierung\/\">\n\t\t\t\t\t\t<span class=\"elementor-button-content-wrapper\">\n\t\t\t\t\t\t\t\t\t<span class=\"elementor-button-text\">El\u0151min\u0151s\u00edt\u00e9shez<\/span>\n\t\t\t\t\t<\/span>\n\t\t\t\t\t<\/a>\n\t\t\t\t\t\t\t\t<\/div>\n\t\t\t\t<\/div>\n\t\t\t\t<\/div>\n\t\t<div class=\"elementor-element elementor-element-c2fb91e e-con-full mrkt_root-alt_container e-flex e-con e-child\" data-id=\"c2fb91e\" data-element_type=\"container\" data-settings=\"{&quot;background_background&quot;:&quot;classic&quot;}\">\n\t\t<div class=\"elementor-element elementor-element-29c119d e-con-full e-flex e-con e-child\" data-id=\"29c119d\" data-element_type=\"container\">\n\t\t\t\t<div class=\"elementor-element elementor-element-3f0815a elementor-widget elementor-widget-heading\" data-id=\"3f0815a\" data-element_type=\"widget\" data-widget_type=\"heading.default\">\n\t\t\t\t\t<h2 class=\"elementor-heading-title elementor-size-default\">Strat\u00e9giai megk\u00f6zel\u00edt\u00e9sek a t\u00e1vlatosoknak.<\/h2>\t\t\t\t<\/div>\n\t\t\t\t<div class=\"elementor-element elementor-element-f00fd5c elementor-widget elementor-widget-heading\" data-id=\"f00fd5c\" data-element_type=\"widget\" data-widget_type=\"heading.default\">\n\t\t\t\t\t<h2 class=\"elementor-heading-title elementor-size-default\">A SV\u00c1JCI CSAL\u00c1DI INT\u00c9ZM\u00c9NYI BEFEKTET\u0150I KLUB<\/h2>\t\t\t\t<\/div>\n\t\t\t\t<div class=\"elementor-element elementor-element-57add13 elementor-widget elementor-widget-text-editor\" data-id=\"57add13\" data-element_type=\"widget\" data-widget_type=\"text-editor.default\">\n\t\t\t\t\t\t\t\t\t<p>Az int\u00e9zm\u00e9nyi befektet\u0151k ciklusokban gondolkodnak, nem pillanatokban. A Sv\u00e1jci Csal\u00e1di Int\u00e9zm\u00e9nyi Befektet\u0151k Klubj\u00e1ban egy olyan bizalmas h\u00e1l\u00f3zathoz f\u00e9rnek hozz\u00e1, amelyben strat\u00e9giai k\u00e9rd\u00e9seket vitatnak meg, n\u00e9z\u0151pontokat osztanak meg \u00e9s tapasztalatokat cser\u00e9lnek - a nyilv\u00e1noss\u00e1gt\u00f3l t\u00e1vol.<\/p><p>Ez a k\u00f6r lehet\u0151s\u00e9get teremt arra, hogy m\u00e1r a korai szakaszban felvegy\u00fck az impulzusokat, k\u00f6z\u00f6sen gondolkodjunk a strukt\u00far\u00e1kr\u00f3l, \u00e9s a d\u00f6nt\u00e9shoz\u00f3k szintj\u00e9n k\u00f6zvetlen p\u00e1rbesz\u00e9d r\u00e9v\u00e9n t\u00e1j\u00e9koz\u00f3djunk. A hangs\u00faly nem a term\u00e9keken van, hanem az anyagon, a hozz\u00e1\u00e1ll\u00e1son \u00e9s a k\u00f6z\u00f6s c\u00e9lon, a j\u00f6v\u0151 felel\u0151s alak\u00edt\u00e1s\u00e1n.<\/p>\t\t\t\t\t\t\t\t<\/div>\n\t\t\t\t<\/div>\n\t\t<div class=\"elementor-element elementor-element-1f43d50 e-con-full e-flex e-con e-child\" data-id=\"1f43d50\" data-element_type=\"container\">\n\t\t\t\t<div class=\"elementor-element elementor-element-7d2fbb1 premium-adv-carousel__coverflow elementor-widget elementor-widget-premium-media-wheel\" data-id=\"7d2fbb1\" data-element_type=\"widget\" data-widget_type=\"premium-media-wheel.default\">\n\t\t\t\t\t\t\t<div class=\"premium-adv-carousel-no-lightbox premium-adv-carousel__container\" data-settings=\"{&quot;type&quot;:&quot;coverflow&quot;,&quot;scroll&quot;:true,&quot;speed&quot;:80,&quot;pauseOnHover&quot;:true,&quot;loop&quot;:&quot;yes&quot;,&quot;autoPlay&quot;:3000,&quot;click&quot;:true,&quot;keyboard&quot;:false,&quot;touch&quot;:false,&quot;buttons&quot;:false,&quot;spacing&quot;:-0.6,&quot;start&quot;:&quot;center&quot;}\">\n\n\t\t\t<div style=\"visibility:hidden;\" class=\"premium-adv-carousel__inner-container\">\n\n\t\t\t\t<div class=\"premium-adv-carousel__items\">\n\n\t\t\t\t\t\t\t\t<div class=\"premium-adv-carousel__item-outer-wrapper\">\n\t\t\t\t<div class=\"elementor-repeater-item-cbebb9a premium-adv-carousel__item premium-adv-carousel__item-image\">\n\t\t\t\t\t<div class=\"premium-adv-carousel__media-wrap\">\n\t\t\t\t\t\t\t\t\t\t\t\t\t\t<img decoding=\"async\" src=\"https:\/\/swissfamilyclub.com\/wp-content\/uploads\/2025\/07\/team-of-investors-analyzing-profit-amount-and-making-decisions.jpg\" alt=\"Team of investors analyzing profit amount and making decisions\" class=\"premium-adv-carousel__item-img premium-hover-effects__zoomin\">\n\t\t\t\t\t\t\t\t\t\t\t\t<\/div>\n\n\t\t\t\t\t\n\t\t\t\t\t\t\t\t\t<\/div>\n\t\t\t<\/div>\n\t\t\t\t\t\t<div class=\"premium-adv-carousel__item-outer-wrapper\">\n\t\t\t\t<div class=\"elementor-repeater-item-ab3eb97 premium-adv-carousel__item premium-adv-carousel__item-image\">\n\t\t\t\t\t<div class=\"premium-adv-carousel__media-wrap\">\n\t\t\t\t\t\t\t\t\t\t\t\t\t\t<img decoding=\"async\" src=\"https:\/\/swissfamilyclub.com\/wp-content\/uploads\/2025\/07\/business-marketing-team-discussion-corporate-concept.jpg\" alt=\"Business Marketing Team Discussion Corporate Concept\" class=\"premium-adv-carousel__item-img premium-hover-effects__zoomin\">\n\t\t\t\t\t\t\t\t\t\t\t\t<\/div>\n\n\t\t\t\t\t\n\t\t\t\t\t\t\t\t\t<\/div>\n\t\t\t<\/div>\n\t\t\t\t\t\t<div class=\"premium-adv-carousel__item-outer-wrapper\">\n\t\t\t\t<div class=\"elementor-repeater-item-b7f69dc premium-adv-carousel__item premium-adv-carousel__item-image\">\n\t\t\t\t\t<div class=\"premium-adv-carousel__media-wrap\">\n\t\t\t\t\t\t\t\t\t\t\t\t\t\t<img decoding=\"async\" src=\"https:\/\/swissfamilyclub.com\/wp-content\/uploads\/2025\/07\/brainstorming-at-the-pub-2024-10-18-07-01-04-utc-scaled.jpg\" alt=\"Group of businessmen socializing at the bar\" class=\"premium-adv-carousel__item-img premium-hover-effects__zoomin\">\n\t\t\t\t\t\t\t\t\t\t\t\t<\/div>\n\n\t\t\t\t\t\n\t\t\t\t\t\t\t\t\t<\/div>\n\t\t\t<\/div>\n\t\t\t\t\t\t\t<\/div>\n\t\t\t<\/div>\n\t\t<\/div>\n\t\t\t\t\t\t<\/div>\n\t\t\t\t<\/div>\n\t\t\t\t<\/div>\n\t\t\t\t<\/div>\n\t\t\t\t<\/div>","protected":false},"excerpt":{"rendered":"<p>Int\u00e9zm\u00e9nyi tagok A nyugd\u00edjalapok\u00e9rt, csal\u00e1di irod\u00e1k\u00e9rt \u00e9s alap\u00edtv\u00e1nyok\u00e9rt felel\u0151s tagok nem negyed\u00e9vekben, hanem gener\u00e1ci\u00f3kban gondolkodnak. Nem impulz\u00edv trendeket keresnek, hanem strat\u00e9giai tiszt\u00e1nl\u00e1t\u00e1st - kiz\u00e1r\u00f3lag kur\u00e1tori \u00e9s szem\u00e9lyre szabottan. A hozz\u00e1f\u00e9r\u00e9s itt m\u00e1r azel\u0151tt l\u00e9trej\u00f6n, hogy a piac felismern\u00e9. Elfelejtette jelszav\u00e1t? Tags\u00e1gi ter\u00fclet El\u0151min\u0151s\u00edt\u00e9shez Strat\u00e9giai hozz\u00e1f\u00e9r\u00e9s a t\u00e1vlatosoknak. THE SWISS FAMILY INSTITUTIONAL INVESTORS CLUB Int\u00e9zm\u00e9nyi befektet\u0151k [...]<\/p>","protected":false},"author":1,"featured_media":0,"parent":1380,"menu_order":0,"comment_status":"closed","ping_status":"closed","template":"","meta":{"iawp_total_views":92,"footnotes":""},"class_list":["post-1394","page","type-page","status-publish","hentry"],"_links":{"self":[{"href":"https:\/\/swissfamilyclub.com\/hu\/wp-json\/wp\/v2\/pages\/1394","targetHints":{"allow":["GET"]}}],"collection":[{"href":"https:\/\/swissfamilyclub.com\/hu\/wp-json\/wp\/v2\/pages"}],"about":[{"href":"https:\/\/swissfamilyclub.com\/hu\/wp-json\/wp\/v2\/types\/page"}],"author":[{"embeddable":true,"href":"https:\/\/swissfamilyclub.com\/hu\/wp-json\/wp\/v2\/users\/1"}],"replies":[{"embeddable":true,"href":"https:\/\/swissfamilyclub.com\/hu\/wp-json\/wp\/v2\/comments?post=1394"}],"version-history":[{"count":0,"href":"https:\/\/swissfamilyclub.com\/hu\/wp-json\/wp\/v2\/pages\/1394\/revisions"}],"up":[{"embeddable":true,"href":"https:\/\/swissfamilyclub.com\/hu\/wp-json\/wp\/v2\/pages\/1380"}],"wp:attachment":[{"href":"https:\/\/swissfamilyclub.com\/hu\/wp-json\/wp\/v2\/media?parent=1394"}],"curies":[{"name":"wp","href":"https:\/\/api.w.org\/{rel}","templated":true}]}}