{"id":1392,"date":"2025-06-11T14:21:34","date_gmt":"2025-06-11T14:21:34","guid":{"rendered":"https:\/\/swissfamilyclub.com\/?page_id=1392"},"modified":"2025-09-04T10:28:45","modified_gmt":"2025-09-04T10:28:45","slug":"qualifizierte-mitglieder","status":"publish","type":"page","link":"https:\/\/swissfamilyclub.com\/hu\/login\/qualifizierte-mitglieder\/","title":{"rendered":"K\u00e9pzett tagok"},"content":{"rendered":"<div data-elementor-type=\"wp-page\" data-elementor-id=\"1392\" class=\"elementor elementor-1392\" data-elementor-post-type=\"page\">\n\t\t\t\t<div class=\"elementor-element elementor-element-bc06bed e-con-full e-flex e-con e-parent\" data-id=\"bc06bed\" data-element_type=\"container\">\n\t\t<div class=\"elementor-element elementor-element-6374835 e-con-full mrkt_root-alt_container e-flex e-con e-child\" data-id=\"6374835\" data-element_type=\"container\" data-settings=\"{&quot;background_background&quot;:&quot;classic&quot;}\">\n\t\t\t\t<div class=\"elementor-element elementor-element-23b3d5f elementor-widget elementor-widget-heading\" data-id=\"23b3d5f\" data-element_type=\"widget\" data-widget_type=\"heading.default\">\n\t\t\t\t\t<h2 class=\"elementor-heading-title elementor-size-default\">K\u00e9pzett tagok<\/h2>\t\t\t\t<\/div>\n\t\t\t\t<div class=\"elementor-element elementor-element-ef53435 elementor-widget elementor-widget-text-editor\" data-id=\"ef53435\" data-element_type=\"widget\" data-widget_type=\"text-editor.default\">\n\t\t\t\t\t\t\t\t\t<p>A val\u00f3di lehet\u0151s\u00e9geket azok ismerik fel, akik el\u0151re gondolkodnak \u00e9s hozz\u00e1\u00e1ll\u00e1st tan\u00fas\u00edtanak.<br \/>Helyezze mag\u00e1t olyan poz\u00edci\u00f3ba, ahol a hozz\u00e1f\u00e9r\u00e9s t\u00f6bbet jelent egy sz\u00f3n\u00e1l - nevezetesen egy k\u00f6z\u00f6s perspekt\u00edv\u00e1t.<\/p>\t\t\t\t\t\t\t\t<\/div>\n\t\t<div class=\"elementor-element elementor-element-0c85518 e-con-full e-flex e-con e-child\" data-id=\"0c85518\" data-element_type=\"container\">\n\t\t\t\t<div class=\"elementor-element elementor-element-e3f5500 elementor-widget elementor-widget-login\" data-id=\"e3f5500\" data-element_type=\"widget\" data-widget_type=\"login.default\">\n\t\t\t\t\t\t\t<form class=\"elementor-login elementor-form\" method=\"post\" action=\"https:\/\/swissfamilyclub.com\/wp-login.php\">\n\t\t\t<input type=\"hidden\" name=\"redirect_to\" value=\"\/mitglieder-bereich\">\n\t\t\t<div class=\"elementor-form-fields-wrapper\">\n\t\t\t\t<div class=\"elementor-field-type-text elementor-field-group elementor-column elementor-col-100 elementor-field-required\">\n\t\t\t\t\t<label for=\"user-e3f5500\" class=\"elementor-field-label elementor-screen-only\"><\/label>\n\t\t\t\t\t<input size=\"1\" type=\"text\" name=\"log\" id=\"user-e3f5500\" placeholder=\"Felhaszn\u00e1l\u00f3i n\u00e9v vagy e-mail\" class=\"elementor-field elementor-field-textual elementor-size-md\">\n\t\t\t\t<\/div>\n\t\t\t\t<div class=\"elementor-field-type-text elementor-field-group elementor-column elementor-col-100 elementor-field-required\">\n\t\t\t\t\t<label for=\"password-e3f5500\" class=\"elementor-field-label elementor-screen-only\"><\/label>\n\t\t\t\t\t<input size=\"1\" type=\"password\" name=\"pwd\" id=\"password-e3f5500\" placeholder=\"jelsz\u00f3\" class=\"elementor-field elementor-field-textual elementor-size-md\">\n\t\t\t\t<\/div>\n\n\t\t\t\t\n\t\t\t\t\t\t<input\n\t\t\t\ttype=\"hidden\"\n\t\t\t\tclass=\"hcaptcha-signature\"\n\t\t\t\tname=\"hcaptcha-signature-SENhcHRjaGFcRWxlbWVudG9yUHJvXExvZ2lu\"\n\t\t\t\tvalue=\"eyJzb3VyY2UiOlsiZWxlbWVudG9yLXByb1wvZWxlbWVudG9yLXByby5waHAiXSwiZm9ybV9pZCI6ImxvZ2luIiwiaGNhcHRjaGFfc2hvd24iOmZhbHNlfQ==-6f568258cedc71b937a0fec7e4132405\">\n\t\t\n<div class=\"elementor-field-group elementor-column elementor-field-type-submit elementor-col-100\">\n\t\t\t\t\t<button type=\"submit\" class=\"elementor-size-md elementor-button\" name=\"wp-submit\">\n\t\t\t\t\t\t\t\t\t\t\t\t\t\t\t<span class=\"elementor-button-text\">Bejelentkez\u00e9s<\/span>\n\t\t\t\t\t\t\t\t\t\t\t\t<\/button>\n\t\t\t\t<\/div>\n\n\t\t\t\t\t\t\t<\/div>\n\t\t<\/form>\n\t\t\t\t\t\t<\/div>\n\t\t\t\t<div class=\"elementor-element elementor-element-0bd5274 pa-display-conditions-yes elementor-widget elementor-widget-heading\" data-id=\"0bd5274\" data-element_type=\"widget\" data-settings=\"{&quot;pa_display_conditions_switcher&quot;:&quot;yes&quot;}\" data-widget_type=\"heading.default\">\n\t\t\t\t\t<h2 class=\"elementor-heading-title elementor-size-default\"><a href=\"\/hu\/wp-login.php\/?action=lostpassword\">Elfelejtette jelszav\u00e1t?<\/a><\/h2>\t\t\t\t<\/div>\n\t\t\t\t<div class=\"elementor-element elementor-element-5bfc20e elementor-widget__width-initial elementor-widget elementor-widget-button\" data-id=\"5bfc20e\" data-element_type=\"widget\" data-widget_type=\"button.default\">\n\t\t\t\t\t\t\t\t\t\t<a class=\"elementor-button elementor-button-link elementor-size-sm\" href=\"\/hu\/vorqualifizierung\/\">\n\t\t\t\t\t\t<span class=\"elementor-button-content-wrapper\">\n\t\t\t\t\t\t\t\t\t<span class=\"elementor-button-text\">El\u0151min\u0151s\u00edt\u00e9shez<\/span>\n\t\t\t\t\t<\/span>\n\t\t\t\t\t<\/a>\n\t\t\t\t\t\t\t\t<\/div>\n\t\t\t\t<\/div>\n\t\t\t\t<\/div>\n\t\t<div class=\"elementor-element elementor-element-5d76c19 e-con-full mrkt_root-alt_container e-flex e-con e-child\" data-id=\"5d76c19\" data-element_type=\"container\" data-settings=\"{&quot;background_background&quot;:&quot;classic&quot;}\">\n\t\t<div class=\"elementor-element elementor-element-3037bc6 e-con-full e-flex e-con e-child\" data-id=\"3037bc6\" data-element_type=\"container\">\n\t\t\t\t<div class=\"elementor-element elementor-element-d1be537 elementor-widget elementor-widget-heading\" data-id=\"d1be537\" data-element_type=\"widget\" data-widget_type=\"heading.default\">\n\t\t\t\t\t<h2 class=\"elementor-heading-title elementor-size-default\">Exkluz\u00edv lehet\u0151s\u00e9gek a szem\u00e9lyis\u00e9gek sz\u00e1m\u00e1ra.<\/h2>\t\t\t\t<\/div>\n\t\t\t\t<div class=\"elementor-element elementor-element-902e6ae elementor-widget elementor-widget-heading\" data-id=\"902e6ae\" data-element_type=\"widget\" data-widget_type=\"heading.default\">\n\t\t\t\t\t<h2 class=\"elementor-heading-title elementor-size-default\">SV\u00c1JCI CSAL\u00c1DI MAG\u00c1NBEFEKTET\u0150K KLUBJA<\/h2>\t\t\t\t<\/div>\n\t\t\t\t<div class=\"elementor-element elementor-element-100aa4a elementor-widget elementor-widget-text-editor\" data-id=\"100aa4a\" data-element_type=\"widget\" data-widget_type=\"text-editor.default\">\n\t\t\t\t\t\t\t\t\t<p>Egy k\u00f6r olyan szem\u00e9lyis\u00e9gek sz\u00e1m\u00e1ra, akik t\u00f6bbet v\u00e1rnak a sz\u00e1mokn\u00e1l: Hozz\u00e1f\u00e9r\u00e9st a k\u00e9zzel kiv\u00e1lasztott h\u00e1l\u00f3zatokhoz, strat\u00e9giai p\u00e1rbesz\u00e9det \u00e9s egy olyan k\u00f6rnyezetet, amely a bizalmat mindenek f\u00f6l\u00e9 helyezi. Itt olyan kapcsolatok j\u00f6nnek l\u00e9tre, amelyek messze t\u00falmutatnak a kapcsolatokon - azok sz\u00e1m\u00e1ra, akik k\u00e9szen \u00e1llnak arra, hogy egy\u00fctt n\u00f6vekedjenek \u00e9s akt\u00edvan alak\u00edts\u00e1k a j\u00f6v\u0151 piacait.<\/p>\t\t\t\t\t\t\t\t<\/div>\n\t\t\t\t<\/div>\n\t\t<div class=\"elementor-element elementor-element-27a3d41 e-con-full e-flex e-con e-child\" data-id=\"27a3d41\" data-element_type=\"container\">\n\t\t\t\t<div class=\"elementor-element elementor-element-4e7ee45 premium-adv-carousel__coverflow elementor-widget elementor-widget-premium-media-wheel\" data-id=\"4e7ee45\" data-element_type=\"widget\" data-widget_type=\"premium-media-wheel.default\">\n\t\t\t\t\t\t\t<div class=\"premium-adv-carousel-no-lightbox premium-adv-carousel__container\" data-settings=\"{&quot;type&quot;:&quot;coverflow&quot;,&quot;scroll&quot;:true,&quot;speed&quot;:80,&quot;pauseOnHover&quot;:true,&quot;loop&quot;:&quot;yes&quot;,&quot;autoPlay&quot;:3000,&quot;click&quot;:true,&quot;keyboard&quot;:false,&quot;touch&quot;:false,&quot;buttons&quot;:false,&quot;spacing&quot;:-0.6,&quot;start&quot;:&quot;center&quot;}\">\n\n\t\t\t<div style=\"visibility:hidden;\" class=\"premium-adv-carousel__inner-container\">\n\n\t\t\t\t<div class=\"premium-adv-carousel__items\">\n\n\t\t\t\t\t\t\t\t<div class=\"premium-adv-carousel__item-outer-wrapper\">\n\t\t\t\t<div class=\"elementor-repeater-item-cbebb9a premium-adv-carousel__item premium-adv-carousel__item-image\">\n\t\t\t\t\t<div class=\"premium-adv-carousel__media-wrap\">\n\t\t\t\t\t\t\t\t\t\t\t\t\t\t<img decoding=\"async\" src=\"https:\/\/swissfamilyclub.com\/wp-content\/uploads\/2025\/06\/panorama-of-old-city-porto-at-sunset-.jpg\" alt=\"Panorama of old city Porto at sunset.\" class=\"premium-adv-carousel__item-img premium-hover-effects__zoomin\">\n\t\t\t\t\t\t\t\t\t\t\t\t<\/div>\n\n\t\t\t\t\t\n\t\t\t\t\t\t\t\t\t<\/div>\n\t\t\t<\/div>\n\t\t\t\t\t\t<div class=\"premium-adv-carousel__item-outer-wrapper\">\n\t\t\t\t<div class=\"elementor-repeater-item-ab3eb97 premium-adv-carousel__item premium-adv-carousel__item-image\">\n\t\t\t\t\t<div class=\"premium-adv-carousel__media-wrap\">\n\t\t\t\t\t\t\t\t\t\t\t\t\t\t<img decoding=\"async\" src=\"https:\/\/swissfamilyclub.com\/wp-content\/uploads\/2025\/06\/audience-applauding-speaker-at-a-business-seminar.jpg\" alt=\"Audience applauding speaker at a business seminar\" class=\"premium-adv-carousel__item-img premium-hover-effects__zoomin\">\n\t\t\t\t\t\t\t\t\t\t\t\t<\/div>\n\n\t\t\t\t\t\n\t\t\t\t\t\t\t\t\t<\/div>\n\t\t\t<\/div>\n\t\t\t\t\t\t<div class=\"premium-adv-carousel__item-outer-wrapper\">\n\t\t\t\t<div class=\"elementor-repeater-item-b7f69dc premium-adv-carousel__item premium-adv-carousel__item-image\">\n\t\t\t\t\t<div class=\"premium-adv-carousel__media-wrap\">\n\t\t\t\t\t\t\t\t\t\t\t\t\t\t<img decoding=\"async\" src=\"https:\/\/swissfamilyclub.com\/wp-content\/uploads\/2025\/06\/plate-food-and-empty-dinner-table-at-event-with-catering-candles-and-service-for-gala-at-night-m.jpg\" alt=\"Plate, food and empty dinner table at event with catering, candles and service for gala at night. M\" class=\"premium-adv-carousel__item-img premium-hover-effects__zoomin\">\n\t\t\t\t\t\t\t\t\t\t\t\t<\/div>\n\n\t\t\t\t\t\n\t\t\t\t\t\t\t\t\t<\/div>\n\t\t\t<\/div>\n\t\t\t\t\t\t\t<\/div>\n\t\t\t<\/div>\n\t\t<\/div>\n\t\t\t\t\t\t<\/div>\n\t\t\t\t<\/div>\n\t\t\t\t<\/div>\n\t\t\t\t<\/div>\n\t\t\t\t<\/div>","protected":false},"excerpt":{"rendered":"<p>K\u00e9pzett tagok A val\u00f3di lehet\u0151s\u00e9geket azok ismerik fel, akik el\u0151re gondolkodnak \u00e9s hozz\u00e1\u00e1ll\u00e1st tan\u00fas\u00edtanak. poz\u00edcion\u00e1lja mag\u00e1t, ahol a hozz\u00e1f\u00e9r\u00e9s t\u00f6bbet jelent egy sz\u00f3n\u00e1l - nevezetesen egy k\u00f6z\u00f6s perspekt\u00edv\u00e1t. Elfelejtette jelszav\u00e1t? Tags\u00e1gi ter\u00fclet El\u0151min\u0151s\u00edt\u00e9shez Exkluz\u00edv lehet\u0151s\u00e9gek szem\u00e9lyis\u00e9gek sz\u00e1m\u00e1ra. SWISS FAMILY PRIV\u00c1T FELHASZN\u00c1L\u00d3K KLUBJA Egy k\u00f6r olyan szem\u00e9lyis\u00e9gek sz\u00e1m\u00e1ra, akik t\u00f6bbet v\u00e1rnak el a sz\u00e1mokn\u00e1l: Hozz\u00e1f\u00e9r\u00e9s a k\u00e9zzel v\u00e1logatott h\u00e1l\u00f3zatokhoz, strat\u00e9giai csere \u00e9s [...]<\/p>","protected":false},"author":1,"featured_media":0,"parent":1380,"menu_order":0,"comment_status":"closed","ping_status":"closed","template":"","meta":{"iawp_total_views":106,"footnotes":""},"class_list":["post-1392","page","type-page","status-publish","hentry"],"_links":{"self":[{"href":"https:\/\/swissfamilyclub.com\/hu\/wp-json\/wp\/v2\/pages\/1392","targetHints":{"allow":["GET"]}}],"collection":[{"href":"https:\/\/swissfamilyclub.com\/hu\/wp-json\/wp\/v2\/pages"}],"about":[{"href":"https:\/\/swissfamilyclub.com\/hu\/wp-json\/wp\/v2\/types\/page"}],"author":[{"embeddable":true,"href":"https:\/\/swissfamilyclub.com\/hu\/wp-json\/wp\/v2\/users\/1"}],"replies":[{"embeddable":true,"href":"https:\/\/swissfamilyclub.com\/hu\/wp-json\/wp\/v2\/comments?post=1392"}],"version-history":[{"count":0,"href":"https:\/\/swissfamilyclub.com\/hu\/wp-json\/wp\/v2\/pages\/1392\/revisions"}],"up":[{"embeddable":true,"href":"https:\/\/swissfamilyclub.com\/hu\/wp-json\/wp\/v2\/pages\/1380"}],"wp:attachment":[{"href":"https:\/\/swissfamilyclub.com\/hu\/wp-json\/wp\/v2\/media?parent=1392"}],"curies":[{"name":"wp","href":"https:\/\/api.w.org\/{rel}","templated":true}]}}