{"id":1382,"date":"2025-06-11T14:07:34","date_gmt":"2025-06-11T14:07:34","guid":{"rendered":"https:\/\/swissfamilyclub.com\/?page_id=1382"},"modified":"2025-09-04T14:57:08","modified_gmt":"2025-09-04T14:57:08","slug":"kontakt","status":"publish","type":"page","link":"https:\/\/swissfamilyclub.com\/hu\/kontakt\/","title":{"rendered":"Kapcsolatfelv\u00e9tel"},"content":{"rendered":"<div data-elementor-type=\"wp-page\" data-elementor-id=\"1382\" class=\"elementor elementor-1382\" data-elementor-post-type=\"page\">\n\t\t\t\t<div class=\"elementor-element elementor-element-9b49903 e-con-full mrkt-global-root-container e-flex e-con e-child\" data-id=\"9b49903\" data-element_type=\"container\" data-settings=\"{&quot;background_background&quot;:&quot;classic&quot;}\">\n\t\t<div class=\"elementor-element elementor-element-4a25423 e-con-full e-flex e-con e-child\" data-id=\"4a25423\" data-element_type=\"container\" data-settings=\"{&quot;background_background&quot;:&quot;classic&quot;,&quot;position&quot;:&quot;absolute&quot;}\">\n\t\t\t\t<\/div>\n\t\t\t\t<div class=\"elementor-element elementor-element-ab84aef elementor-widget elementor-widget-heading\" data-id=\"ab84aef\" data-element_type=\"widget\" data-widget_type=\"heading.default\">\n\t\t\t\t\t<h1 class=\"elementor-heading-title elementor-size-default\">Kapcsolatfelv\u00e9tel<\/h1>\t\t\t\t<\/div>\n\t\t\t\t<div class=\"elementor-element elementor-element-b5ac18a elementor-widget-divider--view-line elementor-widget elementor-widget-divider\" data-id=\"b5ac18a\" data-element_type=\"widget\" data-widget_type=\"divider.default\">\n\t\t\t\t\t\t\t<div class=\"elementor-divider\">\n\t\t\t<span class=\"elementor-divider-separator\">\n\t\t\t\t\t\t<\/span>\n\t\t<\/div>\n\t\t\t\t\t\t<\/div>\n\t\t\t\t<div class=\"elementor-element elementor-element-d8ffb38 elementor-widget elementor-widget-heading\" data-id=\"d8ffb38\" data-element_type=\"widget\" data-widget_type=\"heading.default\">\n\t\t\t\t\t<h2 class=\"elementor-heading-title elementor-size-default\">A j\u00f6v\u0151 k\u00f6z\u00f6s alak\u00edt\u00e1sa<\/h2>\t\t\t\t<\/div>\n\t\t\t\t<\/div>\n\t\t<div class=\"elementor-element elementor-element-585af68 e-grid e-con-full mrkt-global-root-container e-con e-parent\" data-id=\"585af68\" data-element_type=\"container\">\n\t\t<div class=\"elementor-element elementor-element-b829c08 e-con-full e-flex e-con e-child\" data-id=\"b829c08\" data-element_type=\"container\" data-settings=\"{&quot;background_background&quot;:&quot;classic&quot;}\">\n\t\t\t\t<\/div>\n\t\t<div class=\"elementor-element elementor-element-ab2fef1 e-con-full e-flex e-con e-child\" data-id=\"ab2fef1\" data-element_type=\"container\">\n\t\t\t\t<div class=\"elementor-element elementor-element-f077fb8 elementor-widget elementor-widget-heading\" data-id=\"f077fb8\" data-element_type=\"widget\" data-widget_type=\"heading.default\">\n\t\t\t\t\t<h2 class=\"elementor-heading-title elementor-size-default\">Az \u00d6n k\u00e9r\u00e9se<\/h2>\t\t\t\t<\/div>\n\t\t\t\t<div class=\"elementor-element elementor-element-36f5f4d elementor-invisible elementor-widget elementor-widget-text-editor\" data-id=\"36f5f4d\" data-element_type=\"widget\" data-settings=\"{&quot;_animation&quot;:&quot;fadeInUp&quot;}\" data-widget_type=\"text-editor.default\">\n\t\t\t\t\t\t\t\t\t<p data-start=\"57\" data-end=\"297\">Szeretne t\u00f6bbet megtudni a Swiss Family Investors Clubr\u00f3l? Exkluz\u00edv k\u00f6rnyezetben \u00f6sszehozzuk az \u00fczleti \u00e9let, az ipar \u00e9s az int\u00e9zm\u00e9nyek szem\u00e9lyis\u00e9geit - a nagyobb biztons\u00e1g, a p\u00e1rbesz\u00e9d \u00e9s a k\u00f6z\u00f6s perspekt\u00edv\u00e1k \u00e9rdek\u00e9ben. Kezdj\u00fcnk el besz\u00e9lgetni. Szem\u00e9lyesen, bizalmasan \u00e9s szemmagass\u00e1gban.<\/p>\t\t\t\t\t\t\t\t<\/div>\n\t\t\t\t<div class=\"elementor-element elementor-element-f1bcd86 elementor-widget elementor-widget-button\" data-id=\"f1bcd86\" data-element_type=\"widget\" data-widget_type=\"button.default\">\n\t\t\t\t\t\t\t\t\t\t<a class=\"elementor-button elementor-button-link elementor-size-sm\" href=\"mailto:info@swissfamilyclub.com\">\n\t\t\t\t\t\t<span class=\"elementor-button-content-wrapper\">\n\t\t\t\t\t\t\t\t\t<span class=\"elementor-button-text\">Kapcsolatfelv\u00e9tel<\/span>\n\t\t\t\t\t<\/span>\n\t\t\t\t\t<\/a>\n\t\t\t\t\t\t\t\t<\/div>\n\t\t\t\t<\/div>\n\t\t<div class=\"elementor-element elementor-element-9dc60d5 e-con-full e-flex e-con e-child\" data-id=\"9dc60d5\" data-element_type=\"container\">\n\t\t\t\t<div class=\"elementor-element elementor-element-9a67ce3 elementor-widget elementor-widget-heading\" data-id=\"9a67ce3\" data-element_type=\"widget\" data-widget_type=\"heading.default\">\n\t\t\t\t\t<h2 class=\"elementor-heading-title elementor-size-default\">N\u00f6veked\u00e9s<\/h2>\t\t\t\t<\/div>\n\t\t\t\t<div class=\"elementor-element elementor-element-9726486 elementor-widget elementor-widget-heading\" data-id=\"9726486\" data-element_type=\"widget\" data-widget_type=\"heading.default\">\n\t\t\t\t\t<h2 class=\"elementor-heading-title elementor-size-default\">Kapcsolat<\/h2>\t\t\t\t<\/div>\n\t\t\t\t<div class=\"elementor-element elementor-element-bce3e02 elementor-widget elementor-widget-heading\" data-id=\"bce3e02\" data-element_type=\"widget\" data-widget_type=\"heading.default\">\n\t\t\t\t\t<h2 class=\"elementor-heading-title elementor-size-default\">Befektet\u00e9s<\/h2>\t\t\t\t<\/div>\n\t\t\t\t<\/div>\n\t\t\t\t<\/div>\n\t\t\t\t<\/div>","protected":false},"excerpt":{"rendered":"<p>Kontakt Gemeinsam Zukunft gestalten Ihre Anfrage Sie m\u00f6chten mehr \u00fcber den Swiss Family Investors Club erfahren? Wir verbinden Pers\u00f6nlichkeiten aus Wirtschaft, Industrie und Institutionen in einem exklusiven Rahmen \u2013 f\u00fcr mehr Sicherheit, Austausch und gemeinsame Perspektiven. Lassen Sie uns ins Gespr\u00e4ch kommen. Pers\u00f6nlich, vertraulich und auf Augenh\u00f6he. Kontakt aufnehmen Wachstum Beziehung Investment<\/p>","protected":false},"author":1,"featured_media":0,"parent":0,"menu_order":0,"comment_status":"closed","ping_status":"closed","template":"","meta":{"iawp_total_views":269,"footnotes":""},"class_list":["post-1382","page","type-page","status-publish","hentry"],"_links":{"self":[{"href":"https:\/\/swissfamilyclub.com\/hu\/wp-json\/wp\/v2\/pages\/1382","targetHints":{"allow":["GET"]}}],"collection":[{"href":"https:\/\/swissfamilyclub.com\/hu\/wp-json\/wp\/v2\/pages"}],"about":[{"href":"https:\/\/swissfamilyclub.com\/hu\/wp-json\/wp\/v2\/types\/page"}],"author":[{"embeddable":true,"href":"https:\/\/swissfamilyclub.com\/hu\/wp-json\/wp\/v2\/users\/1"}],"replies":[{"embeddable":true,"href":"https:\/\/swissfamilyclub.com\/hu\/wp-json\/wp\/v2\/comments?post=1382"}],"version-history":[{"count":0,"href":"https:\/\/swissfamilyclub.com\/hu\/wp-json\/wp\/v2\/pages\/1382\/revisions"}],"wp:attachment":[{"href":"https:\/\/swissfamilyclub.com\/hu\/wp-json\/wp\/v2\/media?parent=1382"}],"curies":[{"name":"wp","href":"https:\/\/api.w.org\/{rel}","templated":true}]}}