{"id":8936,"date":"2025-08-20T13:28:50","date_gmt":"2025-08-20T13:28:50","guid":{"rendered":"https:\/\/swissfamilyclub.com\/?page_id=8936"},"modified":"2025-11-18T14:55:58","modified_gmt":"2025-11-18T14:55:58","slug":"disclaimer","status":"publish","type":"page","link":"https:\/\/swissfamilyclub.com\/fr\/disclaimer\/","title":{"rendered":"Clause de non-responsabilit\u00e9"},"content":{"rendered":"<div data-elementor-type=\"wp-page\" data-elementor-id=\"8936\" class=\"elementor elementor-8936\" data-elementor-post-type=\"page\">\n\t\t\t\t<div class=\"elementor-element elementor-element-674bc07 e-con-full mrkt_root_container e-flex e-con e-child\" data-id=\"674bc07\" data-element_type=\"container\" data-settings=\"{&quot;background_background&quot;:&quot;classic&quot;}\">\n\t\t<div class=\"elementor-element elementor-element-b500eb7 e-con-full elementor-hidden-tablet elementor-hidden-mobile e-flex e-con e-child\" data-id=\"b500eb7\" data-element_type=\"container\" data-settings=\"{&quot;background_background&quot;:&quot;classic&quot;,&quot;position&quot;:&quot;absolute&quot;}\">\n\t\t\t\t<\/div>\n\t\t\t\t<div class=\"elementor-element elementor-element-a28edae elementor-widget elementor-widget-heading\" data-id=\"a28edae\" data-element_type=\"widget\" data-widget_type=\"heading.default\">\n\t\t\t\t\t<h1 class=\"elementor-heading-title elementor-size-default\">Informations juridiques<\/h1>\t\t\t\t<\/div>\n\t\t\t\t<div class=\"elementor-element elementor-element-7da274d elementor-widget-divider--view-line elementor-widget elementor-widget-divider\" data-id=\"7da274d\" data-element_type=\"widget\" data-widget_type=\"divider.default\">\n\t\t\t\t\t\t\t<div class=\"elementor-divider\">\n\t\t\t<span class=\"elementor-divider-separator\">\n\t\t\t\t\t\t<\/span>\n\t\t<\/div>\n\t\t\t\t\t\t<\/div>\n\t\t\t\t<div class=\"elementor-element elementor-element-f38ff65 elementor-widget elementor-widget-heading\" data-id=\"f38ff65\" data-element_type=\"widget\" data-widget_type=\"heading.default\">\n\t\t\t\t\t<span class=\"elementor-heading-title elementor-size-default\">Clause de non-responsabilit\u00e9<\/span>\t\t\t\t<\/div>\n\t\t\t\t<\/div>\n\t\t<div class=\"elementor-element elementor-element-1e390b0 mrkt_root_container e-flex e-con-boxed e-con e-parent\" data-id=\"1e390b0\" data-element_type=\"container\">\n\t\t\t\t\t<div class=\"e-con-inner\">\n\t\t<div class=\"elementor-element elementor-element-b3ef3a7 e-con-full e-flex e-con e-child\" data-id=\"b3ef3a7\" data-element_type=\"container\">\n\t\t\t\t<div class=\"elementor-element elementor-element-a10db1c elementor-widget elementor-widget-heading\" data-id=\"a10db1c\" data-element_type=\"widget\" data-widget_type=\"heading.default\">\n\t\t\t\t\t<h2 class=\"elementor-heading-title elementor-size-default\">Informations juridiques<\/h2>\t\t\t\t<\/div>\n\t\t\t\t<div class=\"elementor-element elementor-element-fd3671d elementor-widget elementor-widget-text-editor\" data-id=\"fd3671d\" data-element_type=\"widget\" data-widget_type=\"text-editor.default\">\n\t\t\t\t\t\t\t\t\t<h3>Exploitant du site web<\/h3><p>\u00a0<\/p><p>Ce site web est g\u00e9r\u00e9 par le :<\/p><p>\u00a0<\/p><p>Club suisse des investisseurs familiaux.<\/p><p>Zeltweg 11, 8032, Zurich, Suisse<\/p><p>Courrier \u00e9lectronique : info@swissfamilyclub.com<\/p><p>T\u00e9l\u00e9phone : 044-256 16 07<\/p><p>\u00a0<\/p><p>L'association est un groupement de droit priv\u00e9 dont le si\u00e8ge est en Suisse. Elle ne poursuit pas de but commercial, mais sert \u00e0 promouvoir l'\u00e9change, la cr\u00e9ation de r\u00e9seaux et le d\u00e9veloppement de relations entre des personnalit\u00e9s et des institutions ayant l'esprit d'entreprise.<\/p><p>\u00a0<\/p><h3>Informations fournies<\/h3><p>\u00a0<\/p><p>Les informations fournies sur ce site web sont uniquement destin\u00e9es \u00e0 des fins g\u00e9n\u00e9rales et informatives.<\/p><p>\u00a0<\/p><p>L'association Swiss Family Investors Club :<\/p><p>\u00a0<\/p><ul><li>ne fournit pas de services financiers au sens de la loi sur les services financiers (FIDLEG) ou d'autres lois sur les march\u00e9s financiers,<\/li><li>ne n\u00e9gocie pas d'instruments financiers,<\/li><li>ne fournit pas de conseils en mati\u00e8re de placement, de patrimoine ou de structuration,<\/li><li>n'accepte pas de d\u00e9p\u00f4ts et<\/li><li>n'effectue pas de transactions au nom de tiers<\/li><\/ul><p>\u00a0<\/p><p>Les \u00e9ventuelles pr\u00e9sentations ou descriptions de projets, de participations ou de structures servent uniquement \u00e0 informer sur les domaines d'activit\u00e9 et les valeurs de l'association. Elles ne constituent pas une recommandation, une invitation ou une offre d'achat, de vente ou de d\u00e9tention de produits financiers.<\/p><p>Toutes les d\u00e9cisions concernant les investissements ou les produits financiers rel\u00e8vent exclusivement de la responsabilit\u00e9 des personnes concern\u00e9es, qui devraient se faire conseiller par des sp\u00e9cialistes appropri\u00e9s (par exemple des conseillers juridiques ou financiers) avant d'agir.<\/p><p>\u00a0<\/p><h3>Exclusion de responsabilit\u00e9 pour les contenus et les liens<\/h3><p>\u00a0<\/p><p>L'Association Swiss Family Investors Club s'efforce d'actualiser en permanence les contenus mis \u00e0 disposition sur ce site et de les pr\u00e9senter correctement. Toutefois, l'association Swiss Family Investors Club ne garantit pas l'exactitude, l'exhaustivit\u00e9 et l'actualit\u00e9 des informations mises \u00e0 disposition, notamment celles provenant de tiers. Nous nous r\u00e9servons le droit de modifier, de compl\u00e9ter ou de supprimer des contenus sans pr\u00e9avis.<\/p><p>Notre site web contient des liens vers des sites web externes de tiers, sur le contenu desquels nous n'avons aucune influence. Le fournisseur ou l'exploitant des pages li\u00e9es est toujours responsable de leur contenu. Au moment de la cr\u00e9ation des liens, aucun contenu ill\u00e9gal n'a \u00e9t\u00e9 identifi\u00e9. Un contr\u00f4le permanent du contenu des pages li\u00e9es n'est toutefois pas exigible sans indices concrets d'une violation de la loi. D\u00e8s la prise de connaissance de violations de la loi, les liens concern\u00e9s seront imm\u00e9diatement supprim\u00e9s.<\/p><p>\u00a0<\/p><h3>Avis de droit d'auteur<\/h3><p>\u00a0<\/p><p>Les contenus publi\u00e9s sur ce site web, y compris les graphiques, images, photos, textes et vid\u00e9os (ci-apr\u00e8s d\u00e9nomm\u00e9s \"contenus\"), sont soumis au droit d'auteur. Nous nous effor\u00e7ons d'utiliser exclusivement des contenus que nous avons cr\u00e9\u00e9s nous-m\u00eames ou de recourir \u00e0 des mat\u00e9riaux libres de droits, tout en respectant les droits d'auteur en vigueur.<\/p><p>Pour certains graphiques, images et photos utilis\u00e9s sur ce site, des licences ont \u00e9t\u00e9 acquises aupr\u00e8s de fournisseurs externes. Toute utilisation de ces contenus sous licence s'effectue dans le cadre des conditions de licence respectives. Toute r\u00e9utilisation, reproduction, modification ou diffusion de ces contenus est interdite sans notre autorisation expresse ainsi que sans le respect des conditions de licence correspondantes.<\/p><p>Il est \u00e9galement interdit de reproduire, de modifier, de diffuser ou d'exploiter d'une autre mani\u00e8re les contenus de ce site web que nous avons cr\u00e9\u00e9s nous-m\u00eames sans autorisation \u00e9crite pr\u00e9alable.<\/p><p>Les contenus de tiers sont identifi\u00e9s comme tels, dans la mesure o\u00f9 ils ne proviennent pas de nous. Si vous deviez toutefois constater une \u00e9ventuelle violation des droits d'auteur, nous vous prions de nous en informer imm\u00e9diatement. D\u00e8s que nous aurons connaissance d'une violation de la loi, nous supprimerons imm\u00e9diatement les contenus concern\u00e9s.<\/p><p>\u00a0<\/p><h3>Protection des donn\u00e9es<\/h3><p>\u00a0<\/p><p>Le traitement des donn\u00e9es personnelles est r\u00e9gi par la loi suisse sur la protection des donn\u00e9es (LPD) et le r\u00e8glement g\u00e9n\u00e9ral sur la protection des donn\u00e9es (RGPD), dans la mesure o\u00f9 celui-ci est applicable. Vous trouverez des d\u00e9tails \u00e0 ce sujet dans le document s\u00e9par\u00e9 <a href=\"\/fr\/datenschutz\/\">D\u00e9claration de confidentialit\u00e9<\/a> de ce site.<\/p><p>\u00a0<\/p><h3>Remarque<\/h3><p>Ce site web est r\u00e9gi par le droit suisse.<\/p>\t\t\t\t\t\t\t\t<\/div>\n\t\t\t\t<\/div>\n\t\t\t\t\t<\/div>\n\t\t\t\t<\/div>\n\t\t\t\t<\/div>","protected":false},"excerpt":{"rendered":"<p>Rechtliche Informationen Disclaimer Rechtliche Informationen Betreiber der Webseite \u00a0 Diese Webseite wird betrieben durch den: \u00a0 Swiss Family Investors Club Zeltweg 11, 8032, Z\u00fcrich, Schweiz E-Mail: info@swissfamilyclub.com Telefon: 044-256 16 07 \u00a0 Der Verein ist ein privatrechtlich organisierter Zusammenschluss mit Sitz in der Schweiz. Er verfolgt keine kommerziellen Zwecke, sondern dient der F\u00f6rderung des Austauschs, [&hellip;]<\/p>","protected":false},"author":1,"featured_media":0,"parent":0,"menu_order":0,"comment_status":"closed","ping_status":"closed","template":"","meta":{"iawp_total_views":30,"footnotes":""},"class_list":["post-8936","page","type-page","status-publish","hentry"],"_links":{"self":[{"href":"https:\/\/swissfamilyclub.com\/fr\/wp-json\/wp\/v2\/pages\/8936","targetHints":{"allow":["GET"]}}],"collection":[{"href":"https:\/\/swissfamilyclub.com\/fr\/wp-json\/wp\/v2\/pages"}],"about":[{"href":"https:\/\/swissfamilyclub.com\/fr\/wp-json\/wp\/v2\/types\/page"}],"author":[{"embeddable":true,"href":"https:\/\/swissfamilyclub.com\/fr\/wp-json\/wp\/v2\/users\/1"}],"replies":[{"embeddable":true,"href":"https:\/\/swissfamilyclub.com\/fr\/wp-json\/wp\/v2\/comments?post=8936"}],"version-history":[{"count":0,"href":"https:\/\/swissfamilyclub.com\/fr\/wp-json\/wp\/v2\/pages\/8936\/revisions"}],"wp:attachment":[{"href":"https:\/\/swissfamilyclub.com\/fr\/wp-json\/wp\/v2\/media?parent=8936"}],"curies":[{"name":"wp","href":"https:\/\/api.w.org\/{rel}","templated":true}]}}