{"id":1394,"date":"2025-06-11T14:22:13","date_gmt":"2025-06-11T14:22:13","guid":{"rendered":"https:\/\/swissfamilyclub.com\/?page_id=1394"},"modified":"2025-09-04T10:26:32","modified_gmt":"2025-09-04T10:26:32","slug":"institutionelle","status":"publish","type":"page","link":"https:\/\/swissfamilyclub.com\/fr\/login\/institutionelle\/","title":{"rendered":"Institutionnel"},"content":{"rendered":"<div data-elementor-type=\"wp-page\" data-elementor-id=\"1394\" class=\"elementor elementor-1394\" data-elementor-post-type=\"page\">\n\t\t\t\t<div class=\"elementor-element elementor-element-d54064a e-con-full e-flex e-con e-parent\" data-id=\"d54064a\" data-element_type=\"container\">\n\t\t<div class=\"elementor-element elementor-element-42bbfc4 e-con-full mrkt_root-alt_container e-flex e-con e-child\" data-id=\"42bbfc4\" data-element_type=\"container\" data-settings=\"{&quot;background_background&quot;:&quot;classic&quot;}\">\n\t\t\t\t<div class=\"elementor-element elementor-element-a2b2552 elementor-widget elementor-widget-heading\" data-id=\"a2b2552\" data-element_type=\"widget\" data-widget_type=\"heading.default\">\n\t\t\t\t\t<h2 class=\"elementor-heading-title elementor-size-default\">Institutionnel\nMembres<\/h2>\t\t\t\t<\/div>\n\t\t\t\t<div class=\"elementor-element elementor-element-a1ee291 elementor-widget elementor-widget-text-editor\" data-id=\"a1ee291\" data-element_type=\"widget\" data-widget_type=\"text-editor.default\">\n\t\t\t\t\t\t\t\t\t<p>responsable des caisses de pension, des family offices ou des fondations, ne pense pas en termes de trimestres, mais de g\u00e9n\u00e9rations. Ils ne recherchent pas des tendances impulsives, mais une clart\u00e9 strat\u00e9gique - avec une curation exclusive et une adaptation individuelle. Ici, l'acc\u00e8s se cr\u00e9e avant que le march\u00e9 ne le connaisse.<\/p>\t\t\t\t\t\t\t\t<\/div>\n\t\t<div class=\"elementor-element elementor-element-66b0fec e-con-full e-flex e-con e-child\" data-id=\"66b0fec\" data-element_type=\"container\">\n\t\t\t\t<div class=\"elementor-element elementor-element-102ddfa elementor-widget elementor-widget-login\" data-id=\"102ddfa\" data-element_type=\"widget\" data-widget_type=\"login.default\">\n\t\t\t\t\t\t\t<form class=\"elementor-login elementor-form\" method=\"post\" action=\"https:\/\/swissfamilyclub.com\/wp-login.php\">\n\t\t\t<input type=\"hidden\" name=\"redirect_to\" value=\"\/mitglieder-bereich\">\n\t\t\t<div class=\"elementor-form-fields-wrapper\">\n\t\t\t\t<div class=\"elementor-field-type-text elementor-field-group elementor-column elementor-col-100 elementor-field-required\">\n\t\t\t\t\t<label for=\"user-102ddfa\" class=\"elementor-field-label elementor-screen-only\"><\/label>\n\t\t\t\t\t<input size=\"1\" type=\"text\" name=\"log\" id=\"user-102ddfa\" placeholder=\"Nom d&#039;utilisateur ou e-mail\" class=\"elementor-field elementor-field-textual elementor-size-md\">\n\t\t\t\t<\/div>\n\t\t\t\t<div class=\"elementor-field-type-text elementor-field-group elementor-column elementor-col-100 elementor-field-required\">\n\t\t\t\t\t<label for=\"password-102ddfa\" class=\"elementor-field-label elementor-screen-only\"><\/label>\n\t\t\t\t\t<input size=\"1\" type=\"password\" name=\"pwd\" id=\"password-102ddfa\" placeholder=\"Mot de passe\" class=\"elementor-field elementor-field-textual elementor-size-md\">\n\t\t\t\t<\/div>\n\n\t\t\t\t\n\t\t\t\t\t\t<input\n\t\t\t\ttype=\"hidden\"\n\t\t\t\tclass=\"hcaptcha-signature\"\n\t\t\t\tname=\"hcaptcha-signature-SENhcHRjaGFcRWxlbWVudG9yUHJvXExvZ2lu\"\n\t\t\t\tvalue=\"eyJzb3VyY2UiOlsiZWxlbWVudG9yLXByb1wvZWxlbWVudG9yLXByby5waHAiXSwiZm9ybV9pZCI6ImxvZ2luIiwiaGNhcHRjaGFfc2hvd24iOmZhbHNlfQ==-6f568258cedc71b937a0fec7e4132405\">\n\t\t\n<div class=\"elementor-field-group elementor-column elementor-field-type-submit elementor-col-100\">\n\t\t\t\t\t<button type=\"submit\" class=\"elementor-size-md elementor-button\" name=\"wp-submit\">\n\t\t\t\t\t\t\t\t\t\t\t\t\t\t\t<span class=\"elementor-button-text\">S'inscrire<\/span>\n\t\t\t\t\t\t\t\t\t\t\t\t<\/button>\n\t\t\t\t<\/div>\n\n\t\t\t\t\t\t\t<\/div>\n\t\t<\/form>\n\t\t\t\t\t\t<\/div>\n\t\t\t\t<div class=\"elementor-element elementor-element-d119be1 pa-display-conditions-yes elementor-widget elementor-widget-heading\" data-id=\"d119be1\" data-element_type=\"widget\" data-settings=\"{&quot;pa_display_conditions_switcher&quot;:&quot;yes&quot;}\" data-widget_type=\"heading.default\">\n\t\t\t\t\t<h2 class=\"elementor-heading-title elementor-size-default\"><a href=\"\/fr\/wp-login.php\/?action=lostpassword\">Mot de passe oubli\u00e9 ?<\/a><\/h2>\t\t\t\t<\/div>\n\t\t\t\t<div class=\"elementor-element elementor-element-019b144 elementor-widget__width-initial elementor-widget elementor-widget-button\" data-id=\"019b144\" data-element_type=\"widget\" data-widget_type=\"button.default\">\n\t\t\t\t\t\t\t\t\t\t<a class=\"elementor-button elementor-button-link elementor-size-sm\" href=\"\/fr\/vorqualifizierung\/\">\n\t\t\t\t\t\t<span class=\"elementor-button-content-wrapper\">\n\t\t\t\t\t\t\t\t\t<span class=\"elementor-button-text\">Pr\u00e9qualification pour devenir Membre<\/span>\n\t\t\t\t\t<\/span>\n\t\t\t\t\t<\/a>\n\t\t\t\t\t\t\t\t<\/div>\n\t\t\t\t<\/div>\n\t\t\t\t<\/div>\n\t\t<div class=\"elementor-element elementor-element-c2fb91e e-con-full mrkt_root-alt_container e-flex e-con e-child\" data-id=\"c2fb91e\" data-element_type=\"container\" data-settings=\"{&quot;background_background&quot;:&quot;classic&quot;}\">\n\t\t<div class=\"elementor-element elementor-element-29c119d e-con-full e-flex e-con e-child\" data-id=\"29c119d\" data-element_type=\"container\">\n\t\t\t\t<div class=\"elementor-element elementor-element-3f0815a elementor-widget elementor-widget-heading\" data-id=\"3f0815a\" data-element_type=\"widget\" data-widget_type=\"heading.default\">\n\t\t\t\t\t<h2 class=\"elementor-heading-title elementor-size-default\">Des approches strat\u00e9giques pour ceux qui voient loin.<\/h2>\t\t\t\t<\/div>\n\t\t\t\t<div class=\"elementor-element elementor-element-f00fd5c elementor-widget elementor-widget-heading\" data-id=\"f00fd5c\" data-element_type=\"widget\" data-widget_type=\"heading.default\">\n\t\t\t\t\t<h2 class=\"elementor-heading-title elementor-size-default\">THE SWISS FAMILY INSTITUTIONAL INVESTORS CLUB<\/h2>\t\t\t\t<\/div>\n\t\t\t\t<div class=\"elementor-element elementor-element-57add13 elementor-widget elementor-widget-text-editor\" data-id=\"57add13\" data-element_type=\"widget\" data-widget_type=\"text-editor.default\">\n\t\t\t\t\t\t\t\t\t<p>Les investisseurs institutionnels pensent en termes de cycles et non de moments. Au sein du Swiss Family Institutional Investors Club, ils ont acc\u00e8s \u00e0 un r\u00e9seau confidentiel au sein duquel les questions strat\u00e9giques sont discut\u00e9es, les perspectives partag\u00e9es et les exp\u00e9riences \u00e9chang\u00e9es - au-del\u00e0 des sc\u00e8nes publiques.<\/p><p>Ce cercle offre la possibilit\u00e9 de prendre des impulsions pr\u00e9coces, de r\u00e9fl\u00e9chir ensemble aux structures et de s'orienter gr\u00e2ce \u00e0 un dialogue direct au niveau des d\u00e9cideurs. Ce ne sont pas les produits qui sont au premier plan, mais la substance, l'attitude et l'objectif commun de fa\u00e7onner l'avenir de mani\u00e8re responsable.<\/p>\t\t\t\t\t\t\t\t<\/div>\n\t\t\t\t<\/div>\n\t\t<div class=\"elementor-element elementor-element-1f43d50 e-con-full e-flex e-con e-child\" data-id=\"1f43d50\" data-element_type=\"container\">\n\t\t\t\t<div class=\"elementor-element elementor-element-7d2fbb1 premium-adv-carousel__coverflow elementor-widget elementor-widget-premium-media-wheel\" data-id=\"7d2fbb1\" data-element_type=\"widget\" data-widget_type=\"premium-media-wheel.default\">\n\t\t\t\t\t\t\t<div class=\"premium-adv-carousel-no-lightbox premium-adv-carousel__container\" data-settings=\"{&quot;type&quot;:&quot;coverflow&quot;,&quot;scroll&quot;:true,&quot;speed&quot;:80,&quot;pauseOnHover&quot;:true,&quot;loop&quot;:&quot;yes&quot;,&quot;autoPlay&quot;:3000,&quot;click&quot;:true,&quot;keyboard&quot;:false,&quot;touch&quot;:false,&quot;buttons&quot;:false,&quot;spacing&quot;:-0.6,&quot;start&quot;:&quot;center&quot;}\">\n\n\t\t\t<div style=\"visibility:hidden;\" class=\"premium-adv-carousel__inner-container\">\n\n\t\t\t\t<div class=\"premium-adv-carousel__items\">\n\n\t\t\t\t\t\t\t\t<div class=\"premium-adv-carousel__item-outer-wrapper\">\n\t\t\t\t<div class=\"elementor-repeater-item-cbebb9a premium-adv-carousel__item premium-adv-carousel__item-image\">\n\t\t\t\t\t<div class=\"premium-adv-carousel__media-wrap\">\n\t\t\t\t\t\t\t\t\t\t\t\t\t\t<img decoding=\"async\" src=\"https:\/\/swissfamilyclub.com\/wp-content\/uploads\/2025\/07\/team-of-investors-analyzing-profit-amount-and-making-decisions.jpg\" alt=\"Team of investors analyzing profit amount and making decisions\" class=\"premium-adv-carousel__item-img premium-hover-effects__zoomin\">\n\t\t\t\t\t\t\t\t\t\t\t\t<\/div>\n\n\t\t\t\t\t\n\t\t\t\t\t\t\t\t\t<\/div>\n\t\t\t<\/div>\n\t\t\t\t\t\t<div class=\"premium-adv-carousel__item-outer-wrapper\">\n\t\t\t\t<div class=\"elementor-repeater-item-ab3eb97 premium-adv-carousel__item premium-adv-carousel__item-image\">\n\t\t\t\t\t<div class=\"premium-adv-carousel__media-wrap\">\n\t\t\t\t\t\t\t\t\t\t\t\t\t\t<img decoding=\"async\" src=\"https:\/\/swissfamilyclub.com\/wp-content\/uploads\/2025\/07\/business-marketing-team-discussion-corporate-concept.jpg\" alt=\"Business Marketing Team Discussion Corporate Concept\" class=\"premium-adv-carousel__item-img premium-hover-effects__zoomin\">\n\t\t\t\t\t\t\t\t\t\t\t\t<\/div>\n\n\t\t\t\t\t\n\t\t\t\t\t\t\t\t\t<\/div>\n\t\t\t<\/div>\n\t\t\t\t\t\t<div class=\"premium-adv-carousel__item-outer-wrapper\">\n\t\t\t\t<div class=\"elementor-repeater-item-b7f69dc premium-adv-carousel__item premium-adv-carousel__item-image\">\n\t\t\t\t\t<div class=\"premium-adv-carousel__media-wrap\">\n\t\t\t\t\t\t\t\t\t\t\t\t\t\t<img decoding=\"async\" src=\"https:\/\/swissfamilyclub.com\/wp-content\/uploads\/2025\/07\/brainstorming-at-the-pub-2024-10-18-07-01-04-utc-scaled.jpg\" alt=\"Group of businessmen socializing at the bar\" class=\"premium-adv-carousel__item-img premium-hover-effects__zoomin\">\n\t\t\t\t\t\t\t\t\t\t\t\t<\/div>\n\n\t\t\t\t\t\n\t\t\t\t\t\t\t\t\t<\/div>\n\t\t\t<\/div>\n\t\t\t\t\t\t\t<\/div>\n\t\t\t<\/div>\n\t\t<\/div>\n\t\t\t\t\t\t<\/div>\n\t\t\t\t<\/div>\n\t\t\t\t<\/div>\n\t\t\t\t<\/div>\n\t\t\t\t<\/div>","protected":false},"excerpt":{"rendered":"<p>Membres institutionnels Responsables de caisses de pension, de family offices ou de fondations, ils ne pensent pas en termes de trimestres, mais de g\u00e9n\u00e9rations. Ils ne recherchent pas des tendances impulsives, mais une clart\u00e9 strat\u00e9gique - avec une curation exclusive et une adaptation individuelle. Ici, l'acc\u00e8s se cr\u00e9e avant que le march\u00e9 ne le connaisse. Vous avez oubli\u00e9 votre mot de passe ? Espace membres Pour la pr\u00e9qualification Des acc\u00e8s strat\u00e9giques pour les clairvoyants. THE SWISS FAMILY INSTITUTIONAL INVESTORS CLUB Investisseurs institutionnels [...]<\/p>","protected":false},"author":1,"featured_media":0,"parent":1380,"menu_order":0,"comment_status":"closed","ping_status":"closed","template":"","meta":{"iawp_total_views":92,"footnotes":""},"class_list":["post-1394","page","type-page","status-publish","hentry"],"_links":{"self":[{"href":"https:\/\/swissfamilyclub.com\/fr\/wp-json\/wp\/v2\/pages\/1394","targetHints":{"allow":["GET"]}}],"collection":[{"href":"https:\/\/swissfamilyclub.com\/fr\/wp-json\/wp\/v2\/pages"}],"about":[{"href":"https:\/\/swissfamilyclub.com\/fr\/wp-json\/wp\/v2\/types\/page"}],"author":[{"embeddable":true,"href":"https:\/\/swissfamilyclub.com\/fr\/wp-json\/wp\/v2\/users\/1"}],"replies":[{"embeddable":true,"href":"https:\/\/swissfamilyclub.com\/fr\/wp-json\/wp\/v2\/comments?post=1394"}],"version-history":[{"count":0,"href":"https:\/\/swissfamilyclub.com\/fr\/wp-json\/wp\/v2\/pages\/1394\/revisions"}],"up":[{"embeddable":true,"href":"https:\/\/swissfamilyclub.com\/fr\/wp-json\/wp\/v2\/pages\/1380"}],"wp:attachment":[{"href":"https:\/\/swissfamilyclub.com\/fr\/wp-json\/wp\/v2\/media?parent=1394"}],"curies":[{"name":"wp","href":"https:\/\/api.w.org\/{rel}","templated":true}]}}