{"id":8936,"date":"2025-08-20T13:28:50","date_gmt":"2025-08-20T13:28:50","guid":{"rendered":"https:\/\/swissfamilyclub.com\/?page_id=8936"},"modified":"2025-11-18T14:55:58","modified_gmt":"2025-11-18T14:55:58","slug":"disclaimer","status":"publish","type":"page","link":"https:\/\/swissfamilyclub.com\/es\/disclaimer\/","title":{"rendered":"Descargo de responsabilidad"},"content":{"rendered":"<div data-elementor-type=\"wp-page\" data-elementor-id=\"8936\" class=\"elementor elementor-8936\" data-elementor-post-type=\"page\">\n\t\t\t\t<div class=\"elementor-element elementor-element-674bc07 e-con-full mrkt_root_container e-flex e-con e-child\" data-id=\"674bc07\" data-element_type=\"container\" data-settings=\"{&quot;background_background&quot;:&quot;classic&quot;}\">\n\t\t<div class=\"elementor-element elementor-element-b500eb7 e-con-full elementor-hidden-tablet elementor-hidden-mobile e-flex e-con e-child\" data-id=\"b500eb7\" data-element_type=\"container\" data-settings=\"{&quot;background_background&quot;:&quot;classic&quot;,&quot;position&quot;:&quot;absolute&quot;}\">\n\t\t\t\t<\/div>\n\t\t\t\t<div class=\"elementor-element elementor-element-a28edae elementor-widget elementor-widget-heading\" data-id=\"a28edae\" data-element_type=\"widget\" data-widget_type=\"heading.default\">\n\t\t\t\t\t<h1 class=\"elementor-heading-title elementor-size-default\">Informaci\u00f3n jur\u00eddica<\/h1>\t\t\t\t<\/div>\n\t\t\t\t<div class=\"elementor-element elementor-element-7da274d elementor-widget-divider--view-line elementor-widget elementor-widget-divider\" data-id=\"7da274d\" data-element_type=\"widget\" data-widget_type=\"divider.default\">\n\t\t\t\t\t\t\t<div class=\"elementor-divider\">\n\t\t\t<span class=\"elementor-divider-separator\">\n\t\t\t\t\t\t<\/span>\n\t\t<\/div>\n\t\t\t\t\t\t<\/div>\n\t\t\t\t<div class=\"elementor-element elementor-element-f38ff65 elementor-widget elementor-widget-heading\" data-id=\"f38ff65\" data-element_type=\"widget\" data-widget_type=\"heading.default\">\n\t\t\t\t\t<span class=\"elementor-heading-title elementor-size-default\">Descargo de responsabilidad<\/span>\t\t\t\t<\/div>\n\t\t\t\t<\/div>\n\t\t<div class=\"elementor-element elementor-element-1e390b0 mrkt_root_container e-flex e-con-boxed e-con e-parent\" data-id=\"1e390b0\" data-element_type=\"container\">\n\t\t\t\t\t<div class=\"e-con-inner\">\n\t\t<div class=\"elementor-element elementor-element-b3ef3a7 e-con-full e-flex e-con e-child\" data-id=\"b3ef3a7\" data-element_type=\"container\">\n\t\t\t\t<div class=\"elementor-element elementor-element-a10db1c elementor-widget elementor-widget-heading\" data-id=\"a10db1c\" data-element_type=\"widget\" data-widget_type=\"heading.default\">\n\t\t\t\t\t<h2 class=\"elementor-heading-title elementor-size-default\">Informaci\u00f3n jur\u00eddica<\/h2>\t\t\t\t<\/div>\n\t\t\t\t<div class=\"elementor-element elementor-element-fd3671d elementor-widget elementor-widget-text-editor\" data-id=\"fd3671d\" data-element_type=\"widget\" data-widget_type=\"text-editor.default\">\n\t\t\t\t\t\t\t\t\t<h3>Operador del sitio web<\/h3><p>\u00a0<\/p><p>Este sitio web est\u00e1 gestionado por el:<\/p><p>\u00a0<\/p><p>Club Suizo de Inversores Familiares<\/p><p>Zeltweg 11, 8032, Z\u00farich, Suiza<\/p><p>Correo electr\u00f3nico: info@swissfamilyclub.com<\/p><p>Tel\u00e9fono: 044-256 16 07<\/p><p>\u00a0<\/p><p>Se trata de una asociaci\u00f3n de derecho privado con sede en Suiza. No persigue fines comerciales, sino que sirve para promover el intercambio, la creaci\u00f3n de redes y el desarrollo de relaciones entre personas e instituciones con mentalidad empresarial.<\/p><p>\u00a0<\/p><h3>Informaci\u00f3n facilitada<\/h3><p>\u00a0<\/p><p>La informaci\u00f3n facilitada en este sitio web s\u00f3lo tiene fines generales e informativos.<\/p><p>\u00a0<\/p><p>El Club de Inversores Familiares Suizos:<\/p><p>\u00a0<\/p><ul><li>no presta servicios financieros en el sentido de la Ley de Servicios Financieros (FinSA) u otras leyes del mercado financiero,<\/li><li>no intermedia en instrumentos financieros,<\/li><li>no ofrece asesoramiento en materia de inversi\u00f3n, activos o estructuraci\u00f3n,<\/li><li>no acepta dep\u00f3sitos y<\/li><li>no realiza transacciones por cuenta de terceros.<\/li><\/ul><p>\u00a0<\/p><p>Todas las presentaciones o descripciones de proyectos, inversiones o estructuras sirven exclusivamente para proporcionar informaci\u00f3n sobre las \u00e1reas de actividad y la comprensi\u00f3n de los valores de la organizaci\u00f3n. No constituyen una recomendaci\u00f3n, solicitud u oferta de compra, venta o tenencia de productos financieros.<\/p><p>Todas las decisiones relativas a inversiones o productos financieros son responsabilidad exclusiva de las personas respectivas, que deben solicitar asesoramiento a especialistas adecuados (por ejemplo, asesores jur\u00eddicos o financieros) antes de emprender cualquier acci\u00f3n.<\/p><p>\u00a0<\/p><h3>Descargo de responsabilidad sobre contenidos y enlaces<\/h3><p>\u00a0<\/p><p>El Swiss Family Investors Club se esfuerza por actualizar constantemente el contenido de este sitio web y por presentarlo correctamente. No obstante, el Swiss Family Investors Club no asume ninguna responsabilidad por la exactitud, integridad y actualidad de la informaci\u00f3n facilitada, en particular la procedente de terceros. Nos reservamos el derecho a modificar, completar o eliminar contenidos sin previo aviso.<\/p><p>Nuestra p\u00e1gina web contiene enlaces a p\u00e1ginas web externas de terceros sobre cuyo contenido no tenemos ninguna influencia. El respectivo proveedor u operador de las p\u00e1ginas es siempre responsable del contenido de las p\u00e1ginas enlazadas. En el momento de establecer el enlace, no se detectaron contenidos ilegales. Sin embargo, no es razonable un control permanente de los contenidos de las p\u00e1ginas enlazadas sin pruebas concretas de una infracci\u00f3n. Si tenemos conocimiento de alguna infracci\u00f3n legal, dichos enlaces se eliminar\u00e1n inmediatamente.<\/p><p>\u00a0<\/p><h3>Copyright<\/h3><p>\u00a0<\/p><p>Los contenidos publicados en este sitio web, incluidos gr\u00e1ficos, im\u00e1genes, fotos, textos y v\u00eddeos (en lo sucesivo, \"contenidos\"), est\u00e1n sujetos a derechos de autor. Nos esforzamos por utilizar \u00fanicamente contenidos de creaci\u00f3n propia o materiales libres de licencia y por respetar los derechos de autor aplicables.<\/p><p>Las licencias de determinados gr\u00e1ficos, im\u00e1genes y fotograf\u00edas utilizados en este sitio web han sido adquiridas a proveedores externos. Cualquier uso de estos contenidos bajo licencia est\u00e1 sujeto a las respectivas condiciones de licencia. Queda prohibido cualquier uso, reproducci\u00f3n, edici\u00f3n o distribuci\u00f3n de estos contenidos sin nuestro consentimiento expreso y sin respetar las condiciones de licencia correspondientes.<\/p><p>Los contenidos de este sitio web creados por nosotros tampoco pueden reproducirse, editarse, distribuirse o utilizarse de otro modo sin autorizaci\u00f3n previa por escrito.<\/p><p>Los contenidos de terceros se etiquetan como tales a menos que procedan de nosotros. No obstante, si tiene conocimiento de una posible infracci\u00f3n de los derechos de autor, inf\u00f3rmenos inmediatamente. Si tenemos conocimiento de alguna infracci\u00f3n legal, eliminaremos inmediatamente el contenido en cuesti\u00f3n.<\/p><p>\u00a0<\/p><h3>Protecci\u00f3n de datos<\/h3><p>\u00a0<\/p><p>El tratamiento de datos personales se rige por la Ley suiza de protecci\u00f3n de datos (DSG) y el Reglamento general de protecci\u00f3n de datos (GDPR), en la medida en que sean aplicables. Encontrar\u00e1 informaci\u00f3n detallada al respecto en la <a href=\"\/es\/datenschutz\/\">Pol\u00edtica de privacidad<\/a> este sitio web.<\/p><p>\u00a0<\/p><h3>Sugerencia<\/h3><p>Este sitio web est\u00e1 sujeto a la legislaci\u00f3n suiza.<\/p>\t\t\t\t\t\t\t\t<\/div>\n\t\t\t\t<\/div>\n\t\t\t\t\t<\/div>\n\t\t\t\t<\/div>\n\t\t\t\t<\/div>","protected":false},"excerpt":{"rendered":"<p>Rechtliche Informationen Disclaimer Rechtliche Informationen Betreiber der Webseite \u00a0 Diese Webseite wird betrieben durch den: \u00a0 Swiss Family Investors Club Zeltweg 11, 8032, Z\u00fcrich, Schweiz E-Mail: info@swissfamilyclub.com Telefon: 044-256 16 07 \u00a0 Der Verein ist ein privatrechtlich organisierter Zusammenschluss mit Sitz in der Schweiz. Er verfolgt keine kommerziellen Zwecke, sondern dient der F\u00f6rderung des Austauschs, [&hellip;]<\/p>","protected":false},"author":1,"featured_media":0,"parent":0,"menu_order":0,"comment_status":"closed","ping_status":"closed","template":"","meta":{"iawp_total_views":30,"footnotes":""},"class_list":["post-8936","page","type-page","status-publish","hentry"],"_links":{"self":[{"href":"https:\/\/swissfamilyclub.com\/es\/wp-json\/wp\/v2\/pages\/8936","targetHints":{"allow":["GET"]}}],"collection":[{"href":"https:\/\/swissfamilyclub.com\/es\/wp-json\/wp\/v2\/pages"}],"about":[{"href":"https:\/\/swissfamilyclub.com\/es\/wp-json\/wp\/v2\/types\/page"}],"author":[{"embeddable":true,"href":"https:\/\/swissfamilyclub.com\/es\/wp-json\/wp\/v2\/users\/1"}],"replies":[{"embeddable":true,"href":"https:\/\/swissfamilyclub.com\/es\/wp-json\/wp\/v2\/comments?post=8936"}],"version-history":[{"count":0,"href":"https:\/\/swissfamilyclub.com\/es\/wp-json\/wp\/v2\/pages\/8936\/revisions"}],"wp:attachment":[{"href":"https:\/\/swissfamilyclub.com\/es\/wp-json\/wp\/v2\/media?parent=8936"}],"curies":[{"name":"wp","href":"https:\/\/api.w.org\/{rel}","templated":true}]}}