{"id":1394,"date":"2025-06-11T14:22:13","date_gmt":"2025-06-11T14:22:13","guid":{"rendered":"https:\/\/swissfamilyclub.com\/?page_id=1394"},"modified":"2025-09-04T10:26:32","modified_gmt":"2025-09-04T10:26:32","slug":"institutionelle","status":"publish","type":"page","link":"https:\/\/swissfamilyclub.com\/es\/login\/institutionelle\/","title":{"rendered":"Institucional"},"content":{"rendered":"<div data-elementor-type=\"wp-page\" data-elementor-id=\"1394\" class=\"elementor elementor-1394\" data-elementor-post-type=\"page\">\n\t\t\t\t<div class=\"elementor-element elementor-element-d54064a e-con-full e-flex e-con e-parent\" data-id=\"d54064a\" data-element_type=\"container\">\n\t\t<div class=\"elementor-element elementor-element-42bbfc4 e-con-full mrkt_root-alt_container e-flex e-con e-child\" data-id=\"42bbfc4\" data-element_type=\"container\" data-settings=\"{&quot;background_background&quot;:&quot;classic&quot;}\">\n\t\t\t\t<div class=\"elementor-element elementor-element-a2b2552 elementor-widget elementor-widget-heading\" data-id=\"a2b2552\" data-element_type=\"widget\" data-widget_type=\"heading.default\">\n\t\t\t\t\t<h2 class=\"elementor-heading-title elementor-size-default\">Institucional\nMiembros<\/h2>\t\t\t\t<\/div>\n\t\t\t\t<div class=\"elementor-element elementor-element-a1ee291 elementor-widget elementor-widget-text-editor\" data-id=\"a1ee291\" data-element_type=\"widget\" data-widget_type=\"text-editor.default\">\n\t\t\t\t\t\t\t\t\t<p>Para fondos de pensiones, family offices y fundaciones, pensamos en t\u00e9rminos de generaciones, no de trimestres. No buscan tendencias impulsivas, sino claridad estrat\u00e9gica, exclusivamente curada y personalizada. Aqu\u00ed, el acceso se crea antes de que el mercado lo reconozca.<\/p>\t\t\t\t\t\t\t\t<\/div>\n\t\t<div class=\"elementor-element elementor-element-66b0fec e-con-full e-flex e-con e-child\" data-id=\"66b0fec\" data-element_type=\"container\">\n\t\t\t\t<div class=\"elementor-element elementor-element-102ddfa elementor-widget elementor-widget-login\" data-id=\"102ddfa\" data-element_type=\"widget\" data-widget_type=\"login.default\">\n\t\t\t\t\t\t\t<form class=\"elementor-login elementor-form\" method=\"post\" action=\"https:\/\/swissfamilyclub.com\/wp-login.php\">\n\t\t\t<input type=\"hidden\" name=\"redirect_to\" value=\"\/mitglieder-bereich\">\n\t\t\t<div class=\"elementor-form-fields-wrapper\">\n\t\t\t\t<div class=\"elementor-field-type-text elementor-field-group elementor-column elementor-col-100 elementor-field-required\">\n\t\t\t\t\t<label for=\"user-102ddfa\" class=\"elementor-field-label elementor-screen-only\"><\/label>\n\t\t\t\t\t<input size=\"1\" type=\"text\" name=\"log\" id=\"user-102ddfa\" placeholder=\"Nombre de usuario o correo electr\u00f3nico\" class=\"elementor-field elementor-field-textual elementor-size-md\">\n\t\t\t\t<\/div>\n\t\t\t\t<div class=\"elementor-field-type-text elementor-field-group elementor-column elementor-col-100 elementor-field-required\">\n\t\t\t\t\t<label for=\"password-102ddfa\" class=\"elementor-field-label elementor-screen-only\"><\/label>\n\t\t\t\t\t<input size=\"1\" type=\"password\" name=\"pwd\" id=\"password-102ddfa\" placeholder=\"contrase\u00f1a\" class=\"elementor-field elementor-field-textual elementor-size-md\">\n\t\t\t\t<\/div>\n\n\t\t\t\t\n\t\t\t\t\t\t<input\n\t\t\t\ttype=\"hidden\"\n\t\t\t\tclass=\"hcaptcha-signature\"\n\t\t\t\tname=\"hcaptcha-signature-SENhcHRjaGFcRWxlbWVudG9yUHJvXExvZ2lu\"\n\t\t\t\tvalue=\"eyJzb3VyY2UiOlsiZWxlbWVudG9yLXByb1wvZWxlbWVudG9yLXByby5waHAiXSwiZm9ybV9pZCI6ImxvZ2luIiwiaGNhcHRjaGFfc2hvd24iOmZhbHNlfQ==-6f568258cedc71b937a0fec7e4132405\">\n\t\t\n<div class=\"elementor-field-group elementor-column elementor-field-type-submit elementor-col-100\">\n\t\t\t\t\t<button type=\"submit\" class=\"elementor-size-md elementor-button\" name=\"wp-submit\">\n\t\t\t\t\t\t\t\t\t\t\t\t\t\t\t<span class=\"elementor-button-text\">Conectarse<\/span>\n\t\t\t\t\t\t\t\t\t\t\t\t<\/button>\n\t\t\t\t<\/div>\n\n\t\t\t\t\t\t\t<\/div>\n\t\t<\/form>\n\t\t\t\t\t\t<\/div>\n\t\t\t\t<div class=\"elementor-element elementor-element-d119be1 pa-display-conditions-yes elementor-widget elementor-widget-heading\" data-id=\"d119be1\" data-element_type=\"widget\" data-settings=\"{&quot;pa_display_conditions_switcher&quot;:&quot;yes&quot;}\" data-widget_type=\"heading.default\">\n\t\t\t\t\t<h2 class=\"elementor-heading-title elementor-size-default\"><a href=\"\/es\/wp-login.php\/?action=lostpassword\">\u00bfHa olvidado su contrase\u00f1a?<\/a><\/h2>\t\t\t\t<\/div>\n\t\t\t\t<div class=\"elementor-element elementor-element-019b144 elementor-widget__width-initial elementor-widget elementor-widget-button\" data-id=\"019b144\" data-element_type=\"widget\" data-widget_type=\"button.default\">\n\t\t\t\t\t\t\t\t\t\t<a class=\"elementor-button elementor-button-link elementor-size-sm\" href=\"\/es\/vorqualifizierung\/\">\n\t\t\t\t\t\t<span class=\"elementor-button-content-wrapper\">\n\t\t\t\t\t\t\t\t\t<span class=\"elementor-button-text\">Para la precalificaci\u00f3n<\/span>\n\t\t\t\t\t<\/span>\n\t\t\t\t\t<\/a>\n\t\t\t\t\t\t\t\t<\/div>\n\t\t\t\t<\/div>\n\t\t\t\t<\/div>\n\t\t<div class=\"elementor-element elementor-element-c2fb91e e-con-full mrkt_root-alt_container e-flex e-con e-child\" data-id=\"c2fb91e\" data-element_type=\"container\" data-settings=\"{&quot;background_background&quot;:&quot;classic&quot;}\">\n\t\t<div class=\"elementor-element elementor-element-29c119d e-con-full e-flex e-con e-child\" data-id=\"29c119d\" data-element_type=\"container\">\n\t\t\t\t<div class=\"elementor-element elementor-element-3f0815a elementor-widget elementor-widget-heading\" data-id=\"3f0815a\" data-element_type=\"widget\" data-widget_type=\"heading.default\">\n\t\t\t\t\t<h2 class=\"elementor-heading-title elementor-size-default\">Planteamientos estrat\u00e9gicos para previsores.<\/h2>\t\t\t\t<\/div>\n\t\t\t\t<div class=\"elementor-element elementor-element-f00fd5c elementor-widget elementor-widget-heading\" data-id=\"f00fd5c\" data-element_type=\"widget\" data-widget_type=\"heading.default\">\n\t\t\t\t\t<h2 class=\"elementor-heading-title elementor-size-default\">CLUB DE INVERSORES INSTITUCIONALES DE LA FAMILIA SUIZA<\/h2>\t\t\t\t<\/div>\n\t\t\t\t<div class=\"elementor-element elementor-element-57add13 elementor-widget elementor-widget-text-editor\" data-id=\"57add13\" data-element_type=\"widget\" data-widget_type=\"text-editor.default\">\n\t\t\t\t\t\t\t\t\t<p>Los inversores institucionales piensan en ciclos, no en momentos. En el Swiss Family Institutional Investors Club, tienen acceso a una red confidencial en la que se debaten cuestiones estrat\u00e9gicas, se comparten perspectivas y se intercambian experiencias, lejos del \u00e1mbito p\u00fablico.<\/p><p>Este c\u00edrculo brinda la oportunidad de captar impulsos en una fase temprana, reflexionar juntos sobre las estructuras y orientarse mediante el di\u00e1logo directo con los responsables de la toma de decisiones. La atenci\u00f3n no se centra en los productos, sino en la sustancia, la actitud y el objetivo com\u00fan de configurar el futuro de forma responsable.<\/p>\t\t\t\t\t\t\t\t<\/div>\n\t\t\t\t<\/div>\n\t\t<div class=\"elementor-element elementor-element-1f43d50 e-con-full e-flex e-con e-child\" data-id=\"1f43d50\" data-element_type=\"container\">\n\t\t\t\t<div class=\"elementor-element elementor-element-7d2fbb1 premium-adv-carousel__coverflow elementor-widget elementor-widget-premium-media-wheel\" data-id=\"7d2fbb1\" data-element_type=\"widget\" data-widget_type=\"premium-media-wheel.default\">\n\t\t\t\t\t\t\t<div class=\"premium-adv-carousel-no-lightbox premium-adv-carousel__container\" data-settings=\"{&quot;type&quot;:&quot;coverflow&quot;,&quot;scroll&quot;:true,&quot;speed&quot;:80,&quot;pauseOnHover&quot;:true,&quot;loop&quot;:&quot;yes&quot;,&quot;autoPlay&quot;:3000,&quot;click&quot;:true,&quot;keyboard&quot;:false,&quot;touch&quot;:false,&quot;buttons&quot;:false,&quot;spacing&quot;:-0.6,&quot;start&quot;:&quot;center&quot;}\">\n\n\t\t\t<div style=\"visibility:hidden;\" class=\"premium-adv-carousel__inner-container\">\n\n\t\t\t\t<div class=\"premium-adv-carousel__items\">\n\n\t\t\t\t\t\t\t\t<div class=\"premium-adv-carousel__item-outer-wrapper\">\n\t\t\t\t<div class=\"elementor-repeater-item-cbebb9a premium-adv-carousel__item premium-adv-carousel__item-image\">\n\t\t\t\t\t<div class=\"premium-adv-carousel__media-wrap\">\n\t\t\t\t\t\t\t\t\t\t\t\t\t\t<img decoding=\"async\" src=\"https:\/\/swissfamilyclub.com\/wp-content\/uploads\/2025\/07\/team-of-investors-analyzing-profit-amount-and-making-decisions.jpg\" alt=\"Team of investors analyzing profit amount and making decisions\" class=\"premium-adv-carousel__item-img premium-hover-effects__zoomin\">\n\t\t\t\t\t\t\t\t\t\t\t\t<\/div>\n\n\t\t\t\t\t\n\t\t\t\t\t\t\t\t\t<\/div>\n\t\t\t<\/div>\n\t\t\t\t\t\t<div class=\"premium-adv-carousel__item-outer-wrapper\">\n\t\t\t\t<div class=\"elementor-repeater-item-ab3eb97 premium-adv-carousel__item premium-adv-carousel__item-image\">\n\t\t\t\t\t<div class=\"premium-adv-carousel__media-wrap\">\n\t\t\t\t\t\t\t\t\t\t\t\t\t\t<img decoding=\"async\" src=\"https:\/\/swissfamilyclub.com\/wp-content\/uploads\/2025\/07\/business-marketing-team-discussion-corporate-concept.jpg\" alt=\"Business Marketing Team Discussion Corporate Concept\" class=\"premium-adv-carousel__item-img premium-hover-effects__zoomin\">\n\t\t\t\t\t\t\t\t\t\t\t\t<\/div>\n\n\t\t\t\t\t\n\t\t\t\t\t\t\t\t\t<\/div>\n\t\t\t<\/div>\n\t\t\t\t\t\t<div class=\"premium-adv-carousel__item-outer-wrapper\">\n\t\t\t\t<div class=\"elementor-repeater-item-b7f69dc premium-adv-carousel__item premium-adv-carousel__item-image\">\n\t\t\t\t\t<div class=\"premium-adv-carousel__media-wrap\">\n\t\t\t\t\t\t\t\t\t\t\t\t\t\t<img decoding=\"async\" src=\"https:\/\/swissfamilyclub.com\/wp-content\/uploads\/2025\/07\/brainstorming-at-the-pub-2024-10-18-07-01-04-utc-scaled.jpg\" alt=\"Group of businessmen socializing at the bar\" class=\"premium-adv-carousel__item-img premium-hover-effects__zoomin\">\n\t\t\t\t\t\t\t\t\t\t\t\t<\/div>\n\n\t\t\t\t\t\n\t\t\t\t\t\t\t\t\t<\/div>\n\t\t\t<\/div>\n\t\t\t\t\t\t\t<\/div>\n\t\t\t<\/div>\n\t\t<\/div>\n\t\t\t\t\t\t<\/div>\n\t\t\t\t<\/div>\n\t\t\t\t<\/div>\n\t\t\t\t<\/div>\n\t\t\t\t<\/div>","protected":false},"excerpt":{"rendered":"<p>Miembros institucionales Responsables de fondos de pensiones, family offices y fundaciones no piensan en trimestres, sino en generaciones. No buscan tendencias impulsivas, sino claridad estrat\u00e9gica, exclusivamente curada y personalizada. El acceso se crea aqu\u00ed antes de que el mercado lo reconozca. \u00bfHa olvidado su contrase\u00f1a? \u00c1rea de miembros Para la precalificaci\u00f3n Acceso estrat\u00e9gico para los previsores. EL CLUB DE INVERSORES INSTITUCIONALES DE LA FAMILIA SUIZA Inversores institucionales [...]<\/p>","protected":false},"author":1,"featured_media":0,"parent":1380,"menu_order":0,"comment_status":"closed","ping_status":"closed","template":"","meta":{"iawp_total_views":92,"footnotes":""},"class_list":["post-1394","page","type-page","status-publish","hentry"],"_links":{"self":[{"href":"https:\/\/swissfamilyclub.com\/es\/wp-json\/wp\/v2\/pages\/1394","targetHints":{"allow":["GET"]}}],"collection":[{"href":"https:\/\/swissfamilyclub.com\/es\/wp-json\/wp\/v2\/pages"}],"about":[{"href":"https:\/\/swissfamilyclub.com\/es\/wp-json\/wp\/v2\/types\/page"}],"author":[{"embeddable":true,"href":"https:\/\/swissfamilyclub.com\/es\/wp-json\/wp\/v2\/users\/1"}],"replies":[{"embeddable":true,"href":"https:\/\/swissfamilyclub.com\/es\/wp-json\/wp\/v2\/comments?post=1394"}],"version-history":[{"count":0,"href":"https:\/\/swissfamilyclub.com\/es\/wp-json\/wp\/v2\/pages\/1394\/revisions"}],"up":[{"embeddable":true,"href":"https:\/\/swissfamilyclub.com\/es\/wp-json\/wp\/v2\/pages\/1380"}],"wp:attachment":[{"href":"https:\/\/swissfamilyclub.com\/es\/wp-json\/wp\/v2\/media?parent=1394"}],"curies":[{"name":"wp","href":"https:\/\/api.w.org\/{rel}","templated":true}]}}