{"id":1392,"date":"2025-06-11T14:21:34","date_gmt":"2025-06-11T14:21:34","guid":{"rendered":"https:\/\/swissfamilyclub.com\/?page_id=1392"},"modified":"2025-09-04T10:28:45","modified_gmt":"2025-09-04T10:28:45","slug":"qualifizierte-mitglieder","status":"publish","type":"page","link":"https:\/\/swissfamilyclub.com\/es\/login\/qualifizierte-mitglieder\/","title":{"rendered":"Miembros cualificados"},"content":{"rendered":"<div data-elementor-type=\"wp-page\" data-elementor-id=\"1392\" class=\"elementor elementor-1392\" data-elementor-post-type=\"page\">\n\t\t\t\t<div class=\"elementor-element elementor-element-bc06bed e-con-full e-flex e-con e-parent\" data-id=\"bc06bed\" data-element_type=\"container\">\n\t\t<div class=\"elementor-element elementor-element-6374835 e-con-full mrkt_root-alt_container e-flex e-con e-child\" data-id=\"6374835\" data-element_type=\"container\" data-settings=\"{&quot;background_background&quot;:&quot;classic&quot;}\">\n\t\t\t\t<div class=\"elementor-element elementor-element-23b3d5f elementor-widget elementor-widget-heading\" data-id=\"23b3d5f\" data-element_type=\"widget\" data-widget_type=\"heading.default\">\n\t\t\t\t\t<h2 class=\"elementor-heading-title elementor-size-default\">Miembros cualificados<\/h2>\t\t\t\t<\/div>\n\t\t\t\t<div class=\"elementor-element elementor-element-ef53435 elementor-widget elementor-widget-text-editor\" data-id=\"ef53435\" data-element_type=\"widget\" data-widget_type=\"text-editor.default\">\n\t\t\t\t\t\t\t\t\t<p>Las oportunidades reales son reconocidas por quienes piensan en el futuro y muestran actitud.<br \/>Sit\u00faese donde el acceso signifique algo m\u00e1s que una palabra, es decir, una perspectiva compartida.<\/p>\t\t\t\t\t\t\t\t<\/div>\n\t\t<div class=\"elementor-element elementor-element-0c85518 e-con-full e-flex e-con e-child\" data-id=\"0c85518\" data-element_type=\"container\">\n\t\t\t\t<div class=\"elementor-element elementor-element-e3f5500 elementor-widget elementor-widget-login\" data-id=\"e3f5500\" data-element_type=\"widget\" data-widget_type=\"login.default\">\n\t\t\t\t\t\t\t<form class=\"elementor-login elementor-form\" method=\"post\" action=\"https:\/\/swissfamilyclub.com\/wp-login.php\">\n\t\t\t<input type=\"hidden\" name=\"redirect_to\" value=\"\/mitglieder-bereich\">\n\t\t\t<div class=\"elementor-form-fields-wrapper\">\n\t\t\t\t<div class=\"elementor-field-type-text elementor-field-group elementor-column elementor-col-100 elementor-field-required\">\n\t\t\t\t\t<label for=\"user-e3f5500\" class=\"elementor-field-label elementor-screen-only\"><\/label>\n\t\t\t\t\t<input size=\"1\" type=\"text\" name=\"log\" id=\"user-e3f5500\" placeholder=\"Nombre de usuario o correo electr\u00f3nico\" class=\"elementor-field elementor-field-textual elementor-size-md\">\n\t\t\t\t<\/div>\n\t\t\t\t<div class=\"elementor-field-type-text elementor-field-group elementor-column elementor-col-100 elementor-field-required\">\n\t\t\t\t\t<label for=\"password-e3f5500\" class=\"elementor-field-label elementor-screen-only\"><\/label>\n\t\t\t\t\t<input size=\"1\" type=\"password\" name=\"pwd\" id=\"password-e3f5500\" placeholder=\"contrase\u00f1a\" class=\"elementor-field elementor-field-textual elementor-size-md\">\n\t\t\t\t<\/div>\n\n\t\t\t\t\n\t\t\t\t\t\t<input\n\t\t\t\ttype=\"hidden\"\n\t\t\t\tclass=\"hcaptcha-signature\"\n\t\t\t\tname=\"hcaptcha-signature-SENhcHRjaGFcRWxlbWVudG9yUHJvXExvZ2lu\"\n\t\t\t\tvalue=\"eyJzb3VyY2UiOlsiZWxlbWVudG9yLXByb1wvZWxlbWVudG9yLXByby5waHAiXSwiZm9ybV9pZCI6ImxvZ2luIiwiaGNhcHRjaGFfc2hvd24iOmZhbHNlfQ==-6f568258cedc71b937a0fec7e4132405\">\n\t\t\n<div class=\"elementor-field-group elementor-column elementor-field-type-submit elementor-col-100\">\n\t\t\t\t\t<button type=\"submit\" class=\"elementor-size-md elementor-button\" name=\"wp-submit\">\n\t\t\t\t\t\t\t\t\t\t\t\t\t\t\t<span class=\"elementor-button-text\">Conectarse<\/span>\n\t\t\t\t\t\t\t\t\t\t\t\t<\/button>\n\t\t\t\t<\/div>\n\n\t\t\t\t\t\t\t<\/div>\n\t\t<\/form>\n\t\t\t\t\t\t<\/div>\n\t\t\t\t<div class=\"elementor-element elementor-element-0bd5274 pa-display-conditions-yes elementor-widget elementor-widget-heading\" data-id=\"0bd5274\" data-element_type=\"widget\" data-settings=\"{&quot;pa_display_conditions_switcher&quot;:&quot;yes&quot;}\" data-widget_type=\"heading.default\">\n\t\t\t\t\t<h2 class=\"elementor-heading-title elementor-size-default\"><a href=\"\/es\/wp-login.php\/?action=lostpassword\">\u00bfHa olvidado su contrase\u00f1a?<\/a><\/h2>\t\t\t\t<\/div>\n\t\t\t\t<div class=\"elementor-element elementor-element-5bfc20e elementor-widget__width-initial elementor-widget elementor-widget-button\" data-id=\"5bfc20e\" data-element_type=\"widget\" data-widget_type=\"button.default\">\n\t\t\t\t\t\t\t\t\t\t<a class=\"elementor-button elementor-button-link elementor-size-sm\" href=\"\/es\/vorqualifizierung\/\">\n\t\t\t\t\t\t<span class=\"elementor-button-content-wrapper\">\n\t\t\t\t\t\t\t\t\t<span class=\"elementor-button-text\">Para la precalificaci\u00f3n<\/span>\n\t\t\t\t\t<\/span>\n\t\t\t\t\t<\/a>\n\t\t\t\t\t\t\t\t<\/div>\n\t\t\t\t<\/div>\n\t\t\t\t<\/div>\n\t\t<div class=\"elementor-element elementor-element-5d76c19 e-con-full mrkt_root-alt_container e-flex e-con e-child\" data-id=\"5d76c19\" data-element_type=\"container\" data-settings=\"{&quot;background_background&quot;:&quot;classic&quot;}\">\n\t\t<div class=\"elementor-element elementor-element-3037bc6 e-con-full e-flex e-con e-child\" data-id=\"3037bc6\" data-element_type=\"container\">\n\t\t\t\t<div class=\"elementor-element elementor-element-d1be537 elementor-widget elementor-widget-heading\" data-id=\"d1be537\" data-element_type=\"widget\" data-widget_type=\"heading.default\">\n\t\t\t\t\t<h2 class=\"elementor-heading-title elementor-size-default\">Oportunidades exclusivas para personalidades.<\/h2>\t\t\t\t<\/div>\n\t\t\t\t<div class=\"elementor-element elementor-element-902e6ae elementor-widget elementor-widget-heading\" data-id=\"902e6ae\" data-element_type=\"widget\" data-widget_type=\"heading.default\">\n\t\t\t\t\t<h2 class=\"elementor-heading-title elementor-size-default\">CLUB DE INVERSORES PRIVADOS DE LA FAMILIA SUIZA<\/h2>\t\t\t\t<\/div>\n\t\t\t\t<div class=\"elementor-element elementor-element-100aa4a elementor-widget elementor-widget-text-editor\" data-id=\"100aa4a\" data-element_type=\"widget\" data-widget_type=\"text-editor.default\">\n\t\t\t\t\t\t\t\t\t<p>Un c\u00edrculo para personalidades que esperan algo m\u00e1s que cifras: Acceso a redes cuidadosamente seleccionadas, di\u00e1logo estrat\u00e9gico y un entorno en el que la confianza est\u00e1 por encima de todo. Aqu\u00ed es donde se establecen conexiones que van mucho m\u00e1s all\u00e1 de los contactos, para quienes est\u00e1n preparados para crecer juntos y configurar activamente los mercados del ma\u00f1ana.<\/p>\t\t\t\t\t\t\t\t<\/div>\n\t\t\t\t<\/div>\n\t\t<div class=\"elementor-element elementor-element-27a3d41 e-con-full e-flex e-con e-child\" data-id=\"27a3d41\" data-element_type=\"container\">\n\t\t\t\t<div class=\"elementor-element elementor-element-4e7ee45 premium-adv-carousel__coverflow elementor-widget elementor-widget-premium-media-wheel\" data-id=\"4e7ee45\" data-element_type=\"widget\" data-widget_type=\"premium-media-wheel.default\">\n\t\t\t\t\t\t\t<div class=\"premium-adv-carousel-no-lightbox premium-adv-carousel__container\" data-settings=\"{&quot;type&quot;:&quot;coverflow&quot;,&quot;scroll&quot;:true,&quot;speed&quot;:80,&quot;pauseOnHover&quot;:true,&quot;loop&quot;:&quot;yes&quot;,&quot;autoPlay&quot;:3000,&quot;click&quot;:true,&quot;keyboard&quot;:false,&quot;touch&quot;:false,&quot;buttons&quot;:false,&quot;spacing&quot;:-0.6,&quot;start&quot;:&quot;center&quot;}\">\n\n\t\t\t<div style=\"visibility:hidden;\" class=\"premium-adv-carousel__inner-container\">\n\n\t\t\t\t<div class=\"premium-adv-carousel__items\">\n\n\t\t\t\t\t\t\t\t<div class=\"premium-adv-carousel__item-outer-wrapper\">\n\t\t\t\t<div class=\"elementor-repeater-item-cbebb9a premium-adv-carousel__item premium-adv-carousel__item-image\">\n\t\t\t\t\t<div class=\"premium-adv-carousel__media-wrap\">\n\t\t\t\t\t\t\t\t\t\t\t\t\t\t<img decoding=\"async\" src=\"https:\/\/swissfamilyclub.com\/wp-content\/uploads\/2025\/06\/panorama-of-old-city-porto-at-sunset-.jpg\" alt=\"Panorama of old city Porto at sunset.\" class=\"premium-adv-carousel__item-img premium-hover-effects__zoomin\">\n\t\t\t\t\t\t\t\t\t\t\t\t<\/div>\n\n\t\t\t\t\t\n\t\t\t\t\t\t\t\t\t<\/div>\n\t\t\t<\/div>\n\t\t\t\t\t\t<div class=\"premium-adv-carousel__item-outer-wrapper\">\n\t\t\t\t<div class=\"elementor-repeater-item-ab3eb97 premium-adv-carousel__item premium-adv-carousel__item-image\">\n\t\t\t\t\t<div class=\"premium-adv-carousel__media-wrap\">\n\t\t\t\t\t\t\t\t\t\t\t\t\t\t<img decoding=\"async\" src=\"https:\/\/swissfamilyclub.com\/wp-content\/uploads\/2025\/06\/audience-applauding-speaker-at-a-business-seminar.jpg\" alt=\"Audience applauding speaker at a business seminar\" class=\"premium-adv-carousel__item-img premium-hover-effects__zoomin\">\n\t\t\t\t\t\t\t\t\t\t\t\t<\/div>\n\n\t\t\t\t\t\n\t\t\t\t\t\t\t\t\t<\/div>\n\t\t\t<\/div>\n\t\t\t\t\t\t<div class=\"premium-adv-carousel__item-outer-wrapper\">\n\t\t\t\t<div class=\"elementor-repeater-item-b7f69dc premium-adv-carousel__item premium-adv-carousel__item-image\">\n\t\t\t\t\t<div class=\"premium-adv-carousel__media-wrap\">\n\t\t\t\t\t\t\t\t\t\t\t\t\t\t<img decoding=\"async\" src=\"https:\/\/swissfamilyclub.com\/wp-content\/uploads\/2025\/06\/plate-food-and-empty-dinner-table-at-event-with-catering-candles-and-service-for-gala-at-night-m.jpg\" alt=\"Plate, food and empty dinner table at event with catering, candles and service for gala at night. M\" class=\"premium-adv-carousel__item-img premium-hover-effects__zoomin\">\n\t\t\t\t\t\t\t\t\t\t\t\t<\/div>\n\n\t\t\t\t\t\n\t\t\t\t\t\t\t\t\t<\/div>\n\t\t\t<\/div>\n\t\t\t\t\t\t\t<\/div>\n\t\t\t<\/div>\n\t\t<\/div>\n\t\t\t\t\t\t<\/div>\n\t\t\t\t<\/div>\n\t\t\t\t<\/div>\n\t\t\t\t<\/div>\n\t\t\t\t<\/div>","protected":false},"excerpt":{"rendered":"<p>Miembros cualificados Las oportunidades reales son reconocidas por quienes piensan en el futuro y muestran actitud. Posici\u00f3nese donde el acceso signifique algo m\u00e1s que una palabra: una perspectiva compartida. \u00bfHa olvidado su contrase\u00f1a? \u00c1rea de miembros Para precalificaci\u00f3n Oportunidades exclusivas para personalidades. CLUB DE INVERSORES PRIVADOS DE FAMILIA SUIZA Un c\u00edrculo para personalidades que esperan algo m\u00e1s que n\u00fameros: Acceso a redes selectas, intercambio estrat\u00e9gico y [...]<\/p>","protected":false},"author":1,"featured_media":0,"parent":1380,"menu_order":0,"comment_status":"closed","ping_status":"closed","template":"","meta":{"iawp_total_views":106,"footnotes":""},"class_list":["post-1392","page","type-page","status-publish","hentry"],"_links":{"self":[{"href":"https:\/\/swissfamilyclub.com\/es\/wp-json\/wp\/v2\/pages\/1392","targetHints":{"allow":["GET"]}}],"collection":[{"href":"https:\/\/swissfamilyclub.com\/es\/wp-json\/wp\/v2\/pages"}],"about":[{"href":"https:\/\/swissfamilyclub.com\/es\/wp-json\/wp\/v2\/types\/page"}],"author":[{"embeddable":true,"href":"https:\/\/swissfamilyclub.com\/es\/wp-json\/wp\/v2\/users\/1"}],"replies":[{"embeddable":true,"href":"https:\/\/swissfamilyclub.com\/es\/wp-json\/wp\/v2\/comments?post=1392"}],"version-history":[{"count":0,"href":"https:\/\/swissfamilyclub.com\/es\/wp-json\/wp\/v2\/pages\/1392\/revisions"}],"up":[{"embeddable":true,"href":"https:\/\/swissfamilyclub.com\/es\/wp-json\/wp\/v2\/pages\/1380"}],"wp:attachment":[{"href":"https:\/\/swissfamilyclub.com\/es\/wp-json\/wp\/v2\/media?parent=1392"}],"curies":[{"name":"wp","href":"https:\/\/api.w.org\/{rel}","templated":true}]}}