{"id":1380,"date":"2025-06-11T14:07:26","date_gmt":"2025-06-11T14:07:26","guid":{"rendered":"https:\/\/swissfamilyclub.com\/?page_id=1380"},"modified":"2025-09-04T14:13:21","modified_gmt":"2025-09-04T14:13:21","slug":"login","status":"publish","type":"page","link":"https:\/\/swissfamilyclub.com\/es\/login\/","title":{"rendered":"Inicio de sesi\u00f3n"},"content":{"rendered":"<div data-elementor-type=\"wp-page\" data-elementor-id=\"1380\" class=\"elementor elementor-1380\" data-elementor-post-type=\"page\">\n\t\t\t\t<div class=\"elementor-element elementor-element-5c97ad0 e-con-full e-flex e-con e-parent\" data-id=\"5c97ad0\" data-element_type=\"container\" data-settings=\"{&quot;background_background&quot;:&quot;classic&quot;}\">\n\t\t<div class=\"elementor-element elementor-element-279332d e-con-full mrkt_root-alt_container e-flex e-con e-child\" data-id=\"279332d\" data-element_type=\"container\" data-settings=\"{&quot;background_background&quot;:&quot;classic&quot;}\">\n\t\t\t\t<div class=\"elementor-element elementor-element-d60d845 elementor-widget elementor-widget-heading\" data-id=\"d60d845\" data-element_type=\"widget\" data-widget_type=\"heading.default\">\n\t\t\t\t\t<h2 class=\"elementor-heading-title elementor-size-default\">Cualificados\nInversores cualificados<\/h2>\t\t\t\t<\/div>\n\t\t\t\t<div class=\"elementor-element elementor-element-53a6c84 elementor-widget elementor-widget-text-editor\" data-id=\"53a6c84\" data-element_type=\"widget\" data-widget_type=\"text-editor.default\">\n\t\t\t\t\t\t\t\t\t<p>Un c\u00edrculo para personalidades que buscan algo m\u00e1s que contactos: conexiones selectivas, conocimientos estrat\u00e9gicos y una red que prioriza la confianza por encima de todo. Para todos aquellos que quieren crecer juntos y configurar activamente el futuro.<\/p>\t\t\t\t\t\t\t\t<\/div>\n\t\t<div class=\"elementor-element elementor-element-00bdcc7 e-con-full e-flex e-con e-child\" data-id=\"00bdcc7\" data-element_type=\"container\">\n\t\t\t\t<div class=\"elementor-element elementor-element-a82a5d4 elementor-widget elementor-widget-button\" data-id=\"a82a5d4\" data-element_type=\"widget\" data-widget_type=\"button.default\">\n\t\t\t\t\t\t\t\t\t\t<a class=\"elementor-button elementor-button-link elementor-size-sm\" href=\"\/es\/login\/qualifizierte-mitglieder\/\">\n\t\t\t\t\t\t<span class=\"elementor-button-content-wrapper\">\n\t\t\t\t\t\t\t\t\t<span class=\"elementor-button-text\">Al inicio de sesi\u00f3n<\/span>\n\t\t\t\t\t<\/span>\n\t\t\t\t\t<\/a>\n\t\t\t\t\t\t\t\t<\/div>\n\t\t\t\t<div class=\"elementor-element elementor-element-5ddcd25 elementor-widget elementor-widget-button\" data-id=\"5ddcd25\" data-element_type=\"widget\" data-widget_type=\"button.default\">\n\t\t\t\t\t\t\t\t\t\t<a class=\"elementor-button elementor-button-link elementor-size-sm\" href=\"\/es\/vorqualifizierung\/\">\n\t\t\t\t\t\t<span class=\"elementor-button-content-wrapper\">\n\t\t\t\t\t\t\t\t\t<span class=\"elementor-button-text\">Iniciar la precalificaci\u00f3n<\/span>\n\t\t\t\t\t<\/span>\n\t\t\t\t\t<\/a>\n\t\t\t\t\t\t\t\t<\/div>\n\t\t\t\t<\/div>\n\t\t\t\t<\/div>\n\t\t<div class=\"elementor-element elementor-element-09a9531 e-con-full mrkt_root-alt_container e-flex e-con e-child\" data-id=\"09a9531\" data-element_type=\"container\" data-settings=\"{&quot;background_background&quot;:&quot;classic&quot;}\">\n\t\t\t\t<div class=\"elementor-element elementor-element-dc52d4b elementor-widget elementor-widget-heading\" data-id=\"dc52d4b\" data-element_type=\"widget\" data-widget_type=\"heading.default\">\n\t\t\t\t\t<h2 class=\"elementor-heading-title elementor-size-default\">Institucional\nInversores<\/h2>\t\t\t\t<\/div>\n\t\t\t\t<div class=\"elementor-element elementor-element-bd478af elementor-widget elementor-widget-text-editor\" data-id=\"bd478af\" data-element_type=\"widget\" data-widget_type=\"text-editor.default\">\n\t\t\t\t\t\t\t\t\t<p>Para inversores institucionales, fondos de pensiones, family offices y fundaciones que no s\u00f3lo quieren gestionar, sino tambi\u00e9n configurar activamente el futuro. Aquellos que piensan en t\u00e9rminos de generaciones y buscan conexiones con sustancia encontrar\u00e1n acceso a una red que proporciona orientaci\u00f3n y abre perspectivas.<\/p>\t\t\t\t\t\t\t\t<\/div>\n\t\t<div class=\"elementor-element elementor-element-066c777 e-con-full e-flex e-con e-child\" data-id=\"066c777\" data-element_type=\"container\">\n\t\t\t\t<div class=\"elementor-element elementor-element-d54f410 elementor-widget elementor-widget-button\" data-id=\"d54f410\" data-element_type=\"widget\" data-widget_type=\"button.default\">\n\t\t\t\t\t\t\t\t\t\t<a class=\"elementor-button elementor-button-link elementor-size-sm\" href=\"\/es\/login\/institutionelle\/\">\n\t\t\t\t\t\t<span class=\"elementor-button-content-wrapper\">\n\t\t\t\t\t\t\t\t\t<span class=\"elementor-button-text\">Al inicio de sesi\u00f3n<\/span>\n\t\t\t\t\t<\/span>\n\t\t\t\t\t<\/a>\n\t\t\t\t\t\t\t\t<\/div>\n\t\t\t\t<div class=\"elementor-element elementor-element-99ad249 elementor-widget elementor-widget-button\" data-id=\"99ad249\" data-element_type=\"widget\" data-widget_type=\"button.default\">\n\t\t\t\t\t\t\t\t\t\t<a class=\"elementor-button elementor-button-link elementor-size-sm\" href=\"\/es\/vorqualifizierung\/\">\n\t\t\t\t\t\t<span class=\"elementor-button-content-wrapper\">\n\t\t\t\t\t\t\t\t\t<span class=\"elementor-button-text\">Iniciar la precalificaci\u00f3n<\/span>\n\t\t\t\t\t<\/span>\n\t\t\t\t\t<\/a>\n\t\t\t\t\t\t\t\t<\/div>\n\t\t\t\t<\/div>\n\t\t\t\t<\/div>\n\t\t\t\t<\/div>\n\t\t<div class=\"elementor-element elementor-element-821e13e e-con-full mrkt_root-alt_container elementor-hidden-tablet elementor-hidden-mobile e-flex e-con e-parent\" data-id=\"821e13e\" data-element_type=\"container\" data-settings=\"{&quot;background_background&quot;:&quot;classic&quot;,&quot;position&quot;:&quot;absolute&quot;}\">\n\t\t\t\t<div class=\"elementor-element elementor-element-980f424 elementor-widget elementor-widget-heading\" data-id=\"980f424\" data-element_type=\"widget\" data-widget_type=\"heading.default\">\n\t\t\t\t\t<h2 class=\"elementor-heading-title elementor-size-default\">La empresa<\/h2>\t\t\t\t<\/div>\n\t\t\t\t<div class=\"elementor-element elementor-element-cfba8f4 elementor-widget__width-initial elementor-widget elementor-widget-text-editor\" data-id=\"cfba8f4\" data-element_type=\"widget\" data-widget_type=\"text-editor.default\">\n\t\t\t\t\t\t\t\t\t<p>Para empresas que no s\u00f3lo quieren crecer, sino tambi\u00e9n posicionarse de forma sostenible. El Industries Club conecta a los empresarios, tiende puentes hacia nuevos mercados y crea un entorno en el que la fuerza compartida conduce a nuevas oportunidades.<\/p>\t\t\t\t\t\t\t\t<\/div>\n\t\t<div class=\"elementor-element elementor-element-ce9ae50 e-con-full e-flex e-con e-child\" data-id=\"ce9ae50\" data-element_type=\"container\">\n\t\t\t\t<div class=\"elementor-element elementor-element-8a6fe78 elementor-widget elementor-widget-button\" data-id=\"8a6fe78\" data-element_type=\"widget\" data-widget_type=\"button.default\">\n\t\t\t\t\t\t\t\t\t\t<a class=\"elementor-button elementor-button-link elementor-size-sm\" href=\"\/es\/login\/institutionelle\/\">\n\t\t\t\t\t\t<span class=\"elementor-button-content-wrapper\">\n\t\t\t\t\t\t\t\t\t<span class=\"elementor-button-text\">Al inicio de sesi\u00f3n<\/span>\n\t\t\t\t\t<\/span>\n\t\t\t\t\t<\/a>\n\t\t\t\t\t\t\t\t<\/div>\n\t\t\t\t<div class=\"elementor-element elementor-element-0290808 elementor-widget elementor-widget-button\" data-id=\"0290808\" data-element_type=\"widget\" data-widget_type=\"button.default\">\n\t\t\t\t\t\t\t\t\t\t<a class=\"elementor-button elementor-button-link elementor-size-sm\" href=\"\/es\/vorqualifizierung\/\">\n\t\t\t\t\t\t<span class=\"elementor-button-content-wrapper\">\n\t\t\t\t\t\t\t\t\t<span class=\"elementor-button-text\">Iniciar la precalificaci\u00f3n<\/span>\n\t\t\t\t\t<\/span>\n\t\t\t\t\t<\/a>\n\t\t\t\t\t\t\t\t<\/div>\n\t\t\t\t<\/div>\n\t\t\t\t<\/div>\n\t\t<div class=\"elementor-element elementor-element-f67802d e-con-full mrkt_root-alt_container elementor-hidden-desktop e-flex e-con e-parent\" data-id=\"f67802d\" data-element_type=\"container\" data-settings=\"{&quot;background_background&quot;:&quot;classic&quot;}\">\n\t\t\t\t<div class=\"elementor-element elementor-element-bfd45fa elementor-widget elementor-widget-heading\" data-id=\"bfd45fa\" data-element_type=\"widget\" data-widget_type=\"heading.default\">\n\t\t\t\t\t<h2 class=\"elementor-heading-title elementor-size-default\">Inversores industriales<\/h2>\t\t\t\t<\/div>\n\t\t\t\t<div class=\"elementor-element elementor-element-e2e3055 elementor-widget__width-initial elementor-widget elementor-widget-text-editor\" data-id=\"e2e3055\" data-element_type=\"widget\" data-widget_type=\"text-editor.default\">\n\t\t\t\t\t\t\t\t\t<p>Lorem ipsum dolor sit amet, consetetur sadipscing elitr, sed diam nonumy eirmod tempor invidunt ut labore et dolore magna aliquyam erat, sed diam voluptua. At vero eos et accusam et justo duo dolores et ea rebum. Stet clita kasd gubergren, no sea takimata sanctus est Lorem ipsum dolor sit amet.<\/p>\t\t\t\t\t\t\t\t<\/div>\n\t\t<div class=\"elementor-element elementor-element-8a8f33a e-con-full e-flex e-con e-child\" data-id=\"8a8f33a\" data-element_type=\"container\">\n\t\t\t\t<div class=\"elementor-element elementor-element-190d24e elementor-widget elementor-widget-button\" data-id=\"190d24e\" data-element_type=\"widget\" data-widget_type=\"button.default\">\n\t\t\t\t\t\t\t\t\t\t<a class=\"elementor-button elementor-button-link elementor-size-sm\" href=\"\/es\/login\/institutionelle\/\">\n\t\t\t\t\t\t<span class=\"elementor-button-content-wrapper\">\n\t\t\t\t\t\t\t\t\t<span class=\"elementor-button-text\">Al inicio de sesi\u00f3n<\/span>\n\t\t\t\t\t<\/span>\n\t\t\t\t\t<\/a>\n\t\t\t\t\t\t\t\t<\/div>\n\t\t\t\t<div class=\"elementor-element elementor-element-3b25795 elementor-widget elementor-widget-button\" data-id=\"3b25795\" data-element_type=\"widget\" data-widget_type=\"button.default\">\n\t\t\t\t\t\t\t\t\t\t<a class=\"elementor-button elementor-button-link elementor-size-sm\" href=\"\/es\/vorqualifizierung\/\">\n\t\t\t\t\t\t<span class=\"elementor-button-content-wrapper\">\n\t\t\t\t\t\t\t\t\t<span class=\"elementor-button-text\">Iniciar la precalificaci\u00f3n<\/span>\n\t\t\t\t\t<\/span>\n\t\t\t\t\t<\/a>\n\t\t\t\t\t\t\t\t<\/div>\n\t\t\t\t<\/div>\n\t\t\t\t<\/div>\n\t\t<div class=\"elementor-element elementor-element-cf3b52d e-con-full elementor-hidden-mobile e-flex e-con e-parent\" data-id=\"cf3b52d\" data-element_type=\"container\" data-settings=\"{&quot;position&quot;:&quot;absolute&quot;}\">\n\t\t<div class=\"elementor-element elementor-element-e17b593 e-con-full e-flex e-con e-child\" data-id=\"e17b593\" data-element_type=\"container\" data-settings=\"{&quot;background_background&quot;:&quot;classic&quot;}\">\n\t\t\t\t<\/div>\n\t\t\t\t<\/div>\n\t\t\t\t<\/div>","protected":false},"excerpt":{"rendered":"<p>Inversores cualificados Un c\u00edrculo para personalidades que buscan algo m\u00e1s que contactos: conexiones selectivas, conocimientos estrat\u00e9gicos y una red que prioriza la confianza por encima de todo. Para todos aquellos que desean crecer juntos y forjar activamente el futuro. Ir al inicio de sesi\u00f3n Iniciar la precalificaci\u00f3n Inversores institucionales Para inversores institucionales, fondos de pensiones, family offices o fundaciones que no s\u00f3lo gestionan, sino que contribuyen activamente a dar forma al futuro [...].<\/p>","protected":false},"author":1,"featured_media":0,"parent":0,"menu_order":0,"comment_status":"closed","ping_status":"closed","template":"","meta":{"iawp_total_views":179,"footnotes":""},"class_list":["post-1380","page","type-page","status-publish","hentry"],"_links":{"self":[{"href":"https:\/\/swissfamilyclub.com\/es\/wp-json\/wp\/v2\/pages\/1380","targetHints":{"allow":["GET"]}}],"collection":[{"href":"https:\/\/swissfamilyclub.com\/es\/wp-json\/wp\/v2\/pages"}],"about":[{"href":"https:\/\/swissfamilyclub.com\/es\/wp-json\/wp\/v2\/types\/page"}],"author":[{"embeddable":true,"href":"https:\/\/swissfamilyclub.com\/es\/wp-json\/wp\/v2\/users\/1"}],"replies":[{"embeddable":true,"href":"https:\/\/swissfamilyclub.com\/es\/wp-json\/wp\/v2\/comments?post=1380"}],"version-history":[{"count":0,"href":"https:\/\/swissfamilyclub.com\/es\/wp-json\/wp\/v2\/pages\/1380\/revisions"}],"wp:attachment":[{"href":"https:\/\/swissfamilyclub.com\/es\/wp-json\/wp\/v2\/media?parent=1380"}],"curies":[{"name":"wp","href":"https:\/\/api.w.org\/{rel}","templated":true}]}}