{"id":8936,"date":"2025-08-20T13:28:50","date_gmt":"2025-08-20T13:28:50","guid":{"rendered":"https:\/\/swissfamilyclub.com\/?page_id=8936"},"modified":"2025-11-18T14:55:58","modified_gmt":"2025-11-18T14:55:58","slug":"disclaimer","status":"publish","type":"page","link":"https:\/\/swissfamilyclub.com\/cs\/disclaimer\/","title":{"rendered":"Odm\u00edtnut\u00ed odpov\u011bdnosti"},"content":{"rendered":"<div data-elementor-type=\"wp-page\" data-elementor-id=\"8936\" class=\"elementor elementor-8936\" data-elementor-post-type=\"page\">\n\t\t\t\t<div class=\"elementor-element elementor-element-674bc07 e-con-full mrkt_root_container e-flex e-con e-child\" data-id=\"674bc07\" data-element_type=\"container\" data-settings=\"{&quot;background_background&quot;:&quot;classic&quot;}\">\n\t\t<div class=\"elementor-element elementor-element-b500eb7 e-con-full elementor-hidden-tablet elementor-hidden-mobile e-flex e-con e-child\" data-id=\"b500eb7\" data-element_type=\"container\" data-settings=\"{&quot;background_background&quot;:&quot;classic&quot;,&quot;position&quot;:&quot;absolute&quot;}\">\n\t\t\t\t<\/div>\n\t\t\t\t<div class=\"elementor-element elementor-element-a28edae elementor-widget elementor-widget-heading\" data-id=\"a28edae\" data-element_type=\"widget\" data-widget_type=\"heading.default\">\n\t\t\t\t\t<h1 class=\"elementor-heading-title elementor-size-default\">Pr\u00e1vn\u00ed informace<\/h1>\t\t\t\t<\/div>\n\t\t\t\t<div class=\"elementor-element elementor-element-7da274d elementor-widget-divider--view-line elementor-widget elementor-widget-divider\" data-id=\"7da274d\" data-element_type=\"widget\" data-widget_type=\"divider.default\">\n\t\t\t\t\t\t\t<div class=\"elementor-divider\">\n\t\t\t<span class=\"elementor-divider-separator\">\n\t\t\t\t\t\t<\/span>\n\t\t<\/div>\n\t\t\t\t\t\t<\/div>\n\t\t\t\t<div class=\"elementor-element elementor-element-f38ff65 elementor-widget elementor-widget-heading\" data-id=\"f38ff65\" data-element_type=\"widget\" data-widget_type=\"heading.default\">\n\t\t\t\t\t<span class=\"elementor-heading-title elementor-size-default\">Odm\u00edtnut\u00ed odpov\u011bdnosti<\/span>\t\t\t\t<\/div>\n\t\t\t\t<\/div>\n\t\t<div class=\"elementor-element elementor-element-1e390b0 mrkt_root_container e-flex e-con-boxed e-con e-parent\" data-id=\"1e390b0\" data-element_type=\"container\">\n\t\t\t\t\t<div class=\"e-con-inner\">\n\t\t<div class=\"elementor-element elementor-element-b3ef3a7 e-con-full e-flex e-con e-child\" data-id=\"b3ef3a7\" data-element_type=\"container\">\n\t\t\t\t<div class=\"elementor-element elementor-element-a10db1c elementor-widget elementor-widget-heading\" data-id=\"a10db1c\" data-element_type=\"widget\" data-widget_type=\"heading.default\">\n\t\t\t\t\t<h2 class=\"elementor-heading-title elementor-size-default\">Pr\u00e1vn\u00ed informace<\/h2>\t\t\t\t<\/div>\n\t\t\t\t<div class=\"elementor-element elementor-element-fd3671d elementor-widget elementor-widget-text-editor\" data-id=\"fd3671d\" data-element_type=\"widget\" data-widget_type=\"text-editor.default\">\n\t\t\t\t\t\t\t\t\t<h3>Provozovatel webov\u00fdch str\u00e1nek<\/h3><p>\u00a0<\/p><p>Tyto webov\u00e9 str\u00e1nky provozuje:<\/p><p>\u00a0<\/p><p>Swiss Family Investors Club<\/p><p>Zeltweg 11, 8032, Curych, \u0160v\u00fdcarsko<\/p><p>E-mail: info@swissfamilyclub.com<\/p><p>Telefon: 044-256 16 07<\/p><p>\u00a0<\/p><p>Jedn\u00e1 se o soukromopr\u00e1vn\u00ed sdru\u017een\u00ed se s\u00eddlem ve \u0160v\u00fdcarsku. Nesleduje \u017e\u00e1dn\u00e9 komer\u010dn\u00ed c\u00edle, ale slou\u017e\u00ed k podpo\u0159e v\u00fdm\u011bny, vytv\u00e1\u0159en\u00ed s\u00edt\u00ed a rozvoji vztah\u016f mezi podnikatelsky sm\u00fd\u0161lej\u00edc\u00edmi jednotlivci a institucemi.<\/p><p>\u00a0<\/p><h3>Poskytnut\u00e9 informace<\/h3><p>\u00a0<\/p><p>Informace uveden\u00e9 na t\u011bchto webov\u00fdch str\u00e1nk\u00e1ch maj\u00ed pouze obecn\u00fd a informativn\u00ed charakter.<\/p><p>\u00a0<\/p><p>Klub \u0161v\u00fdcarsk\u00fdch rodinn\u00fdch investor\u016f:<\/p><p>\u00a0<\/p><ul><li>neposkytuje finan\u010dn\u00ed slu\u017eby ve smyslu z\u00e1kona o finan\u010dn\u00edch slu\u017eb\u00e1ch (FinSA) nebo jin\u00fdch z\u00e1kon\u016f o finan\u010dn\u00edm trhu,<\/li><li>nezprost\u0159edkov\u00e1v\u00e1 \u017e\u00e1dn\u00e9 finan\u010dn\u00ed n\u00e1stroje,<\/li><li>neposkytuje investi\u010dn\u00ed poradenstv\u00ed, poradenstv\u00ed v oblasti majetku nebo strukturov\u00e1n\u00ed,<\/li><li>nep\u0159ij\u00edm\u00e1 vklady a<\/li><li>neprov\u00e1d\u00ed transakce jm\u00e9nem t\u0159et\u00edch stran.<\/li><\/ul><p>\u00a0<\/p><p>Ve\u0161ker\u00e9 prezentace nebo popisy projekt\u016f, investic nebo staveb maj\u00ed za c\u00edl pouze poskytnout informace o oblastech \u010dinnosti sdru\u017een\u00ed a ch\u00e1p\u00e1n\u00ed hodnot. Nep\u0159edstavuj\u00ed doporu\u010den\u00ed, v\u00fdzvu ani nab\u00eddku k n\u00e1kupu, prodeji nebo dr\u017een\u00ed finan\u010dn\u00edch produkt\u016f.<\/p><p>Ve\u0161ker\u00e1 rozhodnut\u00ed t\u00fdkaj\u00edc\u00ed se investic nebo finan\u010dn\u00edch produkt\u016f jsou v\u00fdhradn\u00ed odpov\u011bdnost\u00ed p\u0159\u00edslu\u0161n\u00fdch osob, kter\u00e9 by se m\u011bly p\u0159ed jak\u00fdmkoli krokem poradit s vhodn\u00fdmi odborn\u00edky (nap\u0159. pr\u00e1vn\u00edmi nebo finan\u010dn\u00edmi poradci).<\/p><p>\u00a0<\/p><h3>Z\u0159eknut\u00ed se odpov\u011bdnosti za obsah a odkazy<\/h3><p>\u00a0<\/p><p>Swiss Family Investors Club se sna\u017e\u00ed obsah t\u011bchto webov\u00fdch str\u00e1nek pr\u016fb\u011b\u017en\u011b aktualizovat a spr\u00e1vn\u011b prezentovat. Swiss Family Investors Club nicm\u00e9n\u011b nep\u0159eb\u00edr\u00e1 \u017e\u00e1dnou odpov\u011bdnost za spr\u00e1vnost, \u00faplnost a aktu\u00e1lnost poskytovan\u00fdch informac\u00ed, zejm\u00e9na t\u011bch, kter\u00e9 poch\u00e1zej\u00ed od t\u0159et\u00edch stran. Vyhrazujeme si pr\u00e1vo m\u011bnit, dopl\u0148ovat nebo odstra\u0148ovat obsah bez p\u0159edchoz\u00edho upozorn\u011bn\u00ed.<\/p><p>Na\u0161e webov\u00e9 str\u00e1nky obsahuj\u00ed odkazy na extern\u00ed webov\u00e9 str\u00e1nky t\u0159et\u00edch stran, na jejich\u017e obsah nem\u00e1me \u017e\u00e1dn\u00fd vliv. Za obsah odkazovan\u00fdch str\u00e1nek je v\u017edy zodpov\u011bdn\u00fd p\u0159\u00edslu\u0161n\u00fd poskytovatel nebo provozovatel str\u00e1nek. V dob\u011b odkazov\u00e1n\u00ed nebyl rozpozn\u00e1n \u017e\u00e1dn\u00fd nez\u00e1konn\u00fd obsah. Trval\u00e1 kontrola obsahu odkazovan\u00fdch str\u00e1nek v\u0161ak nen\u00ed bez konkr\u00e9tn\u00edch d\u016fkaz\u016f o protipr\u00e1vn\u00edm jedn\u00e1n\u00ed \u00fa\u010deln\u00e1. Pokud se dozv\u00edme o jak\u00e9mkoli poru\u0161en\u00ed pr\u00e1vn\u00edch p\u0159edpis\u016f, budou takov\u00e9 odkazy okam\u017eit\u011b odstran\u011bny.<\/p><p>\u00a0<\/p><h3>Upozorn\u011bn\u00ed na autorsk\u00e1 pr\u00e1va<\/h3><p>\u00a0<\/p><p>Obsah zve\u0159ejn\u011bn\u00fd na t\u011bchto webov\u00fdch str\u00e1nk\u00e1ch, v\u010detn\u011b grafiky, obr\u00e1zk\u016f, fotografi\u00ed, text\u016f a vide\u00ed (d\u00e1le jen \"obsah\"), podl\u00e9h\u00e1 autorsk\u00fdm pr\u00e1v\u016fm. Sna\u017e\u00edme se pou\u017e\u00edvat pouze obsah, kter\u00fd jsme sami vytvo\u0159ili, nebo pou\u017e\u00edvat materi\u00e1ly bez licence a respektovat p\u0159\u00edslu\u0161n\u00e1 autorsk\u00e1 pr\u00e1va.<\/p><p>Licence na n\u011bkter\u00e9 grafick\u00e9 prvky, obr\u00e1zky a fotografie pou\u017eit\u00e9 na t\u011bchto webov\u00fdch str\u00e1nk\u00e1ch byly z\u00edsk\u00e1ny od extern\u00edch poskytovatel\u016f. Jak\u00e9koli pou\u017eit\u00ed tohoto licencovan\u00e9ho obsahu podl\u00e9h\u00e1 p\u0159\u00edslu\u0161n\u00fdm licen\u010dn\u00edm podm\u00ednk\u00e1m. Jak\u00e9koli dal\u0161\u00ed pou\u017eit\u00ed, kop\u00edrov\u00e1n\u00ed, zpracov\u00e1n\u00ed nebo \u0161\u00ed\u0159en\u00ed tohoto obsahu nen\u00ed bez na\u0161eho v\u00fdslovn\u00e9ho souhlasu a bez dodr\u017een\u00ed p\u0159\u00edslu\u0161n\u00fdch licen\u010dn\u00edch podm\u00ednek povoleno.<\/p><p>N\u00e1mi vytvo\u0159en\u00fd obsah t\u011bchto webov\u00fdch str\u00e1nek nesm\u00ed b\u00fdt bez p\u0159edchoz\u00edho p\u00edsemn\u00e9ho souhlasu reprodukov\u00e1n, upravov\u00e1n, \u0161\u00ed\u0159en ani jinak vyu\u017e\u00edv\u00e1n.<\/p><p>Obsah t\u0159et\u00edch stran je jako takov\u00fd ozna\u010den, pokud nepoch\u00e1z\u00ed od n\u00e1s. Pokud se p\u0159esto dozv\u00edte o mo\u017en\u00e9m poru\u0161en\u00ed autorsk\u00fdch pr\u00e1v, neprodlen\u011b n\u00e1s informujte. Pokud se o poru\u0161en\u00ed dozv\u00edme, p\u0159\u00edslu\u0161n\u00fd obsah okam\u017eit\u011b odstran\u00edme.<\/p><p>\u00a0<\/p><h3>Ochrana \u00fadaj\u016f<\/h3><p>\u00a0<\/p><p>Nakl\u00e1d\u00e1n\u00ed s osobn\u00edmi \u00fadaji se \u0159\u00edd\u00ed \u0161v\u00fdcarsk\u00fdm z\u00e1konem o ochran\u011b osobn\u00edch \u00fadaj\u016f (DSG) a obecn\u00fdm na\u0159\u00edzen\u00edm o ochran\u011b osobn\u00edch \u00fadaj\u016f (GDPR), pokud se na n\u011b vztahuje. Podrobnosti o tom naleznete v samostatn\u00e9m <a href=\"\/cs\/datenschutz\/\">Z\u00e1sady ochrany osobn\u00edch \u00fadaj\u016f<\/a> t\u011bchto webov\u00fdch str\u00e1nek.<\/p><p>\u00a0<\/p><h3>N\u00e1pov\u011bda<\/h3><p>Tyto webov\u00e9 str\u00e1nky podl\u00e9haj\u00ed \u0161v\u00fdcarsk\u00e9mu pr\u00e1vu.<\/p>\t\t\t\t\t\t\t\t<\/div>\n\t\t\t\t<\/div>\n\t\t\t\t\t<\/div>\n\t\t\t\t<\/div>\n\t\t\t\t<\/div>","protected":false},"excerpt":{"rendered":"<p>Rechtliche Informationen Disclaimer Rechtliche Informationen Betreiber der Webseite \u00a0 Diese Webseite wird betrieben durch den: \u00a0 Swiss Family Investors Club Zeltweg 11, 8032, Z\u00fcrich, Schweiz E-Mail: info@swissfamilyclub.com Telefon: 044-256 16 07 \u00a0 Der Verein ist ein privatrechtlich organisierter Zusammenschluss mit Sitz in der Schweiz. Er verfolgt keine kommerziellen Zwecke, sondern dient der F\u00f6rderung des Austauschs, [&hellip;]<\/p>","protected":false},"author":1,"featured_media":0,"parent":0,"menu_order":0,"comment_status":"closed","ping_status":"closed","template":"","meta":{"iawp_total_views":30,"footnotes":""},"class_list":["post-8936","page","type-page","status-publish","hentry"],"_links":{"self":[{"href":"https:\/\/swissfamilyclub.com\/cs\/wp-json\/wp\/v2\/pages\/8936","targetHints":{"allow":["GET"]}}],"collection":[{"href":"https:\/\/swissfamilyclub.com\/cs\/wp-json\/wp\/v2\/pages"}],"about":[{"href":"https:\/\/swissfamilyclub.com\/cs\/wp-json\/wp\/v2\/types\/page"}],"author":[{"embeddable":true,"href":"https:\/\/swissfamilyclub.com\/cs\/wp-json\/wp\/v2\/users\/1"}],"replies":[{"embeddable":true,"href":"https:\/\/swissfamilyclub.com\/cs\/wp-json\/wp\/v2\/comments?post=8936"}],"version-history":[{"count":0,"href":"https:\/\/swissfamilyclub.com\/cs\/wp-json\/wp\/v2\/pages\/8936\/revisions"}],"wp:attachment":[{"href":"https:\/\/swissfamilyclub.com\/cs\/wp-json\/wp\/v2\/media?parent=8936"}],"curies":[{"name":"wp","href":"https:\/\/api.w.org\/{rel}","templated":true}]}}