{"id":1394,"date":"2025-06-11T14:22:13","date_gmt":"2025-06-11T14:22:13","guid":{"rendered":"https:\/\/swissfamilyclub.com\/?page_id=1394"},"modified":"2025-09-04T10:26:32","modified_gmt":"2025-09-04T10:26:32","slug":"institutionelle","status":"publish","type":"page","link":"https:\/\/swissfamilyclub.com\/cs\/login\/institutionelle\/","title":{"rendered":"Instituce"},"content":{"rendered":"<div data-elementor-type=\"wp-page\" data-elementor-id=\"1394\" class=\"elementor elementor-1394\" data-elementor-post-type=\"page\">\n\t\t\t\t<div class=\"elementor-element elementor-element-d54064a e-con-full e-flex e-con e-parent\" data-id=\"d54064a\" data-element_type=\"container\">\n\t\t<div class=\"elementor-element elementor-element-42bbfc4 e-con-full mrkt_root-alt_container e-flex e-con e-child\" data-id=\"42bbfc4\" data-element_type=\"container\" data-settings=\"{&quot;background_background&quot;:&quot;classic&quot;}\">\n\t\t\t\t<div class=\"elementor-element elementor-element-a2b2552 elementor-widget elementor-widget-heading\" data-id=\"a2b2552\" data-element_type=\"widget\" data-widget_type=\"heading.default\">\n\t\t\t\t\t<h2 class=\"elementor-heading-title elementor-size-default\">Instituce\n\u010clenov\u00e9<\/h2>\t\t\t\t<\/div>\n\t\t\t\t<div class=\"elementor-element elementor-element-a1ee291 elementor-widget elementor-widget-text-editor\" data-id=\"a1ee291\" data-element_type=\"widget\" data-widget_type=\"text-editor.default\">\n\t\t\t\t\t\t\t\t\t<p>U penzijn\u00edch fond\u016f, rodinn\u00fdch \u00fa\u0159ad\u016f a nadac\u00ed uva\u017eujeme v kategori\u00edch generac\u00ed, nikoli \u010dtvrtlet\u00ed. Nehledaj\u00ed impulzivn\u00ed trendy, ale strategickou p\u0159ehlednost - v\u00fdhradn\u011b kur\u00e1torovanou a p\u0159izp\u016fsobenou. Zde se p\u0159\u00edstup vytv\u00e1\u0159\u00ed d\u0159\u00edve, ne\u017e jej trh rozpozn\u00e1.<\/p>\t\t\t\t\t\t\t\t<\/div>\n\t\t<div class=\"elementor-element elementor-element-66b0fec e-con-full e-flex e-con e-child\" data-id=\"66b0fec\" data-element_type=\"container\">\n\t\t\t\t<div class=\"elementor-element elementor-element-102ddfa elementor-widget elementor-widget-login\" data-id=\"102ddfa\" data-element_type=\"widget\" data-widget_type=\"login.default\">\n\t\t\t\t\t\t\t<form class=\"elementor-login elementor-form\" method=\"post\" action=\"https:\/\/swissfamilyclub.com\/wp-login.php\">\n\t\t\t<input type=\"hidden\" name=\"redirect_to\" value=\"\/mitglieder-bereich\">\n\t\t\t<div class=\"elementor-form-fields-wrapper\">\n\t\t\t\t<div class=\"elementor-field-type-text elementor-field-group elementor-column elementor-col-100 elementor-field-required\">\n\t\t\t\t\t<label for=\"user-102ddfa\" class=\"elementor-field-label elementor-screen-only\"><\/label>\n\t\t\t\t\t<input size=\"1\" type=\"text\" name=\"log\" id=\"user-102ddfa\" placeholder=\"U\u017eivatelsk\u00e9 jm\u00e9no nebo e-mail\" class=\"elementor-field elementor-field-textual elementor-size-md\">\n\t\t\t\t<\/div>\n\t\t\t\t<div class=\"elementor-field-type-text elementor-field-group elementor-column elementor-col-100 elementor-field-required\">\n\t\t\t\t\t<label for=\"password-102ddfa\" class=\"elementor-field-label elementor-screen-only\"><\/label>\n\t\t\t\t\t<input size=\"1\" type=\"password\" name=\"pwd\" id=\"password-102ddfa\" placeholder=\"heslo\" class=\"elementor-field elementor-field-textual elementor-size-md\">\n\t\t\t\t<\/div>\n\n\t\t\t\t\n\t\t\t\t\t\t<input\n\t\t\t\ttype=\"hidden\"\n\t\t\t\tclass=\"hcaptcha-signature\"\n\t\t\t\tname=\"hcaptcha-signature-SENhcHRjaGFcRWxlbWVudG9yUHJvXExvZ2lu\"\n\t\t\t\tvalue=\"eyJzb3VyY2UiOlsiZWxlbWVudG9yLXByb1wvZWxlbWVudG9yLXByby5waHAiXSwiZm9ybV9pZCI6ImxvZ2luIiwiaGNhcHRjaGFfc2hvd24iOmZhbHNlfQ==-6f568258cedc71b937a0fec7e4132405\">\n\t\t\n<div class=\"elementor-field-group elementor-column elementor-field-type-submit elementor-col-100\">\n\t\t\t\t\t<button type=\"submit\" class=\"elementor-size-md elementor-button\" name=\"wp-submit\">\n\t\t\t\t\t\t\t\t\t\t\t\t\t\t\t<span class=\"elementor-button-text\">P\u0159ihl\u00e1\u0161en\u00ed<\/span>\n\t\t\t\t\t\t\t\t\t\t\t\t<\/button>\n\t\t\t\t<\/div>\n\n\t\t\t\t\t\t\t<\/div>\n\t\t<\/form>\n\t\t\t\t\t\t<\/div>\n\t\t\t\t<div class=\"elementor-element elementor-element-d119be1 pa-display-conditions-yes elementor-widget elementor-widget-heading\" data-id=\"d119be1\" data-element_type=\"widget\" data-settings=\"{&quot;pa_display_conditions_switcher&quot;:&quot;yes&quot;}\" data-widget_type=\"heading.default\">\n\t\t\t\t\t<h2 class=\"elementor-heading-title elementor-size-default\"><a href=\"\/cs\/wp-login.php\/?action=lostpassword\">Zapomn\u011bli jste heslo?<\/a><\/h2>\t\t\t\t<\/div>\n\t\t\t\t<div class=\"elementor-element elementor-element-019b144 elementor-widget__width-initial elementor-widget elementor-widget-button\" data-id=\"019b144\" data-element_type=\"widget\" data-widget_type=\"button.default\">\n\t\t\t\t\t\t\t\t\t\t<a class=\"elementor-button elementor-button-link elementor-size-sm\" href=\"\/cs\/vorqualifizierung\/\">\n\t\t\t\t\t\t<span class=\"elementor-button-content-wrapper\">\n\t\t\t\t\t\t\t\t\t<span class=\"elementor-button-text\">Pro p\u0159edb\u011b\u017enou kvalifikaci<\/span>\n\t\t\t\t\t<\/span>\n\t\t\t\t\t<\/a>\n\t\t\t\t\t\t\t\t<\/div>\n\t\t\t\t<\/div>\n\t\t\t\t<\/div>\n\t\t<div class=\"elementor-element elementor-element-c2fb91e e-con-full mrkt_root-alt_container e-flex e-con e-child\" data-id=\"c2fb91e\" data-element_type=\"container\" data-settings=\"{&quot;background_background&quot;:&quot;classic&quot;}\">\n\t\t<div class=\"elementor-element elementor-element-29c119d e-con-full e-flex e-con e-child\" data-id=\"29c119d\" data-element_type=\"container\">\n\t\t\t\t<div class=\"elementor-element elementor-element-3f0815a elementor-widget elementor-widget-heading\" data-id=\"3f0815a\" data-element_type=\"widget\" data-widget_type=\"heading.default\">\n\t\t\t\t\t<h2 class=\"elementor-heading-title elementor-size-default\">Strategick\u00e9 p\u0159\u00edstupy pro proz\u00edrav\u00e9.<\/h2>\t\t\t\t<\/div>\n\t\t\t\t<div class=\"elementor-element elementor-element-f00fd5c elementor-widget elementor-widget-heading\" data-id=\"f00fd5c\" data-element_type=\"widget\" data-widget_type=\"heading.default\">\n\t\t\t\t\t<h2 class=\"elementor-heading-title elementor-size-default\">KLUB \u0160V\u00ddCARSK\u00ddCH RODINN\u00ddCH INSTITUCION\u00c1LN\u00cdCH INVESTOR\u016e<\/h2>\t\t\t\t<\/div>\n\t\t\t\t<div class=\"elementor-element elementor-element-57add13 elementor-widget elementor-widget-text-editor\" data-id=\"57add13\" data-element_type=\"widget\" data-widget_type=\"text-editor.default\">\n\t\t\t\t\t\t\t\t\t<p>Institucion\u00e1ln\u00ed investo\u0159i uva\u017euj\u00ed v cyklech, nikoli v okam\u017eic\u00edch. V Klubu \u0161v\u00fdcarsk\u00fdch rodinn\u00fdch institucion\u00e1ln\u00edch investor\u016f maj\u00ed p\u0159\u00edstup do d\u016fv\u011brn\u00e9 s\u00edt\u011b, v n\u00ed\u017e se diskutuje o strategick\u00fdch ot\u00e1zk\u00e1ch, sd\u00edl\u00ed se n\u00e1zory a vym\u011b\u0148uj\u00ed zku\u0161enosti - mimo ve\u0159ejnou sf\u00e9ru.<\/p><p>Tento kruh vytv\u00e1\u0159\u00ed p\u0159\u00edle\u017eitost zachytit podn\u011bty v ran\u00e9 f\u00e1zi, spole\u010dn\u011b uva\u017eovat o struktur\u00e1ch a z\u00edskat orientaci prost\u0159ednictv\u00edm p\u0159\u00edm\u00e9ho dialogu na \u00farovni rozhodovac\u00edch org\u00e1n\u016f. D\u016fraz nen\u00ed kladen na produkty, ale na podstatu, p\u0159\u00edstup a spole\u010dn\u00fd c\u00edl odpov\u011bdn\u011b utv\u00e1\u0159et budoucnost.<\/p>\t\t\t\t\t\t\t\t<\/div>\n\t\t\t\t<\/div>\n\t\t<div class=\"elementor-element elementor-element-1f43d50 e-con-full e-flex e-con e-child\" data-id=\"1f43d50\" data-element_type=\"container\">\n\t\t\t\t<div class=\"elementor-element elementor-element-7d2fbb1 premium-adv-carousel__coverflow elementor-widget elementor-widget-premium-media-wheel\" data-id=\"7d2fbb1\" data-element_type=\"widget\" data-widget_type=\"premium-media-wheel.default\">\n\t\t\t\t\t\t\t<div class=\"premium-adv-carousel-no-lightbox premium-adv-carousel__container\" data-settings=\"{&quot;type&quot;:&quot;coverflow&quot;,&quot;scroll&quot;:true,&quot;speed&quot;:80,&quot;pauseOnHover&quot;:true,&quot;loop&quot;:&quot;yes&quot;,&quot;autoPlay&quot;:3000,&quot;click&quot;:true,&quot;keyboard&quot;:false,&quot;touch&quot;:false,&quot;buttons&quot;:false,&quot;spacing&quot;:-0.6,&quot;start&quot;:&quot;center&quot;}\">\n\n\t\t\t<div style=\"visibility:hidden;\" class=\"premium-adv-carousel__inner-container\">\n\n\t\t\t\t<div class=\"premium-adv-carousel__items\">\n\n\t\t\t\t\t\t\t\t<div class=\"premium-adv-carousel__item-outer-wrapper\">\n\t\t\t\t<div class=\"elementor-repeater-item-cbebb9a premium-adv-carousel__item premium-adv-carousel__item-image\">\n\t\t\t\t\t<div class=\"premium-adv-carousel__media-wrap\">\n\t\t\t\t\t\t\t\t\t\t\t\t\t\t<img decoding=\"async\" src=\"https:\/\/swissfamilyclub.com\/wp-content\/uploads\/2025\/07\/team-of-investors-analyzing-profit-amount-and-making-decisions.jpg\" alt=\"Team of investors analyzing profit amount and making decisions\" class=\"premium-adv-carousel__item-img premium-hover-effects__zoomin\">\n\t\t\t\t\t\t\t\t\t\t\t\t<\/div>\n\n\t\t\t\t\t\n\t\t\t\t\t\t\t\t\t<\/div>\n\t\t\t<\/div>\n\t\t\t\t\t\t<div class=\"premium-adv-carousel__item-outer-wrapper\">\n\t\t\t\t<div class=\"elementor-repeater-item-ab3eb97 premium-adv-carousel__item premium-adv-carousel__item-image\">\n\t\t\t\t\t<div class=\"premium-adv-carousel__media-wrap\">\n\t\t\t\t\t\t\t\t\t\t\t\t\t\t<img decoding=\"async\" src=\"https:\/\/swissfamilyclub.com\/wp-content\/uploads\/2025\/07\/business-marketing-team-discussion-corporate-concept.jpg\" alt=\"Business Marketing Team Discussion Corporate Concept\" class=\"premium-adv-carousel__item-img premium-hover-effects__zoomin\">\n\t\t\t\t\t\t\t\t\t\t\t\t<\/div>\n\n\t\t\t\t\t\n\t\t\t\t\t\t\t\t\t<\/div>\n\t\t\t<\/div>\n\t\t\t\t\t\t<div class=\"premium-adv-carousel__item-outer-wrapper\">\n\t\t\t\t<div class=\"elementor-repeater-item-b7f69dc premium-adv-carousel__item premium-adv-carousel__item-image\">\n\t\t\t\t\t<div class=\"premium-adv-carousel__media-wrap\">\n\t\t\t\t\t\t\t\t\t\t\t\t\t\t<img decoding=\"async\" src=\"https:\/\/swissfamilyclub.com\/wp-content\/uploads\/2025\/07\/brainstorming-at-the-pub-2024-10-18-07-01-04-utc-scaled.jpg\" alt=\"Group of businessmen socializing at the bar\" class=\"premium-adv-carousel__item-img premium-hover-effects__zoomin\">\n\t\t\t\t\t\t\t\t\t\t\t\t<\/div>\n\n\t\t\t\t\t\n\t\t\t\t\t\t\t\t\t<\/div>\n\t\t\t<\/div>\n\t\t\t\t\t\t\t<\/div>\n\t\t\t<\/div>\n\t\t<\/div>\n\t\t\t\t\t\t<\/div>\n\t\t\t\t<\/div>\n\t\t\t\t<\/div>\n\t\t\t\t<\/div>\n\t\t\t\t<\/div>","protected":false},"excerpt":{"rendered":"<p>Institucion\u00e1ln\u00ed \u010dlenov\u00e9 Odpov\u011bdn\u00ed za penzijn\u00ed fondy, rodinn\u00e9 kancel\u00e1\u0159e a nadace neuva\u017euj\u00ed ve \u010dtvrtlet\u00edch, ale v generac\u00edch. Nehledaj\u00ed impulzivn\u00ed trendy, ale strategickou p\u0159ehlednost - v\u00fdhradn\u011b kur\u00e1torovanou a p\u0159izp\u016fsobenou. P\u0159\u00edstup se zde vytv\u00e1\u0159\u00ed d\u0159\u00edve, ne\u017e jej trh rozpozn\u00e1. Zapomn\u011bli jste sv\u00e9 heslo? \u010clensk\u00e1 oblast Pro p\u0159edb\u011b\u017enou kvalifikaci Strategick\u00fd p\u0159\u00edstup pro proz\u00edrav\u00e9. KLUB INSTITUCION\u00c1LN\u00cdCH INVESTOR\u016e \u0160V\u00ddCARSK\u00c9 RODINY Institucion\u00e1ln\u00ed investo\u0159i [...]<\/p>","protected":false},"author":1,"featured_media":0,"parent":1380,"menu_order":0,"comment_status":"closed","ping_status":"closed","template":"","meta":{"iawp_total_views":92,"footnotes":""},"class_list":["post-1394","page","type-page","status-publish","hentry"],"_links":{"self":[{"href":"https:\/\/swissfamilyclub.com\/cs\/wp-json\/wp\/v2\/pages\/1394","targetHints":{"allow":["GET"]}}],"collection":[{"href":"https:\/\/swissfamilyclub.com\/cs\/wp-json\/wp\/v2\/pages"}],"about":[{"href":"https:\/\/swissfamilyclub.com\/cs\/wp-json\/wp\/v2\/types\/page"}],"author":[{"embeddable":true,"href":"https:\/\/swissfamilyclub.com\/cs\/wp-json\/wp\/v2\/users\/1"}],"replies":[{"embeddable":true,"href":"https:\/\/swissfamilyclub.com\/cs\/wp-json\/wp\/v2\/comments?post=1394"}],"version-history":[{"count":0,"href":"https:\/\/swissfamilyclub.com\/cs\/wp-json\/wp\/v2\/pages\/1394\/revisions"}],"up":[{"embeddable":true,"href":"https:\/\/swissfamilyclub.com\/cs\/wp-json\/wp\/v2\/pages\/1380"}],"wp:attachment":[{"href":"https:\/\/swissfamilyclub.com\/cs\/wp-json\/wp\/v2\/media?parent=1394"}],"curies":[{"name":"wp","href":"https:\/\/api.w.org\/{rel}","templated":true}]}}