{"id":1380,"date":"2025-06-11T14:07:26","date_gmt":"2025-06-11T14:07:26","guid":{"rendered":"https:\/\/swissfamilyclub.com\/?page_id=1380"},"modified":"2025-09-04T14:13:21","modified_gmt":"2025-09-04T14:13:21","slug":"login","status":"publish","type":"page","link":"https:\/\/swissfamilyclub.com\/cs\/login\/","title":{"rendered":"P\u0159ihl\u00e1\u0161en\u00ed"},"content":{"rendered":"<div data-elementor-type=\"wp-page\" data-elementor-id=\"1380\" class=\"elementor elementor-1380\" data-elementor-post-type=\"page\">\n\t\t\t\t<div class=\"elementor-element elementor-element-5c97ad0 e-con-full e-flex e-con e-parent\" data-id=\"5c97ad0\" data-element_type=\"container\" data-settings=\"{&quot;background_background&quot;:&quot;classic&quot;}\">\n\t\t<div class=\"elementor-element elementor-element-279332d e-con-full mrkt_root-alt_container e-flex e-con e-child\" data-id=\"279332d\" data-element_type=\"container\" data-settings=\"{&quot;background_background&quot;:&quot;classic&quot;}\">\n\t\t\t\t<div class=\"elementor-element elementor-element-d60d845 elementor-widget elementor-widget-heading\" data-id=\"d60d845\" data-element_type=\"widget\" data-widget_type=\"heading.default\">\n\t\t\t\t\t<h2 class=\"elementor-heading-title elementor-size-default\">Kvalifikovan\u00fd\nInvesto\u0159i<\/h2>\t\t\t\t<\/div>\n\t\t\t\t<div class=\"elementor-element elementor-element-53a6c84 elementor-widget elementor-widget-text-editor\" data-id=\"53a6c84\" data-element_type=\"widget\" data-widget_type=\"text-editor.default\">\n\t\t\t\t\t\t\t\t\t<p>Kruh pro osobnosti, kter\u00e9 hledaj\u00ed v\u00edc ne\u017e jen kontakty: selektivn\u00ed kontakty, strategick\u00e9 znalosti a s\u00ed\u0165, kter\u00e1 up\u0159ednost\u0148uje d\u016fv\u011bru. Pro v\u0161echny, kte\u0159\u00ed cht\u011bj\u00ed spole\u010dn\u011b r\u016fst a aktivn\u011b utv\u00e1\u0159et budoucnost.<\/p>\t\t\t\t\t\t\t\t<\/div>\n\t\t<div class=\"elementor-element elementor-element-00bdcc7 e-con-full e-flex e-con e-child\" data-id=\"00bdcc7\" data-element_type=\"container\">\n\t\t\t\t<div class=\"elementor-element elementor-element-a82a5d4 elementor-widget elementor-widget-button\" data-id=\"a82a5d4\" data-element_type=\"widget\" data-widget_type=\"button.default\">\n\t\t\t\t\t\t\t\t\t\t<a class=\"elementor-button elementor-button-link elementor-size-sm\" href=\"\/cs\/login\/qualifizierte-mitglieder\/\">\n\t\t\t\t\t\t<span class=\"elementor-button-content-wrapper\">\n\t\t\t\t\t\t\t\t\t<span class=\"elementor-button-text\">K p\u0159ihl\u00e1\u0161en\u00ed<\/span>\n\t\t\t\t\t<\/span>\n\t\t\t\t\t<\/a>\n\t\t\t\t\t\t\t\t<\/div>\n\t\t\t\t<div class=\"elementor-element elementor-element-5ddcd25 elementor-widget elementor-widget-button\" data-id=\"5ddcd25\" data-element_type=\"widget\" data-widget_type=\"button.default\">\n\t\t\t\t\t\t\t\t\t\t<a class=\"elementor-button elementor-button-link elementor-size-sm\" href=\"\/cs\/vorqualifizierung\/\">\n\t\t\t\t\t\t<span class=\"elementor-button-content-wrapper\">\n\t\t\t\t\t\t\t\t\t<span class=\"elementor-button-text\">Zah\u00e1jen\u00ed p\u0159edkvalifikace<\/span>\n\t\t\t\t\t<\/span>\n\t\t\t\t\t<\/a>\n\t\t\t\t\t\t\t\t<\/div>\n\t\t\t\t<\/div>\n\t\t\t\t<\/div>\n\t\t<div class=\"elementor-element elementor-element-09a9531 e-con-full mrkt_root-alt_container e-flex e-con e-child\" data-id=\"09a9531\" data-element_type=\"container\" data-settings=\"{&quot;background_background&quot;:&quot;classic&quot;}\">\n\t\t\t\t<div class=\"elementor-element elementor-element-dc52d4b elementor-widget elementor-widget-heading\" data-id=\"dc52d4b\" data-element_type=\"widget\" data-widget_type=\"heading.default\">\n\t\t\t\t\t<h2 class=\"elementor-heading-title elementor-size-default\">Instituce\nInvesto\u0159i<\/h2>\t\t\t\t<\/div>\n\t\t\t\t<div class=\"elementor-element elementor-element-bd478af elementor-widget elementor-widget-text-editor\" data-id=\"bd478af\" data-element_type=\"widget\" data-widget_type=\"text-editor.default\">\n\t\t\t\t\t\t\t\t\t<p>Pro institucion\u00e1ln\u00ed investory, penzijn\u00ed fondy, rodinn\u00e9 fondy a nadace, kter\u00e9 cht\u011bj\u00ed nejen spravovat, ale tak\u00e9 aktivn\u011b utv\u00e1\u0159et budoucnost. Ti, kte\u0159\u00ed p\u0159em\u00fd\u0161lej\u00ed genera\u010dn\u011b a hledaj\u00ed spojen\u00ed s podstatou, najdou p\u0159\u00edstup k s\u00edti, kter\u00e1 jim poskytne orientaci a otev\u0159e perspektivy.<\/p>\t\t\t\t\t\t\t\t<\/div>\n\t\t<div class=\"elementor-element elementor-element-066c777 e-con-full e-flex e-con e-child\" data-id=\"066c777\" data-element_type=\"container\">\n\t\t\t\t<div class=\"elementor-element elementor-element-d54f410 elementor-widget elementor-widget-button\" data-id=\"d54f410\" data-element_type=\"widget\" data-widget_type=\"button.default\">\n\t\t\t\t\t\t\t\t\t\t<a class=\"elementor-button elementor-button-link elementor-size-sm\" href=\"\/cs\/login\/institutionelle\/\">\n\t\t\t\t\t\t<span class=\"elementor-button-content-wrapper\">\n\t\t\t\t\t\t\t\t\t<span class=\"elementor-button-text\">K p\u0159ihl\u00e1\u0161en\u00ed<\/span>\n\t\t\t\t\t<\/span>\n\t\t\t\t\t<\/a>\n\t\t\t\t\t\t\t\t<\/div>\n\t\t\t\t<div class=\"elementor-element elementor-element-99ad249 elementor-widget elementor-widget-button\" data-id=\"99ad249\" data-element_type=\"widget\" data-widget_type=\"button.default\">\n\t\t\t\t\t\t\t\t\t\t<a class=\"elementor-button elementor-button-link elementor-size-sm\" href=\"\/cs\/vorqualifizierung\/\">\n\t\t\t\t\t\t<span class=\"elementor-button-content-wrapper\">\n\t\t\t\t\t\t\t\t\t<span class=\"elementor-button-text\">Zah\u00e1jen\u00ed p\u0159edkvalifikace<\/span>\n\t\t\t\t\t<\/span>\n\t\t\t\t\t<\/a>\n\t\t\t\t\t\t\t\t<\/div>\n\t\t\t\t<\/div>\n\t\t\t\t<\/div>\n\t\t\t\t<\/div>\n\t\t<div class=\"elementor-element elementor-element-821e13e e-con-full mrkt_root-alt_container elementor-hidden-tablet elementor-hidden-mobile e-flex e-con e-parent\" data-id=\"821e13e\" data-element_type=\"container\" data-settings=\"{&quot;background_background&quot;:&quot;classic&quot;,&quot;position&quot;:&quot;absolute&quot;}\">\n\t\t\t\t<div class=\"elementor-element elementor-element-980f424 elementor-widget elementor-widget-heading\" data-id=\"980f424\" data-element_type=\"widget\" data-widget_type=\"heading.default\">\n\t\t\t\t\t<h2 class=\"elementor-heading-title elementor-size-default\">Spole\u010dnost<\/h2>\t\t\t\t<\/div>\n\t\t\t\t<div class=\"elementor-element elementor-element-cfba8f4 elementor-widget__width-initial elementor-widget elementor-widget-text-editor\" data-id=\"cfba8f4\" data-element_type=\"widget\" data-widget_type=\"text-editor.default\">\n\t\t\t\t\t\t\t\t\t<p>Pro spole\u010dnosti, kter\u00e9 cht\u011bj\u00ed nejen r\u016fst, ale tak\u00e9 zaujmout udr\u017eitelnou pozici. Klub Industries spojuje podnikatele, stav\u00ed mosty k nov\u00fdm trh\u016fm a vytv\u00e1\u0159\u00ed prost\u0159ed\u00ed, v n\u011bm\u017e spole\u010dn\u00e1 s\u00edla vede k nov\u00fdm p\u0159\u00edle\u017eitostem.<\/p>\t\t\t\t\t\t\t\t<\/div>\n\t\t<div class=\"elementor-element elementor-element-ce9ae50 e-con-full e-flex e-con e-child\" data-id=\"ce9ae50\" data-element_type=\"container\">\n\t\t\t\t<div class=\"elementor-element elementor-element-8a6fe78 elementor-widget elementor-widget-button\" data-id=\"8a6fe78\" data-element_type=\"widget\" data-widget_type=\"button.default\">\n\t\t\t\t\t\t\t\t\t\t<a class=\"elementor-button elementor-button-link elementor-size-sm\" href=\"\/cs\/login\/institutionelle\/\">\n\t\t\t\t\t\t<span class=\"elementor-button-content-wrapper\">\n\t\t\t\t\t\t\t\t\t<span class=\"elementor-button-text\">K p\u0159ihl\u00e1\u0161en\u00ed<\/span>\n\t\t\t\t\t<\/span>\n\t\t\t\t\t<\/a>\n\t\t\t\t\t\t\t\t<\/div>\n\t\t\t\t<div class=\"elementor-element elementor-element-0290808 elementor-widget elementor-widget-button\" data-id=\"0290808\" data-element_type=\"widget\" data-widget_type=\"button.default\">\n\t\t\t\t\t\t\t\t\t\t<a class=\"elementor-button elementor-button-link elementor-size-sm\" href=\"\/cs\/vorqualifizierung\/\">\n\t\t\t\t\t\t<span class=\"elementor-button-content-wrapper\">\n\t\t\t\t\t\t\t\t\t<span class=\"elementor-button-text\">Zah\u00e1jen\u00ed p\u0159edkvalifikace<\/span>\n\t\t\t\t\t<\/span>\n\t\t\t\t\t<\/a>\n\t\t\t\t\t\t\t\t<\/div>\n\t\t\t\t<\/div>\n\t\t\t\t<\/div>\n\t\t<div class=\"elementor-element elementor-element-f67802d e-con-full mrkt_root-alt_container elementor-hidden-desktop e-flex e-con e-parent\" data-id=\"f67802d\" data-element_type=\"container\" data-settings=\"{&quot;background_background&quot;:&quot;classic&quot;}\">\n\t\t\t\t<div class=\"elementor-element elementor-element-bfd45fa elementor-widget elementor-widget-heading\" data-id=\"bfd45fa\" data-element_type=\"widget\" data-widget_type=\"heading.default\">\n\t\t\t\t\t<h2 class=\"elementor-heading-title elementor-size-default\">Pr\u016fmyslov\u00ed investo\u0159i<\/h2>\t\t\t\t<\/div>\n\t\t\t\t<div class=\"elementor-element elementor-element-e2e3055 elementor-widget__width-initial elementor-widget elementor-widget-text-editor\" data-id=\"e2e3055\" data-element_type=\"widget\" data-widget_type=\"text-editor.default\">\n\t\t\t\t\t\t\t\t\t<p>Lorem ipsum dolor sit amet, consetetur sadipscing elitr, sed diam nonumy eirmod tempor invidunt ut labore et dolore magna aliquyam erat, sed diam voluptua. At vero eos et accusam et justo duo dolores et ea rebum. Stet clita kasd gubergren, no sea takimata sanctus est Lorem ipsum dolor sit amet.<\/p>\t\t\t\t\t\t\t\t<\/div>\n\t\t<div class=\"elementor-element elementor-element-8a8f33a e-con-full e-flex e-con e-child\" data-id=\"8a8f33a\" data-element_type=\"container\">\n\t\t\t\t<div class=\"elementor-element elementor-element-190d24e elementor-widget elementor-widget-button\" data-id=\"190d24e\" data-element_type=\"widget\" data-widget_type=\"button.default\">\n\t\t\t\t\t\t\t\t\t\t<a class=\"elementor-button elementor-button-link elementor-size-sm\" href=\"\/cs\/login\/institutionelle\/\">\n\t\t\t\t\t\t<span class=\"elementor-button-content-wrapper\">\n\t\t\t\t\t\t\t\t\t<span class=\"elementor-button-text\">K p\u0159ihl\u00e1\u0161en\u00ed<\/span>\n\t\t\t\t\t<\/span>\n\t\t\t\t\t<\/a>\n\t\t\t\t\t\t\t\t<\/div>\n\t\t\t\t<div class=\"elementor-element elementor-element-3b25795 elementor-widget elementor-widget-button\" data-id=\"3b25795\" data-element_type=\"widget\" data-widget_type=\"button.default\">\n\t\t\t\t\t\t\t\t\t\t<a class=\"elementor-button elementor-button-link elementor-size-sm\" href=\"\/cs\/vorqualifizierung\/\">\n\t\t\t\t\t\t<span class=\"elementor-button-content-wrapper\">\n\t\t\t\t\t\t\t\t\t<span class=\"elementor-button-text\">Zah\u00e1jen\u00ed p\u0159edkvalifikace<\/span>\n\t\t\t\t\t<\/span>\n\t\t\t\t\t<\/a>\n\t\t\t\t\t\t\t\t<\/div>\n\t\t\t\t<\/div>\n\t\t\t\t<\/div>\n\t\t<div class=\"elementor-element elementor-element-cf3b52d e-con-full elementor-hidden-mobile e-flex e-con e-parent\" data-id=\"cf3b52d\" data-element_type=\"container\" data-settings=\"{&quot;position&quot;:&quot;absolute&quot;}\">\n\t\t<div class=\"elementor-element elementor-element-e17b593 e-con-full e-flex e-con e-child\" data-id=\"e17b593\" data-element_type=\"container\" data-settings=\"{&quot;background_background&quot;:&quot;classic&quot;}\">\n\t\t\t\t<\/div>\n\t\t\t\t<\/div>\n\t\t\t\t<\/div>","protected":false},"excerpt":{"rendered":"<p>Kvalifikovan\u00ed investo\u0159i Kruh pro osobnosti, kter\u00e9 hledaj\u00ed v\u00edc ne\u017e jen kontakty: selektivn\u00ed kontakty, strategick\u00e9 znalosti a s\u00ed\u0165, kter\u00e1 up\u0159ednost\u0148uje d\u016fv\u011bru. Pro v\u0161echny, kte\u0159\u00ed cht\u011bj\u00ed spole\u010dn\u011b r\u016fst a aktivn\u011b utv\u00e1\u0159et budoucnost. P\u0159ej\u00edt na p\u0159ihl\u00e1\u0161en\u00ed Za\u010d\u00edt p\u0159edb\u011b\u017enou kvalifikaci Institucion\u00e1ln\u00ed investo\u0159i Pro institucion\u00e1ln\u00ed investory, penzijn\u00ed fondy, rodinn\u00e9 \u00fa\u0159ady nebo nadace, kte\u0159\u00ed nejen spravuj\u00ed, ale aktivn\u011b pom\u00e1haj\u00ed utv\u00e1\u0159et budoucnost [...].<\/p>","protected":false},"author":1,"featured_media":0,"parent":0,"menu_order":0,"comment_status":"closed","ping_status":"closed","template":"","meta":{"iawp_total_views":179,"footnotes":""},"class_list":["post-1380","page","type-page","status-publish","hentry"],"_links":{"self":[{"href":"https:\/\/swissfamilyclub.com\/cs\/wp-json\/wp\/v2\/pages\/1380","targetHints":{"allow":["GET"]}}],"collection":[{"href":"https:\/\/swissfamilyclub.com\/cs\/wp-json\/wp\/v2\/pages"}],"about":[{"href":"https:\/\/swissfamilyclub.com\/cs\/wp-json\/wp\/v2\/types\/page"}],"author":[{"embeddable":true,"href":"https:\/\/swissfamilyclub.com\/cs\/wp-json\/wp\/v2\/users\/1"}],"replies":[{"embeddable":true,"href":"https:\/\/swissfamilyclub.com\/cs\/wp-json\/wp\/v2\/comments?post=1380"}],"version-history":[{"count":0,"href":"https:\/\/swissfamilyclub.com\/cs\/wp-json\/wp\/v2\/pages\/1380\/revisions"}],"wp:attachment":[{"href":"https:\/\/swissfamilyclub.com\/cs\/wp-json\/wp\/v2\/media?parent=1380"}],"curies":[{"name":"wp","href":"https:\/\/api.w.org\/{rel}","templated":true}]}}